{"id":1999,"date":"2020-05-18T15:37:51","date_gmt":"2020-05-18T13:37:51","guid":{"rendered":"http:\/\/sercematki.eu\/?page_id=1999"},"modified":"2020-10-13T22:16:45","modified_gmt":"2020-10-13T20:16:45","slug":"dzien-1","status":"publish","type":"page","link":"http:\/\/sercematki.eu\/?page_id=1999","title":{"rendered":"WPROWADZENIE 1. Dzie\u0144 &#8211; PODCAST #1 &#8211; SERCE MATKI ROZPOCZ\u0118CIE 13. pa\u017adziernika 2020"},"content":{"rendered":"\t\t<div data-elementor-type=\"wp-page\" data-elementor-id=\"1999\" class=\"elementor elementor-1999\" data-elementor-settings=\"[]\">\n\t\t\t\t\t\t<div class=\"elementor-inner\">\n\t\t\t\t\t\t\t<div class=\"elementor-section-wrap\">\n\t\t\t\t\t\t\t<section class=\"elementor-section elementor-top-section elementor-element elementor-element-c1a1764 elementor-section-boxed elementor-section-height-default elementor-section-height-default\" data-id=\"c1a1764\" data-element_type=\"section\">\n\t\t\t\t\t\t<div class=\"elementor-container elementor-column-gap-default\">\n\t\t\t\t\t\t\t<div class=\"elementor-row\">\n\t\t\t\t\t<div class=\"elementor-column elementor-col-100 elementor-top-column elementor-element elementor-element-7199c69\" data-id=\"7199c69\" data-element_type=\"column\">\n\t\t\t<div class=\"elementor-column-wrap elementor-element-populated\">\n\t\t\t\t\t\t\t<div class=\"elementor-widget-wrap\">\n\t\t\t\t\t\t<div class=\"elementor-element elementor-element-2f01f1e elementor-widget elementor-widget-spacer\" data-id=\"2f01f1e\" data-element_type=\"widget\" data-widget_type=\"spacer.default\">\n\t\t\t\t<div class=\"elementor-widget-container\">\n\t\t\t\t\t<div class=\"elementor-spacer\">\n\t\t\t<div class=\"elementor-spacer-inner\"><\/div>\n\t\t<\/div>\n\t\t\t\t<\/div>\n\t\t\t\t<\/div>\n\t\t\t\t<div class=\"elementor-element elementor-element-8e4fb11 elementor-widget elementor-widget-heading\" data-id=\"8e4fb11\" data-element_type=\"widget\" data-widget_type=\"heading.default\">\n\t\t\t\t<div class=\"elementor-widget-container\">\n\t\t\t<h2 class=\"elementor-heading-title elementor-size-default\">WPROWADZENIE - 13.10 pa\u017adziernika - PODCAST #1 -SERCE MATKI <\/h2>\t\t<\/div>\n\t\t\t\t<\/div>\n\t\t\t\t\t\t<\/div>\n\t\t\t\t\t<\/div>\n\t\t<\/div>\n\t\t\t\t\t\t\t\t<\/div>\n\t\t\t\t\t<\/div>\n\t\t<\/section>\n\t\t\t\t<section class=\"elementor-section elementor-top-section elementor-element elementor-element-e6a22ca elementor-section-boxed elementor-section-height-default elementor-section-height-default\" data-id=\"e6a22ca\" data-element_type=\"section\">\n\t\t\t\t\t\t<div class=\"elementor-container elementor-column-gap-default\">\n\t\t\t\t\t\t\t<div class=\"elementor-row\">\n\t\t\t\t\t<div class=\"elementor-column elementor-col-100 elementor-top-column elementor-element elementor-element-0d217fb\" data-id=\"0d217fb\" data-element_type=\"column\">\n\t\t\t<div class=\"elementor-column-wrap elementor-element-populated\">\n\t\t\t\t\t\t\t<div class=\"elementor-widget-wrap\">\n\t\t\t\t\t\t<div class=\"elementor-element elementor-element-f444139 elementor-widget-divider--view-line elementor-widget elementor-widget-divider\" data-id=\"f444139\" data-element_type=\"widget\" data-widget_type=\"divider.default\">\n\t\t\t\t<div class=\"elementor-widget-container\">\n\t\t\t\t\t<div class=\"elementor-divider\">\n\t\t\t<span class=\"elementor-divider-separator\">\n\t\t\t\t\t\t<\/span>\n\t\t<\/div>\n\t\t\t\t<\/div>\n\t\t\t\t<\/div>\n\t\t\t\t<div class=\"elementor-element elementor-element-89dd10f elementor-widget elementor-widget-text-editor\" data-id=\"89dd10f\" data-element_type=\"widget\" data-widget_type=\"text-editor.default\">\n\t\t\t\t<div class=\"elementor-widget-container\">\n\t\t\t\t\t<div class=\"elementor-text-editor elementor-clearfix\"><p><b>1. TYDZIE\u0143, DZIE\u0143 1. <\/b><br \/><i><br \/><\/i><b>S\u0142owo \u017bycia:<\/b><i><br \/>\u201eCzy\u017c Stw\u00f3rca zewn\u0119trznej strony nie uczyni\u0142 tak\u017ce wn\u0119trza? Raczej dajcie to, co jest wewn\u0105trz, na ja\u0142mu\u017cn\u0119, a zaraz wszystko b\u0119dzie dla was czyste\u00bb\u201d (\u0141k 11, 41)<\/i><br \/><br \/>Kyrie eleison &#8211; Christe eleison &#8211; Kyrie eleison.<\/p><p><br \/>Rekolekcje zawierzenia 13.10 &#8211; 8.12.2020 <br \/>na podstawie: Litanii Loreta\u0144skiej <br \/>w duchu: \u015bw. Jana Paw\u0142a II i\u00a0 s\u0142ugi Bo\u017cego kard. Stefana Wyszy\u0144skiego <br \/><br \/>Prowadz\u0105cy: ks. Mateusz Dudkiewicz, Marek Zaremba<br \/><br \/>Projekt i realizacja: Fundacja LUCE, Fundacja Gratia Plena.<br \/><br \/><b>OPIS REKOLEKCJI<\/b><br \/><br \/>\u00a0\u00a0 \u00a0W obecnym roku prze\u017cywamy stulecie narodzin \u015bw. Jana Paw\u0142a II oraz przygotowanie do beatyfikacji s\u0142ugi Bo\u017cego kardyna\u0142a Stefana Wyszy\u0144skiego (wyd\u0142u\u017cone ze wzgl\u0119du na pandemi\u0119) &#8211; dw\u00f3ch wielkich pasterzy Ko\u015bcio\u0142a. W duchu i przez wstawiennictwo tych wielkich or\u0119downik\u00f3w Niepokalanego Serca Maryi, pragniemy przeprowadzi\u0107 rekolekcje SERCE MATKI, kt\u00f3re utkane z Litanii Loreta\u0144skiej b\u0119d\u0105 nas ka\u017cdego dnia kszta\u0142towa\u0107 na wz\u00f3r serca Matki Ko\u015bcio\u0142a do zawierzenia si\u0119 w pe\u0142ni Chrystusowi. <br \/>\u00a0\u00a0 \u00a0Prze\u017cywaj\u0105c w Ko\u015bciele w Polsce rok po\u015bwi\u0119cony Eucharystii, podczas rekolekcji b\u0119dziemy wynagradza\u0107 za wszelkie b\u0142\u0119dy i \u015bwi\u0119tokradztwa w jej sprawowaniu oraz za zniewagi i blu\u017anierstwa przeciwko Naj\u015bwi\u0119tszemu Sercu Pana Jezusa i Niepokalanemu Sercu Maryi. Ofiarowa\u0107 si\u0119 Niepokalanemu Sercu Maryi oznacza przybli\u017cy\u0107 si\u0119 za po\u015brednictwem Matki do samego Syna &#8211; \u0179r\u00f3d\u0142a \u017cycia, kt\u00f3re wytrys\u0142o na Golgocie jak wyrazi\u0142 to \u015bw. Jan Pawe\u0142 II w homilii 13 maja 1982 r. w Fatimie. Dlatego poprzez rekolekcje SERCE MATKI chcemy jeszcze bardziej prze\u017cy\u0107 tre\u015bci zawarte w ha\u015ble programu duszpasterskiego \u201eEucharystia daje \u017cycie\u201d.<br \/><br \/><br \/><i>Zadanie rekolekcyjne:<\/i><br \/>Przyjd\u017a na EUCHARYSTI\u0118 do swojej parafii.<br \/>(18:30 EUCHARYSTIA na rozpocz\u0119cie rekolekcji &#8211; ko\u015bci\u00f3\u0142 pw. Naj\u015bwi\u0119tszego Serca Pana Jezusa w Bielsku-Bia\u0142ej)<br \/><br \/><br \/><i>\u0106wiczenie dodatkowe: <\/i><br \/>Ustaw sobie tapet\u0119 w telefonie\/tablecie\/komputerze z ikon\u0105 Matki Bo\u017cej. <br \/><br \/><\/p><\/div>\n\t\t\t\t<\/div>\n\t\t\t\t<\/div>\n\t\t\t\t<div class=\"elementor-element elementor-element-509b8f4 elementor-invisible elementor-widget elementor-widget-text-editor\" data-id=\"509b8f4\" data-element_type=\"widget\" data-settings=\"{&quot;_animation&quot;:&quot;pulse&quot;}\" data-widget_type=\"text-editor.default\">\n\t\t\t\t<div class=\"elementor-widget-container\">\n\t\t\t\t\t<div class=\"elementor-text-editor elementor-clearfix\"><h2><a href=\"http:\/\/sercematki.eu\/wp-content\/uploads\/2020\/10\/SERCE-MATKI-_-dzien-1.pdf\" target=\"_blank\" rel=\"noopener\">SERCE MATKI rozwa\u017cania na 1. dzie\u0144 DO WYDRUKU<\/a><\/h2><\/div>\n\t\t\t\t<\/div>\n\t\t\t\t<\/div>\n\t\t\t\t<div class=\"elementor-element elementor-element-409f7a3 elementor-aspect-ratio-169 elementor-widget elementor-widget-video\" data-id=\"409f7a3\" data-element_type=\"widget\" data-settings=\"{&quot;aspect_ratio&quot;:&quot;169&quot;}\" data-widget_type=\"video.default\">\n\t\t\t\t<div class=\"elementor-widget-container\">\n\t\t\t\t\t<div class=\"elementor-wrapper elementor-fit-aspect-ratio elementor-open-inline\">\n\t\t\t<iframe class=\"elementor-video-iframe\" allowfullscreen title=\"youtube Video Player\" src=\"https:\/\/www.youtube.com\/embed\/y-3Eq_9OZog?feature=oembed&amp;start&amp;end&amp;wmode=opaque&amp;loop=0&amp;controls=1&amp;mute=0&amp;rel=0&amp;modestbranding=0\"><\/iframe>\t\t<\/div>\n\t\t\t\t<\/div>\n\t\t\t\t<\/div>\n\t\t\t\t<div class=\"elementor-element elementor-element-5ef3991 elementor-invisible elementor-widget elementor-widget-text-editor\" data-id=\"5ef3991\" data-element_type=\"widget\" data-settings=\"{&quot;_animation&quot;:&quot;pulse&quot;}\" data-widget_type=\"text-editor.default\">\n\t\t\t\t<div class=\"elementor-widget-container\">\n\t\t\t\t\t<div class=\"elementor-text-editor elementor-clearfix\"><\/div>\n\t\t\t\t<\/div>\n\t\t\t\t<\/div>\n\t\t\t\t\t\t<\/div>\n\t\t\t\t\t<\/div>\n\t\t<\/div>\n\t\t\t\t\t\t\t\t<\/div>\n\t\t\t\t\t<\/div>\n\t\t<\/section>\n\t\t\t\t\t\t<\/div>\n\t\t\t\t\t\t<\/div>\n\t\t\t\t\t<\/div>\n\t\t","protected":false},"excerpt":{"rendered":"<p>WPROWADZENIE &#8211; 13.10 pa\u017adziernika &#8211; PODCAST #1 -SERCE MATKI 1. TYDZIE\u0143, DZIE\u0143 1. S\u0142owo \u017bycia:\u201eCzy\u017c Stw\u00f3rca zewn\u0119trznej strony nie uczyni\u0142 tak\u017ce wn\u0119trza? Raczej dajcie to, co jest wewn\u0105trz, na ja\u0142mu\u017cn\u0119, a zaraz wszystko b\u0119dzie dla was czyste\u00bb\u201d (\u0141k 11, 41) Kyrie eleison &#8211; Christe eleison &#8211; Kyrie eleison. Rekolekcje zawierzenia 13.10 &#8211; 8.12.2020 na podstawie: &hellip;<\/p>\n<p class=\"read-more\"> <a class=\"\" href=\"http:\/\/sercematki.eu\/?page_id=1999\"> <span class=\"screen-reader-text\">WPROWADZENIE 1. Dzie\u0144 &#8211; PODCAST #1 &#8211; SERCE MATKI ROZPOCZ\u0118CIE 13. pa\u017adziernika 2020<\/span> Read More &raquo;<\/a><\/p>\n","protected":false},"author":1,"featured_media":0,"parent":0,"menu_order":0,"comment_status":"closed","ping_status":"closed","template":"","meta":[],"yoast_head":"<!-- This site is optimized with the Yoast SEO plugin v15.0 - https:\/\/yoast.com\/wordpress\/plugins\/seo\/ -->\n<title>WPROWADZENIE 1. Dzie\u0144 - PODCAST #1 - SERCE MATKI ROZPOCZ\u0118CIE 13. pa\u017adziernika 2020 - sercematki.eu<\/title>\n<meta name=\"robots\" content=\"index, follow, max-snippet:-1, max-image-preview:large, max-video-preview:-1\" \/>\n<link rel=\"canonical\" href=\"http:\/\/sercematki.eu\/?page_id=1999\" \/>\n<meta property=\"og:locale\" content=\"pl_PL\" \/>\n<meta property=\"og:type\" content=\"article\" \/>\n<meta property=\"og:title\" content=\"WPROWADZENIE 1. Dzie\u0144 - PODCAST #1 - SERCE MATKI ROZPOCZ\u0118CIE 13. pa\u017adziernika 2020 - sercematki.eu\" \/>\n<meta property=\"og:description\" content=\"WPROWADZENIE &#8211; 13.10 pa\u017adziernika &#8211; PODCAST #1 -SERCE MATKI 1. TYDZIE\u0143, DZIE\u0143 1. S\u0142owo \u017bycia:\u201eCzy\u017c Stw\u00f3rca zewn\u0119trznej strony nie uczyni\u0142 tak\u017ce wn\u0119trza? Raczej dajcie to, co jest wewn\u0105trz, na ja\u0142mu\u017cn\u0119, a zaraz wszystko b\u0119dzie dla was czyste\u00bb\u201d (\u0141k 11, 41) Kyrie eleison &#8211; Christe eleison &#8211; Kyrie eleison. Rekolekcje zawierzenia 13.10 &#8211; 8.12.2020 na podstawie: &hellip; WPROWADZENIE 1. Dzie\u0144 &#8211; PODCAST #1 &#8211; SERCE MATKI ROZPOCZ\u0118CIE 13. pa\u017adziernika 2020 Read More &raquo;\" \/>\n<meta property=\"og:url\" content=\"http:\/\/sercematki.eu\/?page_id=1999\" \/>\n<meta property=\"og:site_name\" content=\"sercematki.eu\" \/>\n<meta property=\"article:modified_time\" content=\"2020-10-13T20:16:45+00:00\" \/>\n<meta name=\"twitter:card\" content=\"summary_large_image\" \/>\n<script type=\"application\/ld+json\" class=\"yoast-schema-graph\">{\"@context\":\"https:\/\/schema.org\",\"@graph\":[{\"@type\":\"WebSite\",\"@id\":\"http:\/\/sercematki.eu\/#website\",\"url\":\"http:\/\/sercematki.eu\/\",\"name\":\"sercematki.eu\",\"description\":\"33 bicia serca\",\"potentialAction\":[{\"@type\":\"SearchAction\",\"target\":\"http:\/\/sercematki.eu\/?s={search_term_string}\",\"query-input\":\"required name=search_term_string\"}],\"inLanguage\":\"pl-PL\"},{\"@type\":\"WebPage\",\"@id\":\"http:\/\/sercematki.eu\/?page_id=1999#webpage\",\"url\":\"http:\/\/sercematki.eu\/?page_id=1999\",\"name\":\"WPROWADZENIE 1. Dzie\\u0144 - PODCAST #1 - SERCE MATKI ROZPOCZ\\u0118CIE 13. pa\\u017adziernika 2020 - sercematki.eu\",\"isPartOf\":{\"@id\":\"http:\/\/sercematki.eu\/#website\"},\"datePublished\":\"2020-05-18T13:37:51+00:00\",\"dateModified\":\"2020-10-13T20:16:45+00:00\",\"inLanguage\":\"pl-PL\",\"potentialAction\":[{\"@type\":\"ReadAction\",\"target\":[\"http:\/\/sercematki.eu\/?page_id=1999\"]}]}]}<\/script>\n<!-- \/ Yoast SEO plugin. -->","_links":{"self":[{"href":"http:\/\/sercematki.eu\/index.php?rest_route=\/wp\/v2\/pages\/1999"}],"collection":[{"href":"http:\/\/sercematki.eu\/index.php?rest_route=\/wp\/v2\/pages"}],"about":[{"href":"http:\/\/sercematki.eu\/index.php?rest_route=\/wp\/v2\/types\/page"}],"author":[{"embeddable":true,"href":"http:\/\/sercematki.eu\/index.php?rest_route=\/wp\/v2\/users\/1"}],"replies":[{"embeddable":true,"href":"http:\/\/sercematki.eu\/index.php?rest_route=%2Fwp%2Fv2%2Fcomments&post=1999"}],"version-history":[{"count":1,"href":"http:\/\/sercematki.eu\/index.php?rest_route=\/wp\/v2\/pages\/1999\/revisions"}],"predecessor-version":[{"id":3644,"href":"http:\/\/sercematki.eu\/index.php?rest_route=\/wp\/v2\/pages\/1999\/revisions\/3644"}],"wp:attachment":[{"href":"http:\/\/sercematki.eu\/index.php?rest_route=%2Fwp%2Fv2%2Fmedia&parent=1999"}],"curies":[{"name":"wp","href":"https:\/\/api.w.org\/{rel}","templated":true}]}}