{"id":2146,"date":"2020-05-19T10:34:43","date_gmt":"2020-05-19T08:34:43","guid":{"rendered":"http:\/\/sercematki.eu\/?page_id=2146"},"modified":"2020-11-05T22:31:48","modified_gmt":"2020-11-05T21:31:48","slug":"dzien-25","status":"publish","type":"page","link":"http:\/\/sercematki.eu\/?page_id=2146","title":{"rendered":"25. Dzie\u0144 6. listopada 2020"},"content":{"rendered":"\t\t<div data-elementor-type=\"wp-page\" data-elementor-id=\"2146\" class=\"elementor elementor-2146\" data-elementor-settings=\"[]\">\n\t\t\t\t\t\t<div class=\"elementor-inner\">\n\t\t\t\t\t\t\t<div class=\"elementor-section-wrap\">\n\t\t\t\t\t\t\t<section class=\"elementor-section elementor-top-section elementor-element elementor-element-7933fab elementor-section-boxed elementor-section-height-default elementor-section-height-default\" data-id=\"7933fab\" data-element_type=\"section\">\n\t\t\t\t\t\t<div class=\"elementor-container elementor-column-gap-default\">\n\t\t\t\t\t\t\t<div class=\"elementor-row\">\n\t\t\t\t\t<div class=\"elementor-column elementor-col-100 elementor-top-column elementor-element elementor-element-527813c\" data-id=\"527813c\" data-element_type=\"column\">\n\t\t\t<div class=\"elementor-column-wrap elementor-element-populated\">\n\t\t\t\t\t\t\t<div class=\"elementor-widget-wrap\">\n\t\t\t\t\t\t<div class=\"elementor-element elementor-element-b60b79a elementor-widget elementor-widget-heading\" data-id=\"b60b79a\" data-element_type=\"widget\" data-widget_type=\"heading.default\">\n\t\t\t\t<div class=\"elementor-widget-container\">\n\t\t\t<h2 class=\"elementor-heading-title elementor-size-default\">25. Dzie\u0144 6. listopada 2020<\/h2>\t\t<\/div>\n\t\t\t\t<\/div>\n\t\t\t\t<div class=\"elementor-element elementor-element-0cba481 elementor-widget-divider--view-line elementor-widget elementor-widget-divider\" data-id=\"0cba481\" data-element_type=\"widget\" data-widget_type=\"divider.default\">\n\t\t\t\t<div class=\"elementor-widget-container\">\n\t\t\t\t\t<div class=\"elementor-divider\">\n\t\t\t<span class=\"elementor-divider-separator\">\n\t\t\t\t\t\t<\/span>\n\t\t<\/div>\n\t\t\t\t<\/div>\n\t\t\t\t<\/div>\n\t\t\t\t<div class=\"elementor-element elementor-element-2261aca elementor-invisible elementor-widget elementor-widget-text-editor\" data-id=\"2261aca\" data-element_type=\"widget\" data-settings=\"{&quot;_animation&quot;:&quot;pulse&quot;}\" data-widget_type=\"text-editor.default\">\n\t\t\t\t<div class=\"elementor-widget-container\">\n\t\t\t\t\t<div class=\"elementor-text-editor elementor-clearfix\"><h5><span style=\"font-weight: normal;\"><em>Zwierciad\u0142o sprawiedliwo\u015bci, m\u00f3dl si\u0119 za nami.<\/em><\/span><\/h5><\/div>\n\t\t\t\t<\/div>\n\t\t\t\t<\/div>\n\t\t\t\t<div class=\"elementor-element elementor-element-6a4cb73 elementor-widget elementor-widget-text-editor\" data-id=\"6a4cb73\" data-element_type=\"widget\" data-widget_type=\"text-editor.default\">\n\t\t\t\t<div class=\"elementor-widget-container\">\n\t\t\t\t\t<div class=\"elementor-text-editor elementor-clearfix\"><p><b>S\u0142owo \u017bycia:<\/b><br \/>\u201ePan pochwali\u0142 nieuczciwego rz\u0105dc\u0119, \u017ce roztropnie post\u0105pi\u0142. Bo synowie tego \u015bwiata roztropniejsi s\u0105 w stosunkach z podobnymi sobie lud\u017ami ni\u017c synowie \u015bwiat\u0142o\u015bci.\u201d (\u0141k 16, 8)<\/p><p><b>Ks. Mateusz: <\/b><br \/>Zwierciad\u0142o sprawiedliwo\u015bci.<br \/>W zwierciadle mo\u017cna si\u0119 przejrze\u0107. Zobaczy\u0107 sprawiedliwie\/w\u0142a\u015bciwie. Harmonia pierwotnej sprawiedliwo\u015bci, przewidziana dla cz\u0142owieka w zamy\u015ble Bo\u017cym, zosta\u0142a utracona przez grzech naszych pierwszych rodzic\u00f3w.(por. KKK 379) \u201eWszyscy bowiem zgrzeszyli i pozbawieni s\u0105 chwa\u0142y Bo\u017cej, a dost\u0119puj\u0105 usprawiedliwienia darmo, z Jego \u0142aski, przez odkupienie, kt\u00f3re jest w Chrystusie Jezusie\u201d (Rz 3, 23-24). W Maryi &#8211; Niepokalanej Matce &#8211; mo\u017cemy zobaczy\u0107 harmoni\u0119 odkupionej sprawiedliwo\u015bci &#8211; \u201enow\u0105 Ew\u0119\u201d. Serce Matki prowadzi nas do Jezusa, kt\u00f3ry przez chrzest \u015bwi\u0119ty czyni grzesznika usprawiedliwionym &#8211; odkupionym, odnowionym. Jezus zaprasza nas do \u201enowego \u017cycia\u201d w \u0142asce i mi\u0142o\u015bci.<br \/>Uczmy si\u0119 od Serca Matki prawdziwej sprawiedliwo\u015bci &#8211; oddawania Bogu i bli\u017aniemu tego, co im si\u0119 nale\u017cy. Niech nasze dobre uczynki b\u0119d\u0105 odpowiedzi\u0105 na darmow\u0105 mi\u0142o\u015b\u0107 Jezusa Odkupiciela.<\/p><p><b>Marek:<\/b><br \/>Ci\u0105g\u0142e narzekanie jest postawa\u0328 zupe\u0142nie zbe\u0328dna\u0328 i szkodliwa\u0328. Nie tylko odbiera nam us\u0301miech i us\u0301mierca rados\u0301c\u0301, wprowadzaja\u0328c w ich miejsce smutek, ale czasem rodzi w nas poczucie osamotnienia i podejrzliwos\u0301c\u0301. <br \/>Smutek, jako naturalne naste\u0328pstwo narzekania, wzmacnia niezadowolenie, pog\u0142e\u0328bia przez\u0307ywane k\u0142opoty i osobiste trudnos\u0301ci. Kiedy bezkrytycznie manifestuje\u0328 sw\u00f3j smutek lub opowiadam o doznanej krzywdzie czy niesprawiedliwos\u0301ci, to nawet gdyby by\u0142y one uzasadnione, pog\u0142e\u0328bia to moja\u0328 izolacje\u0328 i rodzi poczucie przygne\u0328bienia. <br \/>Maryja uczy nas, \u017ce nasz smutek zamieni si\u0119 w rado\u015b\u0107 wy\u0142\u0105cznie, kiedy wszystko zawierzymy Bogu. <br \/>Nasze z\u0307ycie rozwija sie\u0328 odta\u0328d roztropnie i w poczuciu coraz wie\u0328kszego zrozumienia, \u017ce B\u00f3g zawsze pragnie naszego dobra. Czy karmi\u0119 moje serce takim przekonaniem?<\/p><p><b>\u015aw. Jan Pawe\u0142 II:<\/b> \u201eNabo\u017ce\u0144stwo do Maryi, podkre\u015blaj\u0105c ludzki wymiar wcielenia, pomaga nam wyra\u017aniej dostrzec oblicze Boga dziel\u0105cego rado\u015bci i cierpienia ludzko\u015bci &#8211; \u201eBoga z nami&#8221;, kt\u00f3rego Ona pocz\u0119\u0142a jako cz\u0142owieka w swym przeczystym \u0142onie i urodzi\u0142a, opiekowa\u0142a si\u0119 Nim i towarzyszy\u0142a Mu z niewymown\u0105 mi\u0142o\u015bci\u0105 od dni Nazaretu i Betlejem a\u017c po Krzy\u017c i Zmartwychwstanie.\u201d (Modlitwa do Maryi, Katecheza podczas audiencji generalnej, 5 XI 1997)<\/p><p><b>ks. kard. Stefan Wyszy\u0144ski:<\/b> \u201eKa\u017cdy kto chce w\u0142ada\u0107 Pa\u0144stwem, Narodem, Ko\u015bcio\u0142em czy rodzin\u0105, musi naprz\u00f3d nauczy\u0107 si\u0119 w\u0142ada\u0107 sob\u0105. Ka\u017cdy, kto chce, by Nar\u00f3d by\u0142 pracowity, sam musi by\u0107 pracowity. Ka\u017cdy, kto chce, by Nar\u00f3d by\u0142 m\u0105dry, musi zabiega\u0107 o m\u0105dro\u015b\u0107; by Nar\u00f3d by\u0142 mocny, musi si\u0119 sam o moc postara\u0107; by Nar\u00f3d \u017cy\u0142 w mi\u0142o\u015bci, musi sam umie\u0107 mi\u0142owa\u0107: by Nar\u00f3d by\u0142 w jedno\u015bci i pokoju; musi sam by\u0107 jedno\u015bci\u0105 w sobie, opanowany wewn\u0119trznie, pe\u0142en wewn\u0119trznego pokoju.\u201d (Zakopane 1957 r.)<\/p><p><i>Zadanie rekolekcyjne:<\/i><br \/>Odm\u00f3w r\u00f3\u017caniec &#8211; najlepiej we wsp\u00f3lnocie.<\/p><p><i>\u0106wiczenie dodatkowe:<\/i> <br \/>Pom\u00f3dl si\u0119 za zmar\u0142ych i ofiaruj odpust zupe\u0142ny.<\/p><\/div>\n\t\t\t\t<\/div>\n\t\t\t\t<\/div>\n\t\t\t\t<div class=\"elementor-element elementor-element-0b12b2c elementor-invisible elementor-widget elementor-widget-text-editor\" data-id=\"0b12b2c\" data-element_type=\"widget\" data-settings=\"{&quot;_animation&quot;:&quot;pulse&quot;}\" data-widget_type=\"text-editor.default\">\n\t\t\t\t<div class=\"elementor-widget-container\">\n\t\t\t\t\t<div class=\"elementor-text-editor elementor-clearfix\"><h2><a href=\"http:\/\/sercematki.eu\/wp-content\/uploads\/2020\/11\/SERCE-MATKI-_-dzien-25.-.pdf\" target=\"_blank\" rel=\"noopener\">SERCE MATKI rozwa\u017cania na 25. dzie\u0144 DO WYDRUKU<\/a><\/h2><\/div>\n\t\t\t\t<\/div>\n\t\t\t\t<\/div>\n\t\t\t\t<div class=\"elementor-element elementor-element-5f6d9b7 elementor-aspect-ratio-169 elementor-widget elementor-widget-video\" data-id=\"5f6d9b7\" data-element_type=\"widget\" data-settings=\"{&quot;aspect_ratio&quot;:&quot;169&quot;}\" data-widget_type=\"video.default\">\n\t\t\t\t<div class=\"elementor-widget-container\">\n\t\t\t\t\t<div class=\"elementor-wrapper elementor-fit-aspect-ratio elementor-open-inline\">\n\t\t\t<iframe class=\"elementor-video-iframe\" allowfullscreen title=\"youtube Video Player\" src=\"https:\/\/www.youtube.com\/embed\/9xtT1KH5G-s?feature=oembed&amp;start&amp;end&amp;wmode=opaque&amp;loop=0&amp;controls=1&amp;mute=0&amp;rel=0&amp;modestbranding=0\"><\/iframe>\t\t<\/div>\n\t\t\t\t<\/div>\n\t\t\t\t<\/div>\n\t\t\t\t\t\t<\/div>\n\t\t\t\t\t<\/div>\n\t\t<\/div>\n\t\t\t\t\t\t\t\t<\/div>\n\t\t\t\t\t<\/div>\n\t\t<\/section>\n\t\t\t\t\t\t<\/div>\n\t\t\t\t\t\t<\/div>\n\t\t\t\t\t<\/div>\n\t\t","protected":false},"excerpt":{"rendered":"<p>25. Dzie\u0144 6. listopada 2020 Zwierciad\u0142o sprawiedliwo\u015bci, m\u00f3dl si\u0119 za nami. S\u0142owo \u017bycia:\u201ePan pochwali\u0142 nieuczciwego rz\u0105dc\u0119, \u017ce roztropnie post\u0105pi\u0142. Bo synowie tego \u015bwiata roztropniejsi s\u0105 w stosunkach z podobnymi sobie lud\u017ami ni\u017c synowie \u015bwiat\u0142o\u015bci.\u201d (\u0141k 16, 8) Ks. Mateusz: Zwierciad\u0142o sprawiedliwo\u015bci.W zwierciadle mo\u017cna si\u0119 przejrze\u0107. Zobaczy\u0107 sprawiedliwie\/w\u0142a\u015bciwie. Harmonia pierwotnej sprawiedliwo\u015bci, przewidziana dla cz\u0142owieka w zamy\u015ble &hellip;<\/p>\n<p class=\"read-more\"> <a class=\"\" href=\"http:\/\/sercematki.eu\/?page_id=2146\"> <span class=\"screen-reader-text\">25. Dzie\u0144 6. listopada 2020<\/span> Read More &raquo;<\/a><\/p>\n","protected":false},"author":1,"featured_media":0,"parent":0,"menu_order":0,"comment_status":"closed","ping_status":"closed","template":"","meta":[],"yoast_head":"<!-- This site is optimized with the Yoast SEO plugin v15.0 - https:\/\/yoast.com\/wordpress\/plugins\/seo\/ -->\n<title>25. Dzie\u0144 6. listopada 2020 - sercematki.eu<\/title>\n<meta name=\"robots\" content=\"index, follow, max-snippet:-1, max-image-preview:large, max-video-preview:-1\" \/>\n<link rel=\"canonical\" href=\"http:\/\/sercematki.eu\/?page_id=2146\" \/>\n<meta property=\"og:locale\" content=\"pl_PL\" \/>\n<meta property=\"og:type\" content=\"article\" \/>\n<meta property=\"og:title\" content=\"25. Dzie\u0144 6. listopada 2020 - sercematki.eu\" \/>\n<meta property=\"og:description\" content=\"25. Dzie\u0144 6. listopada 2020 Zwierciad\u0142o sprawiedliwo\u015bci, m\u00f3dl si\u0119 za nami. S\u0142owo \u017bycia:\u201ePan pochwali\u0142 nieuczciwego rz\u0105dc\u0119, \u017ce roztropnie post\u0105pi\u0142. Bo synowie tego \u015bwiata roztropniejsi s\u0105 w stosunkach z podobnymi sobie lud\u017ami ni\u017c synowie \u015bwiat\u0142o\u015bci.\u201d (\u0141k 16, 8) Ks. Mateusz: Zwierciad\u0142o sprawiedliwo\u015bci.W zwierciadle mo\u017cna si\u0119 przejrze\u0107. Zobaczy\u0107 sprawiedliwie\/w\u0142a\u015bciwie. Harmonia pierwotnej sprawiedliwo\u015bci, przewidziana dla cz\u0142owieka w zamy\u015ble &hellip; 25. Dzie\u0144 6. listopada 2020 Read More &raquo;\" \/>\n<meta property=\"og:url\" content=\"http:\/\/sercematki.eu\/?page_id=2146\" \/>\n<meta property=\"og:site_name\" content=\"sercematki.eu\" \/>\n<meta property=\"article:modified_time\" content=\"2020-11-05T21:31:48+00:00\" \/>\n<meta name=\"twitter:card\" content=\"summary_large_image\" \/>\n<script type=\"application\/ld+json\" class=\"yoast-schema-graph\">{\"@context\":\"https:\/\/schema.org\",\"@graph\":[{\"@type\":\"WebSite\",\"@id\":\"http:\/\/sercematki.eu\/#website\",\"url\":\"http:\/\/sercematki.eu\/\",\"name\":\"sercematki.eu\",\"description\":\"33 bicia serca\",\"potentialAction\":[{\"@type\":\"SearchAction\",\"target\":\"http:\/\/sercematki.eu\/?s={search_term_string}\",\"query-input\":\"required name=search_term_string\"}],\"inLanguage\":\"pl-PL\"},{\"@type\":\"WebPage\",\"@id\":\"http:\/\/sercematki.eu\/?page_id=2146#webpage\",\"url\":\"http:\/\/sercematki.eu\/?page_id=2146\",\"name\":\"25. Dzie\\u0144 6. listopada 2020 - sercematki.eu\",\"isPartOf\":{\"@id\":\"http:\/\/sercematki.eu\/#website\"},\"datePublished\":\"2020-05-19T08:34:43+00:00\",\"dateModified\":\"2020-11-05T21:31:48+00:00\",\"inLanguage\":\"pl-PL\",\"potentialAction\":[{\"@type\":\"ReadAction\",\"target\":[\"http:\/\/sercematki.eu\/?page_id=2146\"]}]}]}<\/script>\n<!-- \/ Yoast SEO plugin. -->","_links":{"self":[{"href":"http:\/\/sercematki.eu\/index.php?rest_route=\/wp\/v2\/pages\/2146"}],"collection":[{"href":"http:\/\/sercematki.eu\/index.php?rest_route=\/wp\/v2\/pages"}],"about":[{"href":"http:\/\/sercematki.eu\/index.php?rest_route=\/wp\/v2\/types\/page"}],"author":[{"embeddable":true,"href":"http:\/\/sercematki.eu\/index.php?rest_route=\/wp\/v2\/users\/1"}],"replies":[{"embeddable":true,"href":"http:\/\/sercematki.eu\/index.php?rest_route=%2Fwp%2Fv2%2Fcomments&post=2146"}],"version-history":[{"count":1,"href":"http:\/\/sercematki.eu\/index.php?rest_route=\/wp\/v2\/pages\/2146\/revisions"}],"predecessor-version":[{"id":3794,"href":"http:\/\/sercematki.eu\/index.php?rest_route=\/wp\/v2\/pages\/2146\/revisions\/3794"}],"wp:attachment":[{"href":"http:\/\/sercematki.eu\/index.php?rest_route=%2Fwp%2Fv2%2Fmedia&parent=2146"}],"curies":[{"name":"wp","href":"https:\/\/api.w.org\/{rel}","templated":true}]}}