{"id":3393,"date":"2020-09-27T18:16:53","date_gmt":"2020-09-27T16:16:53","guid":{"rendered":"http:\/\/sercematki.eu\/?page_id=3393"},"modified":"2020-11-18T21:47:53","modified_gmt":"2020-11-18T20:47:53","slug":"38-dzien-19-listopada-2020","status":"publish","type":"page","link":"http:\/\/sercematki.eu\/?page_id=3393","title":{"rendered":"38. Dzie\u0144 19. listopada 2020"},"content":{"rendered":"\t\t<div data-elementor-type=\"wp-page\" data-elementor-id=\"3393\" class=\"elementor elementor-3393\" data-elementor-settings=\"[]\">\n\t\t\t\t\t\t<div class=\"elementor-inner\">\n\t\t\t\t\t\t\t<div class=\"elementor-section-wrap\">\n\t\t\t\t\t\t\t<section class=\"elementor-section elementor-top-section elementor-element elementor-element-85531bb elementor-section-boxed elementor-section-height-default elementor-section-height-default\" data-id=\"85531bb\" data-element_type=\"section\">\n\t\t\t\t\t\t<div class=\"elementor-container elementor-column-gap-default\">\n\t\t\t\t\t\t\t<div class=\"elementor-row\">\n\t\t\t\t\t<div class=\"elementor-column elementor-col-100 elementor-top-column elementor-element elementor-element-088be8b\" data-id=\"088be8b\" data-element_type=\"column\">\n\t\t\t<div class=\"elementor-column-wrap elementor-element-populated\">\n\t\t\t\t\t\t\t<div class=\"elementor-widget-wrap\">\n\t\t\t\t\t\t<div class=\"elementor-element elementor-element-b8cf408 elementor-widget elementor-widget-heading\" data-id=\"b8cf408\" data-element_type=\"widget\" data-widget_type=\"heading.default\">\n\t\t\t\t<div class=\"elementor-widget-container\">\n\t\t\t<h2 class=\"elementor-heading-title elementor-size-default\">38. Dzie\u0144 19. listopada 2020<\/h2>\t\t<\/div>\n\t\t\t\t<\/div>\n\t\t\t\t\t\t<\/div>\n\t\t\t\t\t<\/div>\n\t\t<\/div>\n\t\t\t\t\t\t\t\t<\/div>\n\t\t\t\t\t<\/div>\n\t\t<\/section>\n\t\t\t\t<section class=\"elementor-section elementor-top-section elementor-element elementor-element-06506bd elementor-section-boxed elementor-section-height-default elementor-section-height-default\" data-id=\"06506bd\" data-element_type=\"section\">\n\t\t\t\t\t\t<div class=\"elementor-container elementor-column-gap-default\">\n\t\t\t\t\t\t\t<div class=\"elementor-row\">\n\t\t\t\t\t<div class=\"elementor-column elementor-col-100 elementor-top-column elementor-element elementor-element-0cb63cc\" data-id=\"0cb63cc\" data-element_type=\"column\">\n\t\t\t<div class=\"elementor-column-wrap elementor-element-populated\">\n\t\t\t\t\t\t\t<div class=\"elementor-widget-wrap\">\n\t\t\t\t\t\t<div class=\"elementor-element elementor-element-ff6d2ed elementor-invisible elementor-widget elementor-widget-text-editor\" data-id=\"ff6d2ed\" data-element_type=\"widget\" data-settings=\"{&quot;_animation&quot;:&quot;pulse&quot;}\" data-widget_type=\"text-editor.default\">\n\t\t\t\t<div class=\"elementor-widget-container\">\n\t\t\t\t\t<div class=\"elementor-text-editor elementor-clearfix\"><p><em>Uzdrowienie chorych, m\u00f3dl si\u0119 za nami.<\/em><\/p><\/div>\n\t\t\t\t<\/div>\n\t\t\t\t<\/div>\n\t\t\t\t<div class=\"elementor-element elementor-element-9dab005 elementor-widget elementor-widget-text-editor\" data-id=\"9dab005\" data-element_type=\"widget\" data-widget_type=\"text-editor.default\">\n\t\t\t\t<div class=\"elementor-widget-container\">\n\t\t\t\t\t<div class=\"elementor-text-editor elementor-clearfix\"><p><b>S\u0142owo \u017bycia:<\/b><br \/>\u201eGdy Jezus by\u0142 ju\u017c blisko Jerozolimy, na widok miasta zap\u0142aka\u0142 nad nim i rzek\u0142: \u00abO gdyby\u015b i ty pozna\u0142o w ten dzie\u0144 to, co s\u0142u\u017cy pokojowi! Ale teraz zosta\u0142o to zakryte przed twoimi oczami. \u201d(\u0141k 19, 41-42)<\/p><p><b>Ks. Mateusz: <\/b><br \/>Uzdrowienie chorych.<br \/>Stabat Mater Dolorosa&#8230; &#8211; sta\u0142a Matka Bole\u015bciwa obok krzy\u017ca ledwo \u017cywa\u2026 <br \/>Serce Matki cierpia\u0142o ze Swym Boskim Synem. <br \/>Ta, kt\u00f3ra by\u0142a zjednoczona z Ofiar\u0105 Chrystusa dzisiaj &#8211; jako Wniebowzi\u0119ta Kr\u00f3lowa nieba i ziemi &#8211; otacza czu\u0142\u0105 trosk\u0105 tych, kt\u00f3rzy do\u015bwiadczaj\u0105 b\u00f3lu i cierpienia.<br \/>Eucharystia jest recept\u0105 na \u017cycie wieczne. Tylko Jezus jest skutecznym lekarstwem na \u015bmier\u0107 &#8211; to On pokona\u0142 grzech i szatana. Na s\u0142owa kap\u0142ana rozdaj\u0105cego Komuni\u0119 \u015bwi\u0119t\u0105 \u201eCia\u0142o Chrystusa\u201d odpowiadamy \u201eamen\u201d &#8211; nie si\u0119 stanie, tak rzeczywi\u015bcie jest.<br \/>Pro\u015bmy Maryj\u0119, by uczy\u0142a nas przyjmowania z wiar\u0105 Cia\u0142a Pa\u0144skiego i jak najcz\u0119stszego korzystania z Eucharystii, kt\u00f3ra daje \u017cycie.<\/p><p><b>Marek:<\/b><br \/>Wszyscy pragn\u0105 by\u0107 zdrowi, ale niewielu z nas wybiera zdrowe \u017cycie. <br \/>To, jak post\u0119pujemy z naszym cia\u0142em, nadaje ton ca\u0142emu \u017cyciu. Zdrowie fizyczne wp\u0142ywa bowiem na zdrowie umys\u0142owe, duchowe, emocjonalne, na relacje z lud\u017ami. Bycie zdrowym wymaga jednak czego\u015b wi\u0119cej ni\u017c tylko pragnienia &#8211; wymaga decyzji. <br \/>Nasze \u017cycie jest bowiem we w\u0142adzy przyzwyczaje\u0144. Kszta\u0142tujemy je, a potem one kszta\u0142tuj\u0105 nas. Pocz\u0105tek zmiany w kierunku zdrowia zaczyna si\u0119 w sercu! Dlatego czytamy w Ksi\u0119dze Przys\u0142\u00f3w: \u201eSerce cz\u0142owieka obmy\u015bla drog\u0119, lecz Pan utwierdza kroki\u201d. <br \/>Maryja uczy nas, \u017ce je\u015bli nie trzymamy si\u0119 naszych dobrych postanowie\u0144, to dlatego, \u017ce nie polegamy na Bogu, kt\u00f3ry wie, co nami powoduje \u2013 co dodaje nam energii, co nas m\u0119czy, co jest powodem naszego cierpienia. Czy ufam Bogu i zdaje si\u0119 we wszystkim na Jego pomoc?<\/p><p><b>\u015aw. Jan Pawe\u0142 II:<\/b> \u201eWszystkich ludzi chorych i cierpi\u0105cych powierzam Naj\u015bwi\u0119tszej Maryi Pannie, Salus infirmorum. Oby dzi\u0119ki Jej macierzy\u0144skiemu wstawiennictwu ka\u017cdy cz\u0142owiek m\u00f3g\u0142 prze\u017cy\u0107 umacniaj\u0105ce do\u015bwiadczenie Bo\u017cej mi\u0142o\u015bci, kt\u00f3ra rozja\u015bnia \u015bwiat\u0142em nadziei nawet noc cierpienia.\u201d (B\u00f3g i cierpienie &#8211; Rozwa\u017canie przed modlitw\u0105 \u201eAnio\u0142 Pa\u0144ski\u201d, 8.02.1998)<\/p><p><b>ks. kard. Stefan Wyszy\u0144ski:<\/b> \u201eMy nie mo\u017cemy przegra\u0107 chwa\u0142y Boga w Ojczy\u017anie naszej! Tego ani B\u00f3g, ani pokolenia nast\u0119pne, kt\u00f3re id\u0105 za nami, na pewno by nam nie przebaczy\u0142y. I na pewno historia Polski w drugim tysi\u0105cleciu obci\u0105\u017cy\u0142aby nas straszliw\u0105 odpowiedzialno\u015bci\u0105, gdyby\u015bmy na progu Tysi\u0105clecia przegrali wiar\u0119: wiar\u0119 nasz\u0105, wiar\u0119 ludu naszego, wiar\u0119 Ko\u015bcio\u0142a \u015bwi\u0119tego. Uciekamy si\u0119 wi\u0119c do Tej, kt\u00f3r\u0105 chwal\u0105 za Jej wiar\u0119: \u201eB\u0142ogos\u0142awiona\u015b Maryjo, \u017ce\u015b uwierzy\u0142a!\u201d (Warszawa 1961 r.)<\/p><p><i>Zadanie rekolekcyjne:<\/i><br \/>Odm\u00f3w r\u00f3\u017caniec &#8211; najlepiej we wsp\u00f3lnocie.<\/p><p><i>\u0106wiczenie dodatkowe: <\/i><br \/>Pom\u00f3dl si\u0119 za zmar\u0142ych i ofiaruj odpust zupe\u0142ny.<\/p><\/div>\n\t\t\t\t<\/div>\n\t\t\t\t<\/div>\n\t\t\t\t<div class=\"elementor-element elementor-element-608089d elementor-invisible elementor-widget elementor-widget-text-editor\" data-id=\"608089d\" data-element_type=\"widget\" data-settings=\"{&quot;_animation&quot;:&quot;pulse&quot;}\" data-widget_type=\"text-editor.default\">\n\t\t\t\t<div class=\"elementor-widget-container\">\n\t\t\t\t\t<div class=\"elementor-text-editor elementor-clearfix\"><h2><a href=\"http:\/\/sercematki.eu\/wp-content\/uploads\/2020\/11\/SERCE-MATKI-_-dzien-38.-.pdf\" target=\"_blank\" rel=\"noopener\">SERCE MATKI rozwa\u017cania na 38. dzie\u0144 DO WYDRUKU<\/a><\/h2><\/div>\n\t\t\t\t<\/div>\n\t\t\t\t<\/div>\n\t\t\t\t<div class=\"elementor-element elementor-element-c7ef121 elementor-aspect-ratio-169 elementor-widget elementor-widget-video\" data-id=\"c7ef121\" data-element_type=\"widget\" data-settings=\"{&quot;aspect_ratio&quot;:&quot;169&quot;}\" data-widget_type=\"video.default\">\n\t\t\t\t<div class=\"elementor-widget-container\">\n\t\t\t\t\t<div class=\"elementor-wrapper elementor-fit-aspect-ratio elementor-open-inline\">\n\t\t\t<iframe class=\"elementor-video-iframe\" allowfullscreen title=\"youtube Video Player\" src=\"https:\/\/www.youtube.com\/embed\/YyIU-91IO6A?feature=oembed&amp;start&amp;end&amp;wmode=opaque&amp;loop=0&amp;controls=1&amp;mute=0&amp;rel=0&amp;modestbranding=0\"><\/iframe>\t\t<\/div>\n\t\t\t\t<\/div>\n\t\t\t\t<\/div>\n\t\t\t\t\t\t<\/div>\n\t\t\t\t\t<\/div>\n\t\t<\/div>\n\t\t\t\t\t\t\t\t<\/div>\n\t\t\t\t\t<\/div>\n\t\t<\/section>\n\t\t\t\t\t\t<\/div>\n\t\t\t\t\t\t<\/div>\n\t\t\t\t\t<\/div>\n\t\t","protected":false},"excerpt":{"rendered":"<p>38. Dzie\u0144 19. listopada 2020 Uzdrowienie chorych, m\u00f3dl si\u0119 za nami. S\u0142owo \u017bycia:\u201eGdy Jezus by\u0142 ju\u017c blisko Jerozolimy, na widok miasta zap\u0142aka\u0142 nad nim i rzek\u0142: \u00abO gdyby\u015b i ty pozna\u0142o w ten dzie\u0144 to, co s\u0142u\u017cy pokojowi! Ale teraz zosta\u0142o to zakryte przed twoimi oczami. \u201d(\u0141k 19, 41-42) Ks. Mateusz: Uzdrowienie chorych.Stabat Mater Dolorosa&#8230; &hellip;<\/p>\n<p class=\"read-more\"> <a class=\"\" href=\"http:\/\/sercematki.eu\/?page_id=3393\"> <span class=\"screen-reader-text\">38. Dzie\u0144 19. listopada 2020<\/span> Read More &raquo;<\/a><\/p>\n","protected":false},"author":2,"featured_media":0,"parent":0,"menu_order":0,"comment_status":"closed","ping_status":"closed","template":"","meta":[],"yoast_head":"<!-- This site is optimized with the Yoast SEO plugin v15.0 - https:\/\/yoast.com\/wordpress\/plugins\/seo\/ -->\n<title>38. Dzie\u0144 19. listopada 2020 - sercematki.eu<\/title>\n<meta name=\"robots\" content=\"index, follow, max-snippet:-1, max-image-preview:large, max-video-preview:-1\" \/>\n<link rel=\"canonical\" href=\"http:\/\/sercematki.eu\/?page_id=3393\" \/>\n<meta property=\"og:locale\" content=\"pl_PL\" \/>\n<meta property=\"og:type\" content=\"article\" \/>\n<meta property=\"og:title\" content=\"38. Dzie\u0144 19. listopada 2020 - sercematki.eu\" \/>\n<meta property=\"og:description\" content=\"38. Dzie\u0144 19. listopada 2020 Uzdrowienie chorych, m\u00f3dl si\u0119 za nami. S\u0142owo \u017bycia:\u201eGdy Jezus by\u0142 ju\u017c blisko Jerozolimy, na widok miasta zap\u0142aka\u0142 nad nim i rzek\u0142: \u00abO gdyby\u015b i ty pozna\u0142o w ten dzie\u0144 to, co s\u0142u\u017cy pokojowi! Ale teraz zosta\u0142o to zakryte przed twoimi oczami. \u201d(\u0141k 19, 41-42) Ks. Mateusz: Uzdrowienie chorych.Stabat Mater Dolorosa&#8230; &hellip; 38. Dzie\u0144 19. listopada 2020 Read More &raquo;\" \/>\n<meta property=\"og:url\" content=\"http:\/\/sercematki.eu\/?page_id=3393\" \/>\n<meta property=\"og:site_name\" content=\"sercematki.eu\" \/>\n<meta property=\"article:modified_time\" content=\"2020-11-18T20:47:53+00:00\" \/>\n<meta name=\"twitter:card\" content=\"summary_large_image\" \/>\n<script type=\"application\/ld+json\" class=\"yoast-schema-graph\">{\"@context\":\"https:\/\/schema.org\",\"@graph\":[{\"@type\":\"WebSite\",\"@id\":\"http:\/\/sercematki.eu\/#website\",\"url\":\"http:\/\/sercematki.eu\/\",\"name\":\"sercematki.eu\",\"description\":\"33 bicia serca\",\"potentialAction\":[{\"@type\":\"SearchAction\",\"target\":\"http:\/\/sercematki.eu\/?s={search_term_string}\",\"query-input\":\"required name=search_term_string\"}],\"inLanguage\":\"pl-PL\"},{\"@type\":\"WebPage\",\"@id\":\"http:\/\/sercematki.eu\/?page_id=3393#webpage\",\"url\":\"http:\/\/sercematki.eu\/?page_id=3393\",\"name\":\"38. Dzie\\u0144 19. listopada 2020 - sercematki.eu\",\"isPartOf\":{\"@id\":\"http:\/\/sercematki.eu\/#website\"},\"datePublished\":\"2020-09-27T16:16:53+00:00\",\"dateModified\":\"2020-11-18T20:47:53+00:00\",\"inLanguage\":\"pl-PL\",\"potentialAction\":[{\"@type\":\"ReadAction\",\"target\":[\"http:\/\/sercematki.eu\/?page_id=3393\"]}]}]}<\/script>\n<!-- \/ Yoast SEO plugin. -->","_links":{"self":[{"href":"http:\/\/sercematki.eu\/index.php?rest_route=\/wp\/v2\/pages\/3393"}],"collection":[{"href":"http:\/\/sercematki.eu\/index.php?rest_route=\/wp\/v2\/pages"}],"about":[{"href":"http:\/\/sercematki.eu\/index.php?rest_route=\/wp\/v2\/types\/page"}],"author":[{"embeddable":true,"href":"http:\/\/sercematki.eu\/index.php?rest_route=\/wp\/v2\/users\/2"}],"replies":[{"embeddable":true,"href":"http:\/\/sercematki.eu\/index.php?rest_route=%2Fwp%2Fv2%2Fcomments&post=3393"}],"version-history":[{"count":1,"href":"http:\/\/sercematki.eu\/index.php?rest_route=\/wp\/v2\/pages\/3393\/revisions"}],"predecessor-version":[{"id":3848,"href":"http:\/\/sercematki.eu\/index.php?rest_route=\/wp\/v2\/pages\/3393\/revisions\/3848"}],"wp:attachment":[{"href":"http:\/\/sercematki.eu\/index.php?rest_route=%2Fwp%2Fv2%2Fmedia&parent=3393"}],"curies":[{"name":"wp","href":"https:\/\/api.w.org\/{rel}","templated":true}]}}