{"id":3401,"date":"2020-09-27T18:23:44","date_gmt":"2020-09-27T16:23:44","guid":{"rendered":"http:\/\/sercematki.eu\/?page_id=3401"},"modified":"2020-11-20T22:59:12","modified_gmt":"2020-11-20T21:59:12","slug":"40-dzien-21-listopada-2020","status":"publish","type":"page","link":"http:\/\/sercematki.eu\/?page_id=3401","title":{"rendered":"40. Dzie\u0144 21. listopada 2020"},"content":{"rendered":"\t\t<div data-elementor-type=\"wp-page\" data-elementor-id=\"3401\" class=\"elementor elementor-3401\" data-elementor-settings=\"[]\">\n\t\t\t\t\t\t<div class=\"elementor-inner\">\n\t\t\t\t\t\t\t<div class=\"elementor-section-wrap\">\n\t\t\t\t\t\t\t<section class=\"elementor-section elementor-top-section elementor-element elementor-element-4a900de elementor-section-boxed elementor-section-height-default elementor-section-height-default\" data-id=\"4a900de\" data-element_type=\"section\">\n\t\t\t\t\t\t<div class=\"elementor-container elementor-column-gap-default\">\n\t\t\t\t\t\t\t<div class=\"elementor-row\">\n\t\t\t\t\t<div class=\"elementor-column elementor-col-100 elementor-top-column elementor-element elementor-element-f2d10ab\" data-id=\"f2d10ab\" data-element_type=\"column\">\n\t\t\t<div class=\"elementor-column-wrap elementor-element-populated\">\n\t\t\t\t\t\t\t<div class=\"elementor-widget-wrap\">\n\t\t\t\t\t\t<div class=\"elementor-element elementor-element-8f7bf84 elementor-widget elementor-widget-heading\" data-id=\"8f7bf84\" data-element_type=\"widget\" data-widget_type=\"heading.default\">\n\t\t\t\t<div class=\"elementor-widget-container\">\n\t\t\t<h2 class=\"elementor-heading-title elementor-size-default\">40. Dzie\u0144 21. listopada 2020<\/h2>\t\t<\/div>\n\t\t\t\t<\/div>\n\t\t\t\t\t\t<\/div>\n\t\t\t\t\t<\/div>\n\t\t<\/div>\n\t\t\t\t\t\t\t\t<\/div>\n\t\t\t\t\t<\/div>\n\t\t<\/section>\n\t\t\t\t<section class=\"elementor-section elementor-top-section elementor-element elementor-element-3ce52fc elementor-section-boxed elementor-section-height-default elementor-section-height-default\" data-id=\"3ce52fc\" data-element_type=\"section\">\n\t\t\t\t\t\t<div class=\"elementor-container elementor-column-gap-default\">\n\t\t\t\t\t\t\t<div class=\"elementor-row\">\n\t\t\t\t\t<div class=\"elementor-column elementor-col-100 elementor-top-column elementor-element elementor-element-0d1d696\" data-id=\"0d1d696\" data-element_type=\"column\">\n\t\t\t<div class=\"elementor-column-wrap elementor-element-populated\">\n\t\t\t\t\t\t\t<div class=\"elementor-widget-wrap\">\n\t\t\t\t\t\t<div class=\"elementor-element elementor-element-aa9a9df elementor-invisible elementor-widget elementor-widget-text-editor\" data-id=\"aa9a9df\" data-element_type=\"widget\" data-settings=\"{&quot;_animation&quot;:&quot;pulse&quot;}\" data-widget_type=\"text-editor.default\">\n\t\t\t\t<div class=\"elementor-widget-container\">\n\t\t\t\t\t<div class=\"elementor-text-editor elementor-clearfix\"><p><em>Pomocy migrant\u00f3w, m\u00f3dl si\u0119 za nami.<\/em><\/p><\/div>\n\t\t\t\t<\/div>\n\t\t\t\t<\/div>\n\t\t\t\t<div class=\"elementor-element elementor-element-8e74e84 elementor-widget elementor-widget-text-editor\" data-id=\"8e74e84\" data-element_type=\"widget\" data-widget_type=\"text-editor.default\">\n\t\t\t\t<div class=\"elementor-widget-container\">\n\t\t\t\t\t<div class=\"elementor-text-editor elementor-clearfix\"><p><b>S\u0142owo \u017bycia:<\/b><br \/>\u201eB\u00f3g nie jest Bogiem umar\u0142ych, lecz \u017cywych; wszyscy bowiem dla Niego \u017cyj\u0105\u201d(\u0141k 20, 38)<\/p><p><b>Ks. Mateusz: <\/b><br \/>Pomoc migrant\u00f3w.<br \/>R\u00f3\u017cne s\u0105 powody migracji. Wsp\u00f3lna jest t\u0119sknota &#8211; za domem, bezpiecze\u0144stwem, spokojem.<br \/>Maryja zna i rozumie te t\u0119sknoty: ucieka\u0142a z Jezusem i J\u00f3zefem do Egiptu, trzydzie\u015bci lat wsp\u00f3\u0142tworzy\u0142a dom w Nazare-cie, po \u015bmierci Jezusa sta\u0142a si\u0119 Matk\u0105 dla rodz\u0105cego si\u0119 Ko\u015bcio\u0142a\u2026<br \/>Niezale\u017cnie od tego, gdzie i dlaczego przemieszczamy si\u0119 na ziemi Wniebowzi\u0119ta Pani wskazuje na Chrystusa, kt\u00f3ry obieca\u0142: \u201ew domu Ojcu mego jest mieszka\u0144 wiele\u201d(J 14,2). Ucze\u0144 Pana nigdy nie jest sierot\u0105 ani bezdomnym &#8211; mamy Ojca w niebie i mamy dom! To najg\u0142\u0119bsza nadzieja chrze\u015bcijan. Maryja spiesz\u0105c z pomoc\u0105 do El\u017cbiety da\u0142a nam dwie lekcje: uwielbienia i konkretnej pomocy.<br \/>Pro\u015bmy Maryj\u0119 &#8211; Pomoc migrant\u00f3w &#8211; aby\u015bmy &#8211; \u015bwiadomi posiadania \u201edomu w niebie\u201d &#8211; uwielbiali Boga oraz pomagali &#8211; m\u0105drze i konkretnie &#8211; tym, kt\u00f3rzy migruj\u0105.<\/p><p><b>Marek:<\/b><br \/>Przesadne dbanie o cia\u0142o i pienia\u0328dze, kt\u00f3re wydajemy w nadmiarze na nasycenie pragnien\u0301 cielesnych, nie pomog\u0105 nam wzrasta\u0107 w prawdziwej mi\u0142o\u015bci. Bardziej owocne jest bowiem zaanga\u017cowanie w dzie\u0142a mi\u0142osierdzia. Nasz Pan m\u00f3wi: \u201eWszystko, co uczynili\u015bcie jednemu z tych braci moich najmniejszych, Mnie\u015bcie uczynili&#8221; (Mt 25, 40). Wype\u0142nia\u0328 sie\u0328 wtedy pie\u0328kne i prorockie s\u0142owa Matki Boz\u0307ej wypowiedziane w hymnie Magnificat: \u201eG\u0142odnych syci dobrami, a bogatych odprawia z niczym\u201d (\u0141k 1, 53). <br \/>Maryja ucz nas, \u017ce mi\u0142osierdzie staje sie\u0328 rdzeniem ludzkiego z\u0307ycia, prawem i obowia\u0328zkiem wtedy, gdy cz\u0142owiek w pe\u0142ni zrozumie, z\u0307e mamy nie tylko prawo do mi\u0142osierdzia, ale tez\u0307 mamy powinnos\u0301c\u0301 s\u0301wiadczenia mi\u0142osierdzia innym. Czy karmi\u0119 moje serce takim przekonaniem?<\/p><p><b>\u015aw. Jan Pawe\u0142 II<\/b>: \u201eEwangelia przypomina nam, \u017ce Ona \u201ezachowywa\u0142a wszystkie te sprawy i rozwa\u017ca\u0142a je w swoim sercu&#8221; (\u0141k 2,19). Tak by\u0142o w Betlejem, tak by\u0142o na Golgocie u st\u00f3p krzy\u017ca, tak by\u0142o w dniu Pi\u0119\u0107dziesi\u0105tnicy, gdy Duch \u015awi\u0119ty zst\u0105pi\u0142 do wieczernika. I tak jest te\u017c dzisiaj. Matka Boga i ludzi zachowuje i rozwa\u017ca w swym sercu wszystkie wielkie i trudne problemy ludzko\u015bci. Alma Redemptoris Mater idzie razem z nami i z macierzy\u0144sk\u0105 czu\u0142o\u015bci\u0105 prowadzi nas ku przysz\u0142o\u015bci. W ten spos\u00f3b pomaga ludzko\u015bci przekracza\u0107 \u201eprogi&#8221; kolejnych lat, stuleci, tysi\u0105cleci, podtrzymuj\u0105c jej nadziej\u0119 pok\u0142adan\u0105 w Tym, kt\u00f3ry jest Panem dziej\u00f3w.\u201d (Homilia: Do Niego nale\u017cy czas i wieczno\u015b\u0107, 1.01.1999 r.)<\/p><p><b>ks. kard. Stefan Wyszy\u0144ski:<\/b> \u201ePomimo hase\u0142 demokracji i sprawiedliwo\u015bci, nadal udr\u0119ka ekonomiczna, spo\u0142eczna i polityczna gn\u0119bi cz\u0142owieka wsp\u00f3\u0142czesnego i sp\u0119dza sen z oczu milion\u00f3w ludzi. A czy\u017c nie mo\u017cemy m\u00f3wi\u0107 i o niewoli na\u0142og\u00f3w, wad spo\u0142ecznych, obci\u0105\u017ce\u0144 dziedzicznych, kt\u00f3re ci\u0105gniemy wiekami naszej przesz\u0142o\u015bci narodowej, tak znie-kszta\u0142conymi przez niewol\u0119 polityczn\u0105? To s\u0142owo mo\u017ce nas wi\u0119c s\u0142usznie trwo\u017cy\u0107 i l\u0119ka\u0107, a jednak \u017cyjemy w niewoli, i to wielostronnej niewoli, a ju\u017c najbardziej &#8211; w niewoli samych siebie.\u201d (Jasna G\u00f3ra 1965 r.)<\/p><p><i>Zadanie rekolekcyjne:<\/i><br \/>Odm\u00f3w r\u00f3\u017caniec &#8211; najlepiej we wsp\u00f3lnocie.<\/p><p><i>\u0106wiczenie dodatkowe:<\/i><br \/>Pom\u00f3dl si\u0119 za zmar\u0142ych i ofiaruj odpust zupe\u0142ny.<\/p><\/div>\n\t\t\t\t<\/div>\n\t\t\t\t<\/div>\n\t\t\t\t<div class=\"elementor-element elementor-element-1d4f809 elementor-invisible elementor-widget elementor-widget-text-editor\" data-id=\"1d4f809\" data-element_type=\"widget\" data-settings=\"{&quot;_animation&quot;:&quot;pulse&quot;}\" data-widget_type=\"text-editor.default\">\n\t\t\t\t<div class=\"elementor-widget-container\">\n\t\t\t\t\t<div class=\"elementor-text-editor elementor-clearfix\"><h2><a href=\"http:\/\/sercematki.eu\/wp-content\/uploads\/2020\/11\/SERCE-MATKI-_-dzien-40.-.pdf\" target=\"_blank\" rel=\"noopener\">SERCE MATKI rozwa\u017cania na 40. dzie\u0144 DO WYDRUKU<\/a><\/h2><\/div>\n\t\t\t\t<\/div>\n\t\t\t\t<\/div>\n\t\t\t\t<div class=\"elementor-element elementor-element-caf8922 elementor-aspect-ratio-169 elementor-widget elementor-widget-video\" data-id=\"caf8922\" data-element_type=\"widget\" data-settings=\"{&quot;aspect_ratio&quot;:&quot;169&quot;}\" data-widget_type=\"video.default\">\n\t\t\t\t<div class=\"elementor-widget-container\">\n\t\t\t\t\t<div class=\"elementor-wrapper elementor-fit-aspect-ratio elementor-open-inline\">\n\t\t\t<iframe class=\"elementor-video-iframe\" allowfullscreen title=\"youtube Video Player\" src=\"https:\/\/www.youtube.com\/embed\/K6fulaBvKwE?feature=oembed&amp;start&amp;end&amp;wmode=opaque&amp;loop=0&amp;controls=1&amp;mute=0&amp;rel=0&amp;modestbranding=0\"><\/iframe>\t\t<\/div>\n\t\t\t\t<\/div>\n\t\t\t\t<\/div>\n\t\t\t\t\t\t<\/div>\n\t\t\t\t\t<\/div>\n\t\t<\/div>\n\t\t\t\t\t\t\t\t<\/div>\n\t\t\t\t\t<\/div>\n\t\t<\/section>\n\t\t\t\t\t\t<\/div>\n\t\t\t\t\t\t<\/div>\n\t\t\t\t\t<\/div>\n\t\t","protected":false},"excerpt":{"rendered":"<p>40. Dzie\u0144 21. listopada 2020 Pomocy migrant\u00f3w, m\u00f3dl si\u0119 za nami. S\u0142owo \u017bycia:\u201eB\u00f3g nie jest Bogiem umar\u0142ych, lecz \u017cywych; wszyscy bowiem dla Niego \u017cyj\u0105\u201d(\u0141k 20, 38) Ks. Mateusz: Pomoc migrant\u00f3w.R\u00f3\u017cne s\u0105 powody migracji. Wsp\u00f3lna jest t\u0119sknota &#8211; za domem, bezpiecze\u0144stwem, spokojem.Maryja zna i rozumie te t\u0119sknoty: ucieka\u0142a z Jezusem i J\u00f3zefem do Egiptu, trzydzie\u015bci lat &hellip;<\/p>\n<p class=\"read-more\"> <a class=\"\" href=\"http:\/\/sercematki.eu\/?page_id=3401\"> <span class=\"screen-reader-text\">40. Dzie\u0144 21. listopada 2020<\/span> Read More &raquo;<\/a><\/p>\n","protected":false},"author":2,"featured_media":0,"parent":0,"menu_order":0,"comment_status":"closed","ping_status":"closed","template":"","meta":[],"yoast_head":"<!-- This site is optimized with the Yoast SEO plugin v15.0 - https:\/\/yoast.com\/wordpress\/plugins\/seo\/ -->\n<title>40. Dzie\u0144 21. listopada 2020 - sercematki.eu<\/title>\n<meta name=\"robots\" content=\"index, follow, max-snippet:-1, max-image-preview:large, max-video-preview:-1\" \/>\n<link rel=\"canonical\" href=\"http:\/\/sercematki.eu\/?page_id=3401\" \/>\n<meta property=\"og:locale\" content=\"pl_PL\" \/>\n<meta property=\"og:type\" content=\"article\" \/>\n<meta property=\"og:title\" content=\"40. Dzie\u0144 21. listopada 2020 - sercematki.eu\" \/>\n<meta property=\"og:description\" content=\"40. Dzie\u0144 21. listopada 2020 Pomocy migrant\u00f3w, m\u00f3dl si\u0119 za nami. S\u0142owo \u017bycia:\u201eB\u00f3g nie jest Bogiem umar\u0142ych, lecz \u017cywych; wszyscy bowiem dla Niego \u017cyj\u0105\u201d(\u0141k 20, 38) Ks. Mateusz: Pomoc migrant\u00f3w.R\u00f3\u017cne s\u0105 powody migracji. Wsp\u00f3lna jest t\u0119sknota &#8211; za domem, bezpiecze\u0144stwem, spokojem.Maryja zna i rozumie te t\u0119sknoty: ucieka\u0142a z Jezusem i J\u00f3zefem do Egiptu, trzydzie\u015bci lat &hellip; 40. Dzie\u0144 21. listopada 2020 Read More &raquo;\" \/>\n<meta property=\"og:url\" content=\"http:\/\/sercematki.eu\/?page_id=3401\" \/>\n<meta property=\"og:site_name\" content=\"sercematki.eu\" \/>\n<meta property=\"article:modified_time\" content=\"2020-11-20T21:59:12+00:00\" \/>\n<meta name=\"twitter:card\" content=\"summary_large_image\" \/>\n<script type=\"application\/ld+json\" class=\"yoast-schema-graph\">{\"@context\":\"https:\/\/schema.org\",\"@graph\":[{\"@type\":\"WebSite\",\"@id\":\"http:\/\/sercematki.eu\/#website\",\"url\":\"http:\/\/sercematki.eu\/\",\"name\":\"sercematki.eu\",\"description\":\"33 bicia serca\",\"potentialAction\":[{\"@type\":\"SearchAction\",\"target\":\"http:\/\/sercematki.eu\/?s={search_term_string}\",\"query-input\":\"required name=search_term_string\"}],\"inLanguage\":\"pl-PL\"},{\"@type\":\"WebPage\",\"@id\":\"http:\/\/sercematki.eu\/?page_id=3401#webpage\",\"url\":\"http:\/\/sercematki.eu\/?page_id=3401\",\"name\":\"40. Dzie\\u0144 21. listopada 2020 - sercematki.eu\",\"isPartOf\":{\"@id\":\"http:\/\/sercematki.eu\/#website\"},\"datePublished\":\"2020-09-27T16:23:44+00:00\",\"dateModified\":\"2020-11-20T21:59:12+00:00\",\"inLanguage\":\"pl-PL\",\"potentialAction\":[{\"@type\":\"ReadAction\",\"target\":[\"http:\/\/sercematki.eu\/?page_id=3401\"]}]}]}<\/script>\n<!-- \/ Yoast SEO plugin. -->","_links":{"self":[{"href":"http:\/\/sercematki.eu\/index.php?rest_route=\/wp\/v2\/pages\/3401"}],"collection":[{"href":"http:\/\/sercematki.eu\/index.php?rest_route=\/wp\/v2\/pages"}],"about":[{"href":"http:\/\/sercematki.eu\/index.php?rest_route=\/wp\/v2\/types\/page"}],"author":[{"embeddable":true,"href":"http:\/\/sercematki.eu\/index.php?rest_route=\/wp\/v2\/users\/2"}],"replies":[{"embeddable":true,"href":"http:\/\/sercematki.eu\/index.php?rest_route=%2Fwp%2Fv2%2Fcomments&post=3401"}],"version-history":[{"count":1,"href":"http:\/\/sercematki.eu\/index.php?rest_route=\/wp\/v2\/pages\/3401\/revisions"}],"predecessor-version":[{"id":3863,"href":"http:\/\/sercematki.eu\/index.php?rest_route=\/wp\/v2\/pages\/3401\/revisions\/3863"}],"wp:attachment":[{"href":"http:\/\/sercematki.eu\/index.php?rest_route=%2Fwp%2Fv2%2Fmedia&parent=3401"}],"curies":[{"name":"wp","href":"https:\/\/api.w.org\/{rel}","templated":true}]}}