{"id":1416,"date":"2020-05-13T00:54:40","date_gmt":"2020-05-12T22:54:40","guid":{"rendered":"http:\/\/sercematki.eu\/?page_id=1416"},"modified":"2020-10-08T12:53:47","modified_gmt":"2020-10-08T10:53:47","slug":"najswietsze-serce","status":"publish","type":"page","link":"https:\/\/sercematki.eu\/?page_id=1416","title":{"rendered":"LITANIA LORETA\u0143SKA"},"content":{"rendered":"\t\t<div data-elementor-type=\"wp-page\" data-elementor-id=\"1416\" class=\"elementor elementor-1416\" data-elementor-settings=\"[]\">\n\t\t\t\t\t\t<div class=\"elementor-inner\">\n\t\t\t\t\t\t\t<div class=\"elementor-section-wrap\">\n\t\t\t\t\t\t\t<section class=\"elementor-section elementor-top-section elementor-element elementor-element-0207f74 elementor-section-boxed elementor-section-height-default elementor-section-height-default\" data-id=\"0207f74\" data-element_type=\"section\" data-settings=\"{&quot;background_background&quot;:&quot;classic&quot;}\">\n\t\t\t\t\t\t<div class=\"elementor-container elementor-column-gap-default\">\n\t\t\t\t\t\t\t<div class=\"elementor-row\">\n\t\t\t\t\t<div class=\"elementor-column elementor-col-100 elementor-top-column elementor-element elementor-element-6e2de97\" data-id=\"6e2de97\" data-element_type=\"column\">\n\t\t\t<div class=\"elementor-column-wrap elementor-element-populated\">\n\t\t\t\t\t\t\t<div class=\"elementor-widget-wrap\">\n\t\t\t\t\t\t<div class=\"elementor-element elementor-element-33319ab elementor-widget elementor-widget-spacer\" data-id=\"33319ab\" data-element_type=\"widget\" data-widget_type=\"spacer.default\">\n\t\t\t\t<div class=\"elementor-widget-container\">\n\t\t\t\t\t<div class=\"elementor-spacer\">\n\t\t\t<div class=\"elementor-spacer-inner\"><\/div>\n\t\t<\/div>\n\t\t\t\t<\/div>\n\t\t\t\t<\/div>\n\t\t\t\t<div class=\"elementor-element elementor-element-7ac9fea elementor-invisible elementor-widget elementor-widget-heading\" data-id=\"7ac9fea\" data-element_type=\"widget\" data-settings=\"{&quot;_animation&quot;:&quot;pulse&quot;,&quot;_animation_mobile&quot;:&quot;pulse&quot;}\" data-widget_type=\"heading.default\">\n\t\t\t\t<div class=\"elementor-widget-container\">\n\t\t\t<h2 class=\"elementor-heading-title elementor-size-default\">Litania Loreta\u0144ska<\/h2>\t\t<\/div>\n\t\t\t\t<\/div>\n\t\t\t\t<section class=\"elementor-section elementor-inner-section elementor-element elementor-element-0a305eb elementor-section-boxed elementor-section-height-default elementor-section-height-default\" data-id=\"0a305eb\" data-element_type=\"section\">\n\t\t\t\t\t\t<div class=\"elementor-container elementor-column-gap-default\">\n\t\t\t\t\t\t\t<div class=\"elementor-row\">\n\t\t\t\t\t<div class=\"elementor-column elementor-col-50 elementor-inner-column elementor-element elementor-element-900e8f8\" data-id=\"900e8f8\" data-element_type=\"column\">\n\t\t\t<div class=\"elementor-column-wrap\">\n\t\t\t\t\t\t\t<div class=\"elementor-widget-wrap\">\n\t\t\t\t\t\t\t\t<\/div>\n\t\t\t\t\t<\/div>\n\t\t<\/div>\n\t\t\t\t<div class=\"elementor-column elementor-col-50 elementor-inner-column elementor-element elementor-element-28b9fe9\" data-id=\"28b9fe9\" data-element_type=\"column\">\n\t\t\t<div class=\"elementor-column-wrap elementor-element-populated\">\n\t\t\t\t\t\t\t<div class=\"elementor-widget-wrap\">\n\t\t\t\t\t\t<div class=\"elementor-element elementor-element-7438899 elementor-widget elementor-widget-text-editor\" data-id=\"7438899\" data-element_type=\"widget\" data-widget_type=\"text-editor.default\">\n\t\t\t\t<div class=\"elementor-widget-container\">\n\t\t\t\t\t<div class=\"elementor-text-editor elementor-clearfix\"><p>Wbrew pozorom ta modlitwa nie powsta\u0142a wcale w Loreto, s\u0142ynnym w\u0142oskim sanktuarium szczyc\u0105cym si\u0119 posiadaniem trzech \u015bcian domu Maryi z Nazaretu. Pocz\u0105tki litanii si\u0119gaj\u0105 chrze\u015bcija\u0144skiego Wschodu. Podstawowym \u017ar\u00f3d\u0142em inspiracji by\u0142 pochodz\u0105cy z VI wieku hymn \u201eAkatyst\u201d. Powtarza si\u0119 w nim litanijny zwrot \u201eWitaj\u201d lub \u201eZdrowa\u015b\u201d \u2013 nawi\u0105zuj\u0105cy do pozdrowienia anio\u0142a w chwili zwiastowania. Hymn sk\u0142ada si\u0119 z szeregu okre\u015ble\u0144 Maryi, kt\u00f3re w poetyckiej, wylewnej formie wyra\u017caj\u0105 tajemnic\u0119 Bo\u017cego macierzy\u0144stwa. W Akaty\u015bcie wida\u0107 ju\u017c zarodek wezwa\u0144 z p\u00f3\u017aniejszej litanii loreta\u0144skiej, powsta\u0142ej w \u015bredniowieczu na Zachodzie. Najstarsz\u0105 litani\u0105 w og\u00f3le jest \u201eLitania do wszystkich \u015bwi\u0119tych\u201d. Pochodzi ona z V wieku. Po kilku wezwaniach skierowanych do Boga, pojawia si\u0119 w niej kilka okre\u015ble\u0144 odnosz\u0105cych si\u0119 do \u015bwi\u0119tej Maryi, a dopiero potem imiona \u015bwi\u0119tych. Intuicja wiernych by\u0142a taka, \u017ce \u015bwi\u0119to\u015b\u0107 Matki Jezusa wyrasta ponad innych \u015bwi\u0119tych, dlatego dok\u0142adano ci\u0105gle nowe Jej okre\u015blenia. W ko\u0144cu by\u0142o ich tak du\u017co, \u017ce powsta\u0142a osobna litania. Tytu\u0142y maryjne by\u0142y brane ze \u015bredniowiecznych hymn\u00f3w. Litanii maryjnych powsta\u0142o wiele, ale historycy wyr\u00f3\u017cniaj\u0105 cztery podstawowe: \u201eweneck\u0105\u201d, \u201eloreta\u0144sk\u0105\u201d, \u201eprzeb\u0142agaln\u0105\u201d i inne (powsta\u0142e jako kompilacja dw\u00f3ch pierwszych). Papie\u017c Klemens VIII postanowi\u0142 ograniczy\u0107 tw\u00f3rczo\u015b\u0107 litanijn\u0105, poniewa\u017c w tej spontanicznej pobo\u017cno\u015bci pojawia\u0142y si\u0119 sformu\u0142owania przesadne lub b\u0142\u0119dne teologicznie. W 1601 roku papie\u017c ten wyda\u0142 dekret nakazuj\u0105cy, by wszystkie litanie by\u0142y zatwierdzane przez Stolic\u0119 Apostolsk\u0105 z wyj\u0105tkiem tej, kt\u00f3r\u0105 \u201ezwyk\u0142o si\u0119 \u015bpiewa\u0107 w \u015bwi\u0119tym Domku z Loreto\u201d. W ten spos\u00f3b litania zwana loreta\u0144sk\u0105 osi\u0105gn\u0119\u0142a status dominuj\u0105cy.<\/p><p>Najstarszy zachowany r\u0119kopis tej litanii pochodzi z XII wieku i jest przechowywany w Pary\u017cu. By\u0142a ona na pewno od 1531 roku \u015bpiewana w ka\u017cd\u0105 sobot\u0119 w Loreto, jej tekst pojawi\u0142 si\u0119 w pierwszym drukowanym modlitewniku tego popularnego w\u0142oskiego sanktuarium. Te okoliczno\u015bci sprawi\u0142y, \u017ce nazwa \u201eloreta\u0144ska\u201d przylgn\u0119\u0142a na sta\u0142e do tej litanii. Na przestrzeni wiek\u00f3w liczba wezwa\u0144 ulega\u0142a zmianie. Paryski r\u0119kopis zawiera a\u017c 73 wezwania charakteryzuj\u0105ce si\u0119 jednakowym rytem i zgrupowane wed\u0142ug przemy\u015blanego schematu. Wspomniany modlitewnik loreta\u0144ski z roku 1572 roku zawiera tylko 43 wezwania. P\u00f3\u017aniej ju\u017c tylko sami papie\u017ce dodawali kolejne wezwania. Mianowicie: \u201eWspomo\u017cenie wiernych\u201d \u2013 zwi\u0105zane ze zwyci\u0119stwem floty chrze\u015bcija\u0144skiej nad Turkami pod Lepanto; \u201eKr\u00f3lowo bez zmazy pierworodnej pocz\u0119ta\u201d \u2013 w zwi\u0105zku z og\u0142oszeniem dogmatu o Niepokalanym Pocz\u0119ciu w 1854 roku; \u201eKr\u00f3lowo R\u00f3\u017ca\u0144ca \u015bwi\u0119tego\u201d \u2013 to wezwanie wprowadzi\u0142 Leon XIII, mi\u0142o\u015bnik r\u00f3\u017ca\u0144ca; \u201eMatko dobrej rady\u201d \u2013 wprowadzi\u0142 ten sam papie\u017c prawdopodobnie w zwi\u0105zku z sanktuarium pod wezwaniem Matki Bo\u017cej Dobrej Rady w Genazzo, w rodzinnych stronach papie\u017ca,; \u201eKr\u00f3lowo Pokoju\u201d \u2013 ten tytu\u0142 doda\u0142 Benedykt XV podczas I wojny \u015bwiatowej; \u201eKr\u00f3lowo wniebowzi\u0119ta\u201d \u2013 pojawi\u0142 si\u0119 w zwi\u0105zku z og\u0142oszeniem dogmatu o wniebowzi\u0119ciu Maryi w 1950 r. \u201eMatko Ko\u015bcio\u0142a\u201d \u2013 tytu\u0142 og\u0142osi\u0142 Pawe\u0142 VI podczas Soboru Watyka\u0144skiego II; \u201eKr\u00f3lowo rodzin\u201d \u2013 wprowadzi\u0142 1995 roku Jan Pawe\u0142 II w zwi\u0105zku z 700-leciem sanktuarium w Loreto. Ko\u015bci\u00f3\u0142 w Polsce uzyska\u0142 w 1908 roku zgod\u0119 na dodanie tytu\u0142u \u201eKr\u00f3lowo Korony Polskiej\u201d, zmienione p\u00f3\u017aniej na \u201eKr\u00f3lowo Polski\u201d. Do litanii loreta\u0144skiej u\u0142o\u017cono niezliczon\u0105 ilo\u015b\u0107 melodii. W\u015br\u00f3d autor\u00f3w muzyki by\u0142o kilku wybitnych kompozytor\u00f3w takich jak Palestrina czy Mozart. Tekst litanii inspirowa\u0142 tak\u017ce sztuki plastyczne, tak \u017ce powsta\u0142o wiele cykli ilustruj\u0105cych poszczeg\u00f3lne wezwania.<\/p><p><b>Trzy nowe wezwania<\/b><\/p><p>Nowe wezwania litanii loreta\u0144skiej, wprowadzone w j\u0119zyku \u0142aci\u0144skim przez Stolic\u0119 Apostolsk\u0105 20 czerwca 2020 r., b\u0119d\u0105 odt\u0105d brzmia\u0142y w j\u0119zyku polskim &#8222;Matko mi\u0142osierdzia&#8221; (po &#8222;Matko Ko\u015bcio\u0142a&#8221;), &#8222;Matko nadziei&#8221; (po &#8222;Matko \u0142aski Bo\u017cej&#8221;), &#8222;Pociecho migrant\u00f3w&#8221; (po &#8222;Ucieczko grzesznych\u201d). Nowe brzmienie litanii loreta\u0144skiej obowi\u0105zuje z dniem podj\u0119cia uchwa\u0142y, tzn. od 28 sierpnia 2020 r. W obecnym kszta\u0142cie litania loreta\u0144ska ma 55 wezwa\u0144 do Matki Bo\u017cej.<\/p><p><b>1\/ Kyrie eleison<\/b><\/p><p>Litania zaczyna si\u0119 od wezwa\u0144 \u201eKyrie eleison, Chryste eleison\u201d oraz inwokacji do Os\u00f3b Tr\u00f3jcy, czyli samego Boga. Ten wst\u0119p ustawia w\u0142a\u015bciwie nasz\u0105 modlitw\u0119. Przypomina nam, \u017ce ostatecznie modlimy si\u0119 zawsze do Boga i Jego prosimy o zmi\u0142owanie. Chrystus jest jedynym po\u015brednikiem mi\u0119dzy Bogiem a nami. Ale Jezus za\u0142o\u017cy\u0142 Ko\u015bci\u00f3\u0142, kt\u00f3ry stanowi Jego Mistyczne Cia\u0142em. Pan zaprosi\u0142 wi\u0119c ludzi do wsp\u00f3\u0142dzia\u0142ania w Jego dziele. Maryja i \u015bwi\u0119ci maj\u0105 sw\u00f3j udzia\u0142 w misji jednania Boga ze \u015bwiatem. Modlitwa do Maryi i \u015bwi\u0119tych ma inny charakter ni\u017c modlitwa do samego Boga. Jest to w gruncie rzeczy pro\u015bba o modlitw\u0119, o wstawiennictwo, dlatego powtarzamy zwrot \u201em\u00f3dl si\u0119 za nami\u201d. Tytu\u0142y s\u0142awi\u0105ce Maryj\u0119, odnosz\u0105 si\u0119 zawsze jako\u015b do Boga, kt\u00f3ry \u201euczyni\u0142 Jej wielkie rzeczy\u201d. \u015awi\u0119to\u015b\u0107 ma bowiem dw\u00f3ch autor\u00f3w: Boga i cz\u0142owieka. Przy czym B\u00f3g jest zawsze pierwszy, cho\u0107 pozostaje jakby w cieniu. Jego mi\u0142o\u015b\u0107 objawia si\u0119 w historii ludzi i jest tak dobrze widoczna w \u017cyciu Matki Bo\u017cej. Ka\u017cdy \u201ekomplement\u201d pod jej adresem, jest wi\u0119c w istocie chwa\u0142\u0105 Boga.<\/p><p><b>2\/ \u015awi\u0119ta Maryjo, \u015awi\u0119ta Bo\u017ca Rodzicielko, \u015awi\u0119ta Panno nad pannami<\/b><\/p><p>Pierwsze trzy wezwania wywodz\u0105 si\u0119 ze staro\u017cytnej \u201eLitanii do wszystkich \u015bwi\u0119tych\u201d. Mo\u017cna powiedzie\u0107, \u017ce jest to przedstawienie Maryi i przypomnienie dw\u00f3ch podstawowych dogmat\u00f3w maryjnych. Kobieta o imieniu Maryja (gr. Maria, hebr. Miriam) sta\u0142a si\u0119 Bo\u017c\u0105 Rodzicielk\u0105, czyli Matk\u0105 Boga (Theotokos). Ten tytu\u0142 Ko\u015bci\u00f3\u0142 uzna\u0142 na Soborze w Efezie w 431 r. Przy czym jest on konsekwencj\u0105 prawdy o wcieleniu Syna Bo\u017cego i tylko w \u0142\u0105czno\u015bci z t\u0105 prawd\u0105 mo\u017ce by\u0107 w\u0142a\u015bciwie rozumiany. Maryja rodzi cz\u0142owieka, kt\u00f3ry jest jednocze\u015bnie Bogiem bez pocz\u0105tku. Jest nazwana Bo\u017c\u0105 Rodzicielk\u0105, poniewa\u017c S\u0142owo sta\u0142o si\u0119 cia\u0142em w Niej i poprzez Ni\u0105. W Domku Maryi w Loreto znajduje si\u0119 wymowny napis: \u201etutaj S\u0142owo sta\u0142o si\u0119 cia\u0142em\u201d. Tytu\u0142 \u201ePanna nad pannami\u201d jest wskazaniem, \u017ce Maryja pozosta\u0142a dziewic\u0105 i to w najwy\u017cszym sensie tego s\u0142owa. Jej dziewiczo\u015b\u0107 oznacza ca\u0142kowite, pe\u0142ne, najczystsze oddanie si\u0119 w mi\u0142o\u015bci Bogu.<\/p><p><b>3\/ Matko\u2026<\/b><\/p><p>Dwana\u015bcie wezwa\u0144 po\u015bwi\u0119conych jest kontemplacji Bo\u017cego macierzy\u0144stwa Maryi. Wszystkie zaczynaj\u0105 si\u0119 od s\u0142owa \u201eMatko\u201d. Nie przypadkiem to \u201eczu\u0142e\u201d s\u0142owo otwiera litanijne wyliczenie. Poniewa\u017c to w\u0142a\u015bnie powo\u0142anie Maryi ma Matk\u0119 Jezusa jest kluczem do ca\u0142ego jej \u017cycia. Maryja jest jednak matk\u0105 tak\u0105, jak ka\u017cda inna. Tytu\u0142 \u201eMatko przedziwna\u201d wskazuje na t\u0119 wyj\u0105tkowo\u015b\u0107. Tytu\u0142y \u201eMatko Chrystusowa, Matko Stworzyciela, Matko Zbawiciela\u201d \u2013 kieruj\u0105 nas wprost do Jezusa, kt\u00f3ry jest obiecanym przez Boga Mesjaszem i Zbawicielem. Jako odwieczne S\u0142owo Ojca Jezus mo\u017ce by\u0107 nazwany tak\u017ce Stworzycielem. Wszystkie te tytu\u0142y nie sugeruj\u0105 jakie\u015b wy\u017cszo\u015bci Matki nad Synem. Jest dok\u0142adnie odwrotnie. W Maryi wida\u0107 paradoks Bo\u017cego dzia\u0142ania. B\u00f3g wybiera Maryj\u0119, swoje stworzenie, na ziemsk\u0105 matk\u0119. Maryja staje si\u0119 wi\u0119c Matk\u0105 w\u0142asnego Stworzyciela, co brzmi szokuj\u0105co. Bo\u017ce macierzy\u0144stwo Maryi jest czystym cudem Bo\u017cej \u0142aski. Dlatego m\u00f3wimy \u201eMatko \u0142aski Bo\u017cej, nieskalana, najczystsza, dziewicza, nienaruszona, najmilsza, dobrej rady\u201d. Wszystkie te tytu\u0142y s\u0142awi\u0105 pot\u0119g\u0119 i delikatno\u015b\u0107 dzia\u0142ania Bo\u017cego w \u017cyciu Maryi. Ona jest \u201enarz\u0119dziem\u201d w r\u0119kach Boga. Kiedy cz\u0142owiek zgadza si\u0119, by B\u00f3g nim rozporz\u0105dza\u0142, nic nie traci, przeciwnie \u2013 zyskuje, zostaje u\u015bwi\u0119cony i spe\u0142nia si\u0119 w swoim cz\u0142owiecze\u0144stwie. Nieco inny sens ma tytu\u0142 \u201eMatko Ko\u015bcio\u0142a\u201d. Wskazuje on na analogi\u0119 mi\u0119dzy Ko\u015bcio\u0142em a Maryj\u0105. Maryja zrodzi\u0142a Zbawiciela, dzi\u015b Ko\u015bci\u00f3\u0142 \u201erodzi\u201d Jezusa w sercach ludzi. Skoro wierz\u0105cy s\u0105 Cia\u0142em Chrystusa, to pozostajemy w relacji do Tej, kt\u00f3ra zrodzi\u0142a ziemskie cia\u0142o Pana. \u201eOto Matka twoja\u201d \u2013 powiedzia\u0142 na krzy\u017cu Jezus do ucznia, czyli tak\u017ce do nas. Maryja jest wi\u0119c nasz\u0105 duchow\u0105 Matk\u0105.<\/p><p><b>4\/ Panno\u2026<\/b><\/p><p>Kolejnych 6 wezwa\u0144 jest kontemplacyjnym rozwini\u0119ciem tytu\u0142u \u201ePanno nad pannami\u201d. Chodzi tutaj o dziewictwo Maryi, o postaw\u0119 jej oblubie\u0144czej relacji do Boga. S\u0142owo \u201ePanna\u201d nawi\u0105zuje do j\u0119zyka Starego Testamentu, w kt\u00f3rym przymierze mi\u0119dzy Bogiem a Izraelem by\u0142o por\u00f3wnywane do mi\u0142o\u015bci Oblubie\u0144ca (B\u00f3g) i Oblubienicy (Izrael, C\u00f3ra Syjonu), co jest oddane najpi\u0119kniej w Pie\u015bni nad Pie\u015bniami. Maryja, c\u00f3ra Izraela, jest Pann\u0105, Oblubienic\u0105, kt\u00f3ra odpowiada na Bo\u017c\u0105 mi\u0142o\u015b\u0107 postaw\u0105 swojego bezgranicznego zawierzenia, odpowiada ca\u0142\u0105 si\u0142\u0105 swojej kobiecej mi\u0142o\u015bci. Jest \u201ePann\u0105 roztropn\u0105\u201d \u2013 czyli jest w tej mi\u0142o\u015bci element racjonalny, mi\u0142o\u015b\u0107 nigdy nie jest \u015blepym uczuciem, ale racjonalnym wyborem. Jest zarazem \u201eczcigodna, ws\u0142awiona, \u0142askawa, wierna\u201d \u2013 te okre\u015blenia s\u0142awi\u0105 oblubie\u0144cz\u0105 mi\u0142o\u015b\u0107 Maryi. \u201ePanno mo\u017cna\u201d (\u0142a\u0107. potens) \u2013 przymiotnik \u201emo\u017cna\u201d pochodzi od s\u0142owa \u201emoc\u201d. Krucha, skromna Panna z Nazaretu by\u0142a duchowo mocna, czyli potrafi\u0142a i potrafi nadal wiele. Wymog\u0142a na swoim Synu cud w Kanie, nie da\u0142a si\u0119 z\u0142ama\u0107 pod krzy\u017cem. Nam te\u017c mo\u017ce (dlatego \u201emo\u017cna\u201d) wyprosi\u0107 wiele \u0142ask. Wielk\u0105 moc maj\u0105 ci, kt\u00f3rzy \u2013 jak Ona \u2013 ufaj\u0105 Panu Bogu.<\/p><p><b>5\/ Zwierciad\u0142o, dom, wie\u017ca\u2026<\/b><\/p><p>Kolejna grupa wezwa\u0144 jest najbardziej oryginalna. Ka\u017cde z nich wskazuje na pewien aspekt \u015bwi\u0119to\u015bci Maryi i Jej odniesienie do nas. Wiele z tych tytu\u0142\u00f3w ma korzenie biblijne. \u201eZwierciad\u0142o sprawiedliwo\u015bci\u201d \u2013 w Starym Testamencie sprawiedliwo\u015b\u0107 to zachowanie Prawa Bo\u017cego, synonim \u015bwi\u0119to\u015bci. Maryja jest<br \/>odbiciem sprawiedliwo\u015bci samego Boga. Z drugiej strony, my patrz\u0105c w jej \u017cycie jak w lustro, widzimy, ile nam brakuje do idea\u0142u sprawiedliwo\u015bci. \u201eStolico m\u0105dro\u015bci\u201d \u2013 Stary Testament zawiera ca\u0142\u0105 teologi\u0119 m\u0105dro\u015bci, kt\u00f3ra jest cech\u0105 samego Boga, ale mo\u017ce cz\u0142owiek mo\u017ce mie\u0107 w niej udzia\u0142. W Maryi zamieszka\u0142 Jezus \u2013 wcielona M\u0105dro\u015b\u0107 Boga, dlatego jest Ona stolic\u0105 (\u0142ac. sedes \u2013 oznacza tron, siedzib\u0119, mieszkanie) m\u0105dro\u015bci Bo\u017cej. Patrz\u0105c na Ni\u0105 uczymy si\u0119 m\u0105dro\u015bci. \u201ePrzybytku Ducha \u015awi\u0119tego\u201d \u2013 \u0142aci\u0144skie \u201evas\u201d mo\u017cna odda\u0107 tak\u017ce jako \u201enaczynie\u201d lub \u201einstrument\u201d. Maryja jest duchowym naczyniem, \u201echwalebnym\u201d \u2013 czyli nape\u0142nionym chwa\u0142\u0105 Boga i \u201es\u0142awny pobo\u017cno\u015bci\u0105\u201d \u2013 czyli promieniuj\u0105cym tak\u017ce osobist\u0105 pobo\u017cno\u015bci\u0105. \u201eR\u00f3\u017co duchowna\u201d \u2013 kwiat jest symbolem pi\u0119kna, \u017cycia, delikatno\u015bci, uroku. Ten tytu\u0142 zwraca uwag\u0119 na duchowe, kobiece pi\u0119kno Maryi. R\u00f3\u017ca pi\u0119knie pachnie. Maryja rozsiewa zapach \u015bwi\u0119to\u015bci, kt\u00f3ry poci\u0105ga innych. \u201eWie\u017co Dawidowa\u201d \u2013 to wezwanie przypomina o \u017cydowskim pochodzeniu Maryi. Kr\u00f3l Dawid by\u0142 dla Izraela symbolem dobrego w\u0142adcy, obiecany Mesjasz mia\u0142 pochodzi\u0107 z jego rodu. To Dawid uczyni\u0142 Jerozolim\u0119 stolic\u0105 Izraela i tam wybudowa\u0142 fortec\u0119 z obronnymi wie\u017cami. Maryja jest Wie\u017c\u0105 Dawidow\u0105, bo w Jej \u017cyciu spe\u0142niaj\u0105 si\u0119 proroctwa Mesjasza, Nowego Dawida. \u201eWie\u017co z ko\u015bci s\u0142oniowej\u201d &#8211; to okre\u015blenie nawi\u0105zuje do ksi\u0119gi Pie\u015bni nad Pie\u015bniami. Ko\u015b\u0107 s\u0142oniowa to bardzo szlachetny materia\u0142, a wie\u017ca kojarzy si\u0119 z si\u0142\u0105, z obron\u0105, tak\u017ce z g\u00f3rowaniem nad ziemi\u0105. Maryja jest szlachetn\u0105 \u201efortec\u0105\u201d obronn\u0105 przeciwko pokusom i atakom z\u0142ego. \u201eDomie z\u0142oty\u201d \u2013 to wezwania kojarzy si\u0119 ze skromnym, ale najcenniejszym domem w Nazarecie. Ten dom jest symbolem Maryi. To Ona sprawi\u0142a, \u017ce B\u00f3g mia\u0142 dom na ziemi. \u201eArko przymierza\u201d \u2013 to kolejna aluzja biblijna. Arka przymierza by\u0142a specjalnie wykonan\u0105 skrzyni\u0105, w kt\u00f3rej Izraelici przechowywali tablice z przykazaniami. By\u0142 to symbol przymierza z Bogiem i znak Jego obecno\u015bci w\u015br\u00f3d ludu. Maryja by\u0142a now\u0105 \u201eark\u0105\u201d, bo nosi\u0142a w sobie Jezusa, kt\u00f3ry zawar\u0142 z ludzko\u015bci\u0105 nowe przymierze. \u201eBramo Niebieska\u201d \u2013 ten tytu\u0142 kieruje nas w stron\u0119 nieba, dok\u0105d Matka Naj\u015bwi\u0119tsza zosta\u0142a wzi\u0119ta z dusz\u0105 i cia\u0142em. Wzywaj\u0105c Maryj\u0119 jako Bram\u0119 Niebiesk\u0105 wyra\u017camy t\u0119sknot\u0119 za niebem, za zmartwychwstaniem. \u201eGwiazdo zaranna\u201d \u2013 \u0142aci\u0144skie \u201estella matutina\u201d by\u0142o w staro\u017cytno\u015bci okre\u015bleniem Wenus, poniewa\u017c ta planeta jest widoczna nad horyzontem przed wschodem s\u0142o\u0144ca, jakby zapowiadaj\u0105c jego nadej\u015bcie. Maryja poprzez swe niepokalane pocz\u0119cie jest zwiastunk\u0105 nadchodz\u0105cego odkupienia. Kolejne wezwania (\u201eUzdrowienie chorych, Ucieczko grzesznych, Pocieszycielko strapionych, Wspomo\u017cenie wiernych\u201d) i wcze\u015bniejsze \u201ePrzyczyno naszej rado\u015bci\u201d \u2013 ukazuj\u0105 Maryj\u0119 jako t\u0119, kt\u00f3ra wyprasza nam u Boga szczeg\u00f3lne \u0142aski i wspomaga nas swoj\u0105 modlitw\u0105 w r\u00f3\u017cnych okoliczno\u015bciach \u017cycia.<\/p><p><b>6\/ Kr\u00f3lowo\u2026<\/b><\/p><p>Ostatnia grupa tytu\u0142\u00f3w odnosi si\u0119 do kr\u00f3lewskiej godno\u015bci Maryi. Nie przypadkiem te tytu\u0142y znajduj\u0105 si\u0119 w ostatniej cz\u0119\u015bci litanii. Ten tytu\u0142 ma bowiem charakter eschatologiczny. Kr\u00f3lewsko\u015b\u0107 Maryi oznacza jej wyj\u0105tkowy udzia\u0142 w kr\u00f3lowaniu Chrystusa. Ten tytu\u0142 trzeba czyta\u0107 z Ewangeli\u0105 w r\u0119ku. Kr\u00f3lowanie oznacza s\u0142u\u017cb\u0119 nios\u0105c\u0105 innym wyzwolenie, rado\u015b\u0107, przebaczenie. Maryja jest ponad anio\u0142ami, patriarchami, prorokami, aposto\u0142ami, m\u0119czennikami, wyznawcami, dziewicami i wszystkimi \u015bwi\u0119tymi \u2013 poniewa\u017c wyprzedza wszystkich w mi\u0142o\u015bci, w pokornej s\u0142u\u017cbie Bogu i ludziom. Macierzy\u0144ska, troskliwa mi\u0142o\u015b\u0107 niepokalanej i wniebowzi\u0119tej Kr\u00f3lowej rozci\u0105ga si\u0119 na ca\u0142\u0105 ludzko\u015b\u0107. Wierzymy, \u017ce Maryja \u2013 Matka i Kr\u00f3lowa wstawia si\u0119 nieustannie za nami u swego Syna i jej modlitwa ma \u201ekr\u00f3lewsk\u0105\u201d moc. Wyprasza pok\u00f3j, chroni rodziny. Wyj\u0105tkowe miejsce w pobo\u017cno\u015bci maryjnej zajmuje r\u00f3\u017caniec, na co wskazuje tytu\u0142 \u201eKr\u00f3lowo r\u00f3\u017ca\u0144ca \u015bwi\u0119tego\u201d. A my, Polacy czcimy J\u0105 jako patronk\u0119 naszej ojczyzny. (1)<\/p><p>(1) ks. Tomasz Jaklewicz<\/p><p><i>\u0179r\u00f3d\u0142o: <a href=\"https:\/\/parafiabrynow.pl\/temat\/gazetka\/Litania-loretanska-Czule-slowka\" target=\"_blank\" rel=\"noopener\">https:\/\/parafiabrynow.pl\/temat\/gazetka\/Litania-loretanska-Czule-slowka<\/a><\/i><\/p><\/div>\n\t\t\t\t<\/div>\n\t\t\t\t<\/div>\n\t\t\t\t\t\t<\/div>\n\t\t\t\t\t<\/div>\n\t\t<\/div>\n\t\t\t\t\t\t\t\t<\/div>\n\t\t\t\t\t<\/div>\n\t\t<\/section>\n\t\t\t\t\t\t<\/div>\n\t\t\t\t\t<\/div>\n\t\t<\/div>\n\t\t\t\t\t\t\t\t<\/div>\n\t\t\t\t\t<\/div>\n\t\t<\/section>\n\t\t\t\t\t\t<\/div>\n\t\t\t\t\t\t<\/div>\n\t\t\t\t\t<\/div>\n\t\t","protected":false},"excerpt":{"rendered":"<p>Litania Loreta\u0144ska Wbrew pozorom ta modlitwa nie powsta\u0142a wcale w Loreto, s\u0142ynnym w\u0142oskim sanktuarium szczyc\u0105cym si\u0119 posiadaniem trzech \u015bcian domu Maryi z Nazaretu. Pocz\u0105tki litanii si\u0119gaj\u0105 chrze\u015bcija\u0144skiego Wschodu. Podstawowym \u017ar\u00f3d\u0142em inspiracji by\u0142 pochodz\u0105cy z VI wieku hymn \u201eAkatyst\u201d. Powtarza si\u0119 w nim litanijny zwrot \u201eWitaj\u201d lub \u201eZdrowa\u015b\u201d \u2013 nawi\u0105zuj\u0105cy do pozdrowienia anio\u0142a w chwili zwiastowania. &hellip;<\/p>\n<p class=\"read-more\"> <a class=\"\" href=\"https:\/\/sercematki.eu\/?page_id=1416\"> <span class=\"screen-reader-text\">LITANIA LORETA\u0143SKA<\/span> Read More &raquo;<\/a><\/p>\n","protected":false},"author":1,"featured_media":0,"parent":0,"menu_order":0,"comment_status":"closed","ping_status":"closed","template":"elementor_header_footer","meta":[],"yoast_head":"<!-- This site is optimized with the Yoast SEO plugin v15.0 - https:\/\/yoast.com\/wordpress\/plugins\/seo\/ -->\n<title>LITANIA LORETA\u0143SKA - sercematki.eu<\/title>\n<meta name=\"robots\" content=\"index, follow, max-snippet:-1, max-image-preview:large, max-video-preview:-1\" \/>\n<link rel=\"canonical\" href=\"http:\/\/sercematki.eu\/?page_id=1416\" \/>\n<meta property=\"og:locale\" content=\"pl_PL\" \/>\n<meta property=\"og:type\" content=\"article\" \/>\n<meta property=\"og:title\" content=\"LITANIA LORETA\u0143SKA - sercematki.eu\" \/>\n<meta property=\"og:description\" content=\"Litania Loreta\u0144ska Wbrew pozorom ta modlitwa nie powsta\u0142a wcale w Loreto, s\u0142ynnym w\u0142oskim sanktuarium szczyc\u0105cym si\u0119 posiadaniem trzech \u015bcian domu Maryi z Nazaretu. Pocz\u0105tki litanii si\u0119gaj\u0105 chrze\u015bcija\u0144skiego Wschodu. Podstawowym \u017ar\u00f3d\u0142em inspiracji by\u0142 pochodz\u0105cy z VI wieku hymn \u201eAkatyst\u201d. Powtarza si\u0119 w nim litanijny zwrot \u201eWitaj\u201d lub \u201eZdrowa\u015b\u201d \u2013 nawi\u0105zuj\u0105cy do pozdrowienia anio\u0142a w chwili zwiastowania. &hellip; LITANIA LORETA\u0143SKA Read More &raquo;\" \/>\n<meta property=\"og:url\" content=\"http:\/\/sercematki.eu\/?page_id=1416\" \/>\n<meta property=\"og:site_name\" content=\"sercematki.eu\" \/>\n<meta property=\"article:modified_time\" content=\"2020-10-08T10:53:47+00:00\" \/>\n<meta name=\"twitter:card\" content=\"summary_large_image\" \/>\n<script type=\"application\/ld+json\" class=\"yoast-schema-graph\">{\"@context\":\"https:\/\/schema.org\",\"@graph\":[{\"@type\":\"WebSite\",\"@id\":\"https:\/\/sercematki.eu\/#website\",\"url\":\"https:\/\/sercematki.eu\/\",\"name\":\"sercematki.eu\",\"description\":\"33 bicia serca\",\"potentialAction\":[{\"@type\":\"SearchAction\",\"target\":\"https:\/\/sercematki.eu\/?s={search_term_string}\",\"query-input\":\"required name=search_term_string\"}],\"inLanguage\":\"pl-PL\"},{\"@type\":\"WebPage\",\"@id\":\"http:\/\/sercematki.eu\/?page_id=1416#webpage\",\"url\":\"http:\/\/sercematki.eu\/?page_id=1416\",\"name\":\"LITANIA LORETA\\u0143SKA - sercematki.eu\",\"isPartOf\":{\"@id\":\"https:\/\/sercematki.eu\/#website\"},\"datePublished\":\"2020-05-12T22:54:40+00:00\",\"dateModified\":\"2020-10-08T10:53:47+00:00\",\"inLanguage\":\"pl-PL\",\"potentialAction\":[{\"@type\":\"ReadAction\",\"target\":[\"http:\/\/sercematki.eu\/?page_id=1416\"]}]}]}<\/script>\n<!-- \/ Yoast SEO plugin. -->","_links":{"self":[{"href":"https:\/\/sercematki.eu\/index.php?rest_route=\/wp\/v2\/pages\/1416"}],"collection":[{"href":"https:\/\/sercematki.eu\/index.php?rest_route=\/wp\/v2\/pages"}],"about":[{"href":"https:\/\/sercematki.eu\/index.php?rest_route=\/wp\/v2\/types\/page"}],"author":[{"embeddable":true,"href":"https:\/\/sercematki.eu\/index.php?rest_route=\/wp\/v2\/users\/1"}],"replies":[{"embeddable":true,"href":"https:\/\/sercematki.eu\/index.php?rest_route=%2Fwp%2Fv2%2Fcomments&post=1416"}],"version-history":[{"count":30,"href":"https:\/\/sercematki.eu\/index.php?rest_route=\/wp\/v2\/pages\/1416\/revisions"}],"predecessor-version":[{"id":3604,"href":"https:\/\/sercematki.eu\/index.php?rest_route=\/wp\/v2\/pages\/1416\/revisions\/3604"}],"wp:attachment":[{"href":"https:\/\/sercematki.eu\/index.php?rest_route=%2Fwp%2Fv2%2Fmedia&parent=1416"}],"curies":[{"name":"wp","href":"https:\/\/api.w.org\/{rel}","templated":true}]}}