{"id":1427,"date":"2020-05-13T00:57:06","date_gmt":"2020-05-12T22:57:06","guid":{"rendered":"http:\/\/sercematki.eu\/?page_id=1427"},"modified":"2021-01-26T13:38:35","modified_gmt":"2021-01-26T12:38:35","slug":"kontakt","status":"publish","type":"page","link":"https:\/\/sercematki.eu\/?page_id=1427","title":{"rendered":"KONTAKT"},"content":{"rendered":"\t\t<div data-elementor-type=\"wp-page\" data-elementor-id=\"1427\" class=\"elementor elementor-1427\" data-elementor-settings=\"[]\">\n\t\t\t\t\t\t<div class=\"elementor-inner\">\n\t\t\t\t\t\t\t<div class=\"elementor-section-wrap\">\n\t\t\t\t\t\t\t<section class=\"elementor-section elementor-top-section elementor-element elementor-element-55e7955 elementor-section-boxed elementor-section-height-default elementor-section-height-default\" data-id=\"55e7955\" data-element_type=\"section\" data-settings=\"{&quot;background_background&quot;:&quot;classic&quot;}\">\n\t\t\t\t\t\t<div class=\"elementor-container elementor-column-gap-default\">\n\t\t\t\t\t\t\t<div class=\"elementor-row\">\n\t\t\t\t\t<div class=\"elementor-column elementor-col-100 elementor-top-column elementor-element elementor-element-ef63d4d\" data-id=\"ef63d4d\" data-element_type=\"column\">\n\t\t\t<div class=\"elementor-column-wrap elementor-element-populated\">\n\t\t\t\t\t\t\t<div class=\"elementor-widget-wrap\">\n\t\t\t\t\t\t<section class=\"elementor-section elementor-inner-section elementor-element elementor-element-f244d88 elementor-section-boxed elementor-section-height-default elementor-section-height-default\" data-id=\"f244d88\" data-element_type=\"section\">\n\t\t\t\t\t\t<div class=\"elementor-container elementor-column-gap-default\">\n\t\t\t\t\t\t\t<div class=\"elementor-row\">\n\t\t\t\t\t<div class=\"elementor-column elementor-col-33 elementor-inner-column elementor-element elementor-element-74a4939\" data-id=\"74a4939\" data-element_type=\"column\">\n\t\t\t<div class=\"elementor-column-wrap elementor-element-populated\">\n\t\t\t\t\t\t\t<div class=\"elementor-widget-wrap\">\n\t\t\t\t\t\t<div class=\"elementor-element elementor-element-b3afb2e elementor-position-top elementor-vertical-align-top elementor-widget elementor-widget-image-box\" data-id=\"b3afb2e\" data-element_type=\"widget\" data-widget_type=\"image-box.default\">\n\t\t\t\t<div class=\"elementor-widget-container\">\n\t\t\t<div class=\"elementor-image-box-wrapper\"><figure class=\"elementor-image-box-img\"><img width=\"2000\" height=\"2000\" src=\"https:\/\/sercematki.eu\/wp-content\/uploads\/2020\/09\/serce-matki.png\" class=\"attachment-full size-full\" alt=\"KONTAKT\" loading=\"lazy\" srcset=\"https:\/\/sercematki.eu\/wp-content\/uploads\/2020\/09\/serce-matki.png 2000w, https:\/\/sercematki.eu\/wp-content\/uploads\/2020\/09\/serce-matki-300x300.png 300w, https:\/\/sercematki.eu\/wp-content\/uploads\/2020\/09\/serce-matki-1024x1024.png 1024w, https:\/\/sercematki.eu\/wp-content\/uploads\/2020\/09\/serce-matki-150x150.png 150w, https:\/\/sercematki.eu\/wp-content\/uploads\/2020\/09\/serce-matki-768x768.png 768w, https:\/\/sercematki.eu\/wp-content\/uploads\/2020\/09\/serce-matki-1536x1536.png 1536w, https:\/\/sercematki.eu\/wp-content\/uploads\/2020\/09\/serce-matki-600x600.png 600w, https:\/\/sercematki.eu\/wp-content\/uploads\/2020\/09\/serce-matki-100x100.png 100w, https:\/\/sercematki.eu\/wp-content\/uploads\/2020\/09\/serce-matki-121x121.png 121w\" sizes=\"(max-width: 2000px) 100vw, 2000px\" title=\"KONTAKT\" \/><\/figure><div class=\"elementor-image-box-content\"><h3 class=\"elementor-image-box-title\">Serce Matki<\/h3><p class=\"elementor-image-box-description\">\n<\/p><\/div><\/div>\t\t<\/div>\n\t\t\t\t<\/div>\n\t\t\t\t<div class=\"elementor-element elementor-element-b71180c elementor-widget elementor-widget-text-editor\" data-id=\"b71180c\" data-element_type=\"widget\" data-widget_type=\"text-editor.default\">\n\t\t\t\t<div class=\"elementor-widget-container\">\n\t\t\t\t\t<div class=\"elementor-text-editor elementor-clearfix\"><p style=\"text-align: center;\"><strong>,,Wesprzyj nas&#8221;<\/strong><\/p><p style=\"text-align: center;\"><strong>Je\u015bli chcesz wspom\u00f3c nasze dzie\u0142o w dalszym rozwoju mo\u017cesz dokona\u0107 tego poprzez wp\u0142at\u0119 dobrowolnej kwoty na konto Fundacji LUCE, w tytule wpisuj\u0105c: <span style=\"text-decoration: underline;\">Darowizna Serce Matki<\/span>.<\/strong><\/p><p style=\"text-align: center;\"><strong>NUMER KONTA: <\/strong><br \/><strong><strong>ING BANK \u015aL\u0104SKI S.A.<\/strong><br \/>73 1050 1070 1000 0090 3046 5125<\/strong><\/p><p style=\"text-align: center;\">sercematki.eu@gmail.com<\/p><\/div>\n\t\t\t\t<\/div>\n\t\t\t\t<\/div>\n\t\t\t\t\t\t<\/div>\n\t\t\t\t\t<\/div>\n\t\t<\/div>\n\t\t\t\t<div class=\"elementor-column elementor-col-33 elementor-inner-column elementor-element elementor-element-ffca3b5\" data-id=\"ffca3b5\" data-element_type=\"column\">\n\t\t\t<div class=\"elementor-column-wrap elementor-element-populated\">\n\t\t\t\t\t\t\t<div class=\"elementor-widget-wrap\">\n\t\t\t\t\t\t<div class=\"elementor-element elementor-element-d934c69 elementor-position-top elementor-vertical-align-top elementor-widget elementor-widget-image-box\" data-id=\"d934c69\" data-element_type=\"widget\" data-widget_type=\"image-box.default\">\n\t\t\t\t<div class=\"elementor-widget-container\">\n\t\t\t<div class=\"elementor-image-box-wrapper\"><figure class=\"elementor-image-box-img\"><a href=\"http:\/\/www.luce.org.pl\/\"><img src=\"https:\/\/sercematki.eu\/wp-content\/uploads\/2020\/05\/FundacjaLUCE-100x100.png\" title=\"FundacjaLUCE\" alt=\"fundacja luce dwa serca\" \/><\/a><\/figure><div class=\"elementor-image-box-content\"><h3 class=\"elementor-image-box-title\"><a href=\"http:\/\/www.luce.org.pl\/\">Fundacja Luce<\/a><\/h3><\/div><\/div>\t\t<\/div>\n\t\t\t\t<\/div>\n\t\t\t\t<div class=\"elementor-element elementor-element-c1e54a0 elementor-widget elementor-widget-text-editor\" data-id=\"c1e54a0\" data-element_type=\"widget\" data-widget_type=\"text-editor.default\">\n\t\t\t\t<div class=\"elementor-widget-container\">\n\t\t\t\t\t<div class=\"elementor-text-editor elementor-clearfix\"><p style=\"text-align: center;\">ul. Legion\u00f3w 26\/28 bud.F<br \/>43-300 Bielsko-Bia\u0142a<br \/>NIP: 54721518 78<br \/>KRS: 0000528587<br \/><strong>ING BANK \u015aL\u0104SKI S.A.<\/strong><br \/>73 1050 1070 1000 0090 3046 5125<br \/><strong>Euro:\u00a0<\/strong>PL15 1050 1070<\/p><p style=\"text-align: center;\">1000 0090 8002 5506<\/p><p style=\"text-align: center;\"><strong style=\"font-size: 15px; background-color: transparent;\">SWIFT:<\/strong><span style=\"font-size: 15px; background-color: transparent;\"> INGBPLPW<\/span><\/p><p style=\"text-align: center;\">fundacjaluce@gmail.com<\/p><\/div>\n\t\t\t\t<\/div>\n\t\t\t\t<\/div>\n\t\t\t\t\t\t<\/div>\n\t\t\t\t\t<\/div>\n\t\t<\/div>\n\t\t\t\t<div class=\"elementor-column elementor-col-33 elementor-inner-column elementor-element elementor-element-8a0bad8\" data-id=\"8a0bad8\" data-element_type=\"column\">\n\t\t\t<div class=\"elementor-column-wrap elementor-element-populated\">\n\t\t\t\t\t\t\t<div class=\"elementor-widget-wrap\">\n\t\t\t\t\t\t<div class=\"elementor-element elementor-element-15e8964 elementor-position-top elementor-vertical-align-top elementor-widget elementor-widget-image-box\" data-id=\"15e8964\" data-element_type=\"widget\" data-widget_type=\"image-box.default\">\n\t\t\t\t<div class=\"elementor-widget-container\">\n\t\t\t<div class=\"elementor-image-box-wrapper\"><figure class=\"elementor-image-box-img\"><a href=\"http:\/\/gratiaplena.pl\/\"><img width=\"300\" height=\"300\" src=\"https:\/\/sercematki.eu\/wp-content\/uploads\/2020\/05\/GratiaPlena-1.png\" class=\"attachment-full size-full\" alt=\"fundacja gratia plena\" loading=\"lazy\" srcset=\"https:\/\/sercematki.eu\/wp-content\/uploads\/2020\/05\/GratiaPlena-1.png 300w, https:\/\/sercematki.eu\/wp-content\/uploads\/2020\/05\/GratiaPlena-1-150x150.png 150w, https:\/\/sercematki.eu\/wp-content\/uploads\/2020\/05\/GratiaPlena-1-100x100.png 100w\" sizes=\"(max-width: 300px) 100vw, 300px\" title=\"KONTAKT\" \/><\/a><\/figure><div class=\"elementor-image-box-content\"><h3 class=\"elementor-image-box-title\"><a href=\"http:\/\/gratiaplena.pl\/\">Fundacja Gratia Plena<\/a><\/h3><\/div><\/div>\t\t<\/div>\n\t\t\t\t<\/div>\n\t\t\t\t<div class=\"elementor-element elementor-element-d16dee9 elementor-widget elementor-widget-text-editor\" data-id=\"d16dee9\" data-element_type=\"widget\" data-widget_type=\"text-editor.default\">\n\t\t\t\t<div class=\"elementor-widget-container\">\n\t\t\t\t\t<div class=\"elementor-text-editor elementor-clearfix\"><p style=\"text-align: center;\">ul. Andrzeja Ma\u0142akowskiego 7E\/2<br>43-300 Bielsko-Bia\u0142a<br>NIP: 5472202096<br>KRS: 0000733181<\/p>\n<p style=\"text-align: center;\">fundacjagratiaplena@gmail.com<\/p><\/div>\n\t\t\t\t<\/div>\n\t\t\t\t<\/div>\n\t\t\t\t\t\t<\/div>\n\t\t\t\t\t<\/div>\n\t\t<\/div>\n\t\t\t\t\t\t\t\t<\/div>\n\t\t\t\t\t<\/div>\n\t\t<\/section>\n\t\t\t\t<div class=\"elementor-element elementor-element-4688bdf elementor-widget elementor-widget-spacer\" data-id=\"4688bdf\" data-element_type=\"widget\" data-widget_type=\"spacer.default\">\n\t\t\t\t<div class=\"elementor-widget-container\">\n\t\t\t\t\t<div class=\"elementor-spacer\">\n\t\t\t<div class=\"elementor-spacer-inner\"><\/div>\n\t\t<\/div>\n\t\t\t\t<\/div>\n\t\t\t\t<\/div>\n\t\t\t\t<div class=\"elementor-element elementor-element-2b09771 elementor-invisible elementor-widget elementor-widget-text-editor\" data-id=\"2b09771\" data-element_type=\"widget\" data-settings=\"{&quot;_animation&quot;:&quot;pulse&quot;}\" data-widget_type=\"text-editor.default\">\n\t\t\t\t<div class=\"elementor-widget-container\">\n\t\t\t\t\t<div class=\"elementor-text-editor elementor-clearfix\"><h2><a href=\"https:\/\/patronite.pl\/dwaserca\"><img loading=\"lazy\" class=\"alignnone wp-image-2933 size-medium\" src=\"http:\/\/sercematki.eu\/wp-content\/uploads\/2020\/06\/patronite-logos-2-300x101.png\" alt=\"KONTAKT\" width=\"300\" height=\"101\" srcset=\"https:\/\/sercematki.eu\/wp-content\/uploads\/2020\/06\/patronite-logos-2-300x101.png 300w, https:\/\/sercematki.eu\/wp-content\/uploads\/2020\/06\/patronite-logos-2-1024x345.png 1024w, https:\/\/sercematki.eu\/wp-content\/uploads\/2020\/06\/patronite-logos-2-768x259.png 768w, https:\/\/sercematki.eu\/wp-content\/uploads\/2020\/06\/patronite-logos-2-1536x518.png 1536w, https:\/\/sercematki.eu\/wp-content\/uploads\/2020\/06\/patronite-logos-2-2048x690.png 2048w, https:\/\/sercematki.eu\/wp-content\/uploads\/2020\/06\/patronite-logos-2-600x202.png 600w\" sizes=\"(max-width: 300px) 100vw, 300px\" \/><\/a><\/h2><\/div>\n\t\t\t\t<\/div>\n\t\t\t\t<\/div>\n\t\t\t\t\t\t<\/div>\n\t\t\t\t\t<\/div>\n\t\t<\/div>\n\t\t\t\t\t\t\t\t<\/div>\n\t\t\t\t\t<\/div>\n\t\t<\/section>\n\t\t\t\t<section class=\"elementor-section elementor-top-section elementor-element elementor-element-89ace5c elementor-section-boxed elementor-section-height-default elementor-section-height-default\" data-id=\"89ace5c\" data-element_type=\"section\" data-settings=\"{&quot;background_background&quot;:&quot;classic&quot;}\">\n\t\t\t\t\t\t<div class=\"elementor-container elementor-column-gap-default\">\n\t\t\t\t\t\t\t<div class=\"elementor-row\">\n\t\t\t\t\t<div class=\"elementor-column elementor-col-100 elementor-top-column elementor-element elementor-element-2682004\" data-id=\"2682004\" data-element_type=\"column\">\n\t\t\t<div class=\"elementor-column-wrap elementor-element-populated\">\n\t\t\t\t\t\t\t<div class=\"elementor-widget-wrap\">\n\t\t\t\t\t\t<div class=\"elementor-element elementor-element-7427f15 elementor-widget elementor-widget-spacer\" data-id=\"7427f15\" data-element_type=\"widget\" data-widget_type=\"spacer.default\">\n\t\t\t\t<div class=\"elementor-widget-container\">\n\t\t\t\t\t<div class=\"elementor-spacer\">\n\t\t\t<div class=\"elementor-spacer-inner\"><\/div>\n\t\t<\/div>\n\t\t\t\t<\/div>\n\t\t\t\t<\/div>\n\t\t\t\t<div class=\"elementor-element elementor-element-424c63d elementor-widget elementor-widget-heading\" data-id=\"424c63d\" data-element_type=\"widget\" data-widget_type=\"heading.default\">\n\t\t\t\t<div class=\"elementor-widget-container\">\n\t\t\t<h2 class=\"elementor-heading-title elementor-size-default\">Formularz kontaktowy<\/h2>\t\t<\/div>\n\t\t\t\t<\/div>\n\t\t\t\t<div class=\"elementor-element elementor-element-e141ebd elementor-widget elementor-widget-shortcode\" data-id=\"e141ebd\" data-element_type=\"widget\" data-widget_type=\"shortcode.default\">\n\t\t\t\t<div class=\"elementor-widget-container\">\n\t\t\t\t\t<div class=\"elementor-shortcode\"><div role=\"form\" class=\"wpcf7\" id=\"wpcf7-f1751-o1\" lang=\"pl-PL\" dir=\"ltr\">\n<div class=\"screen-reader-response\" role=\"alert\" aria-live=\"polite\"><\/div>\n<form action=\"\/index.php?rest_route=%2Fwp%2Fv2%2Fpages%2F1427#wpcf7-f1751-o1\" method=\"post\" class=\"wpcf7-form init\" novalidate=\"novalidate\">\n<div style=\"display: none;\">\n<input type=\"hidden\" name=\"_wpcf7\" value=\"1751\" \/>\n<input type=\"hidden\" name=\"_wpcf7_version\" value=\"5.2.2\" \/>\n<input type=\"hidden\" name=\"_wpcf7_locale\" value=\"pl_PL\" \/>\n<input type=\"hidden\" name=\"_wpcf7_unit_tag\" value=\"wpcf7-f1751-o1\" \/>\n<input type=\"hidden\" name=\"_wpcf7_container_post\" value=\"0\" \/>\n<input type=\"hidden\" name=\"_wpcf7_posted_data_hash\" value=\"\" \/>\n<\/div>\n<p><label> Imi\u0119 i nazwisko (wymagane)<br \/>\n    <span class=\"wpcf7-form-control-wrap your-name\"><input type=\"text\" name=\"your-name\" value=\"\" size=\"40\" class=\"wpcf7-form-control wpcf7-text wpcf7-validates-as-required\" aria-required=\"true\" aria-invalid=\"false\" \/><\/span> <\/label><\/p>\n<p><label> Tw\u00f3j email (wymagane)<br \/>\n    <span class=\"wpcf7-form-control-wrap your-email\"><input type=\"email\" name=\"your-email\" value=\"\" size=\"40\" class=\"wpcf7-form-control wpcf7-text wpcf7-email wpcf7-validates-as-required wpcf7-validates-as-email\" aria-required=\"true\" aria-invalid=\"false\" \/><\/span> <\/label><\/p>\n<p><label> Temat<br \/>\n    <span class=\"wpcf7-form-control-wrap your-subject\"><input type=\"text\" name=\"your-subject\" value=\"\" size=\"40\" class=\"wpcf7-form-control wpcf7-text\" aria-invalid=\"false\" \/><\/span> <\/label><\/p>\n<p><label> Tre\u015b\u0107 wiadomo\u015bci<br \/>\n    <span class=\"wpcf7-form-control-wrap your-message\"><textarea name=\"your-message\" cols=\"40\" rows=\"10\" class=\"wpcf7-form-control wpcf7-textarea\" aria-invalid=\"false\"><\/textarea><\/span> <\/label><\/p>\n<p><input type=\"submit\" value=\"Wy\u015blij\" class=\"wpcf7-form-control wpcf7-submit\" \/><\/p>\n<div class=\"wpcf7-response-output\" role=\"alert\" aria-hidden=\"true\"><\/div><\/form><\/div><\/div>\n\t\t\t\t<\/div>\n\t\t\t\t<\/div>\n\t\t\t\t\t\t<\/div>\n\t\t\t\t\t<\/div>\n\t\t<\/div>\n\t\t\t\t\t\t\t\t<\/div>\n\t\t\t\t\t<\/div>\n\t\t<\/section>\n\t\t\t\t\t\t<\/div>\n\t\t\t\t\t\t<\/div>\n\t\t\t\t\t<\/div>\n\t\t","protected":false},"excerpt":{"rendered":"<p>Serce Matki ,,Wesprzyj nas&#8221; Je\u015bli chcesz wspom\u00f3c nasze dzie\u0142o w dalszym rozwoju mo\u017cesz dokona\u0107 tego poprzez wp\u0142at\u0119 dobrowolnej kwoty na konto Fundacji LUCE, w tytule wpisuj\u0105c: Darowizna Serce Matki. NUMER KONTA: ING BANK \u015aL\u0104SKI S.A. 73 1050 1070 1000 0090 3046 5125 sercematki.eu@gmail.com Fundacja Luce ul. Legion\u00f3w 26\/28 bud.F 43-300 Bielsko-Bia\u0142a NIP: 54721518 78 KRS: &hellip;<\/p>\n<p class=\"read-more\"> <a class=\"\" href=\"https:\/\/sercematki.eu\/?page_id=1427\"> <span class=\"screen-reader-text\">KONTAKT<\/span> Read More &raquo;<\/a><\/p>\n","protected":false},"author":1,"featured_media":0,"parent":0,"menu_order":0,"comment_status":"closed","ping_status":"closed","template":"","meta":[],"yoast_head":"<!-- This site is optimized with the Yoast SEO plugin v15.0 - https:\/\/yoast.com\/wordpress\/plugins\/seo\/ -->\n<title>KONTAKT - sercematki.eu<\/title>\n<meta name=\"robots\" content=\"index, follow, max-snippet:-1, max-image-preview:large, max-video-preview:-1\" \/>\n<link rel=\"canonical\" href=\"http:\/\/sercematki.eu\/?page_id=1427\" \/>\n<meta property=\"og:locale\" content=\"pl_PL\" \/>\n<meta property=\"og:type\" content=\"article\" \/>\n<meta property=\"og:title\" content=\"KONTAKT - sercematki.eu\" \/>\n<meta property=\"og:description\" content=\"Serce Matki ,,Wesprzyj nas&#8221; Je\u015bli chcesz wspom\u00f3c nasze dzie\u0142o w dalszym rozwoju mo\u017cesz dokona\u0107 tego poprzez wp\u0142at\u0119 dobrowolnej kwoty na konto Fundacji LUCE, w tytule wpisuj\u0105c: Darowizna Serce Matki. NUMER KONTA: ING BANK \u015aL\u0104SKI S.A. 73 1050 1070 1000 0090 3046 5125 sercematki.eu@gmail.com Fundacja Luce ul. Legion\u00f3w 26\/28 bud.F 43-300 Bielsko-Bia\u0142a NIP: 54721518 78 KRS: &hellip; KONTAKT Read More &raquo;\" \/>\n<meta property=\"og:url\" content=\"http:\/\/sercematki.eu\/?page_id=1427\" \/>\n<meta property=\"og:site_name\" content=\"sercematki.eu\" \/>\n<meta property=\"article:modified_time\" content=\"2021-01-26T12:38:35+00:00\" \/>\n<meta property=\"og:image\" content=\"http:\/\/sercematki.eu\/wp-content\/uploads\/2020\/09\/serce-matki.png\" \/>\n<meta name=\"twitter:card\" content=\"summary_large_image\" \/>\n<script type=\"application\/ld+json\" class=\"yoast-schema-graph\">{\"@context\":\"https:\/\/schema.org\",\"@graph\":[{\"@type\":\"WebSite\",\"@id\":\"https:\/\/sercematki.eu\/#website\",\"url\":\"https:\/\/sercematki.eu\/\",\"name\":\"sercematki.eu\",\"description\":\"33 bicia serca\",\"potentialAction\":[{\"@type\":\"SearchAction\",\"target\":\"https:\/\/sercematki.eu\/?s={search_term_string}\",\"query-input\":\"required name=search_term_string\"}],\"inLanguage\":\"pl-PL\"},{\"@type\":\"ImageObject\",\"@id\":\"http:\/\/sercematki.eu\/?page_id=1427#primaryimage\",\"inLanguage\":\"pl-PL\",\"url\":\"http:\/\/sercematki.eu\/wp-content\/uploads\/2020\/09\/serce-matki.png\"},{\"@type\":\"WebPage\",\"@id\":\"http:\/\/sercematki.eu\/?page_id=1427#webpage\",\"url\":\"http:\/\/sercematki.eu\/?page_id=1427\",\"name\":\"KONTAKT - sercematki.eu\",\"isPartOf\":{\"@id\":\"https:\/\/sercematki.eu\/#website\"},\"primaryImageOfPage\":{\"@id\":\"http:\/\/sercematki.eu\/?page_id=1427#primaryimage\"},\"datePublished\":\"2020-05-12T22:57:06+00:00\",\"dateModified\":\"2021-01-26T12:38:35+00:00\",\"inLanguage\":\"pl-PL\",\"potentialAction\":[{\"@type\":\"ReadAction\",\"target\":[\"http:\/\/sercematki.eu\/?page_id=1427\"]}]}]}<\/script>\n<!-- \/ Yoast SEO plugin. -->","_links":{"self":[{"href":"https:\/\/sercematki.eu\/index.php?rest_route=\/wp\/v2\/pages\/1427"}],"collection":[{"href":"https:\/\/sercematki.eu\/index.php?rest_route=\/wp\/v2\/pages"}],"about":[{"href":"https:\/\/sercematki.eu\/index.php?rest_route=\/wp\/v2\/types\/page"}],"author":[{"embeddable":true,"href":"https:\/\/sercematki.eu\/index.php?rest_route=\/wp\/v2\/users\/1"}],"replies":[{"embeddable":true,"href":"https:\/\/sercematki.eu\/index.php?rest_route=%2Fwp%2Fv2%2Fcomments&post=1427"}],"version-history":[{"count":40,"href":"https:\/\/sercematki.eu\/index.php?rest_route=\/wp\/v2\/pages\/1427\/revisions"}],"predecessor-version":[{"id":3963,"href":"https:\/\/sercematki.eu\/index.php?rest_route=\/wp\/v2\/pages\/1427\/revisions\/3963"}],"wp:attachment":[{"href":"https:\/\/sercematki.eu\/index.php?rest_route=%2Fwp%2Fv2%2Fmedia&parent=1427"}],"curies":[{"name":"wp","href":"https:\/\/api.w.org\/{rel}","templated":true}]}}