{"id":2100,"date":"2020-05-19T10:17:36","date_gmt":"2020-05-19T08:17:36","guid":{"rendered":"http:\/\/sercematki.eu\/?page_id=2100"},"modified":"2020-10-13T22:13:11","modified_gmt":"2020-10-13T20:13:11","slug":"dzien-2","status":"publish","type":"page","link":"https:\/\/sercematki.eu\/?page_id=2100","title":{"rendered":"2. Dzie\u0144 14. pa\u017adziernika 2020"},"content":{"rendered":"\t\t<div data-elementor-type=\"wp-page\" data-elementor-id=\"2100\" class=\"elementor elementor-2100\" data-elementor-settings=\"[]\">\n\t\t\t\t\t\t<div class=\"elementor-inner\">\n\t\t\t\t\t\t\t<div class=\"elementor-section-wrap\">\n\t\t\t\t\t\t\t<section class=\"elementor-section elementor-top-section elementor-element elementor-element-b262811 elementor-section-boxed elementor-section-height-default elementor-section-height-default\" data-id=\"b262811\" data-element_type=\"section\">\n\t\t\t\t\t\t<div class=\"elementor-container elementor-column-gap-default\">\n\t\t\t\t\t\t\t<div class=\"elementor-row\">\n\t\t\t\t\t<div class=\"elementor-column elementor-col-100 elementor-top-column elementor-element elementor-element-0a98809\" data-id=\"0a98809\" data-element_type=\"column\">\n\t\t\t<div class=\"elementor-column-wrap elementor-element-populated\">\n\t\t\t\t\t\t\t<div class=\"elementor-widget-wrap\">\n\t\t\t\t\t\t<div class=\"elementor-element elementor-element-eeab466 elementor-widget elementor-widget-heading\" data-id=\"eeab466\" data-element_type=\"widget\" data-widget_type=\"heading.default\">\n\t\t\t\t<div class=\"elementor-widget-container\">\n\t\t\t<h2 class=\"elementor-heading-title elementor-size-default\"><h2>2. Dzie\u0144 14. pa\u017adziernika 2020 <\/h2><\/h2>\t\t<\/div>\n\t\t\t\t<\/div>\n\t\t\t\t<div class=\"elementor-element elementor-element-730e196 elementor-widget-divider--view-line elementor-widget elementor-widget-divider\" data-id=\"730e196\" data-element_type=\"widget\" data-widget_type=\"divider.default\">\n\t\t\t\t<div class=\"elementor-widget-container\">\n\t\t\t\t\t<div class=\"elementor-divider\">\n\t\t\t<span class=\"elementor-divider-separator\">\n\t\t\t\t\t\t<\/span>\n\t\t<\/div>\n\t\t\t\t<\/div>\n\t\t\t\t<\/div>\n\t\t\t\t<div class=\"elementor-element elementor-element-70eb1f1 elementor-invisible elementor-widget elementor-widget-text-editor\" data-id=\"70eb1f1\" data-element_type=\"widget\" data-settings=\"{&quot;_animation&quot;:&quot;pulse&quot;}\" data-widget_type=\"text-editor.default\">\n\t\t\t\t<div class=\"elementor-widget-container\">\n\t\t\t\t\t<div class=\"elementor-text-editor elementor-clearfix\"><p><i>\u015awi\u0119ta Maryjo, m\u00f3dl si\u0119 za nami. <br \/><\/i><\/p><\/div>\n\t\t\t\t<\/div>\n\t\t\t\t<\/div>\n\t\t\t\t<div class=\"elementor-element elementor-element-3566f49 elementor-widget elementor-widget-text-editor\" data-id=\"3566f49\" data-element_type=\"widget\" data-widget_type=\"text-editor.default\">\n\t\t\t\t<div class=\"elementor-widget-container\">\n\t\t\t\t\t<div class=\"elementor-text-editor elementor-clearfix\"><p><b>S\u0142owo \u017bycia:<\/b><br \/>\u201eBiada wam, faryzeuszom, bo dajecie dziesi\u0119cin\u0119 z mi\u0119ty i ruty, i z wszelkiej jarzyny, a pomijacie sprawiedliwo\u015b\u0107 i mi\u0142o\u015b\u0107 Bo\u017c\u0105. Tymczasem to nale\u017ca\u0142o czyni\u0107, i tamtego nie pomija\u0107.\u201d (\u0141k 11, 42)<\/p><p><b>Ks. Mateusz: <\/b><br \/>Maryja &#8211; najdro\u017csze imi\u0119. Wymawiano je r\u00f3\u017cnie: Miriam, Mariam, Maria, Mariame\u2026 Spo\u015br\u00f3d kilkudziesi\u0119ciu znacze\u0144 najcz\u0119\u015bciej wymienia si\u0119: \u201eM\u00f3j Pan jest wielki\u201d.<br \/>Litania Loreta\u0144ska jest tak zbudowana, \u017ce w pierwszej cz\u0119\u015bci wezwania &#8211; doksologicznej &#8211; uwielbiamy wielko\u015b\u0107 Boga poprzez r\u00f3\u017cne imiona Maryi. W drugiej cz\u0119\u015bci &#8211; oracyjnej &#8211; powtarzamy: \u201em\u00f3dl si\u0119 za nami\u201d.<br \/>Maryja jest \u015bwi\u0119ta, bo jest blisko Boga po trzykro\u0107 \u015awi\u0119tego &#8211; od niepokalanego pocz\u0119cia a\u017c do wniebowzi\u0119cia &#8211; \u201epe\u0142na \u0142aski\u201d!<br \/>Uczmy si\u0119 od Maryi wsp\u00f3\u0142pracy z Bo\u017c\u0105 \u0142ask\u0105 &#8211; prawdziwej \u201esprawiedliwo\u015bci i mi\u0142o\u015bci Bo\u017cej\u201d!<\/p><p><b>Marek:<\/b><br \/>Niekt\u00f3rzy ludzie tak nisko ceni\u0105 swoj\u0105 wiar\u0119 katolick\u0105 i tak ma\u0142o czyni\u0105 aby jej strzec, \u017ce trac\u0105 j\u0105 przy pierwszej lepszej prowokacji. Mog\u0105 uwa\u017ca\u0107 si\u0119 za katolik\u00f3w, lecz w rzeczywisto\u015bci s\u0105 jak ziarna, kt\u00f3re pad\u0142y mi\u0119dzy ciernie.<br \/>Ignoruj\u0105c obowi\u0105zek poszukiwania Prawdy dajemy si\u0119 zwodzi\u0107 fa\u0142szywym ideologiom.<br \/>Karmimy si\u0119 &#8211; \u015bwiadomie lub nie &#8211; b\u0142\u0119dami, deformuj\u0105c Bo\u017ce mi\u0142osierdzie, \u017cyj\u0105c cz\u0119sto w przekonaniu, \u017ce b\u0119dziemy usprawiedliwieni. <br \/>Dlatego Aposto\u0142 Pawe\u0142 przestrzega nas s\u0142owami: \u201eTak\u017ce spo\u015br\u00f3d was powstan\u0105 ludzie, kt\u00f3rzy g\u0142osi\u0107 b\u0119d\u0105 przewrotne nauki, aby poci\u0105gn\u0105\u0107 za sob\u0105 uczni\u00f3w\u201d (Dz 20, 30)<br \/>Czy karmi\u0119 swoje serce prawd\u0105 o Bo\u017cej mi\u0142o\u015bci, sprawiedliwo\u015bci i zbawieniu?<\/p><p><b>\u015aw. Jan Pawe\u0142 II:<\/b> \u201eSpogl\u0105da\u0107 na Maryj\u0119 &#8211; oznacza zawsze widzie\u0107 swoje odbicie we wzorze, kt\u00f3ry da\u0142 nam sam B\u00f3g dla naszego wyniesienia i u\u015bwi\u0119cenia.\u201d (Watykan, 8 wrze\u015bnia 1980 r.)<\/p><p><b>ks. kard. Stefan Wyszy\u0144ski:<\/b> \u201eKap\u0142ani musz\u0105 wszczepia\u0107 w Nar\u00f3d przekonanie, \u017ce \u017cy\u0107 po katolicku to znaczy \u017cy\u0107 w \u0142asce u\u015bwi\u0119caj\u0105cej. Musimy zerwa\u0107 z tym swoistym \u201elaicyzmem narodowej katolicko\u015bci\u201d, w kt\u00f3rej wszystko na ze-wn\u0105trz w s\u0142owach i gestach jest \u201ekatolickie\u201d, tylko w sercach i umys\u0142ach jest ca\u0142e piek\u0142o dantejskie.\u201d (Koma\u0144cza, wrzesie\u0144 1956 r.)<\/p><p><i>Zadanie rekolekcyjne:<\/i><br \/>Odm\u00f3w r\u00f3\u017caniec &#8211; najlepiej we wsp\u00f3lnocie.<\/p><p><i>\u0106wiczenie dodatkowe: <\/i><br \/>Ustaw sobie tapet\u0119 w telefonie\/tablecie\/komputerze z ikon\u0105 Matki Bo\u017cej.<\/p><\/div>\n\t\t\t\t<\/div>\n\t\t\t\t<\/div>\n\t\t\t\t<div class=\"elementor-element elementor-element-f75f4b7 elementor-invisible elementor-widget elementor-widget-text-editor\" data-id=\"f75f4b7\" data-element_type=\"widget\" data-settings=\"{&quot;_animation&quot;:&quot;pulse&quot;}\" data-widget_type=\"text-editor.default\">\n\t\t\t\t<div class=\"elementor-widget-container\">\n\t\t\t\t\t<div class=\"elementor-text-editor elementor-clearfix\"><h2><a href=\"http:\/\/sercematki.eu\/wp-content\/uploads\/2020\/10\/SERCE-MATKI-_-dzien-2.pdf\" target=\"_blank\" rel=\"noopener\">SERCE MATKI rozwa\u017cania na 2. dzie\u0144 DO WYDRUKU<\/a><\/h2><\/div>\n\t\t\t\t<\/div>\n\t\t\t\t<\/div>\n\t\t\t\t<div class=\"elementor-element elementor-element-1ba3778 elementor-aspect-ratio-169 elementor-widget elementor-widget-video\" data-id=\"1ba3778\" data-element_type=\"widget\" data-settings=\"{&quot;aspect_ratio&quot;:&quot;169&quot;}\" data-widget_type=\"video.default\">\n\t\t\t\t<div class=\"elementor-widget-container\">\n\t\t\t\t\t<div class=\"elementor-wrapper elementor-fit-aspect-ratio elementor-open-inline\">\n\t\t\t<iframe class=\"elementor-video-iframe\" allowfullscreen title=\"youtube Video Player\" src=\"https:\/\/www.youtube.com\/embed\/2KQVJDVdknM?feature=oembed&amp;start&amp;end&amp;wmode=opaque&amp;loop=0&amp;controls=1&amp;mute=0&amp;rel=0&amp;modestbranding=0\"><\/iframe>\t\t<\/div>\n\t\t\t\t<\/div>\n\t\t\t\t<\/div>\n\t\t\t\t\t\t<\/div>\n\t\t\t\t\t<\/div>\n\t\t<\/div>\n\t\t\t\t\t\t\t\t<\/div>\n\t\t\t\t\t<\/div>\n\t\t<\/section>\n\t\t\t\t\t\t<\/div>\n\t\t\t\t\t\t<\/div>\n\t\t\t\t\t<\/div>\n\t\t","protected":false},"excerpt":{"rendered":"<p>2. Dzie\u0144 14. pa\u017adziernika 2020 \u015awi\u0119ta Maryjo, m\u00f3dl si\u0119 za nami. S\u0142owo \u017bycia:\u201eBiada wam, faryzeuszom, bo dajecie dziesi\u0119cin\u0119 z mi\u0119ty i ruty, i z wszelkiej jarzyny, a pomijacie sprawiedliwo\u015b\u0107 i mi\u0142o\u015b\u0107 Bo\u017c\u0105. Tymczasem to nale\u017ca\u0142o czyni\u0107, i tamtego nie pomija\u0107.\u201d (\u0141k 11, 42) Ks. Mateusz: Maryja &#8211; najdro\u017csze imi\u0119. Wymawiano je r\u00f3\u017cnie: Miriam, Mariam, Maria, &hellip;<\/p>\n<p class=\"read-more\"> <a class=\"\" href=\"https:\/\/sercematki.eu\/?page_id=2100\"> <span class=\"screen-reader-text\">2. Dzie\u0144 14. pa\u017adziernika 2020<\/span> Read More &raquo;<\/a><\/p>\n","protected":false},"author":1,"featured_media":0,"parent":1414,"menu_order":0,"comment_status":"closed","ping_status":"closed","template":"","meta":[],"yoast_head":"<!-- This site is optimized with the Yoast SEO plugin v15.0 - https:\/\/yoast.com\/wordpress\/plugins\/seo\/ -->\n<title>2. Dzie\u0144 14. pa\u017adziernika 2020 - sercematki.eu<\/title>\n<meta name=\"robots\" content=\"index, follow, max-snippet:-1, max-image-preview:large, max-video-preview:-1\" \/>\n<link rel=\"canonical\" href=\"http:\/\/sercematki.eu\/?page_id=2100\" \/>\n<meta property=\"og:locale\" content=\"pl_PL\" \/>\n<meta property=\"og:type\" content=\"article\" \/>\n<meta property=\"og:title\" content=\"2. Dzie\u0144 14. pa\u017adziernika 2020 - sercematki.eu\" \/>\n<meta property=\"og:description\" content=\"2. Dzie\u0144 14. pa\u017adziernika 2020 \u015awi\u0119ta Maryjo, m\u00f3dl si\u0119 za nami. S\u0142owo \u017bycia:\u201eBiada wam, faryzeuszom, bo dajecie dziesi\u0119cin\u0119 z mi\u0119ty i ruty, i z wszelkiej jarzyny, a pomijacie sprawiedliwo\u015b\u0107 i mi\u0142o\u015b\u0107 Bo\u017c\u0105. Tymczasem to nale\u017ca\u0142o czyni\u0107, i tamtego nie pomija\u0107.\u201d (\u0141k 11, 42) Ks. Mateusz: Maryja &#8211; najdro\u017csze imi\u0119. Wymawiano je r\u00f3\u017cnie: Miriam, Mariam, Maria, &hellip; 2. Dzie\u0144 14. pa\u017adziernika 2020 Read More &raquo;\" \/>\n<meta property=\"og:url\" content=\"http:\/\/sercematki.eu\/?page_id=2100\" \/>\n<meta property=\"og:site_name\" content=\"sercematki.eu\" \/>\n<meta property=\"article:modified_time\" content=\"2020-10-13T20:13:11+00:00\" \/>\n<meta name=\"twitter:card\" content=\"summary_large_image\" \/>\n<script type=\"application\/ld+json\" class=\"yoast-schema-graph\">{\"@context\":\"https:\/\/schema.org\",\"@graph\":[{\"@type\":\"WebSite\",\"@id\":\"https:\/\/sercematki.eu\/#website\",\"url\":\"https:\/\/sercematki.eu\/\",\"name\":\"sercematki.eu\",\"description\":\"33 bicia serca\",\"potentialAction\":[{\"@type\":\"SearchAction\",\"target\":\"https:\/\/sercematki.eu\/?s={search_term_string}\",\"query-input\":\"required name=search_term_string\"}],\"inLanguage\":\"pl-PL\"},{\"@type\":\"WebPage\",\"@id\":\"http:\/\/sercematki.eu\/?page_id=2100#webpage\",\"url\":\"http:\/\/sercematki.eu\/?page_id=2100\",\"name\":\"2. Dzie\\u0144 14. pa\\u017adziernika 2020 - sercematki.eu\",\"isPartOf\":{\"@id\":\"https:\/\/sercematki.eu\/#website\"},\"datePublished\":\"2020-05-19T08:17:36+00:00\",\"dateModified\":\"2020-10-13T20:13:11+00:00\",\"inLanguage\":\"pl-PL\",\"potentialAction\":[{\"@type\":\"ReadAction\",\"target\":[\"http:\/\/sercematki.eu\/?page_id=2100\"]}]}]}<\/script>\n<!-- \/ Yoast SEO plugin. -->","_links":{"self":[{"href":"https:\/\/sercematki.eu\/index.php?rest_route=\/wp\/v2\/pages\/2100"}],"collection":[{"href":"https:\/\/sercematki.eu\/index.php?rest_route=\/wp\/v2\/pages"}],"about":[{"href":"https:\/\/sercematki.eu\/index.php?rest_route=\/wp\/v2\/types\/page"}],"author":[{"embeddable":true,"href":"https:\/\/sercematki.eu\/index.php?rest_route=\/wp\/v2\/users\/1"}],"replies":[{"embeddable":true,"href":"https:\/\/sercematki.eu\/index.php?rest_route=%2Fwp%2Fv2%2Fcomments&post=2100"}],"version-history":[{"count":1,"href":"https:\/\/sercematki.eu\/index.php?rest_route=\/wp\/v2\/pages\/2100\/revisions"}],"predecessor-version":[{"id":3641,"href":"https:\/\/sercematki.eu\/index.php?rest_route=\/wp\/v2\/pages\/2100\/revisions\/3641"}],"up":[{"embeddable":true,"href":"https:\/\/sercematki.eu\/index.php?rest_route=\/wp\/v2\/pages\/1414"}],"wp:attachment":[{"href":"https:\/\/sercematki.eu\/index.php?rest_route=%2Fwp%2Fv2%2Fmedia&parent=2100"}],"curies":[{"name":"wp","href":"https:\/\/api.w.org\/{rel}","templated":true}]}}