{"id":2104,"date":"2020-05-19T10:18:36","date_gmt":"2020-05-19T08:18:36","guid":{"rendered":"http:\/\/sercematki.eu\/?page_id=2104"},"modified":"2020-10-15T21:51:05","modified_gmt":"2020-10-15T19:51:05","slug":"dzien-4","status":"publish","type":"page","link":"https:\/\/sercematki.eu\/?page_id=2104","title":{"rendered":"4. Dzie\u0144 16. pa\u017adziernika 2020"},"content":{"rendered":"\t\t<div data-elementor-type=\"wp-page\" data-elementor-id=\"2104\" class=\"elementor elementor-2104\" data-elementor-settings=\"[]\">\n\t\t\t\t\t\t<div class=\"elementor-inner\">\n\t\t\t\t\t\t\t<div class=\"elementor-section-wrap\">\n\t\t\t\t\t\t\t<section class=\"elementor-section elementor-top-section elementor-element elementor-element-b1cc63c elementor-section-boxed elementor-section-height-default elementor-section-height-default\" data-id=\"b1cc63c\" data-element_type=\"section\">\n\t\t\t\t\t\t<div class=\"elementor-container elementor-column-gap-default\">\n\t\t\t\t\t\t\t<div class=\"elementor-row\">\n\t\t\t\t\t<div class=\"elementor-column elementor-col-100 elementor-top-column elementor-element elementor-element-315f01e\" data-id=\"315f01e\" data-element_type=\"column\">\n\t\t\t<div class=\"elementor-column-wrap elementor-element-populated\">\n\t\t\t\t\t\t\t<div class=\"elementor-widget-wrap\">\n\t\t\t\t\t\t<div class=\"elementor-element elementor-element-16e1d15 elementor-widget elementor-widget-heading\" data-id=\"16e1d15\" data-element_type=\"widget\" data-widget_type=\"heading.default\">\n\t\t\t\t<div class=\"elementor-widget-container\">\n\t\t\t<h2 class=\"elementor-heading-title elementor-size-default\">4. Dzie\u0144 16. pa\u017adziernika 2020<\/h2>\t\t<\/div>\n\t\t\t\t<\/div>\n\t\t\t\t<div class=\"elementor-element elementor-element-222a5a0 elementor-widget-divider--view-line elementor-widget elementor-widget-divider\" data-id=\"222a5a0\" data-element_type=\"widget\" data-widget_type=\"divider.default\">\n\t\t\t\t<div class=\"elementor-widget-container\">\n\t\t\t\t\t<div class=\"elementor-divider\">\n\t\t\t<span class=\"elementor-divider-separator\">\n\t\t\t\t\t\t<\/span>\n\t\t<\/div>\n\t\t\t\t<\/div>\n\t\t\t\t<\/div>\n\t\t\t\t<div class=\"elementor-element elementor-element-fa595c8 elementor-invisible elementor-widget elementor-widget-text-editor\" data-id=\"fa595c8\" data-element_type=\"widget\" data-settings=\"{&quot;_animation&quot;:&quot;pulse&quot;}\" data-widget_type=\"text-editor.default\">\n\t\t\t\t<div class=\"elementor-widget-container\">\n\t\t\t\t\t<div class=\"elementor-text-editor elementor-clearfix\"><h5><span style=\"font-weight: normal;\"><em>\u015awi\u0119ta Panno nad Pannami, m\u00f3dl si\u0119 za nami.<br \/><\/em><\/span><\/h5><\/div>\n\t\t\t\t<\/div>\n\t\t\t\t<\/div>\n\t\t\t\t<div class=\"elementor-element elementor-element-0cb8ffe elementor-widget elementor-widget-text-editor\" data-id=\"0cb8ffe\" data-element_type=\"widget\" data-widget_type=\"text-editor.default\">\n\t\t\t\t<div class=\"elementor-widget-container\">\n\t\t\t\t\t<div class=\"elementor-text-editor elementor-clearfix\"><p><b>S\u0142owo \u017bycia:<\/b><br \/>\u201eNie b\u00f3jcie si\u0119 tych, kt\u00f3rzy zabijaj\u0105 cia\u0142o, a potem nic ju\u017c wi\u0119cej uczyni\u0107 nie mog\u0105. Poka\u017c\u0119 wam, kogo si\u0119 macie obawia\u0107: b\u00f3jcie si\u0119 Tego, kt\u00f3ry po zabiciu ma moc wtr\u0105ci\u0107 do piek\u0142a. Tak, m\u00f3wi\u0119 wam: Tego si\u0119 b\u00f3jcie!\u201d (\u0141k 12, 4-5)<\/p><p><b>Ks. Mateusz: <\/b><br \/>\u00abOto Panna pocznie i porodzi Syna, i nazwie Go imieniem: B\u00f3g z nami\u00bb &#8211; zapowiedzia\u0142 prorok Izajasz (7,14).<br \/>Prawd\u0119 o dziewiczym pocz\u0119ciu i narodzeniu Chrystusa uroczy\u015bcie zdefiniowa\u0142 sob\u00f3r chalcedo\u0144ski w 451 r.: \u201ePrzed wiekami zrodzony z Ojca jako B\u00f3g, w ostatnich czasach narodzi\u0142 si\u0119 dla nas i dla naszego zbawienia jako cz\u0142owiek z Maryi Dziewicy, Bo\u017cej Rodzicielki\u201d.<br \/>Katechizm uczy nas: \u201eJezus pocza\u0328\u0142 sie\u0328 z Ducha S\u0301wie\u0328tego w \u0142onie Dziewicy Maryi, poniewaz\u0307 jest Nowym Adamem, kto\u0301ry daje pocza\u0328tek nowemu stworzeniu (KKK 504)\u201d.<br \/>Maryja &#8211; \u201enowa Ewa\u201d &#8211; Panna nad pannami &#8211; poprzez swoje \u201efiat\u201d &#8211; \u201etak &#8211; niech mi si\u0119 stanie\u201d uczy nas jak budowa\u0107 \u201ecywilizacj\u0119 mi\u0142o\u015bci\u201d opart\u0105 na \u201enowym \u017cyciu\u201d, kt\u00f3re mamy w Jezusie Chrystusie.<\/p><p><b>Marek:<\/b><br \/>Maryja na Golgocie dos\u0301wiadcza szczytu samotnos\u0301ci i opuszczenia. Nie tylko w fizycznej utracie Syna, lecz takz\u0307e w przes\u0142onie\u0328ciu wszelkich pociech od wszystkich przybranych dzieci, kt\u00f3re Jezus sk\u0142ada w jej Niepokalanym Sercu.<br \/>Cz\u0142owiek w rozpaczy mo\u017ce zrezygnowa\u0107 nawet z wo\u0142ania do Boga o przebaczenie. Nie moz\u0307e jednak uchylic\u0301 sie\u0328 od wzywania wstawiennictwa Boz\u0307ej Matki, kt\u00f3ra widzia\u0142a, jak dzieci krzy\u017cuj\u0105 swojego Stw\u00f3rc\u0119, a mimo to modli\u0142a sie\u0328 dla nich o przebaczenie. <br \/>Matki widza\u0328ce, jak ich dzieci cierpia\u0328, wola\u0142yby, z\u0307eby zamiast krwi dzieci, zosta\u0142a wylana ich w\u0142asna krew. Dlatego ciemnos\u0301c\u0301 u s\u0301wie\u0328tych nie jest tym samym, co u grzesznik\u00f3w. Na Kalwarii nie ma s\u0301wiat\u0142a, lecz jest mi\u0142os\u0301c\u0301 &#8211; u grzesznika jest zawsze noc bez mi\u0142os\u0301ci. <br \/>Czy mam odwag\u0119 g\u0142osi\u0107 \u015bwiatu Chrystusa?<\/p><p><b>\u015aw. Jan Pawe\u0142 II:<\/b> \u201dZwyci\u0119stwo, je\u015bli przyjdzie, przyjdzie ono przez Maryj\u0119. Chrystus przez Ni\u0105 zwyci\u0119\u017cy, bo chce, aby zwyci\u0119stwa Ko\u015bcio\u0142a w \u015bwiecie wsp\u00f3\u0142czesnym i przysz\u0142ym \u0142\u0105czy\u0142y si\u0119 z Ni\u0105.\u201d (Testament)<\/p><p><b>ks. kard. Stefan Wyszy\u0144ski:<\/b> \u201eOdt\u0105d musimy w naszych sercach budzi\u0107 \u017cyw\u0105 \u015bwiadomo\u015b\u0107, \u017ce nar\u00f3d nasz jest w macierzy\u0144skiej niewoli Maryi, w Jej ramionach, jako Jej w\u0142asno\u015b\u0107 i narz\u0119dzie do dyspozycji, za wolno\u015b\u0107 Ko\u015bcio\u0142a Chrystusowego w Polsce i \u015bwiecie.\u201d (Jasna Gora, 3 maja 1967)<\/p><p><i>Zadanie rekolekcyjne:<\/i><br \/>Odm\u00f3w r\u00f3\u017caniec &#8211; najlepiej we wsp\u00f3lnocie.<\/p><p><i>\u0106wiczenie dodatkowe: <\/i><br \/>Zaplanuj adoracj\u0119 Naj\u015bwi\u0119tszego Sakramentu.<\/p><\/div>\n\t\t\t\t<\/div>\n\t\t\t\t<\/div>\n\t\t\t\t<div class=\"elementor-element elementor-element-04746c3 elementor-invisible elementor-widget elementor-widget-text-editor\" data-id=\"04746c3\" data-element_type=\"widget\" data-settings=\"{&quot;_animation&quot;:&quot;pulse&quot;}\" data-widget_type=\"text-editor.default\">\n\t\t\t\t<div class=\"elementor-widget-container\">\n\t\t\t\t\t<div class=\"elementor-text-editor elementor-clearfix\"><h2><a href=\"http:\/\/sercematki.eu\/wp-content\/uploads\/2020\/10\/SERCE-MATKI-_-dzien-4-ost.pdf\" target=\"_blank\" rel=\"noopener\">SERCE MATKI rozwa\u017cania na 4. dzie\u0144 DO WYDRUKU<\/a><\/h2><\/div>\n\t\t\t\t<\/div>\n\t\t\t\t<\/div>\n\t\t\t\t<div class=\"elementor-element elementor-element-859388f elementor-aspect-ratio-169 elementor-widget elementor-widget-video\" data-id=\"859388f\" data-element_type=\"widget\" data-settings=\"{&quot;aspect_ratio&quot;:&quot;169&quot;}\" data-widget_type=\"video.default\">\n\t\t\t\t<div class=\"elementor-widget-container\">\n\t\t\t\t\t<div class=\"elementor-wrapper elementor-fit-aspect-ratio elementor-open-inline\">\n\t\t\t<iframe class=\"elementor-video-iframe\" allowfullscreen title=\"youtube Video Player\" src=\"https:\/\/www.youtube.com\/embed\/1qOfYqDTXJU?feature=oembed&amp;start&amp;end&amp;wmode=opaque&amp;loop=0&amp;controls=1&amp;mute=0&amp;rel=0&amp;modestbranding=0\"><\/iframe>\t\t<\/div>\n\t\t\t\t<\/div>\n\t\t\t\t<\/div>\n\t\t\t\t<div class=\"elementor-element elementor-element-7ee4c1b elementor-widget elementor-widget-text-editor\" data-id=\"7ee4c1b\" data-element_type=\"widget\" data-widget_type=\"text-editor.default\">\n\t\t\t\t<div class=\"elementor-widget-container\">\n\t\t\t\t\t<div class=\"elementor-text-editor elementor-clearfix\"><\/div>\n\t\t\t\t<\/div>\n\t\t\t\t<\/div>\n\t\t\t\t\t\t<\/div>\n\t\t\t\t\t<\/div>\n\t\t<\/div>\n\t\t\t\t\t\t\t\t<\/div>\n\t\t\t\t\t<\/div>\n\t\t<\/section>\n\t\t\t\t<section class=\"elementor-section elementor-top-section elementor-element elementor-element-49c72aa elementor-section-boxed elementor-section-height-default elementor-section-height-default\" data-id=\"49c72aa\" data-element_type=\"section\">\n\t\t\t\t\t\t<div class=\"elementor-container elementor-column-gap-default\">\n\t\t\t\t\t\t\t<div class=\"elementor-row\">\n\t\t\t\t\t<div class=\"elementor-column elementor-col-100 elementor-top-column elementor-element elementor-element-54a5e1f\" data-id=\"54a5e1f\" data-element_type=\"column\">\n\t\t\t<div class=\"elementor-column-wrap\">\n\t\t\t\t\t\t\t<div class=\"elementor-widget-wrap\">\n\t\t\t\t\t\t\t\t<\/div>\n\t\t\t\t\t<\/div>\n\t\t<\/div>\n\t\t\t\t\t\t\t\t<\/div>\n\t\t\t\t\t<\/div>\n\t\t<\/section>\n\t\t\t\t\t\t<\/div>\n\t\t\t\t\t\t<\/div>\n\t\t\t\t\t<\/div>\n\t\t","protected":false},"excerpt":{"rendered":"<p>4. Dzie\u0144 16. pa\u017adziernika 2020 \u015awi\u0119ta Panno nad Pannami, m\u00f3dl si\u0119 za nami. S\u0142owo \u017bycia:\u201eNie b\u00f3jcie si\u0119 tych, kt\u00f3rzy zabijaj\u0105 cia\u0142o, a potem nic ju\u017c wi\u0119cej uczyni\u0107 nie mog\u0105. Poka\u017c\u0119 wam, kogo si\u0119 macie obawia\u0107: b\u00f3jcie si\u0119 Tego, kt\u00f3ry po zabiciu ma moc wtr\u0105ci\u0107 do piek\u0142a. Tak, m\u00f3wi\u0119 wam: Tego si\u0119 b\u00f3jcie!\u201d (\u0141k 12, 4-5) &hellip;<\/p>\n<p class=\"read-more\"> <a class=\"\" href=\"https:\/\/sercematki.eu\/?page_id=2104\"> <span class=\"screen-reader-text\">4. Dzie\u0144 16. pa\u017adziernika 2020<\/span> Read More &raquo;<\/a><\/p>\n","protected":false},"author":1,"featured_media":0,"parent":0,"menu_order":0,"comment_status":"closed","ping_status":"closed","template":"","meta":[],"yoast_head":"<!-- This site is optimized with the Yoast SEO plugin v15.0 - https:\/\/yoast.com\/wordpress\/plugins\/seo\/ -->\n<title>4. Dzie\u0144 16. pa\u017adziernika 2020 - sercematki.eu<\/title>\n<meta name=\"robots\" content=\"index, follow, max-snippet:-1, max-image-preview:large, max-video-preview:-1\" \/>\n<link rel=\"canonical\" href=\"http:\/\/sercematki.eu\/?page_id=2104\" \/>\n<meta property=\"og:locale\" content=\"pl_PL\" \/>\n<meta property=\"og:type\" content=\"article\" \/>\n<meta property=\"og:title\" content=\"4. Dzie\u0144 16. pa\u017adziernika 2020 - sercematki.eu\" \/>\n<meta property=\"og:description\" content=\"4. Dzie\u0144 16. pa\u017adziernika 2020 \u015awi\u0119ta Panno nad Pannami, m\u00f3dl si\u0119 za nami. S\u0142owo \u017bycia:\u201eNie b\u00f3jcie si\u0119 tych, kt\u00f3rzy zabijaj\u0105 cia\u0142o, a potem nic ju\u017c wi\u0119cej uczyni\u0107 nie mog\u0105. Poka\u017c\u0119 wam, kogo si\u0119 macie obawia\u0107: b\u00f3jcie si\u0119 Tego, kt\u00f3ry po zabiciu ma moc wtr\u0105ci\u0107 do piek\u0142a. Tak, m\u00f3wi\u0119 wam: Tego si\u0119 b\u00f3jcie!\u201d (\u0141k 12, 4-5) &hellip; 4. Dzie\u0144 16. pa\u017adziernika 2020 Read More &raquo;\" \/>\n<meta property=\"og:url\" content=\"http:\/\/sercematki.eu\/?page_id=2104\" \/>\n<meta property=\"og:site_name\" content=\"sercematki.eu\" \/>\n<meta property=\"article:modified_time\" content=\"2020-10-15T19:51:05+00:00\" \/>\n<meta name=\"twitter:card\" content=\"summary_large_image\" \/>\n<script type=\"application\/ld+json\" class=\"yoast-schema-graph\">{\"@context\":\"https:\/\/schema.org\",\"@graph\":[{\"@type\":\"WebSite\",\"@id\":\"https:\/\/sercematki.eu\/#website\",\"url\":\"https:\/\/sercematki.eu\/\",\"name\":\"sercematki.eu\",\"description\":\"33 bicia serca\",\"potentialAction\":[{\"@type\":\"SearchAction\",\"target\":\"https:\/\/sercematki.eu\/?s={search_term_string}\",\"query-input\":\"required name=search_term_string\"}],\"inLanguage\":\"pl-PL\"},{\"@type\":\"WebPage\",\"@id\":\"http:\/\/sercematki.eu\/?page_id=2104#webpage\",\"url\":\"http:\/\/sercematki.eu\/?page_id=2104\",\"name\":\"4. Dzie\\u0144 16. pa\\u017adziernika 2020 - sercematki.eu\",\"isPartOf\":{\"@id\":\"https:\/\/sercematki.eu\/#website\"},\"datePublished\":\"2020-05-19T08:18:36+00:00\",\"dateModified\":\"2020-10-15T19:51:05+00:00\",\"inLanguage\":\"pl-PL\",\"potentialAction\":[{\"@type\":\"ReadAction\",\"target\":[\"http:\/\/sercematki.eu\/?page_id=2104\"]}]}]}<\/script>\n<!-- \/ Yoast SEO plugin. -->","_links":{"self":[{"href":"https:\/\/sercematki.eu\/index.php?rest_route=\/wp\/v2\/pages\/2104"}],"collection":[{"href":"https:\/\/sercematki.eu\/index.php?rest_route=\/wp\/v2\/pages"}],"about":[{"href":"https:\/\/sercematki.eu\/index.php?rest_route=\/wp\/v2\/types\/page"}],"author":[{"embeddable":true,"href":"https:\/\/sercematki.eu\/index.php?rest_route=\/wp\/v2\/users\/1"}],"replies":[{"embeddable":true,"href":"https:\/\/sercematki.eu\/index.php?rest_route=%2Fwp%2Fv2%2Fcomments&post=2104"}],"version-history":[{"count":1,"href":"https:\/\/sercematki.eu\/index.php?rest_route=\/wp\/v2\/pages\/2104\/revisions"}],"predecessor-version":[{"id":3684,"href":"https:\/\/sercematki.eu\/index.php?rest_route=\/wp\/v2\/pages\/2104\/revisions\/3684"}],"wp:attachment":[{"href":"https:\/\/sercematki.eu\/index.php?rest_route=%2Fwp%2Fv2%2Fmedia&parent=2104"}],"curies":[{"name":"wp","href":"https:\/\/api.w.org\/{rel}","templated":true}]}}