{"id":2106,"date":"2020-05-19T10:27:34","date_gmt":"2020-05-19T08:27:34","guid":{"rendered":"http:\/\/sercematki.eu\/?page_id=2106"},"modified":"2020-10-16T21:50:26","modified_gmt":"2020-10-16T19:50:26","slug":"dzien-4-2","status":"publish","type":"page","link":"https:\/\/sercematki.eu\/?page_id=2106","title":{"rendered":"5. Dzie\u0144 17. pa\u017adziernika 2020"},"content":{"rendered":"\t\t<div data-elementor-type=\"wp-page\" data-elementor-id=\"2106\" class=\"elementor elementor-2106\" data-elementor-settings=\"[]\">\n\t\t\t\t\t\t<div class=\"elementor-inner\">\n\t\t\t\t\t\t\t<div class=\"elementor-section-wrap\">\n\t\t\t\t\t\t\t<section class=\"elementor-section elementor-top-section elementor-element elementor-element-67b6e0f elementor-section-boxed elementor-section-height-default elementor-section-height-default\" data-id=\"67b6e0f\" data-element_type=\"section\">\n\t\t\t\t\t\t<div class=\"elementor-container elementor-column-gap-default\">\n\t\t\t\t\t\t\t<div class=\"elementor-row\">\n\t\t\t\t\t<div class=\"elementor-column elementor-col-100 elementor-top-column elementor-element elementor-element-ae767d2\" data-id=\"ae767d2\" data-element_type=\"column\">\n\t\t\t<div class=\"elementor-column-wrap elementor-element-populated\">\n\t\t\t\t\t\t\t<div class=\"elementor-widget-wrap\">\n\t\t\t\t\t\t<div class=\"elementor-element elementor-element-c7837f1 elementor-widget elementor-widget-heading\" data-id=\"c7837f1\" data-element_type=\"widget\" data-widget_type=\"heading.default\">\n\t\t\t\t<div class=\"elementor-widget-container\">\n\t\t\t<h2 class=\"elementor-heading-title elementor-size-default\">5. Dzie\u0144 17. pa\u017adziernika 2020 <\/h2>\t\t<\/div>\n\t\t\t\t<\/div>\n\t\t\t\t<div class=\"elementor-element elementor-element-713be5f elementor-widget-divider--view-line elementor-widget elementor-widget-divider\" data-id=\"713be5f\" data-element_type=\"widget\" data-widget_type=\"divider.default\">\n\t\t\t\t<div class=\"elementor-widget-container\">\n\t\t\t\t\t<div class=\"elementor-divider\">\n\t\t\t<span class=\"elementor-divider-separator\">\n\t\t\t\t\t\t<\/span>\n\t\t<\/div>\n\t\t\t\t<\/div>\n\t\t\t\t<\/div>\n\t\t\t\t<div class=\"elementor-element elementor-element-b01ef68 elementor-invisible elementor-widget elementor-widget-text-editor\" data-id=\"b01ef68\" data-element_type=\"widget\" data-settings=\"{&quot;_animation&quot;:&quot;pulse&quot;}\" data-widget_type=\"text-editor.default\">\n\t\t\t\t<div class=\"elementor-widget-container\">\n\t\t\t\t\t<div class=\"elementor-text-editor elementor-clearfix\"><p><em>Matko Chrystusowa, m\u00f3dl si\u0119 za nami.<\/em><\/p><\/div>\n\t\t\t\t<\/div>\n\t\t\t\t<\/div>\n\t\t\t\t<div class=\"elementor-element elementor-element-c78d1c0 elementor-widget elementor-widget-text-editor\" data-id=\"c78d1c0\" data-element_type=\"widget\" data-widget_type=\"text-editor.default\">\n\t\t\t\t<div class=\"elementor-widget-container\">\n\t\t\t\t\t<div class=\"elementor-text-editor elementor-clearfix\"><p><b>S\u0142owo \u017bycia:<\/b><br \/>\u201eKto si\u0119 przyzna do Mnie wobec ludzi, przyzna si\u0119 i Syn Cz\u0142owieczy do niego wobec anio\u0142\u00f3w Bo\u017cych; a kto si\u0119 Mnie wyprze wobec ludzi, tego wypr\u0119 si\u0119 i Ja wobec anio\u0142\u00f3w Bo\u017cych.\u201d (\u0141k 12, 8-9)<\/p><p><b>Ks. Mateusz: <\/b><br \/>Matka Chrystusowa. <br \/>Maryja wci\u0105\u017c wskazuje nam na Chrystusa: \u201eZr\u00f3bcie wszystko, cokolwiek wam powie\u201d(J 2, 5). <br \/>Serce Matki nie skupia na sobie, ale zach\u0119ca do otwarcia serca na Bo\u017c\u0105 mi\u0142o\u015b\u0107. <br \/>Jej serce by\u0142o otwarte na Bo\u017ce dzia\u0142anie. Tym, co poszerza nasze serca jest uwielbienie na wz\u00f3r Maryi. <br \/>Dlatego powtarzajmy cz\u0119sto: \u201eWielbi dusza moja Pana i raduje si\u0119 duch m\u00f3j w Bogu, Zbawicielu moim\u201d.<br \/>Serce Matki chce wci\u0105\u017c prowadzi\u0107 nas do Chrystusa &#8211; jedynego Pana i Zbawiciela.<\/p><p><b>Marek:<\/b><br \/>B\u0142ogos\u0142awiony oznacza szcze\u0328s\u0301liwy. Maryja posiada wszystko, co moz\u0307e uczynic\u0301 nas naprawde\u0328 szcze\u0328s\u0301liwym. \u201eOto bowiem b\u0142ogos\u0142awi\u0107 mnie b\u0119d\u0105 odt\u0105d wszystkie pokolenia\u201d (\u0141k 1, 48)<br \/>Gdyby nasz Pan nie zamierzy\u0142, aby Jego Matce by\u0142a oddawana czes\u0301c\u0301, kiedy On sam otrzymuje chwa\u0142e\u0328, nigdy by nie pozwoli\u0142, aby te prorocze s\u0142owa sie\u0328 spe\u0142ni\u0142y. Tra\u0328ca\u0142by re\u0328ce artyst\u00f3w stoja\u0328cych przy p\u0142\u00f3tnach jej wizerunku, powstrzymywa\u0142by wargi poet\u00f3w i unieruchamia\u0142 nasze palce przy odmawianiu R\u00f3z\u0307an\u0301ca. <br \/>Maryja wskazuje nam zawsze na Jezusa. Dzi\u0119ki temu temu mo\u017cemy odnale\u017a\u0107 pewn\u0105 i w\u0142a\u015bciw\u0105 drog\u0119 \u017cycia, aby pe\u0142ni radosnej ufno\u015bci by\u0107 prawdziwym \u015bwiadectwem mi\u0142osierdzia.<br \/>Czy jestem szcz\u0119\u015bliwy kiedy staje si\u0119 \u015bwiadkiem Chrystusa?<\/p><p><strong>\u015aw. Jan Pawe\u0142 II:<\/strong> \u201eMaryja jest niedo\u015bcignionym wzorem kontemplacji Chrystusa.\u201d (Rosarium Virginis Mariae, nr 10)<\/p><p><strong>ks. kard. Stefan Wyszy\u0144ski:<\/strong> \u201eSursum Corda!\u201d &#8211; W g\u00f3r\u0119 serca! Pragniemy tak wo\u0142a\u0107 do wszystkich dzieci Narodu, kt\u00f3re \u017cyj\u0105 na polskiej ziemi i w rozproszeniu po ca\u0142ym \u015bwiecie. \u201eSursum Corda!\u201d. Podnie\u015bcie si\u0119, otrz\u0105\u015bnijcie z siebie smutki i zw\u0105tpienia, spojrzyjcie z do\u0142\u00f3w i mrok\u00f3w najrozmaitszych &#8211; w g\u00f3r\u0119, w s\u0142o\u0144ce Bo\u017ce!\u201d (Zakopane, 1957 r.)<\/p><p><em>Zadanie rekolekcyjne:<\/em><br \/>Odm\u00f3w r\u00f3\u017caniec &#8211; najlepiej we wsp\u00f3lnocie.<\/p><p><em>\u0106wiczenie dodatkowe:<\/em> <br \/>Uwielbiaj Boga wraz z Maryj\u0105 s\u0142owami \u201eWielbi dusza moja Pana i raduje si\u0119 duch m\u00f3j w Bogu, Zbawicielu moim\u201d.<\/p><\/div>\n\t\t\t\t<\/div>\n\t\t\t\t<\/div>\n\t\t\t\t<div class=\"elementor-element elementor-element-80d7358 elementor-invisible elementor-widget elementor-widget-text-editor\" data-id=\"80d7358\" data-element_type=\"widget\" data-settings=\"{&quot;_animation&quot;:&quot;pulse&quot;}\" data-widget_type=\"text-editor.default\">\n\t\t\t\t<div class=\"elementor-widget-container\">\n\t\t\t\t\t<div class=\"elementor-text-editor elementor-clearfix\"><h2><a href=\"http:\/\/sercematki.eu\/wp-content\/uploads\/2020\/10\/SERCE-MATKI-_-dzien-5.pdf\" target=\"_blank\" rel=\"noopener\">SERCE MATKI rozwa\u017cania na 5. dzie\u0144 DO WYDRUKU<\/a><\/h2><\/div>\n\t\t\t\t<\/div>\n\t\t\t\t<\/div>\n\t\t\t\t<div class=\"elementor-element elementor-element-717909f elementor-aspect-ratio-169 elementor-widget elementor-widget-video\" data-id=\"717909f\" data-element_type=\"widget\" data-settings=\"{&quot;aspect_ratio&quot;:&quot;169&quot;}\" data-widget_type=\"video.default\">\n\t\t\t\t<div class=\"elementor-widget-container\">\n\t\t\t\t\t<div class=\"elementor-wrapper elementor-fit-aspect-ratio elementor-open-inline\">\n\t\t\t<iframe class=\"elementor-video-iframe\" allowfullscreen title=\"youtube Video Player\" src=\"https:\/\/www.youtube.com\/embed\/TD1Jq2641b0?feature=oembed&amp;start&amp;end&amp;wmode=opaque&amp;loop=0&amp;controls=1&amp;mute=0&amp;rel=0&amp;modestbranding=0\"><\/iframe>\t\t<\/div>\n\t\t\t\t<\/div>\n\t\t\t\t<\/div>\n\t\t\t\t\t\t<\/div>\n\t\t\t\t\t<\/div>\n\t\t<\/div>\n\t\t\t\t\t\t\t\t<\/div>\n\t\t\t\t\t<\/div>\n\t\t<\/section>\n\t\t\t\t\t\t<\/div>\n\t\t\t\t\t\t<\/div>\n\t\t\t\t\t<\/div>\n\t\t","protected":false},"excerpt":{"rendered":"<p>5. Dzie\u0144 17. pa\u017adziernika 2020 Matko Chrystusowa, m\u00f3dl si\u0119 za nami. S\u0142owo \u017bycia:\u201eKto si\u0119 przyzna do Mnie wobec ludzi, przyzna si\u0119 i Syn Cz\u0142owieczy do niego wobec anio\u0142\u00f3w Bo\u017cych; a kto si\u0119 Mnie wyprze wobec ludzi, tego wypr\u0119 si\u0119 i Ja wobec anio\u0142\u00f3w Bo\u017cych.\u201d (\u0141k 12, 8-9) Ks. Mateusz: Matka Chrystusowa. Maryja wci\u0105\u017c wskazuje nam &hellip;<\/p>\n<p class=\"read-more\"> <a class=\"\" href=\"https:\/\/sercematki.eu\/?page_id=2106\"> <span class=\"screen-reader-text\">5. Dzie\u0144 17. pa\u017adziernika 2020<\/span> Read More &raquo;<\/a><\/p>\n","protected":false},"author":1,"featured_media":0,"parent":0,"menu_order":0,"comment_status":"closed","ping_status":"closed","template":"","meta":[],"yoast_head":"<!-- This site is optimized with the Yoast SEO plugin v15.0 - https:\/\/yoast.com\/wordpress\/plugins\/seo\/ -->\n<title>5. Dzie\u0144 17. pa\u017adziernika 2020 - sercematki.eu<\/title>\n<meta name=\"robots\" content=\"index, follow, max-snippet:-1, max-image-preview:large, max-video-preview:-1\" \/>\n<link rel=\"canonical\" href=\"http:\/\/sercematki.eu\/?page_id=2106\" \/>\n<meta property=\"og:locale\" content=\"pl_PL\" \/>\n<meta property=\"og:type\" content=\"article\" \/>\n<meta property=\"og:title\" content=\"5. Dzie\u0144 17. pa\u017adziernika 2020 - sercematki.eu\" \/>\n<meta property=\"og:description\" content=\"5. Dzie\u0144 17. pa\u017adziernika 2020 Matko Chrystusowa, m\u00f3dl si\u0119 za nami. S\u0142owo \u017bycia:\u201eKto si\u0119 przyzna do Mnie wobec ludzi, przyzna si\u0119 i Syn Cz\u0142owieczy do niego wobec anio\u0142\u00f3w Bo\u017cych; a kto si\u0119 Mnie wyprze wobec ludzi, tego wypr\u0119 si\u0119 i Ja wobec anio\u0142\u00f3w Bo\u017cych.\u201d (\u0141k 12, 8-9) Ks. Mateusz: Matka Chrystusowa. Maryja wci\u0105\u017c wskazuje nam &hellip; 5. Dzie\u0144 17. pa\u017adziernika 2020 Read More &raquo;\" \/>\n<meta property=\"og:url\" content=\"http:\/\/sercematki.eu\/?page_id=2106\" \/>\n<meta property=\"og:site_name\" content=\"sercematki.eu\" \/>\n<meta property=\"article:modified_time\" content=\"2020-10-16T19:50:26+00:00\" \/>\n<meta name=\"twitter:card\" content=\"summary_large_image\" \/>\n<script type=\"application\/ld+json\" class=\"yoast-schema-graph\">{\"@context\":\"https:\/\/schema.org\",\"@graph\":[{\"@type\":\"WebSite\",\"@id\":\"https:\/\/sercematki.eu\/#website\",\"url\":\"https:\/\/sercematki.eu\/\",\"name\":\"sercematki.eu\",\"description\":\"33 bicia serca\",\"potentialAction\":[{\"@type\":\"SearchAction\",\"target\":\"https:\/\/sercematki.eu\/?s={search_term_string}\",\"query-input\":\"required name=search_term_string\"}],\"inLanguage\":\"pl-PL\"},{\"@type\":\"WebPage\",\"@id\":\"http:\/\/sercematki.eu\/?page_id=2106#webpage\",\"url\":\"http:\/\/sercematki.eu\/?page_id=2106\",\"name\":\"5. Dzie\\u0144 17. pa\\u017adziernika 2020 - sercematki.eu\",\"isPartOf\":{\"@id\":\"https:\/\/sercematki.eu\/#website\"},\"datePublished\":\"2020-05-19T08:27:34+00:00\",\"dateModified\":\"2020-10-16T19:50:26+00:00\",\"inLanguage\":\"pl-PL\",\"potentialAction\":[{\"@type\":\"ReadAction\",\"target\":[\"http:\/\/sercematki.eu\/?page_id=2106\"]}]}]}<\/script>\n<!-- \/ Yoast SEO plugin. -->","_links":{"self":[{"href":"https:\/\/sercematki.eu\/index.php?rest_route=\/wp\/v2\/pages\/2106"}],"collection":[{"href":"https:\/\/sercematki.eu\/index.php?rest_route=\/wp\/v2\/pages"}],"about":[{"href":"https:\/\/sercematki.eu\/index.php?rest_route=\/wp\/v2\/types\/page"}],"author":[{"embeddable":true,"href":"https:\/\/sercematki.eu\/index.php?rest_route=\/wp\/v2\/users\/1"}],"replies":[{"embeddable":true,"href":"https:\/\/sercematki.eu\/index.php?rest_route=%2Fwp%2Fv2%2Fcomments&post=2106"}],"version-history":[{"count":1,"href":"https:\/\/sercematki.eu\/index.php?rest_route=\/wp\/v2\/pages\/2106\/revisions"}],"predecessor-version":[{"id":3689,"href":"https:\/\/sercematki.eu\/index.php?rest_route=\/wp\/v2\/pages\/2106\/revisions\/3689"}],"wp:attachment":[{"href":"https:\/\/sercematki.eu\/index.php?rest_route=%2Fwp%2Fv2%2Fmedia&parent=2106"}],"curies":[{"name":"wp","href":"https:\/\/api.w.org\/{rel}","templated":true}]}}