{"id":2109,"date":"2020-05-19T10:28:14","date_gmt":"2020-05-19T08:28:14","guid":{"rendered":"http:\/\/sercematki.eu\/?page_id=2109"},"modified":"2020-10-17T23:43:57","modified_gmt":"2020-10-17T21:43:57","slug":"dzien-6","status":"publish","type":"page","link":"https:\/\/sercematki.eu\/?page_id=2109","title":{"rendered":"6. Dzie\u0144 18. pa\u017adziernika 2020"},"content":{"rendered":"\t\t<div data-elementor-type=\"wp-page\" data-elementor-id=\"2109\" class=\"elementor elementor-2109\" data-elementor-settings=\"[]\">\n\t\t\t\t\t\t<div class=\"elementor-inner\">\n\t\t\t\t\t\t\t<div class=\"elementor-section-wrap\">\n\t\t\t\t\t\t\t<section class=\"elementor-section elementor-top-section elementor-element elementor-element-456158f elementor-section-boxed elementor-section-height-default elementor-section-height-default\" data-id=\"456158f\" data-element_type=\"section\">\n\t\t\t\t\t\t<div class=\"elementor-container elementor-column-gap-default\">\n\t\t\t\t\t\t\t<div class=\"elementor-row\">\n\t\t\t\t\t<div class=\"elementor-column elementor-col-100 elementor-top-column elementor-element elementor-element-891568e\" data-id=\"891568e\" data-element_type=\"column\">\n\t\t\t<div class=\"elementor-column-wrap elementor-element-populated\">\n\t\t\t\t\t\t\t<div class=\"elementor-widget-wrap\">\n\t\t\t\t\t\t<div class=\"elementor-element elementor-element-b8924a7 elementor-widget elementor-widget-heading\" data-id=\"b8924a7\" data-element_type=\"widget\" data-widget_type=\"heading.default\">\n\t\t\t\t<div class=\"elementor-widget-container\">\n\t\t\t<h2 class=\"elementor-heading-title elementor-size-default\">6. Dzie\u0144 18. pa\u017adziernika 2020<\/h2>\t\t<\/div>\n\t\t\t\t<\/div>\n\t\t\t\t<div class=\"elementor-element elementor-element-2eb7a6e elementor-widget-divider--view-line elementor-widget elementor-widget-divider\" data-id=\"2eb7a6e\" data-element_type=\"widget\" data-widget_type=\"divider.default\">\n\t\t\t\t<div class=\"elementor-widget-container\">\n\t\t\t\t\t<div class=\"elementor-divider\">\n\t\t\t<span class=\"elementor-divider-separator\">\n\t\t\t\t\t\t<\/span>\n\t\t<\/div>\n\t\t\t\t<\/div>\n\t\t\t\t<\/div>\n\t\t\t\t<div class=\"elementor-element elementor-element-afe2bcd elementor-invisible elementor-widget elementor-widget-text-editor\" data-id=\"afe2bcd\" data-element_type=\"widget\" data-settings=\"{&quot;_animation&quot;:&quot;pulse&quot;}\" data-widget_type=\"text-editor.default\">\n\t\t\t\t<div class=\"elementor-widget-container\">\n\t\t\t\t\t<div class=\"elementor-text-editor elementor-clearfix\"><h5><span style=\"font-weight: normal;\"><em>Matko Ko\u015bcio\u0142a, m\u00f3dl si\u0119 za nami.<\/em><\/span><\/h5><\/div>\n\t\t\t\t<\/div>\n\t\t\t\t<\/div>\n\t\t\t\t<div class=\"elementor-element elementor-element-2fb81c7 elementor-widget elementor-widget-text-editor\" data-id=\"2fb81c7\" data-element_type=\"widget\" data-widget_type=\"text-editor.default\">\n\t\t\t\t<div class=\"elementor-widget-container\">\n\t\t\t\t\t<div class=\"elementor-text-editor elementor-clearfix\"><p><strong>S\u0142owo \u017bycia:<\/strong><br \/>\u201eOn ich zapyta\u0142: \u00abCzyj jest ten obraz i napis?\u00bb Odpowiedzieli: \u00abCezara\u00bb. W\u00f3wczas rzek\u0142 do nich: \u00abOddajcie wi\u0119c cezarowi to, co nale\u017cy do cezara, a Bogu to, co nale\u017cy do Boga\u00bb.\u201d (Mt 22, 20-21)<\/p><p><strong>Ks. Mateusz:<\/strong> <br \/>Matka Ko\u015bcio\u0142a. \u201eNiewiasto, oto syn Tw\u00f3j. (\u2026) Oto Matka twoja.\u201d <br \/>Jezus w osobie umi\u0142owanego ucznia Jana przekaza\u0142 ca\u0142emu Ko\u015bcio\u0142owi Maryj\u0119 za Matk\u0119.<br \/>\u201eOd tej godziny ucze\u0144 wzi\u0105\u0142 j\u0105 do siebie\u201d. Wsp\u00f3lnota uczni\u00f3w Chrystusa ma najlepsz\u0105 z Matek &#8211; Maryj\u0119. <br \/>Przy sercu Matki Ko\u015bci\u00f3\u0142 mo\u017ce przez wieki \u201etrwa\u0107 jednomy\u015blnie na modlitwie\u201d.<br \/>Tam, gdzie jest Maryja, tam jest pe\u0142na prawda o Bogu, Chrystusie i cz\u0142owieku, tam jest pierwotny obraz ca\u0142kowitego pos\u0301wie\u0328cenia sie\u0328 i nas\u0301ladowania Chrystusa, tam tez\u0307 jest zielonos\u0301wia\u0328tkowe tchnienie Ducha S\u0301wie\u0328tego, tam jest pocza\u0328tek i prawdziwa odnowa<a href=\"#_ftn1\" name=\"_ftnref1\"><em><sup><strong>[1]<\/strong><\/sup><\/em><\/a><\/p><p><a href=\"#_ftnref1\" name=\"_ftn1\"><sup>[1]<\/sup><\/a> <em>Benedykt XVI do os<\/em><em>\u00f3<\/em><em>b konsekrowanych<\/em>, red. M. Saj, Krak\u00f3w 2009, s. 168.<\/p><p><strong>Marek:<\/strong><br \/>Dusze \u017cyj\u0105ce w Sercu Matki s\u0105 najcudowniejsz\u0105 chwa\u0142\u0105 Tr\u00f3jcy \u015awi\u0119tej. Sa maryjnym uwielbieniem, \u015bci\u0105gaj\u0105cym na ziemi\u0119 Tr\u00f3jjedynego Boga. Dusze te s\u0105 przeznaczone do nieustannego trwania w adoracji i dzi\u0119kczynieniu za Ko\u015bci\u00f3\u0142. Gdy przekraczamy ten pr\u00f3g zjednoczenia w Sercu Matki, zaczynamy by\u0107 kszta\u0142towani jak p\u0142\u00f3d, kt\u00f3ry odt\u0105d wszystko otrzymuje od matki. Wraz z tak\u0105 chwil\u0105 Maryja uzdalnia nas do przyj\u0119cia wszystkich dar\u00f3w Ducha \u015awi\u0119tego oraz uwielbienia naszego Pana we wszystkich \u015bwi\u0105tyniach, w kt\u00f3rych zawsze obecny jest z Naj\u015bwi\u0119tsz\u0105 Dziewic\u0105. Czy uwielbiam Boga w pe\u0142nym zjednoczeniu z Matk\u0105 Ko\u015bcio\u0142a?<\/p><p><strong>\u015aw. Jan Pawe\u0142 II:<\/strong> \u201dB\u0119d\u0105c w chwale Twojego Syna, nie przestajesz wstawia\u0107 si\u0119 za nami, grzesznymi. Czuwasz nad Ko\u015bcio\u0142em, kt\u00f3remu jeste\u015b Matk\u0105. Czuwasz nad ka\u017cdym ze swych dzieci. Otrzymujesz dla nas od Boga te \u0142aski, kt\u00f3re symbolizuj\u0105 \u015bwietliste promienie wychodz\u0105ce z Twych otwartych r\u0105k. Pod jednym warunkiem; \u017ce odwa\u017cymy si\u0119 Ciebie o nie prosi\u0107, \u017ce i\u015b\u0107 b\u0119dziemy do Ciebie z dzieci\u0119c\u0105 ufno\u015bci\u0105 i prostot\u0105&#8221;. (Pary\u017c, 31 maja 1980 r.)<\/p><p><strong>ks. kard. Stefan Wyszy\u0144ski:<\/strong> \u201eGdybym dzi\u015b narodzi\u0142 nie na nowo, a zapytany &#8211; jak\u0105 drog\u0119 \u017cycia obra\u0142bym &#8211; bez chwili waha\u0144 wszed\u0142bym na drog\u0119 kap\u0142a\u0144stwa, cho\u0107bym od pocz\u0105tku jasno wiedzia\u0142, \u017ce sko\u0144cz\u0119 w okowach Chrystusowych, we wzgardzie szubienicy. Lepiej by\u0107 wzgardzonym kap\u0142anem ni\u017c uwielbianym cezarem.\u201d ( Prudnik, 1955 r.)<\/p><p><em>Zadanie rekolekcyjne:<\/em><br \/>Odm\u00f3w r\u00f3\u017caniec &#8211; najlepiej we wsp\u00f3lnocie.<\/p><p><em>\u0106wiczenie dodatkowe:<\/em> <br \/>Podzi\u0119kuj za Ko\u015bci\u00f3\u0142 &#8211; wsp\u00f3lnot\u0119, w kt\u00f3rej mo\u017cesz trwa\u0107 na modlitwie wraz z Maryj\u0105.<\/p><\/div>\n\t\t\t\t<\/div>\n\t\t\t\t<\/div>\n\t\t\t\t<div class=\"elementor-element elementor-element-09c3202 elementor-invisible elementor-widget elementor-widget-text-editor\" data-id=\"09c3202\" data-element_type=\"widget\" data-settings=\"{&quot;_animation&quot;:&quot;pulse&quot;}\" data-widget_type=\"text-editor.default\">\n\t\t\t\t<div class=\"elementor-widget-container\">\n\t\t\t\t\t<div class=\"elementor-text-editor elementor-clearfix\"><h2><a href=\"http:\/\/sercematki.eu\/wp-content\/uploads\/2020\/10\/SERCE-MATKI-_-dzien-6.pdf\" target=\"_blank\" rel=\"noopener\">SERCE MATKI rozwa\u017cania na 6. dzie\u0144 DO WYDRUKU<\/a><\/h2><\/div>\n\t\t\t\t<\/div>\n\t\t\t\t<\/div>\n\t\t\t\t<div class=\"elementor-element elementor-element-79e6bae elementor-aspect-ratio-169 elementor-widget elementor-widget-video\" data-id=\"79e6bae\" data-element_type=\"widget\" data-settings=\"{&quot;aspect_ratio&quot;:&quot;169&quot;}\" data-widget_type=\"video.default\">\n\t\t\t\t<div class=\"elementor-widget-container\">\n\t\t\t\t\t<div class=\"elementor-wrapper elementor-fit-aspect-ratio elementor-open-inline\">\n\t\t\t<iframe class=\"elementor-video-iframe\" allowfullscreen title=\"youtube Video Player\" src=\"https:\/\/www.youtube.com\/embed\/lTFrsfR4jGc?feature=oembed&amp;start&amp;end&amp;wmode=opaque&amp;loop=0&amp;controls=1&amp;mute=0&amp;rel=0&amp;modestbranding=0\"><\/iframe>\t\t<\/div>\n\t\t\t\t<\/div>\n\t\t\t\t<\/div>\n\t\t\t\t\t\t<\/div>\n\t\t\t\t\t<\/div>\n\t\t<\/div>\n\t\t\t\t\t\t\t\t<\/div>\n\t\t\t\t\t<\/div>\n\t\t<\/section>\n\t\t\t\t\t\t<\/div>\n\t\t\t\t\t\t<\/div>\n\t\t\t\t\t<\/div>\n\t\t","protected":false},"excerpt":{"rendered":"<p>6. Dzie\u0144 18. pa\u017adziernika 2020 Matko Ko\u015bcio\u0142a, m\u00f3dl si\u0119 za nami. S\u0142owo \u017bycia:\u201eOn ich zapyta\u0142: \u00abCzyj jest ten obraz i napis?\u00bb Odpowiedzieli: \u00abCezara\u00bb. W\u00f3wczas rzek\u0142 do nich: \u00abOddajcie wi\u0119c cezarowi to, co nale\u017cy do cezara, a Bogu to, co nale\u017cy do Boga\u00bb.\u201d (Mt 22, 20-21) Ks. Mateusz: Matka Ko\u015bcio\u0142a. \u201eNiewiasto, oto syn Tw\u00f3j. (\u2026) Oto &hellip;<\/p>\n<p class=\"read-more\"> <a class=\"\" href=\"https:\/\/sercematki.eu\/?page_id=2109\"> <span class=\"screen-reader-text\">6. Dzie\u0144 18. pa\u017adziernika 2020<\/span> Read More &raquo;<\/a><\/p>\n","protected":false},"author":1,"featured_media":0,"parent":0,"menu_order":0,"comment_status":"closed","ping_status":"closed","template":"","meta":[],"yoast_head":"<!-- This site is optimized with the Yoast SEO plugin v15.0 - https:\/\/yoast.com\/wordpress\/plugins\/seo\/ -->\n<title>6. Dzie\u0144 18. pa\u017adziernika 2020 - sercematki.eu<\/title>\n<meta name=\"robots\" content=\"index, follow, max-snippet:-1, max-image-preview:large, max-video-preview:-1\" \/>\n<link rel=\"canonical\" href=\"http:\/\/sercematki.eu\/?page_id=2109\" \/>\n<meta property=\"og:locale\" content=\"pl_PL\" \/>\n<meta property=\"og:type\" content=\"article\" \/>\n<meta property=\"og:title\" content=\"6. Dzie\u0144 18. pa\u017adziernika 2020 - sercematki.eu\" \/>\n<meta property=\"og:description\" content=\"6. Dzie\u0144 18. pa\u017adziernika 2020 Matko Ko\u015bcio\u0142a, m\u00f3dl si\u0119 za nami. S\u0142owo \u017bycia:\u201eOn ich zapyta\u0142: \u00abCzyj jest ten obraz i napis?\u00bb Odpowiedzieli: \u00abCezara\u00bb. W\u00f3wczas rzek\u0142 do nich: \u00abOddajcie wi\u0119c cezarowi to, co nale\u017cy do cezara, a Bogu to, co nale\u017cy do Boga\u00bb.\u201d (Mt 22, 20-21) Ks. Mateusz: Matka Ko\u015bcio\u0142a. \u201eNiewiasto, oto syn Tw\u00f3j. (\u2026) Oto &hellip; 6. Dzie\u0144 18. pa\u017adziernika 2020 Read More &raquo;\" \/>\n<meta property=\"og:url\" content=\"http:\/\/sercematki.eu\/?page_id=2109\" \/>\n<meta property=\"og:site_name\" content=\"sercematki.eu\" \/>\n<meta property=\"article:modified_time\" content=\"2020-10-17T21:43:57+00:00\" \/>\n<meta name=\"twitter:card\" content=\"summary_large_image\" \/>\n<script type=\"application\/ld+json\" class=\"yoast-schema-graph\">{\"@context\":\"https:\/\/schema.org\",\"@graph\":[{\"@type\":\"WebSite\",\"@id\":\"https:\/\/sercematki.eu\/#website\",\"url\":\"https:\/\/sercematki.eu\/\",\"name\":\"sercematki.eu\",\"description\":\"33 bicia serca\",\"potentialAction\":[{\"@type\":\"SearchAction\",\"target\":\"https:\/\/sercematki.eu\/?s={search_term_string}\",\"query-input\":\"required name=search_term_string\"}],\"inLanguage\":\"pl-PL\"},{\"@type\":\"WebPage\",\"@id\":\"http:\/\/sercematki.eu\/?page_id=2109#webpage\",\"url\":\"http:\/\/sercematki.eu\/?page_id=2109\",\"name\":\"6. Dzie\\u0144 18. pa\\u017adziernika 2020 - sercematki.eu\",\"isPartOf\":{\"@id\":\"https:\/\/sercematki.eu\/#website\"},\"datePublished\":\"2020-05-19T08:28:14+00:00\",\"dateModified\":\"2020-10-17T21:43:57+00:00\",\"inLanguage\":\"pl-PL\",\"potentialAction\":[{\"@type\":\"ReadAction\",\"target\":[\"http:\/\/sercematki.eu\/?page_id=2109\"]}]}]}<\/script>\n<!-- \/ Yoast SEO plugin. -->","_links":{"self":[{"href":"https:\/\/sercematki.eu\/index.php?rest_route=\/wp\/v2\/pages\/2109"}],"collection":[{"href":"https:\/\/sercematki.eu\/index.php?rest_route=\/wp\/v2\/pages"}],"about":[{"href":"https:\/\/sercematki.eu\/index.php?rest_route=\/wp\/v2\/types\/page"}],"author":[{"embeddable":true,"href":"https:\/\/sercematki.eu\/index.php?rest_route=\/wp\/v2\/users\/1"}],"replies":[{"embeddable":true,"href":"https:\/\/sercematki.eu\/index.php?rest_route=%2Fwp%2Fv2%2Fcomments&post=2109"}],"version-history":[{"count":1,"href":"https:\/\/sercematki.eu\/index.php?rest_route=\/wp\/v2\/pages\/2109\/revisions"}],"predecessor-version":[{"id":3699,"href":"https:\/\/sercematki.eu\/index.php?rest_route=\/wp\/v2\/pages\/2109\/revisions\/3699"}],"wp:attachment":[{"href":"https:\/\/sercematki.eu\/index.php?rest_route=%2Fwp%2Fv2%2Fmedia&parent=2109"}],"curies":[{"name":"wp","href":"https:\/\/api.w.org\/{rel}","templated":true}]}}