{"id":2111,"date":"2020-10-19T05:00:00","date_gmt":"2020-10-19T03:00:00","guid":{"rendered":"http:\/\/sercematki.eu\/?page_id=2111"},"modified":"2020-10-17T23:53:19","modified_gmt":"2020-10-17T21:53:19","slug":"dzien-7","status":"publish","type":"page","link":"https:\/\/sercematki.eu\/?page_id=2111","title":{"rendered":"7. Dzie\u0144 19. pa\u017adziernika 2020"},"content":{"rendered":"\t\t<div data-elementor-type=\"wp-page\" data-elementor-id=\"2111\" class=\"elementor elementor-2111\" data-elementor-settings=\"[]\">\n\t\t\t\t\t\t<div class=\"elementor-inner\">\n\t\t\t\t\t\t\t<div class=\"elementor-section-wrap\">\n\t\t\t\t\t\t\t<section class=\"elementor-section elementor-top-section elementor-element elementor-element-08599a5 elementor-section-boxed elementor-section-height-default elementor-section-height-default\" data-id=\"08599a5\" data-element_type=\"section\">\n\t\t\t\t\t\t<div class=\"elementor-container elementor-column-gap-default\">\n\t\t\t\t\t\t\t<div class=\"elementor-row\">\n\t\t\t\t\t<div class=\"elementor-column elementor-col-100 elementor-top-column elementor-element elementor-element-f4e3e0a\" data-id=\"f4e3e0a\" data-element_type=\"column\">\n\t\t\t<div class=\"elementor-column-wrap elementor-element-populated\">\n\t\t\t\t\t\t\t<div class=\"elementor-widget-wrap\">\n\t\t\t\t\t\t<div class=\"elementor-element elementor-element-b68a083 elementor-invisible elementor-widget elementor-widget-heading\" data-id=\"b68a083\" data-element_type=\"widget\" data-settings=\"{&quot;_animation&quot;:&quot;pulse&quot;}\" data-widget_type=\"heading.default\">\n\t\t\t\t<div class=\"elementor-widget-container\">\n\t\t\t<h2 class=\"elementor-heading-title elementor-size-default\">7. Dzie\u0144 19. pa\u017adziernika  2020<\/h2>\t\t<\/div>\n\t\t\t\t<\/div>\n\t\t\t\t<div class=\"elementor-element elementor-element-26e8cf3 elementor-widget-divider--view-line elementor-widget elementor-widget-divider\" data-id=\"26e8cf3\" data-element_type=\"widget\" data-widget_type=\"divider.default\">\n\t\t\t\t<div class=\"elementor-widget-container\">\n\t\t\t\t\t<div class=\"elementor-divider\">\n\t\t\t<span class=\"elementor-divider-separator\">\n\t\t\t\t\t\t<\/span>\n\t\t<\/div>\n\t\t\t\t<\/div>\n\t\t\t\t<\/div>\n\t\t\t\t<div class=\"elementor-element elementor-element-741501a elementor-invisible elementor-widget elementor-widget-text-editor\" data-id=\"741501a\" data-element_type=\"widget\" data-settings=\"{&quot;_animation&quot;:&quot;pulse&quot;}\" data-widget_type=\"text-editor.default\">\n\t\t\t\t<div class=\"elementor-widget-container\">\n\t\t\t\t\t<div class=\"elementor-text-editor elementor-clearfix\"><h5><span style=\"font-weight: normal;\"><em>Matko mi\u0142osierdzia, m\u00f3dl si\u0119 za nami. <\/em><\/span><\/h5><\/div>\n\t\t\t\t<\/div>\n\t\t\t\t<\/div>\n\t\t\t\t<div class=\"elementor-element elementor-element-5fe09bb elementor-widget elementor-widget-text-editor\" data-id=\"5fe09bb\" data-element_type=\"widget\" data-widget_type=\"text-editor.default\">\n\t\t\t\t<div class=\"elementor-widget-container\">\n\t\t\t\t\t<div class=\"elementor-text-editor elementor-clearfix\"><p><strong>S\u0142owo \u017bycia:<\/strong><br \/>\u201ePowiedzia\u0142 te\u017c do nich: \u00abUwa\u017cajcie i strze\u017ccie si\u0119 wszelkiej chciwo\u015bci, bo nawet gdy kto\u015b ma wszystkiego w nadmia-rze, to \u017cycie jego nie zale\u017cy od jego mienia.\u201d (\u0141k 12, 15)<\/p><p><strong>Ks. Mateusz:<\/strong> <br \/>Matka Mi\u0142osierdzia.<br \/>\u201eMaryja jest \u00abMatk\u0105 mi\u0142osierdzia\u00bb, poniewa\u017c jest Matk\u0105 Jezusa, w kt\u00f3rym B\u00f3g objawi\u0142 \u015bwiatu swoje serce przepe\u0142nio-ne mi\u0142o\u015bci\u0105. (\u2026) U st\u00f3p krzy\u017ca Maryja sta\u0142a si\u0119 Matk\u0105 uczni\u00f3w Chrystusa, Matk\u0105 Ko\u015bcio\u0142a i ca\u0142ej ludzko\u015bci, sta\u0142a si\u0119 Mater Misericordiae.\u201d <br \/>W Niepokalanym Sercu Matki do\u015bwiadczamy wsp\u00f3\u0142czucia, kt\u00f3re B\u00f3g okaza\u0142 cz\u0142owiekowi poprzez wydarzenie Jezusa Chrystusa. <br \/>Maryja uczy nas ka\u017cdego dnia modli\u0107 si\u0119 z wiar\u0105: \u201eJezu ufam Tobie\u201d. <br \/>To Ona pomaga nam gromadzi\u0107 si\u0119 jako Ko\u015bci\u00f3\u0142 na Eucharystii, kt\u00f3ra jest Uczt\u0105 Mi\u0142osierdzia.<\/p><p><strong>Marek:<\/strong><br \/>Cz\u0142owiek prawdziwie zjednoczony z Maryj\u0105 jest \u017cyczliwy ludziom. Nie mo\u017ce nie by\u0107 \u017cyczliwy, gdy\u017c widzi wszystko przez Serce Matki &#8211; patrzy oczami najpokorniejszej z Niewiast.<br \/>Taki cz\u0142owiek nie musi os\u0105dza\u0107, ale potrafi wynagradza\u0107.<br \/>Dlatego misj\u0105 maryjnego serca jest zawsze promieniowa\u0107 mi\u0142osierdziem na wz\u00f3r swej ukochanej Matki. <br \/>Rezygnacja z oceny, czy krytyki sprawia, \u017ce nasze serce jest jak tafla czystej wody, w kt\u00f3rej mo\u017ce odbi\u0107 si\u0119 wi\u0119kszy lub mniejszy fragment Nieba!<br \/>Egoizm stale wytycza nam granic\u0119 posiadania, bycie najmniejszym otwiera granic\u0119 pe\u0142nego przebaczenia.<br \/>Czy pozwalasz Bogu na dokonanie w Tobie takiej przemiany?<\/p><p><strong>\u015aw. Jan Pawe\u0142 II:<\/strong> \u201dMoja si\u0142a od Jezusa, przez Ciebie Maryjo, przez twoje Serce, przez Twoje bole\u015bci, przez Twoje \u0142zy, przez Twoj\u0105 mi\u0142o\u015b\u0107.&#8221; (Krak\u00f3w, 9 czerwca 1979 r.)<\/p><p><strong>ks. kard. Stefan Wyszy\u0144ski:<\/strong> \u201eOl\u015bnieni cudem mi\u0142o\u015bci, mocy, bezmiaru mi\u0142osierdzia, g\u0142\u0119bi bogactw m\u0105dro\u015bci Bo\u017cej, z oczyma l\u015bni\u0105cymi \u0142z\u0105 rado\u015bci, z sercem wype\u0142nionym wdzi\u0119czno\u015bci\u0105, przyst\u0105pmy do przybytku chwa\u0142y, gdzie mieszka Maryja po\u015br\u00f3d swego ludu (\u2026) Uczmy si\u0119 m\u0105dro\u015bci \u017cycia wiek\u00f3w minionych, umacniajmy si\u0119 m\u0119\u017cnie sobie poczynaj\u0105c, pokrzepiajmy ducha, wszak d\u0142uga jeszcze czeka nas droga.\u201d (Lublin, 1946 r.)<\/p><p><em>Zadanie rekolekcyjne:<\/em><br \/>Odm\u00f3w r\u00f3\u017caniec &#8211; najlepiej we wsp\u00f3lnocie.<\/p><p><em>\u0106wiczenie dodatkowe:<\/em> <br \/>Odm\u00f3w koronk\u0119 do Bo\u017cego Mi\u0142osierdzia.<\/p><\/div>\n\t\t\t\t<\/div>\n\t\t\t\t<\/div>\n\t\t\t\t<div class=\"elementor-element elementor-element-c6db2e9 elementor-invisible elementor-widget elementor-widget-text-editor\" data-id=\"c6db2e9\" data-element_type=\"widget\" data-settings=\"{&quot;_animation&quot;:&quot;pulse&quot;}\" data-widget_type=\"text-editor.default\">\n\t\t\t\t<div class=\"elementor-widget-container\">\n\t\t\t\t\t<div class=\"elementor-text-editor elementor-clearfix\"><h2><a href=\"http:\/\/sercematki.eu\/wp-content\/uploads\/2020\/10\/SERCE-MATKI-_-dzien-7..pdf\" target=\"_blank\" rel=\"noopener\">SERCE MATKI rozwa\u017cania na 7. dzie\u0144 DO WYDRUKU<\/a><\/h2><\/div>\n\t\t\t\t<\/div>\n\t\t\t\t<\/div>\n\t\t\t\t<div class=\"elementor-element elementor-element-b457810 elementor-aspect-ratio-169 elementor-widget elementor-widget-video\" data-id=\"b457810\" data-element_type=\"widget\" data-settings=\"{&quot;aspect_ratio&quot;:&quot;169&quot;}\" data-widget_type=\"video.default\">\n\t\t\t\t<div class=\"elementor-widget-container\">\n\t\t\t\t\t<div class=\"elementor-wrapper elementor-fit-aspect-ratio elementor-open-inline\">\n\t\t\t<iframe class=\"elementor-video-iframe\" allowfullscreen title=\"youtube Video Player\" src=\"https:\/\/www.youtube.com\/embed\/6p_nqDKpr1s?feature=oembed&amp;start&amp;end&amp;wmode=opaque&amp;loop=0&amp;controls=1&amp;mute=0&amp;rel=0&amp;modestbranding=0\"><\/iframe>\t\t<\/div>\n\t\t\t\t<\/div>\n\t\t\t\t<\/div>\n\t\t\t\t\t\t<\/div>\n\t\t\t\t\t<\/div>\n\t\t<\/div>\n\t\t\t\t\t\t\t\t<\/div>\n\t\t\t\t\t<\/div>\n\t\t<\/section>\n\t\t\t\t\t\t<\/div>\n\t\t\t\t\t\t<\/div>\n\t\t\t\t\t<\/div>\n\t\t","protected":false},"excerpt":{"rendered":"<p>7. Dzie\u0144 19. pa\u017adziernika 2020 Matko mi\u0142osierdzia, m\u00f3dl si\u0119 za nami. S\u0142owo \u017bycia: \u201ePowiedzia\u0142 te\u017c do nich: \u00abUwa\u017cajcie i strze\u017ccie si\u0119 wszelkiej chciwo\u015bci, bo nawet gdy kto\u015b ma wszystkiego w nadmia-rze, to \u017cycie jego nie zale\u017cy od jego mienia.\u201d (\u0141k 12, 15) Ks. Mateusz: Matka Mi\u0142osierdzia. \u201eMaryja jest \u00abMatk\u0105 mi\u0142osierdzia\u00bb, poniewa\u017c jest Matk\u0105 Jezusa, w &hellip;<\/p>\n<p class=\"read-more\"> <a class=\"\" href=\"https:\/\/sercematki.eu\/?page_id=2111\"> <span class=\"screen-reader-text\">7. Dzie\u0144 19. pa\u017adziernika 2020<\/span> Read More &raquo;<\/a><\/p>\n","protected":false},"author":1,"featured_media":0,"parent":0,"menu_order":0,"comment_status":"closed","ping_status":"closed","template":"","meta":[],"yoast_head":"<!-- This site is optimized with the Yoast SEO plugin v15.0 - https:\/\/yoast.com\/wordpress\/plugins\/seo\/ -->\n<title>7. Dzie\u0144 19. pa\u017adziernika 2020 - sercematki.eu<\/title>\n<meta name=\"robots\" content=\"index, follow, max-snippet:-1, max-image-preview:large, max-video-preview:-1\" \/>\n<link rel=\"canonical\" href=\"http:\/\/sercematki.eu\/?page_id=2111\" \/>\n<meta property=\"og:locale\" content=\"pl_PL\" \/>\n<meta property=\"og:type\" content=\"article\" \/>\n<meta property=\"og:title\" content=\"7. Dzie\u0144 19. pa\u017adziernika 2020 - sercematki.eu\" \/>\n<meta property=\"og:description\" content=\"7. Dzie\u0144 19. pa\u017adziernika 2020 Matko mi\u0142osierdzia, m\u00f3dl si\u0119 za nami. S\u0142owo \u017bycia: \u201ePowiedzia\u0142 te\u017c do nich: \u00abUwa\u017cajcie i strze\u017ccie si\u0119 wszelkiej chciwo\u015bci, bo nawet gdy kto\u015b ma wszystkiego w nadmia-rze, to \u017cycie jego nie zale\u017cy od jego mienia.\u201d (\u0141k 12, 15) Ks. Mateusz: Matka Mi\u0142osierdzia. \u201eMaryja jest \u00abMatk\u0105 mi\u0142osierdzia\u00bb, poniewa\u017c jest Matk\u0105 Jezusa, w &hellip; 7. Dzie\u0144 19. pa\u017adziernika 2020 Read More &raquo;\" \/>\n<meta property=\"og:url\" content=\"http:\/\/sercematki.eu\/?page_id=2111\" \/>\n<meta property=\"og:site_name\" content=\"sercematki.eu\" \/>\n<meta property=\"article:modified_time\" content=\"2020-10-17T21:53:19+00:00\" \/>\n<meta name=\"twitter:card\" content=\"summary_large_image\" \/>\n<script type=\"application\/ld+json\" class=\"yoast-schema-graph\">{\"@context\":\"https:\/\/schema.org\",\"@graph\":[{\"@type\":\"WebSite\",\"@id\":\"https:\/\/sercematki.eu\/#website\",\"url\":\"https:\/\/sercematki.eu\/\",\"name\":\"sercematki.eu\",\"description\":\"33 bicia serca\",\"potentialAction\":[{\"@type\":\"SearchAction\",\"target\":\"https:\/\/sercematki.eu\/?s={search_term_string}\",\"query-input\":\"required name=search_term_string\"}],\"inLanguage\":\"pl-PL\"},{\"@type\":\"WebPage\",\"@id\":\"http:\/\/sercematki.eu\/?page_id=2111#webpage\",\"url\":\"http:\/\/sercematki.eu\/?page_id=2111\",\"name\":\"7. Dzie\\u0144 19. pa\\u017adziernika 2020 - sercematki.eu\",\"isPartOf\":{\"@id\":\"https:\/\/sercematki.eu\/#website\"},\"datePublished\":\"2020-10-19T03:00:00+00:00\",\"dateModified\":\"2020-10-17T21:53:19+00:00\",\"inLanguage\":\"pl-PL\",\"potentialAction\":[{\"@type\":\"ReadAction\",\"target\":[\"http:\/\/sercematki.eu\/?page_id=2111\"]}]}]}<\/script>\n<!-- \/ Yoast SEO plugin. -->","_links":{"self":[{"href":"https:\/\/sercematki.eu\/index.php?rest_route=\/wp\/v2\/pages\/2111"}],"collection":[{"href":"https:\/\/sercematki.eu\/index.php?rest_route=\/wp\/v2\/pages"}],"about":[{"href":"https:\/\/sercematki.eu\/index.php?rest_route=\/wp\/v2\/types\/page"}],"author":[{"embeddable":true,"href":"https:\/\/sercematki.eu\/index.php?rest_route=\/wp\/v2\/users\/1"}],"replies":[{"embeddable":true,"href":"https:\/\/sercematki.eu\/index.php?rest_route=%2Fwp%2Fv2%2Fcomments&post=2111"}],"version-history":[{"count":1,"href":"https:\/\/sercematki.eu\/index.php?rest_route=\/wp\/v2\/pages\/2111\/revisions"}],"predecessor-version":[{"id":3704,"href":"https:\/\/sercematki.eu\/index.php?rest_route=\/wp\/v2\/pages\/2111\/revisions\/3704"}],"wp:attachment":[{"href":"https:\/\/sercematki.eu\/index.php?rest_route=%2Fwp%2Fv2%2Fmedia&parent=2111"}],"curies":[{"name":"wp","href":"https:\/\/api.w.org\/{rel}","templated":true}]}}