{"id":2113,"date":"2020-05-19T10:28:45","date_gmt":"2020-05-19T08:28:45","guid":{"rendered":"http:\/\/sercematki.eu\/?page_id=2113"},"modified":"2020-10-19T21:40:50","modified_gmt":"2020-10-19T19:40:50","slug":"dzien-8","status":"publish","type":"page","link":"https:\/\/sercematki.eu\/?page_id=2113","title":{"rendered":"8. Dzie\u0144 20 pa\u017adziernika 2020"},"content":{"rendered":"\t\t<div data-elementor-type=\"wp-page\" data-elementor-id=\"2113\" class=\"elementor elementor-2113\" data-elementor-settings=\"[]\">\n\t\t\t\t\t\t<div class=\"elementor-inner\">\n\t\t\t\t\t\t\t<div class=\"elementor-section-wrap\">\n\t\t\t\t\t\t\t<section class=\"elementor-section elementor-top-section elementor-element elementor-element-f95a365 elementor-section-boxed elementor-section-height-default elementor-section-height-default\" data-id=\"f95a365\" data-element_type=\"section\">\n\t\t\t\t\t\t<div class=\"elementor-container elementor-column-gap-default\">\n\t\t\t\t\t\t\t<div class=\"elementor-row\">\n\t\t\t\t\t<div class=\"elementor-column elementor-col-100 elementor-top-column elementor-element elementor-element-33fa5f5\" data-id=\"33fa5f5\" data-element_type=\"column\">\n\t\t\t<div class=\"elementor-column-wrap elementor-element-populated\">\n\t\t\t\t\t\t\t<div class=\"elementor-widget-wrap\">\n\t\t\t\t\t\t<div class=\"elementor-element elementor-element-854a9ab elementor-widget elementor-widget-heading\" data-id=\"854a9ab\" data-element_type=\"widget\" data-widget_type=\"heading.default\">\n\t\t\t\t<div class=\"elementor-widget-container\">\n\t\t\t<h2 class=\"elementor-heading-title elementor-size-default\">8. Dzie\u0144 21. Pa\u017adziernika 2020 <\/h2>\t\t<\/div>\n\t\t\t\t<\/div>\n\t\t\t\t<div class=\"elementor-element elementor-element-693498a elementor-widget-divider--view-line elementor-widget elementor-widget-divider\" data-id=\"693498a\" data-element_type=\"widget\" data-widget_type=\"divider.default\">\n\t\t\t\t<div class=\"elementor-widget-container\">\n\t\t\t\t\t<div class=\"elementor-divider\">\n\t\t\t<span class=\"elementor-divider-separator\">\n\t\t\t\t\t\t<\/span>\n\t\t<\/div>\n\t\t\t\t<\/div>\n\t\t\t\t<\/div>\n\t\t\t\t<div class=\"elementor-element elementor-element-84ce092 elementor-invisible elementor-widget elementor-widget-text-editor\" data-id=\"84ce092\" data-element_type=\"widget\" data-settings=\"{&quot;_animation&quot;:&quot;pulse&quot;}\" data-widget_type=\"text-editor.default\">\n\t\t\t\t<div class=\"elementor-widget-container\">\n\t\t\t\t\t<div class=\"elementor-text-editor elementor-clearfix\"><p><em>Matko \u0142aski Bo\u017cej, m\u00f3dl si\u0119 za nami.<\/em><\/p><\/div>\n\t\t\t\t<\/div>\n\t\t\t\t<\/div>\n\t\t\t\t<div class=\"elementor-element elementor-element-fac6bc2 elementor-widget elementor-widget-text-editor\" data-id=\"fac6bc2\" data-element_type=\"widget\" data-widget_type=\"text-editor.default\">\n\t\t\t\t<div class=\"elementor-widget-container\">\n\t\t\t\t\t<div class=\"elementor-text-editor elementor-clearfix\"><p><strong>S\u0142owo \u017bycia:<\/strong><br \/>\u201eA wy b\u0105d\u017acie podobni do ludzi oczekuj\u0105cych swego pana, kiedy z uczty weselnej powr\u00f3ci, aby mu zaraz otworzy\u0107, gdy nadejdzie i zako\u0142acze. Szcz\u0119\u015bliwi owi s\u0142udzy, kt\u00f3rych pan zastanie czuwaj\u0105cych, gdy nadejdzie.\u201d (\u0141k 12, 36-37)<\/p><p><strong>Ks. Mateusz:<\/strong> <br \/>Matka \u0142aski Bo\u017cej.<br \/>Jan Pawe\u0142 II przekonuje: \u201ePatrz\u0105c na Maryj\u0119, wierz\u0105cy uczy si\u0119 \u017cy\u0107 w najg\u0142\u0119bszej komunii z Chrystusem, i\u015b\u0107 za Nim z \u017cyw\u0105 wiar\u0105, pok\u0142ada\u0107 w Nim swoj\u0105 ufno\u015b\u0107 i nadziej\u0119, kochaj\u0105c Go ca\u0142ym swym jestestwem\u201d .<br \/>Maryja &#8211; \u201epe\u0142na \u0142aski\u201d &#8211; mo\u017ce nas nauczy\u0107 jak owocnie wsp\u00f3\u0142pracowa\u0107 z Bo\u017cymi darami. <br \/>Gromadz\u0105c si\u0119 na Eucharystii uczmy si\u0119 od Serca Matki otwarto\u015bci na Bo\u017ce S\u0142owo oraz Jezusa Chrystusa, kt\u00f3ry chce nas obdarza\u0107 Swymi \u0142askami. Pro\u015bmy Maryj\u0119 ju\u017c podczas obrz\u0119d\u00f3w wst\u0119pnych o serce otwarte na Bo\u017c\u0105 \u0142ask\u0119.<\/p><p><strong>Marek:<\/strong><br \/>B\u00f3g zachwyca si\u0119 ma\u0142ymi i pokornymi. Warto\u015bci\u0105 jest dla Niego sam cz\u0142owiek i jego wn\u0119trze. Cz\u0119sto co\u015b co na zewn\u0105trz wygl\u0105da okazale wewn\u0105trz kryje przera\u017caj\u0105c\u0105 pustk\u0119. <br \/>Wype\u0142niaj\u0105 nas bowiem tylko wspomnienia o smacznych deserach, kawiarniach, marzenia o idyllicznych podr\u00f3\u017cach, czy nieko\u0144cz\u0105cych si\u0119 zakupach. <br \/>Adoruj\u0105c w ten spos\u00f3b wy\u0142\u0105cznie w\u0142asne \u201eja\u201d tracimy prawdziw\u0105 syto\u015b\u0107 &#8211; syto\u015b\u0107 w Bogu.<br \/>Maryja jest stale w po\u015bpiechu mi\u0142o\u015bci. Uczy nas postawy zawsze gotowej, aby kocha\u0107 Boga w drugim cz\u0142owieku. Nie jest to chwilowy poryw, lecz sta\u0142a dyspozycja Serca Matki, z mi\u0142o\u015bci\u0105 czuwaj\u0105cej przy Bogu i Jego s\u0142owie. Czy pragn\u0119 uczy\u0107 si\u0119 od Maryi takiego po\u015bpiechu w mi\u0142o\u015bci?<\/p><p><strong>\u015aw. Jan Pawe\u0142 II:<\/strong> \u201eMaryja jest wspania\u0142\u0105 i jedyn\u0105 Nosicielk\u0105 Chrystusowego Okupienia; uprzywilejowana Przekazicielka Jego laski, jedyn\u0105 Drog\u0105, przez kt\u00f3r\u0105 \u0142aska sp\u0142ywa na ludzi w niezwyk\u0142ej i cudownej obfito\u015bci. Gdziekolwiek obecna jest Maryja, tam obfituje \u0142aska i tam dokonuje si\u0119 uzdrowienie cia\u0142a i duszy cz\u0142owieka.&#8221; (Castel Gandolfo, 19 lipca 1987 r.)<\/p><p><strong>ks. kard. Stefan Wyszy\u0144ski:<\/strong> \u201eMaryja wy\u015bpiewa\u0142a w Magnificat pierwszy program spo\u0142eczny w porz\u0105dku chrze\u015bcija\u0144skim. (\u2026) Od Niej musimy si\u0119 uczy\u0107 wra\u017cliwo\u015bci spo\u0142ecznej, tego jak trzeba nie tylko o sobie pami\u0119ta\u0107, o przyodzianiu i nakarmieniu swych domownik\u00f3w, ale jak trzeba widzie\u0107 wok\u00f3\u0142 siebie wszystkich: g\u0142odnych, pragn\u0105cych i ubogich.\u201d (Jasna G\u00f3ra, 1957 r.)<\/p><p><em>Zadanie rekolekcyjne:<\/em><br \/>Odm\u00f3w r\u00f3\u017caniec &#8211; najlepiej we wsp\u00f3lnocie.<br \/><em>\u0106wiczenie dodatkowe:<\/em> <br \/>Zaplanuj udzia\u0142 w Eucharystii w tygodniu.<\/p><\/div>\n\t\t\t\t<\/div>\n\t\t\t\t<\/div>\n\t\t\t\t<div class=\"elementor-element elementor-element-1912efd elementor-invisible elementor-widget elementor-widget-text-editor\" data-id=\"1912efd\" data-element_type=\"widget\" data-settings=\"{&quot;_animation&quot;:&quot;pulse&quot;}\" data-widget_type=\"text-editor.default\">\n\t\t\t\t<div class=\"elementor-widget-container\">\n\t\t\t\t\t<div class=\"elementor-text-editor elementor-clearfix\"><h2><a href=\"http:\/\/sercematki.eu\/wp-content\/uploads\/2020\/10\/SERCE-MATKI-_-dzien-8..pdf\" target=\"_blank\" rel=\"noopener\">SERCE MATKI rozwa\u017cania na 8. dzie\u0144 DO WYDRUKU<\/a><\/h2><\/div>\n\t\t\t\t<\/div>\n\t\t\t\t<\/div>\n\t\t\t\t<div class=\"elementor-element elementor-element-ab27afc elementor-aspect-ratio-169 elementor-widget elementor-widget-video\" data-id=\"ab27afc\" data-element_type=\"widget\" data-settings=\"{&quot;aspect_ratio&quot;:&quot;169&quot;}\" data-widget_type=\"video.default\">\n\t\t\t\t<div class=\"elementor-widget-container\">\n\t\t\t\t\t<div class=\"elementor-wrapper elementor-fit-aspect-ratio elementor-open-inline\">\n\t\t\t<iframe class=\"elementor-video-iframe\" allowfullscreen title=\"youtube Video Player\" src=\"https:\/\/www.youtube.com\/embed\/lk5LydFkt44?feature=oembed&amp;start&amp;end&amp;wmode=opaque&amp;loop=0&amp;controls=1&amp;mute=0&amp;rel=0&amp;modestbranding=0\"><\/iframe>\t\t<\/div>\n\t\t\t\t<\/div>\n\t\t\t\t<\/div>\n\t\t\t\t\t\t<\/div>\n\t\t\t\t\t<\/div>\n\t\t<\/div>\n\t\t\t\t\t\t\t\t<\/div>\n\t\t\t\t\t<\/div>\n\t\t<\/section>\n\t\t\t\t\t\t<\/div>\n\t\t\t\t\t\t<\/div>\n\t\t\t\t\t<\/div>\n\t\t","protected":false},"excerpt":{"rendered":"<p>8. Dzie\u0144 21. Pa\u017adziernika 2020 Matko \u0142aski Bo\u017cej, m\u00f3dl si\u0119 za nami. S\u0142owo \u017bycia:\u201eA wy b\u0105d\u017acie podobni do ludzi oczekuj\u0105cych swego pana, kiedy z uczty weselnej powr\u00f3ci, aby mu zaraz otworzy\u0107, gdy nadejdzie i zako\u0142acze. Szcz\u0119\u015bliwi owi s\u0142udzy, kt\u00f3rych pan zastanie czuwaj\u0105cych, gdy nadejdzie.\u201d (\u0141k 12, 36-37) Ks. Mateusz: Matka \u0142aski Bo\u017cej.Jan Pawe\u0142 II przekonuje: &hellip;<\/p>\n<p class=\"read-more\"> <a class=\"\" href=\"https:\/\/sercematki.eu\/?page_id=2113\"> <span class=\"screen-reader-text\">8. Dzie\u0144 20 pa\u017adziernika 2020<\/span> Read More &raquo;<\/a><\/p>\n","protected":false},"author":1,"featured_media":0,"parent":0,"menu_order":0,"comment_status":"closed","ping_status":"closed","template":"","meta":[],"yoast_head":"<!-- This site is optimized with the Yoast SEO plugin v15.0 - https:\/\/yoast.com\/wordpress\/plugins\/seo\/ -->\n<title>8. Dzie\u0144 20 pa\u017adziernika 2020 - sercematki.eu<\/title>\n<meta name=\"robots\" content=\"index, follow, max-snippet:-1, max-image-preview:large, max-video-preview:-1\" \/>\n<link rel=\"canonical\" href=\"http:\/\/sercematki.eu\/?page_id=2113\" \/>\n<meta property=\"og:locale\" content=\"pl_PL\" \/>\n<meta property=\"og:type\" content=\"article\" \/>\n<meta property=\"og:title\" content=\"8. Dzie\u0144 20 pa\u017adziernika 2020 - sercematki.eu\" \/>\n<meta property=\"og:description\" content=\"8. Dzie\u0144 21. Pa\u017adziernika 2020 Matko \u0142aski Bo\u017cej, m\u00f3dl si\u0119 za nami. S\u0142owo \u017bycia:\u201eA wy b\u0105d\u017acie podobni do ludzi oczekuj\u0105cych swego pana, kiedy z uczty weselnej powr\u00f3ci, aby mu zaraz otworzy\u0107, gdy nadejdzie i zako\u0142acze. Szcz\u0119\u015bliwi owi s\u0142udzy, kt\u00f3rych pan zastanie czuwaj\u0105cych, gdy nadejdzie.\u201d (\u0141k 12, 36-37) Ks. Mateusz: Matka \u0142aski Bo\u017cej.Jan Pawe\u0142 II przekonuje: &hellip; 8. Dzie\u0144 20 pa\u017adziernika 2020 Read More &raquo;\" \/>\n<meta property=\"og:url\" content=\"http:\/\/sercematki.eu\/?page_id=2113\" \/>\n<meta property=\"og:site_name\" content=\"sercematki.eu\" \/>\n<meta property=\"article:modified_time\" content=\"2020-10-19T19:40:50+00:00\" \/>\n<meta name=\"twitter:card\" content=\"summary_large_image\" \/>\n<script type=\"application\/ld+json\" class=\"yoast-schema-graph\">{\"@context\":\"https:\/\/schema.org\",\"@graph\":[{\"@type\":\"WebSite\",\"@id\":\"https:\/\/sercematki.eu\/#website\",\"url\":\"https:\/\/sercematki.eu\/\",\"name\":\"sercematki.eu\",\"description\":\"33 bicia serca\",\"potentialAction\":[{\"@type\":\"SearchAction\",\"target\":\"https:\/\/sercematki.eu\/?s={search_term_string}\",\"query-input\":\"required name=search_term_string\"}],\"inLanguage\":\"pl-PL\"},{\"@type\":\"WebPage\",\"@id\":\"http:\/\/sercematki.eu\/?page_id=2113#webpage\",\"url\":\"http:\/\/sercematki.eu\/?page_id=2113\",\"name\":\"8. Dzie\\u0144 20 pa\\u017adziernika 2020 - sercematki.eu\",\"isPartOf\":{\"@id\":\"https:\/\/sercematki.eu\/#website\"},\"datePublished\":\"2020-05-19T08:28:45+00:00\",\"dateModified\":\"2020-10-19T19:40:50+00:00\",\"inLanguage\":\"pl-PL\",\"potentialAction\":[{\"@type\":\"ReadAction\",\"target\":[\"http:\/\/sercematki.eu\/?page_id=2113\"]}]}]}<\/script>\n<!-- \/ Yoast SEO plugin. -->","_links":{"self":[{"href":"https:\/\/sercematki.eu\/index.php?rest_route=\/wp\/v2\/pages\/2113"}],"collection":[{"href":"https:\/\/sercematki.eu\/index.php?rest_route=\/wp\/v2\/pages"}],"about":[{"href":"https:\/\/sercematki.eu\/index.php?rest_route=\/wp\/v2\/types\/page"}],"author":[{"embeddable":true,"href":"https:\/\/sercematki.eu\/index.php?rest_route=\/wp\/v2\/users\/1"}],"replies":[{"embeddable":true,"href":"https:\/\/sercematki.eu\/index.php?rest_route=%2Fwp%2Fv2%2Fcomments&post=2113"}],"version-history":[{"count":1,"href":"https:\/\/sercematki.eu\/index.php?rest_route=\/wp\/v2\/pages\/2113\/revisions"}],"predecessor-version":[{"id":3709,"href":"https:\/\/sercematki.eu\/index.php?rest_route=\/wp\/v2\/pages\/2113\/revisions\/3709"}],"wp:attachment":[{"href":"https:\/\/sercematki.eu\/index.php?rest_route=%2Fwp%2Fv2%2Fmedia&parent=2113"}],"curies":[{"name":"wp","href":"https:\/\/api.w.org\/{rel}","templated":true}]}}