{"id":2115,"date":"2020-05-19T10:29:06","date_gmt":"2020-05-19T08:29:06","guid":{"rendered":"http:\/\/sercematki.eu\/?page_id=2115"},"modified":"2020-10-20T22:08:18","modified_gmt":"2020-10-20T20:08:18","slug":"dzien-9","status":"publish","type":"page","link":"https:\/\/sercematki.eu\/?page_id=2115","title":{"rendered":"9. Dzie\u0144 21. pa\u017adziernika 2020"},"content":{"rendered":"\t\t<div data-elementor-type=\"wp-page\" data-elementor-id=\"2115\" class=\"elementor elementor-2115\" data-elementor-settings=\"[]\">\n\t\t\t\t\t\t<div class=\"elementor-inner\">\n\t\t\t\t\t\t\t<div class=\"elementor-section-wrap\">\n\t\t\t\t\t\t\t<section class=\"elementor-section elementor-top-section elementor-element elementor-element-d9592cb elementor-section-boxed elementor-section-height-default elementor-section-height-default\" data-id=\"d9592cb\" data-element_type=\"section\">\n\t\t\t\t\t\t<div class=\"elementor-container elementor-column-gap-default\">\n\t\t\t\t\t\t\t<div class=\"elementor-row\">\n\t\t\t\t\t<div class=\"elementor-column elementor-col-100 elementor-top-column elementor-element elementor-element-919fe89\" data-id=\"919fe89\" data-element_type=\"column\">\n\t\t\t<div class=\"elementor-column-wrap elementor-element-populated\">\n\t\t\t\t\t\t\t<div class=\"elementor-widget-wrap\">\n\t\t\t\t\t\t<div class=\"elementor-element elementor-element-635e952 elementor-widget elementor-widget-heading\" data-id=\"635e952\" data-element_type=\"widget\" data-widget_type=\"heading.default\">\n\t\t\t\t<div class=\"elementor-widget-container\">\n\t\t\t<h2 class=\"elementor-heading-title elementor-size-default\">9. Dzie\u0144 21. Pa\u017adziernika 2020<\/h2>\t\t<\/div>\n\t\t\t\t<\/div>\n\t\t\t\t<div class=\"elementor-element elementor-element-d822e89 elementor-widget-divider--view-line elementor-widget elementor-widget-divider\" data-id=\"d822e89\" data-element_type=\"widget\" data-widget_type=\"divider.default\">\n\t\t\t\t<div class=\"elementor-widget-container\">\n\t\t\t\t\t<div class=\"elementor-divider\">\n\t\t\t<span class=\"elementor-divider-separator\">\n\t\t\t\t\t\t<\/span>\n\t\t<\/div>\n\t\t\t\t<\/div>\n\t\t\t\t<\/div>\n\t\t\t\t<div class=\"elementor-element elementor-element-b9460ed elementor-invisible elementor-widget elementor-widget-text-editor\" data-id=\"b9460ed\" data-element_type=\"widget\" data-settings=\"{&quot;_animation&quot;:&quot;pulse&quot;}\" data-widget_type=\"text-editor.default\">\n\t\t\t\t<div class=\"elementor-widget-container\">\n\t\t\t\t\t<div class=\"elementor-text-editor elementor-clearfix\"><h5><span style=\"font-weight: normal;\"><em>Matko nadziei, m\u00f3dl si\u0119 za nami.<\/em><\/span><\/h5><\/div>\n\t\t\t\t<\/div>\n\t\t\t\t<\/div>\n\t\t\t\t<div class=\"elementor-element elementor-element-2c8ac7c elementor-widget elementor-widget-text-editor\" data-id=\"2c8ac7c\" data-element_type=\"widget\" data-widget_type=\"text-editor.default\">\n\t\t\t\t<div class=\"elementor-widget-container\">\n\t\t\t\t\t<div class=\"elementor-text-editor elementor-clearfix\"><p><strong>S\u0142owo \u017bycia:<\/strong><br \/>\u201eKomu wiele dano, od tego wiele wymaga\u0107 si\u0119 b\u0119dzie; a komu wiele powierzono, tym wi\u0119cej od niego \u017c\u0105da\u0107 b\u0119d\u0105.\u201d (\u0141k 12, 48)<\/p><p><strong>Ks. Mateusz:<\/strong> <br \/>Matka nadziei.<br \/>M\u00f3wi\u0105: \u201enadzieja matk\u0105 g\u0142upich\u201d\u2026 Tymczasem Maryja jest Matk\u0105 nadziei. Nadzieja chrze\u015bcijan nie jest g\u0142upia, ale jest wyrazem m\u0105drej po-Bo\u017cno\u015bci &#8211; ma swoje \u017ar\u00f3d\u0142o w Jezusie Chrystusie, kt\u00f3ry pokona\u0142 grzech, \u015bmier\u0107 i szatana. Po-Bo\u017cna (od Boga p\u0142yn\u0105ca) nadzieja si\u0119ga poza pr\u00f3g \u015bmierci i otwiera przed nami niebo. Bez nadziei cz\u0142owiek pogr\u0105\u017ca si\u0119 w bez-Bo\u017cnej rozpaczy.<br \/>Benedykt XVI w rocznic\u0119 objawie\u0144 fatimskich w 2010 roku m\u00f3wi\u0142: \u201eNiebo otworzy\u0142o si\u0119 w\u0142a\u015bnie w Portugalii &#8211; jako okno nadziei, kt\u00f3re B\u00f3g otwiera, gdy cz\u0142owiek zamyka drzwi\u201d.<br \/>Maryja jako Matka nadziei ukazuje nam plan mi\u0142o\u015bci Boga do cz\u0142owieka si\u0119gaj\u0105cy wieczno\u015bci.<\/p><p><strong>Marek:<\/strong><br \/>Wesele w Kanie ukazuje jak Maryja wychodzi naprzeciw naszej zranionej i s\u0142abej woli. <br \/>Wie\u0328kszos\u0301c\u0301 z nas nie moz\u0307e poprosic\u0301 o uzdrowienie duszy, bo tylko niewielu z nas wie, z\u0307e jestes\u0301my zranieni. <br \/>Dziecko nie zawsze moz\u0307e powiedziec\u0301 matce, czego potrzebuje &#8211; byc\u0301 moz\u0307e jest g\u0142odne lub chore. Moz\u0307e p\u0142akac\u0301, ale skarga ta jest r\u00f3wnie nieokres\u0301lona, jak nasze w\u0142asne, doros\u0142e p\u0142acze, gdy jestes\u0301my nieszcze\u0328s\u0301liwi, zaniepokojeni czy sfrustrowani. <br \/>Maryja rozumie nasze niepokoje i zna najlepiej potrzeby serca. Jak dziecko potrzebuje lekarza, tak Serce Matki wie, z\u0307e zawsze potrzebujemy Jej Boskiego Syna &#8211; wie, o co Go prosi\u0107. <br \/>Czy zanosz\u0119 moje modlitwy do Boga przez Serce Matki?<\/p><p><strong>\u015aw. Jan Pawe\u0142 II:<\/strong> &#8222;S\u0142u\u017cebnico! Pokorna i przemo\u017cna zarazem, od pocz\u0105tku uwik\u0142ana w walk\u0119 z tym, kt\u00f3ry jest ojcem k\u0142amstwa, kt\u00f3ry zwodzi wszystek \u015bwiat. W pocz\u0119ciu Niepokalanym jest dla nas zapowied\u017a zwyci\u0119stwa.&#8221; (z Nowenny przed Uroczysto\u015bci\u0105 Niepokalanego pocz\u0119cia Maryi Panny &#8211; dzie\u0144 V &#8211; 3 grudnia)<\/p><p><strong>ks. kard. Stefan Wyszy\u0144ski:<\/strong> \u201eDante pisa\u0142 w swej \u201eBoskiej komedii\u201d: \u201eOto twarz, kt\u00f3ra najbardziej przypomina Chry-stusa\u201d. Bo w rysach matki rozpoznajemy najwi\u0119ksze podobie\u0144stwo do jej dzieci. Je\u017celi wi\u0119c chcemy pozna\u0107 Syna, musimy przygl\u0105da\u0107 si\u0119 Matce. (\u2026) Czy\u017c mieliby\u015bmy l\u0119ka\u0107 si\u0119 tego, czego sam B\u00f3g si\u0119 nie l\u0119ka?\u201d (Warszawa, 1957 r.)<\/p><p><em>Zadanie rekolekcyjne:<\/em><br \/>Odm\u00f3w r\u00f3\u017caniec &#8211; najlepiej we wsp\u00f3lnocie.<\/p><p><em>\u0106wiczenie dodatkowe:<\/em> <br \/>Odm\u00f3w Litani\u0119 Loreta\u0144sk\u0105.<\/p><\/div>\n\t\t\t\t<\/div>\n\t\t\t\t<\/div>\n\t\t\t\t<div class=\"elementor-element elementor-element-2c24f09 elementor-invisible elementor-widget elementor-widget-text-editor\" data-id=\"2c24f09\" data-element_type=\"widget\" data-settings=\"{&quot;_animation&quot;:&quot;pulse&quot;}\" data-widget_type=\"text-editor.default\">\n\t\t\t\t<div class=\"elementor-widget-container\">\n\t\t\t\t\t<div class=\"elementor-text-editor elementor-clearfix\"><h2><a href=\"http:\/\/sercematki.eu\/wp-content\/uploads\/2020\/10\/SERCE-MATKI-_-dzien-9..pdf\" target=\"_blank\" rel=\"noopener\">SERCE MATKI rozwa\u017cania na 9. dzie\u0144 DO WYDRUKU<\/a><\/h2><\/div>\n\t\t\t\t<\/div>\n\t\t\t\t<\/div>\n\t\t\t\t<div class=\"elementor-element elementor-element-77a02c1 elementor-aspect-ratio-169 elementor-widget elementor-widget-video\" data-id=\"77a02c1\" data-element_type=\"widget\" data-settings=\"{&quot;aspect_ratio&quot;:&quot;169&quot;}\" data-widget_type=\"video.default\">\n\t\t\t\t<div class=\"elementor-widget-container\">\n\t\t\t\t\t<div class=\"elementor-wrapper elementor-fit-aspect-ratio elementor-open-inline\">\n\t\t\t<iframe class=\"elementor-video-iframe\" allowfullscreen title=\"youtube Video Player\" src=\"https:\/\/www.youtube.com\/embed\/mDuQse2qZWg?feature=oembed&amp;start&amp;end&amp;wmode=opaque&amp;loop=0&amp;controls=1&amp;mute=0&amp;rel=0&amp;modestbranding=0\"><\/iframe>\t\t<\/div>\n\t\t\t\t<\/div>\n\t\t\t\t<\/div>\n\t\t\t\t\t\t<\/div>\n\t\t\t\t\t<\/div>\n\t\t<\/div>\n\t\t\t\t\t\t\t\t<\/div>\n\t\t\t\t\t<\/div>\n\t\t<\/section>\n\t\t\t\t\t\t<\/div>\n\t\t\t\t\t\t<\/div>\n\t\t\t\t\t<\/div>\n\t\t","protected":false},"excerpt":{"rendered":"<p>9. Dzie\u0144 21. Pa\u017adziernika 2020 Matko nadziei, m\u00f3dl si\u0119 za nami. S\u0142owo \u017bycia:\u201eKomu wiele dano, od tego wiele wymaga\u0107 si\u0119 b\u0119dzie; a komu wiele powierzono, tym wi\u0119cej od niego \u017c\u0105da\u0107 b\u0119d\u0105.\u201d (\u0141k 12, 48) Ks. Mateusz: Matka nadziei.M\u00f3wi\u0105: \u201enadzieja matk\u0105 g\u0142upich\u201d\u2026 Tymczasem Maryja jest Matk\u0105 nadziei. Nadzieja chrze\u015bcijan nie jest g\u0142upia, ale jest wyrazem m\u0105drej &hellip;<\/p>\n<p class=\"read-more\"> <a class=\"\" href=\"https:\/\/sercematki.eu\/?page_id=2115\"> <span class=\"screen-reader-text\">9. Dzie\u0144 21. pa\u017adziernika 2020<\/span> Read More &raquo;<\/a><\/p>\n","protected":false},"author":1,"featured_media":0,"parent":0,"menu_order":0,"comment_status":"closed","ping_status":"closed","template":"","meta":[],"yoast_head":"<!-- This site is optimized with the Yoast SEO plugin v15.0 - https:\/\/yoast.com\/wordpress\/plugins\/seo\/ -->\n<title>9. Dzie\u0144 21. pa\u017adziernika 2020 - sercematki.eu<\/title>\n<meta name=\"robots\" content=\"index, follow, max-snippet:-1, max-image-preview:large, max-video-preview:-1\" \/>\n<link rel=\"canonical\" href=\"http:\/\/sercematki.eu\/?page_id=2115\" \/>\n<meta property=\"og:locale\" content=\"pl_PL\" \/>\n<meta property=\"og:type\" content=\"article\" \/>\n<meta property=\"og:title\" content=\"9. Dzie\u0144 21. pa\u017adziernika 2020 - sercematki.eu\" \/>\n<meta property=\"og:description\" content=\"9. Dzie\u0144 21. Pa\u017adziernika 2020 Matko nadziei, m\u00f3dl si\u0119 za nami. S\u0142owo \u017bycia:\u201eKomu wiele dano, od tego wiele wymaga\u0107 si\u0119 b\u0119dzie; a komu wiele powierzono, tym wi\u0119cej od niego \u017c\u0105da\u0107 b\u0119d\u0105.\u201d (\u0141k 12, 48) Ks. Mateusz: Matka nadziei.M\u00f3wi\u0105: \u201enadzieja matk\u0105 g\u0142upich\u201d\u2026 Tymczasem Maryja jest Matk\u0105 nadziei. Nadzieja chrze\u015bcijan nie jest g\u0142upia, ale jest wyrazem m\u0105drej &hellip; 9. Dzie\u0144 21. pa\u017adziernika 2020 Read More &raquo;\" \/>\n<meta property=\"og:url\" content=\"http:\/\/sercematki.eu\/?page_id=2115\" \/>\n<meta property=\"og:site_name\" content=\"sercematki.eu\" \/>\n<meta property=\"article:modified_time\" content=\"2020-10-20T20:08:18+00:00\" \/>\n<meta name=\"twitter:card\" content=\"summary_large_image\" \/>\n<script type=\"application\/ld+json\" class=\"yoast-schema-graph\">{\"@context\":\"https:\/\/schema.org\",\"@graph\":[{\"@type\":\"WebSite\",\"@id\":\"https:\/\/sercematki.eu\/#website\",\"url\":\"https:\/\/sercematki.eu\/\",\"name\":\"sercematki.eu\",\"description\":\"33 bicia serca\",\"potentialAction\":[{\"@type\":\"SearchAction\",\"target\":\"https:\/\/sercematki.eu\/?s={search_term_string}\",\"query-input\":\"required name=search_term_string\"}],\"inLanguage\":\"pl-PL\"},{\"@type\":\"WebPage\",\"@id\":\"http:\/\/sercematki.eu\/?page_id=2115#webpage\",\"url\":\"http:\/\/sercematki.eu\/?page_id=2115\",\"name\":\"9. Dzie\\u0144 21. pa\\u017adziernika 2020 - sercematki.eu\",\"isPartOf\":{\"@id\":\"https:\/\/sercematki.eu\/#website\"},\"datePublished\":\"2020-05-19T08:29:06+00:00\",\"dateModified\":\"2020-10-20T20:08:18+00:00\",\"inLanguage\":\"pl-PL\",\"potentialAction\":[{\"@type\":\"ReadAction\",\"target\":[\"http:\/\/sercematki.eu\/?page_id=2115\"]}]}]}<\/script>\n<!-- \/ Yoast SEO plugin. -->","_links":{"self":[{"href":"https:\/\/sercematki.eu\/index.php?rest_route=\/wp\/v2\/pages\/2115"}],"collection":[{"href":"https:\/\/sercematki.eu\/index.php?rest_route=\/wp\/v2\/pages"}],"about":[{"href":"https:\/\/sercematki.eu\/index.php?rest_route=\/wp\/v2\/types\/page"}],"author":[{"embeddable":true,"href":"https:\/\/sercematki.eu\/index.php?rest_route=\/wp\/v2\/users\/1"}],"replies":[{"embeddable":true,"href":"https:\/\/sercematki.eu\/index.php?rest_route=%2Fwp%2Fv2%2Fcomments&post=2115"}],"version-history":[{"count":1,"href":"https:\/\/sercematki.eu\/index.php?rest_route=\/wp\/v2\/pages\/2115\/revisions"}],"predecessor-version":[{"id":3714,"href":"https:\/\/sercematki.eu\/index.php?rest_route=\/wp\/v2\/pages\/2115\/revisions\/3714"}],"wp:attachment":[{"href":"https:\/\/sercematki.eu\/index.php?rest_route=%2Fwp%2Fv2%2Fmedia&parent=2115"}],"curies":[{"name":"wp","href":"https:\/\/api.w.org\/{rel}","templated":true}]}}