{"id":2121,"date":"2020-05-19T10:30:41","date_gmt":"2020-05-19T08:30:41","guid":{"rendered":"http:\/\/sercematki.eu\/?page_id=2121"},"modified":"2020-10-23T23:35:02","modified_gmt":"2020-10-23T21:35:02","slug":"dzien-12","status":"publish","type":"page","link":"https:\/\/sercematki.eu\/?page_id=2121","title":{"rendered":"12. Dzie\u0144 24. pa\u017adziernika 2020"},"content":{"rendered":"\t\t<div data-elementor-type=\"wp-page\" data-elementor-id=\"2121\" class=\"elementor elementor-2121\" data-elementor-settings=\"[]\">\n\t\t\t\t\t\t<div class=\"elementor-inner\">\n\t\t\t\t\t\t\t<div class=\"elementor-section-wrap\">\n\t\t\t\t\t\t\t<section class=\"elementor-section elementor-top-section elementor-element elementor-element-9e00637 elementor-section-boxed elementor-section-height-default elementor-section-height-default\" data-id=\"9e00637\" data-element_type=\"section\">\n\t\t\t\t\t\t<div class=\"elementor-container elementor-column-gap-default\">\n\t\t\t\t\t\t\t<div class=\"elementor-row\">\n\t\t\t\t\t<div class=\"elementor-column elementor-col-100 elementor-top-column elementor-element elementor-element-9f97bae\" data-id=\"9f97bae\" data-element_type=\"column\">\n\t\t\t<div class=\"elementor-column-wrap elementor-element-populated\">\n\t\t\t\t\t\t\t<div class=\"elementor-widget-wrap\">\n\t\t\t\t\t\t<div class=\"elementor-element elementor-element-c30c76f elementor-widget elementor-widget-heading\" data-id=\"c30c76f\" data-element_type=\"widget\" data-widget_type=\"heading.default\">\n\t\t\t\t<div class=\"elementor-widget-container\">\n\t\t\t<h2 class=\"elementor-heading-title elementor-size-default\">12. Dzie\u0144 24. pa\u017adziernika 2020<\/h2>\t\t<\/div>\n\t\t\t\t<\/div>\n\t\t\t\t<div class=\"elementor-element elementor-element-543c718 elementor-widget-divider--view-line elementor-widget elementor-widget-divider\" data-id=\"543c718\" data-element_type=\"widget\" data-widget_type=\"divider.default\">\n\t\t\t\t<div class=\"elementor-widget-container\">\n\t\t\t\t\t<div class=\"elementor-divider\">\n\t\t\t<span class=\"elementor-divider-separator\">\n\t\t\t\t\t\t<\/span>\n\t\t<\/div>\n\t\t\t\t<\/div>\n\t\t\t\t<\/div>\n\t\t\t\t<div class=\"elementor-element elementor-element-38c1923 elementor-invisible elementor-widget elementor-widget-text-editor\" data-id=\"38c1923\" data-element_type=\"widget\" data-settings=\"{&quot;_animation&quot;:&quot;pulse&quot;}\" data-widget_type=\"text-editor.default\">\n\t\t\t\t<div class=\"elementor-widget-container\">\n\t\t\t\t\t<div class=\"elementor-text-editor elementor-clearfix\"><h5><span style=\"font-weight: normal;\"><em>Matko dziewicza, m\u00f3dl si\u0119 za nami.<\/em><\/span><\/h5><\/div>\n\t\t\t\t<\/div>\n\t\t\t\t<\/div>\n\t\t\t\t<div class=\"elementor-element elementor-element-d4725ca elementor-widget elementor-widget-text-editor\" data-id=\"d4725ca\" data-element_type=\"widget\" data-widget_type=\"text-editor.default\">\n\t\t\t\t<div class=\"elementor-widget-container\">\n\t\t\t\t\t<div class=\"elementor-text-editor elementor-clearfix\"><p><strong>S\u0142owo \u017bycia:<\/strong><br \/>\u201eLecz on mu odpowiedzia\u0142: &lt;&lt;Panie, jeszcze na ten rok go pozostaw, a\u017c okopi\u0119 go i ob\u0142o\u017c\u0119 nawozem; i mo\u017ce wyda owoc. A je\u015bli nie, w przysz\u0142o\u015bci mo\u017cesz go wyci\u0105\u0107&gt;&gt;.\u201d (\u0141k 13, 9)<\/p><p><strong>Ks. Mateusz:<\/strong> <br \/>Matka dziewicza.<br \/>Jedyna taka &#8211; matka i dziewica. \u201eDla Boga bowiem nie ma nic niemo\u017cliwego.\u201d<br \/>W drugim tygodniu naszych rekolekcji chcemy rozwa\u017ca\u0107 szczeg\u00f3lnie znaczenie Liturgii S\u0142owa podczas Mszy \u015awi\u0119tej. Maryja jest dla nas wzorem \u201eSerca s\u0142uchaj\u0105cego\u201d. Na przyk\u0142adzie Maryi doskonale wida\u0107 jak s\u0142uchanie Bo\u017cego S\u0142owa mo\u017ce owocowa\u0107 w \u017cyciu. Dziewica Maryja odpowiadaj\u0105c na Bo\u017ce wezwanie \u201efiat &#8211; niech mi si\u0119 stanie\u201d sta\u0142a si\u0119 Matk\u0105 wcielonego Syna Bo\u017cego. \u201eA S\u0142owo Cia\u0142em si\u0119 sta\u0142o i zamieszka\u0142o mi\u0119dzy nami\u201d.<br \/>Na\u015bladujmy Maryj\u0119 w s\u0142uchaniu Bo\u017cego S\u0142owa i \u017cyciu Nim.<\/p><p><strong>Marek:<\/strong><br \/>Kiedy uwaz\u0307am, z\u0307e to, kim jestem, co mnie dotyka, nieszcze\u0328s\u0301cia, jakie na mnie spadaja\u0328, to wina wy\u0142\u0105cznie innych, s\u0301wiadomie lub nie zwalniam sie\u0328 z osobistej odpowiedzialnos\u0301ci.<br \/>Rezygnuje\u0328 dobrowolnie z pracy nad soba\u0328 i staje\u0328 sie\u0328 wykonawca\u0328 decyzji ludzi obcych. <br \/>Nie interesuj\u0105 mnie odkrycia duchowego bogactwa, kt\u00f3re w sobie nosze\u0328 i nie szukam si\u0142y, aby zmienic\u0301 swoje z\u0307ycie na lepsze. <br \/>Z\u0307yje\u0328 wprawdzie, ale nie swoim z\u0307yciem. Ciesze\u0328 sie\u0328, ale nie swoim szcze\u0328s\u0301ciem. Cierpie\u0328 i martwie\u0328 sie\u0328, ale nie sa\u0328 to moje b\u00f3le czy moje pragnienia &#8211; trac\u0119 smak \u017cycia w Prawdzie.<br \/>Czy moje \u017cycie przynosi owoce dla Kr\u00f3lestwa Bo\u017cego?<\/p><p><strong>\u015aw. Jan Pawe\u0142 II<\/strong>: \u201eId\u017acie ku Maryi. Id\u017acie z Maryj\u0105. Niech w waszych sercach rozbrzmiewa echo Jej fiat.\u201d (Loreto, 19 VI 1993)<\/p><p><strong>ks. kard. Stefan Wyszy\u0144ski:<\/strong> \u201eKult Niepokalanej jet spraw\u0105 ostatnich czas\u00f3w. Od pocz\u0105tku chrze\u015bcija\u0144stwa do p\u00f3\u017anych wiek\u00f3w dominowa\u0142a w o\u0142tarzach Matka &#8211; Dziewica, nios\u0105ca na swoich ramionach Dzieci\u0119. Ale jednocze\u015bnie jest to Kobieta \u201epe\u0142na \u0142aski\u201d. To przekonanie pokrywa si\u0119 zreszt\u0105 z wiar\u0105 pierwszych wiek\u00f3w chrze\u015bcija\u0144stwa, cho\u0107 dopiero dzisiaj m\u00f3wimy, \u017ce jest Niepokalanym Pocz\u0119ciem.\u201d (Warszawa 1964 r.)<\/p><p><em>Zadanie rekolekcyjne:<\/em><br \/>Odm\u00f3w r\u00f3\u017caniec &#8211; najlepiej we wsp\u00f3lnocie.<\/p><p><em>\u0106wiczenie dodatkowe:<\/em> <br \/>Zastan\u00f3w si\u0119 z czego sk\u0142ada si\u0119 Liturgia S\u0142owa.<\/p><\/div>\n\t\t\t\t<\/div>\n\t\t\t\t<\/div>\n\t\t\t\t<div class=\"elementor-element elementor-element-e6cbd7b elementor-invisible elementor-widget elementor-widget-text-editor\" data-id=\"e6cbd7b\" data-element_type=\"widget\" data-settings=\"{&quot;_animation&quot;:&quot;pulse&quot;}\" data-widget_type=\"text-editor.default\">\n\t\t\t\t<div class=\"elementor-widget-container\">\n\t\t\t\t\t<div class=\"elementor-text-editor elementor-clearfix\"><h2><a href=\"http:\/\/sercematki.eu\/wp-content\/uploads\/2020\/10\/SERCE-MATKI-_-dzien-12..pdf\" target=\"_blank\" rel=\"noopener\">SERCE MATKI rozwa\u017cania na 12. dzie\u0144 DO WYDRUKU<\/a><\/h2><\/div>\n\t\t\t\t<\/div>\n\t\t\t\t<\/div>\n\t\t\t\t<div class=\"elementor-element elementor-element-f49b220 elementor-aspect-ratio-169 elementor-widget elementor-widget-video\" data-id=\"f49b220\" data-element_type=\"widget\" data-settings=\"{&quot;aspect_ratio&quot;:&quot;169&quot;}\" data-widget_type=\"video.default\">\n\t\t\t\t<div class=\"elementor-widget-container\">\n\t\t\t\t\t<div class=\"elementor-wrapper elementor-fit-aspect-ratio elementor-open-inline\">\n\t\t\t<iframe class=\"elementor-video-iframe\" allowfullscreen title=\"youtube Video Player\" src=\"https:\/\/www.youtube.com\/embed\/-MEYn4zX_mQ?feature=oembed&amp;start&amp;end&amp;wmode=opaque&amp;loop=0&amp;controls=1&amp;mute=0&amp;rel=0&amp;modestbranding=0\"><\/iframe>\t\t<\/div>\n\t\t\t\t<\/div>\n\t\t\t\t<\/div>\n\t\t\t\t\t\t<\/div>\n\t\t\t\t\t<\/div>\n\t\t<\/div>\n\t\t\t\t\t\t\t\t<\/div>\n\t\t\t\t\t<\/div>\n\t\t<\/section>\n\t\t\t\t\t\t<\/div>\n\t\t\t\t\t\t<\/div>\n\t\t\t\t\t<\/div>\n\t\t","protected":false},"excerpt":{"rendered":"<p>12. Dzie\u0144 24. pa\u017adziernika 2020 Matko dziewicza, m\u00f3dl si\u0119 za nami. S\u0142owo \u017bycia:\u201eLecz on mu odpowiedzia\u0142: &lt;&lt;Panie, jeszcze na ten rok go pozostaw, a\u017c okopi\u0119 go i ob\u0142o\u017c\u0119 nawozem; i mo\u017ce wyda owoc. A je\u015bli nie, w przysz\u0142o\u015bci mo\u017cesz go wyci\u0105\u0107&gt;&gt;.\u201d (\u0141k 13, 9) Ks. Mateusz: Matka dziewicza.Jedyna taka &#8211; matka i dziewica. \u201eDla Boga &hellip;<\/p>\n<p class=\"read-more\"> <a class=\"\" href=\"https:\/\/sercematki.eu\/?page_id=2121\"> <span class=\"screen-reader-text\">12. Dzie\u0144 24. pa\u017adziernika 2020<\/span> Read More &raquo;<\/a><\/p>\n","protected":false},"author":1,"featured_media":0,"parent":0,"menu_order":0,"comment_status":"closed","ping_status":"closed","template":"","meta":[],"yoast_head":"<!-- This site is optimized with the Yoast SEO plugin v15.0 - https:\/\/yoast.com\/wordpress\/plugins\/seo\/ -->\n<title>12. Dzie\u0144 24. pa\u017adziernika 2020 - sercematki.eu<\/title>\n<meta name=\"robots\" content=\"index, follow, max-snippet:-1, max-image-preview:large, max-video-preview:-1\" \/>\n<link rel=\"canonical\" href=\"http:\/\/sercematki.eu\/?page_id=2121\" \/>\n<meta property=\"og:locale\" content=\"pl_PL\" \/>\n<meta property=\"og:type\" content=\"article\" \/>\n<meta property=\"og:title\" content=\"12. Dzie\u0144 24. pa\u017adziernika 2020 - sercematki.eu\" \/>\n<meta property=\"og:description\" content=\"12. Dzie\u0144 24. pa\u017adziernika 2020 Matko dziewicza, m\u00f3dl si\u0119 za nami. S\u0142owo \u017bycia:\u201eLecz on mu odpowiedzia\u0142: &lt;&lt;Panie, jeszcze na ten rok go pozostaw, a\u017c okopi\u0119 go i ob\u0142o\u017c\u0119 nawozem; i mo\u017ce wyda owoc. A je\u015bli nie, w przysz\u0142o\u015bci mo\u017cesz go wyci\u0105\u0107&gt;&gt;.\u201d (\u0141k 13, 9) Ks. Mateusz: Matka dziewicza.Jedyna taka &#8211; matka i dziewica. \u201eDla Boga &hellip; 12. Dzie\u0144 24. pa\u017adziernika 2020 Read More &raquo;\" \/>\n<meta property=\"og:url\" content=\"http:\/\/sercematki.eu\/?page_id=2121\" \/>\n<meta property=\"og:site_name\" content=\"sercematki.eu\" \/>\n<meta property=\"article:modified_time\" content=\"2020-10-23T21:35:02+00:00\" \/>\n<meta name=\"twitter:card\" content=\"summary_large_image\" \/>\n<script type=\"application\/ld+json\" class=\"yoast-schema-graph\">{\"@context\":\"https:\/\/schema.org\",\"@graph\":[{\"@type\":\"WebSite\",\"@id\":\"https:\/\/sercematki.eu\/#website\",\"url\":\"https:\/\/sercematki.eu\/\",\"name\":\"sercematki.eu\",\"description\":\"33 bicia serca\",\"potentialAction\":[{\"@type\":\"SearchAction\",\"target\":\"https:\/\/sercematki.eu\/?s={search_term_string}\",\"query-input\":\"required name=search_term_string\"}],\"inLanguage\":\"pl-PL\"},{\"@type\":\"WebPage\",\"@id\":\"http:\/\/sercematki.eu\/?page_id=2121#webpage\",\"url\":\"http:\/\/sercematki.eu\/?page_id=2121\",\"name\":\"12. Dzie\\u0144 24. pa\\u017adziernika 2020 - sercematki.eu\",\"isPartOf\":{\"@id\":\"https:\/\/sercematki.eu\/#website\"},\"datePublished\":\"2020-05-19T08:30:41+00:00\",\"dateModified\":\"2020-10-23T21:35:02+00:00\",\"inLanguage\":\"pl-PL\",\"potentialAction\":[{\"@type\":\"ReadAction\",\"target\":[\"http:\/\/sercematki.eu\/?page_id=2121\"]}]}]}<\/script>\n<!-- \/ Yoast SEO plugin. -->","_links":{"self":[{"href":"https:\/\/sercematki.eu\/index.php?rest_route=\/wp\/v2\/pages\/2121"}],"collection":[{"href":"https:\/\/sercematki.eu\/index.php?rest_route=\/wp\/v2\/pages"}],"about":[{"href":"https:\/\/sercematki.eu\/index.php?rest_route=\/wp\/v2\/types\/page"}],"author":[{"embeddable":true,"href":"https:\/\/sercematki.eu\/index.php?rest_route=\/wp\/v2\/users\/1"}],"replies":[{"embeddable":true,"href":"https:\/\/sercematki.eu\/index.php?rest_route=%2Fwp%2Fv2%2Fcomments&post=2121"}],"version-history":[{"count":1,"href":"https:\/\/sercematki.eu\/index.php?rest_route=\/wp\/v2\/pages\/2121\/revisions"}],"predecessor-version":[{"id":3729,"href":"https:\/\/sercematki.eu\/index.php?rest_route=\/wp\/v2\/pages\/2121\/revisions\/3729"}],"wp:attachment":[{"href":"https:\/\/sercematki.eu\/index.php?rest_route=%2Fwp%2Fv2%2Fmedia&parent=2121"}],"curies":[{"name":"wp","href":"https:\/\/api.w.org\/{rel}","templated":true}]}}