{"id":2123,"date":"2020-05-19T10:30:58","date_gmt":"2020-05-19T08:30:58","guid":{"rendered":"http:\/\/sercematki.eu\/?page_id=2123"},"modified":"2020-10-24T22:59:15","modified_gmt":"2020-10-24T20:59:15","slug":"dzien-13","status":"publish","type":"page","link":"https:\/\/sercematki.eu\/?page_id=2123","title":{"rendered":"13. Dzie\u0144 25. pa\u017adziernika 2020"},"content":{"rendered":"\t\t<div data-elementor-type=\"wp-page\" data-elementor-id=\"2123\" class=\"elementor elementor-2123\" data-elementor-settings=\"[]\">\n\t\t\t\t\t\t<div class=\"elementor-inner\">\n\t\t\t\t\t\t\t<div class=\"elementor-section-wrap\">\n\t\t\t\t\t\t\t<section class=\"elementor-section elementor-top-section elementor-element elementor-element-01491e9 elementor-section-boxed elementor-section-height-default elementor-section-height-default\" data-id=\"01491e9\" data-element_type=\"section\">\n\t\t\t\t\t\t<div class=\"elementor-container elementor-column-gap-default\">\n\t\t\t\t\t\t\t<div class=\"elementor-row\">\n\t\t\t\t\t<div class=\"elementor-column elementor-col-100 elementor-top-column elementor-element elementor-element-13a7608\" data-id=\"13a7608\" data-element_type=\"column\">\n\t\t\t<div class=\"elementor-column-wrap elementor-element-populated\">\n\t\t\t\t\t\t\t<div class=\"elementor-widget-wrap\">\n\t\t\t\t\t\t<div class=\"elementor-element elementor-element-82ce321 elementor-widget elementor-widget-heading\" data-id=\"82ce321\" data-element_type=\"widget\" data-widget_type=\"heading.default\">\n\t\t\t\t<div class=\"elementor-widget-container\">\n\t\t\t<h2 class=\"elementor-heading-title elementor-size-default\">13. Dzie\u0144 25. pa\u017adziernika 2020<\/h2>\t\t<\/div>\n\t\t\t\t<\/div>\n\t\t\t\t<div class=\"elementor-element elementor-element-bd34afe elementor-widget-divider--view-line elementor-widget elementor-widget-divider\" data-id=\"bd34afe\" data-element_type=\"widget\" data-widget_type=\"divider.default\">\n\t\t\t\t<div class=\"elementor-widget-container\">\n\t\t\t\t\t<div class=\"elementor-divider\">\n\t\t\t<span class=\"elementor-divider-separator\">\n\t\t\t\t\t\t<\/span>\n\t\t<\/div>\n\t\t\t\t<\/div>\n\t\t\t\t<\/div>\n\t\t\t\t<div class=\"elementor-element elementor-element-8ce3572 elementor-invisible elementor-widget elementor-widget-text-editor\" data-id=\"8ce3572\" data-element_type=\"widget\" data-settings=\"{&quot;_animation&quot;:&quot;pulse&quot;}\" data-widget_type=\"text-editor.default\">\n\t\t\t\t<div class=\"elementor-widget-container\">\n\t\t\t\t\t<div class=\"elementor-text-editor elementor-clearfix\"><h5><span style=\"font-weight: normal;\"><em>Matko nienaruszona, m\u00f3dl si\u0119 za nami.<\/em><\/span><\/h5><\/div>\n\t\t\t\t<\/div>\n\t\t\t\t<\/div>\n\t\t\t\t<div class=\"elementor-element elementor-element-c5a0115 elementor-widget elementor-widget-text-editor\" data-id=\"c5a0115\" data-element_type=\"widget\" data-widget_type=\"text-editor.default\">\n\t\t\t\t<div class=\"elementor-widget-container\">\n\t\t\t\t\t<div class=\"elementor-text-editor elementor-clearfix\"><p><b>S\u0142owo \u017bycia:<\/b><\/p><p>\u201eOn mu odpowiedzia\u0142: &lt;&lt;B\u0119dziesz mi\u0142owa\u0142 Pana Boga swego ca\u0142ym swoim sercem, ca\u0142\u0105 swoj\u0105 dusz\u0105 i ca\u0142ym swoim umys\u0142em&gt;&gt;. To jest najwi\u0119ksze i pierwsze przykazanie. Drugie podobne jest do niego: &lt;&lt;B\u0119dziesz mi\u0142owa\u0142 swego bli\u017aniego jak siebie samego. Na tych dw\u00f3ch przykazaniach zawis\u0142o ca\u0142e Prawo i Prorocy&gt;&gt;.\u201d (Mt 22, 37-40)<\/p><p><b>Ks. Mateusz: <\/b><br \/>Matka nienaruszona.<br \/>Zostali\u015bmy stworzeni do pe\u0142ni \u017cycia, bez grzechu. Niestety nosimy w sobie skutki grzechu pierworodnego i raz po raz ulegamy naszym s\u0142abo\u015bciom pope\u0142niaj\u0105c grzechy. <br \/>Maryja nie zosta\u0142a naruszona przez grzech. By\u0142a wolna od skutk\u00f3w grzechu pierworodnego &#8211; Niepokalana. Grzech nie naruszy\u0142 jej serca, a Ona by\u0142a wierna Bogu przez ca\u0142e \u017cycie. B\u0119d\u0105c Matk\u0105 nienaruszon\u0105 chce uczy\u0107 swoje dzieci jak ucieka\u0107 od grzechu, kt\u00f3ry niszczy nas i naszych bliskich. Nienaruszone Serce Matki chce nas prowadzi\u0107 do \u017cycia w pe\u0142ni \u0142aski Jezusa Jedynego Odkupiciela Cz\u0142owieka.<br \/>Pozw\u00f3lmy Chrystusowi uwalnia\u0107 nas od grzech\u00f3w w sakramencie pokuty i pojednania i korzystajmy z Eucharystii, kt\u00f3ra daje \u017cycie!<\/p><p><b>Marek:<\/b><br \/>Wola, kt\u00f3ra odrywa sie\u0328 od Boga, zawsze staje sie\u0328 wola\u0328 pewna\u0328 siebie &#8211; be\u0328dzie wszystko bezlitos\u0301nie depta\u0142a co narusza tak\u0105 wewn\u0119trzn\u0105 pych\u0119. <br \/>Wola, kt\u00f3ra wzie\u0328\u0142a rozw\u00f3d z Bogiem, troszczy sie\u0328 tylko o si\u0142e\u0328, poniewa\u017c odt\u0105d nasza inteligencja tworzy lub wymys\u0301la \u201eprawde\u0328\u201d, a nie ja\u0328 odkrywa.<br \/>Cz\u0142owiek zalez\u0307ny od Boga b\u0119dzie ufa\u0142 Jego mi\u0142o\u015bci. Cz\u0142owiek zale\u017cny wy\u0142\u0105cznie od siebie czy innych miaz\u0307dz\u0307y w sercu ostatnie pozosta\u0142os\u0301ci swojego ducha.<br \/>Maryja uczy, aby rozwa\u017ca\u0107 wszystko w sercu, szczeg\u00f3lnie, aby stale badac\u0301 sens pos\u0142uszen\u0301stwa Bogu i Jego s\u0142owu. Prowadzi nas do zrozumienia, \u017ce tylko w takim porz\u0105dku b\u0119dziemy naprawd\u0119 szcz\u0119\u015bliwi.<br \/>Czy pragn\u0119 poddawa\u0107 moje serce takiej przemianie?<\/p><p><b>\u015aw. Jan Pawe\u0142 II:<\/b> \u201eW Twoim wstawiennictwie pok\u0142adamy ca\u0142\u0105 nasz\u0105 ufno\u015b\u0107, o \u0142askawa, o lito\u015bciwa, o s\u0142odka Panno Maryjo!\u201d (Watykan, 8 grudnia 1993)<\/p><p><b>ks. kard. Stefan Wyszy\u0144ski:<\/b> \u201eOna na nowo zharmonizuje w cz\u0142owieku pierwiastki materialne i duchowe. Ona b\u0119dzie pierwsz\u0105 przedstawicielk\u0105 nowego porz\u0105dku. Na niej B\u00f3g poka\u017ce, i\u017c nie da si\u0119 z siebie wy\u015bmiewa\u0107. Nadal mo\u017cliwe jest &#8211; nawet po straszliwej katastrofie &#8211; pojednanie cz\u0142owieka z Bogiem (\u2026) uzyskanie pokoju wewn\u0119trznego przez cz\u0142owieka.\u201d (Warszawa 1960 r.)<\/p><p><i>Zadanie rekolekcyjne:<\/i><br \/>Odm\u00f3w r\u00f3\u017caniec &#8211; najlepiej we wsp\u00f3lnocie.<\/p><p><i>\u0106wiczenie dodatkowe: <\/i><br \/>Zaplanuj adoracj\u0119 Naj\u015bwi\u0119tszego Sakramentu &#8211; uwielbiaj Zwyci\u0119zc\u0119 grzechu, \u015bmierci i szatana!<\/p><\/div>\n\t\t\t\t<\/div>\n\t\t\t\t<\/div>\n\t\t\t\t<div class=\"elementor-element elementor-element-6ad044f elementor-invisible elementor-widget elementor-widget-text-editor\" data-id=\"6ad044f\" data-element_type=\"widget\" data-settings=\"{&quot;_animation&quot;:&quot;pulse&quot;}\" data-widget_type=\"text-editor.default\">\n\t\t\t\t<div class=\"elementor-widget-container\">\n\t\t\t\t\t<div class=\"elementor-text-editor elementor-clearfix\"><h2><a href=\"http:\/\/sercematki.eu\/wp-content\/uploads\/2020\/10\/SERCE-MATKI-_-dzien-13.-.pdf\" target=\"_blank\" rel=\"noopener\">SERCE MATKI rozwa\u017cania na 13. dzie\u0144 DO WYDRUKU<\/a><\/h2><\/div>\n\t\t\t\t<\/div>\n\t\t\t\t<\/div>\n\t\t\t\t<div class=\"elementor-element elementor-element-484dbc4 elementor-aspect-ratio-169 elementor-widget elementor-widget-video\" data-id=\"484dbc4\" data-element_type=\"widget\" data-settings=\"{&quot;aspect_ratio&quot;:&quot;169&quot;}\" data-widget_type=\"video.default\">\n\t\t\t\t<div class=\"elementor-widget-container\">\n\t\t\t\t\t<div class=\"elementor-wrapper elementor-fit-aspect-ratio elementor-open-inline\">\n\t\t\t<iframe class=\"elementor-video-iframe\" allowfullscreen title=\"youtube Video Player\" src=\"https:\/\/www.youtube.com\/embed\/ETfEKCmW04o?feature=oembed&amp;start&amp;end&amp;wmode=opaque&amp;loop=0&amp;controls=1&amp;mute=0&amp;rel=0&amp;modestbranding=0\"><\/iframe>\t\t<\/div>\n\t\t\t\t<\/div>\n\t\t\t\t<\/div>\n\t\t\t\t\t\t<\/div>\n\t\t\t\t\t<\/div>\n\t\t<\/div>\n\t\t\t\t\t\t\t\t<\/div>\n\t\t\t\t\t<\/div>\n\t\t<\/section>\n\t\t\t\t\t\t<\/div>\n\t\t\t\t\t\t<\/div>\n\t\t\t\t\t<\/div>\n\t\t","protected":false},"excerpt":{"rendered":"<p>13. Dzie\u0144 25. pa\u017adziernika 2020 Matko nienaruszona, m\u00f3dl si\u0119 za nami. S\u0142owo \u017bycia: \u201eOn mu odpowiedzia\u0142: &lt;&lt;B\u0119dziesz mi\u0142owa\u0142 Pana Boga swego ca\u0142ym swoim sercem, ca\u0142\u0105 swoj\u0105 dusz\u0105 i ca\u0142ym swoim umys\u0142em&gt;&gt;. To jest najwi\u0119ksze i pierwsze przykazanie. Drugie podobne jest do niego: &lt;&lt;B\u0119dziesz mi\u0142owa\u0142 swego bli\u017aniego jak siebie samego. Na tych dw\u00f3ch przykazaniach zawis\u0142o ca\u0142e &hellip;<\/p>\n<p class=\"read-more\"> <a class=\"\" href=\"https:\/\/sercematki.eu\/?page_id=2123\"> <span class=\"screen-reader-text\">13. Dzie\u0144 25. pa\u017adziernika 2020<\/span> Read More &raquo;<\/a><\/p>\n","protected":false},"author":1,"featured_media":0,"parent":0,"menu_order":0,"comment_status":"closed","ping_status":"closed","template":"","meta":[],"yoast_head":"<!-- This site is optimized with the Yoast SEO plugin v15.0 - https:\/\/yoast.com\/wordpress\/plugins\/seo\/ -->\n<title>13. Dzie\u0144 25. pa\u017adziernika 2020 - sercematki.eu<\/title>\n<meta name=\"robots\" content=\"index, follow, max-snippet:-1, max-image-preview:large, max-video-preview:-1\" \/>\n<link rel=\"canonical\" href=\"http:\/\/sercematki.eu\/?page_id=2123\" \/>\n<meta property=\"og:locale\" content=\"pl_PL\" \/>\n<meta property=\"og:type\" content=\"article\" \/>\n<meta property=\"og:title\" content=\"13. Dzie\u0144 25. pa\u017adziernika 2020 - sercematki.eu\" \/>\n<meta property=\"og:description\" content=\"13. Dzie\u0144 25. pa\u017adziernika 2020 Matko nienaruszona, m\u00f3dl si\u0119 za nami. S\u0142owo \u017bycia: \u201eOn mu odpowiedzia\u0142: &lt;&lt;B\u0119dziesz mi\u0142owa\u0142 Pana Boga swego ca\u0142ym swoim sercem, ca\u0142\u0105 swoj\u0105 dusz\u0105 i ca\u0142ym swoim umys\u0142em&gt;&gt;. To jest najwi\u0119ksze i pierwsze przykazanie. Drugie podobne jest do niego: &lt;&lt;B\u0119dziesz mi\u0142owa\u0142 swego bli\u017aniego jak siebie samego. Na tych dw\u00f3ch przykazaniach zawis\u0142o ca\u0142e &hellip; 13. Dzie\u0144 25. pa\u017adziernika 2020 Read More &raquo;\" \/>\n<meta property=\"og:url\" content=\"http:\/\/sercematki.eu\/?page_id=2123\" \/>\n<meta property=\"og:site_name\" content=\"sercematki.eu\" \/>\n<meta property=\"article:modified_time\" content=\"2020-10-24T20:59:15+00:00\" \/>\n<meta name=\"twitter:card\" content=\"summary_large_image\" \/>\n<script type=\"application\/ld+json\" class=\"yoast-schema-graph\">{\"@context\":\"https:\/\/schema.org\",\"@graph\":[{\"@type\":\"WebSite\",\"@id\":\"https:\/\/sercematki.eu\/#website\",\"url\":\"https:\/\/sercematki.eu\/\",\"name\":\"sercematki.eu\",\"description\":\"33 bicia serca\",\"potentialAction\":[{\"@type\":\"SearchAction\",\"target\":\"https:\/\/sercematki.eu\/?s={search_term_string}\",\"query-input\":\"required name=search_term_string\"}],\"inLanguage\":\"pl-PL\"},{\"@type\":\"WebPage\",\"@id\":\"http:\/\/sercematki.eu\/?page_id=2123#webpage\",\"url\":\"http:\/\/sercematki.eu\/?page_id=2123\",\"name\":\"13. Dzie\\u0144 25. pa\\u017adziernika 2020 - sercematki.eu\",\"isPartOf\":{\"@id\":\"https:\/\/sercematki.eu\/#website\"},\"datePublished\":\"2020-05-19T08:30:58+00:00\",\"dateModified\":\"2020-10-24T20:59:15+00:00\",\"inLanguage\":\"pl-PL\",\"potentialAction\":[{\"@type\":\"ReadAction\",\"target\":[\"http:\/\/sercematki.eu\/?page_id=2123\"]}]}]}<\/script>\n<!-- \/ Yoast SEO plugin. -->","_links":{"self":[{"href":"https:\/\/sercematki.eu\/index.php?rest_route=\/wp\/v2\/pages\/2123"}],"collection":[{"href":"https:\/\/sercematki.eu\/index.php?rest_route=\/wp\/v2\/pages"}],"about":[{"href":"https:\/\/sercematki.eu\/index.php?rest_route=\/wp\/v2\/types\/page"}],"author":[{"embeddable":true,"href":"https:\/\/sercematki.eu\/index.php?rest_route=\/wp\/v2\/users\/1"}],"replies":[{"embeddable":true,"href":"https:\/\/sercematki.eu\/index.php?rest_route=%2Fwp%2Fv2%2Fcomments&post=2123"}],"version-history":[{"count":1,"href":"https:\/\/sercematki.eu\/index.php?rest_route=\/wp\/v2\/pages\/2123\/revisions"}],"predecessor-version":[{"id":3735,"href":"https:\/\/sercematki.eu\/index.php?rest_route=\/wp\/v2\/pages\/2123\/revisions\/3735"}],"wp:attachment":[{"href":"https:\/\/sercematki.eu\/index.php?rest_route=%2Fwp%2Fv2%2Fmedia&parent=2123"}],"curies":[{"name":"wp","href":"https:\/\/api.w.org\/{rel}","templated":true}]}}