{"id":2127,"date":"2020-05-19T10:31:35","date_gmt":"2020-05-19T08:31:35","guid":{"rendered":"http:\/\/sercematki.eu\/?page_id=2127"},"modified":"2020-10-26T22:42:01","modified_gmt":"2020-10-26T21:42:01","slug":"dzien-15","status":"publish","type":"page","link":"https:\/\/sercematki.eu\/?page_id=2127","title":{"rendered":"15. Dzie\u0144 27. pa\u017adziernika 2020"},"content":{"rendered":"\t\t<div data-elementor-type=\"wp-page\" data-elementor-id=\"2127\" class=\"elementor elementor-2127\" data-elementor-settings=\"[]\">\n\t\t\t\t\t\t<div class=\"elementor-inner\">\n\t\t\t\t\t\t\t<div class=\"elementor-section-wrap\">\n\t\t\t\t\t\t\t<section class=\"elementor-section elementor-top-section elementor-element elementor-element-2ca9439 elementor-section-boxed elementor-section-height-default elementor-section-height-default\" data-id=\"2ca9439\" data-element_type=\"section\">\n\t\t\t\t\t\t<div class=\"elementor-container elementor-column-gap-default\">\n\t\t\t\t\t\t\t<div class=\"elementor-row\">\n\t\t\t\t\t<div class=\"elementor-column elementor-col-100 elementor-top-column elementor-element elementor-element-f31bcee\" data-id=\"f31bcee\" data-element_type=\"column\">\n\t\t\t<div class=\"elementor-column-wrap elementor-element-populated\">\n\t\t\t\t\t\t\t<div class=\"elementor-widget-wrap\">\n\t\t\t\t\t\t<div class=\"elementor-element elementor-element-95588f9 elementor-widget elementor-widget-heading\" data-id=\"95588f9\" data-element_type=\"widget\" data-widget_type=\"heading.default\">\n\t\t\t\t<div class=\"elementor-widget-container\">\n\t\t\t<h2 class=\"elementor-heading-title elementor-size-default\">15. Dzie\u0144 27. pa\u017adziernika 2020 -NMP Cudownego Medalika<\/h2>\t\t<\/div>\n\t\t\t\t<\/div>\n\t\t\t\t<div class=\"elementor-element elementor-element-8d54b26 elementor-widget-divider--view-line elementor-widget elementor-widget-divider\" data-id=\"8d54b26\" data-element_type=\"widget\" data-widget_type=\"divider.default\">\n\t\t\t\t<div class=\"elementor-widget-container\">\n\t\t\t\t\t<div class=\"elementor-divider\">\n\t\t\t<span class=\"elementor-divider-separator\">\n\t\t\t\t\t\t<\/span>\n\t\t<\/div>\n\t\t\t\t<\/div>\n\t\t\t\t<\/div>\n\t\t\t\t<div class=\"elementor-element elementor-element-94d5293 elementor-invisible elementor-widget elementor-widget-text-editor\" data-id=\"94d5293\" data-element_type=\"widget\" data-settings=\"{&quot;_animation&quot;:&quot;pulse&quot;}\" data-widget_type=\"text-editor.default\">\n\t\t\t\t<div class=\"elementor-widget-container\">\n\t\t\t\t\t<div class=\"elementor-text-editor elementor-clearfix\"><h5><span style=\"font-weight: normal;\"><em>Matko przedziwna, m\u00f3dl si\u0119 za nami.<br \/><\/em><\/span><\/h5><\/div>\n\t\t\t\t<\/div>\n\t\t\t\t<\/div>\n\t\t\t\t<div class=\"elementor-element elementor-element-6111dbc elementor-widget elementor-widget-text-editor\" data-id=\"6111dbc\" data-element_type=\"widget\" data-widget_type=\"text-editor.default\">\n\t\t\t\t<div class=\"elementor-widget-container\">\n\t\t\t\t\t<div class=\"elementor-text-editor elementor-clearfix\"><p><b>S\u0142owo \u017bycia:<\/b><br \/>\u201eJezus m\u00f3wi\u0142: \u00abDo czego podobne jest kr\u00f3lestwo Bo\u017ce i z czym mam je por\u00f3wna\u0107? Podobne jest do ziarnka gorczycy, kt\u00f3re kto\u015b wzi\u0105\u0142 i posia\u0142 w swoim ogrodzie. Wyros\u0142o i sta\u0142o si\u0119 wielkim drzewem, tak \u017ce ptaki podniebne zagnie\u017adzi\u0142y si\u0119 na jego ga\u0142\u0119ziach\u00bb.\u201d (\u0141k 13, 18-20)<\/p><p><b>Ks. Mateusz:<\/b> <br \/>Matka przedziwna.<br \/>Maryja jest C\u00f3rk\u0105 Boga Ojca, Matk\u0105 wcielonego Syna Bo\u017cego i Oblubienic\u0105 Ducha \u015awi\u0119tego &#8211; przedziwna tajemnica Bo\u017cej \u0142aski.<br \/>S\u0142uchaj\u0105ce Serce Maryi uczy nas jak \u017cy\u0107 S\u0142owem Bo\u017cym i ufnie wype\u0142nia\u0107 swoje powo\u0142anie. Prowadzi do mi\u0142o\u015bci Ojca wskazuj\u0105c na Syna, kt\u00f3ry dzia\u0142a wci\u0105\u017c na nowo w mocy Ducha \u015awi\u0119tego.<br \/>Kr\u00f3lestwo Bo\u017ce rozrasta si\u0119 dynamicznie mimo i\u017c rozpoczyna si\u0119 od drobnego ziarnka gorczycy &#8211; pokornego \u201efiat\u201d. B\u00f3g czyni \u201ewielkie rzeczy\u201d, gdy na\u015bladujemy Maryjne &#8211; \u201eniech mi si\u0119 stanie\u201d &#8211; nawet w drobnych sytuacjach naszego \u017cycia.<\/p><p><b>Marek:<\/b><br \/>Maryja jest zawsze w awangardzie ludzkos\u0301ci. Zapowiedziana jako Niewiasta, kt\u00f3ra zwycie\u0328z\u0307y Szatana, jako Dziewica, kt\u00f3ra pocznie Syna Bo\u017cego. To Ona staje sie\u0328 pierwsza\u0328 osoba\u0328 od upadku Ewy, maja\u0328ca\u0328 wyja\u0328tkowego i niepowtarzalnego rodzaju zwia\u0328zek z Bogiem. <br \/>Ona nian\u0301czy Chrystusa-niemowle\u0328 w Betlejem. Ona wsp\u00f3\u0142cierpi z Chrystusem w Jerozolimie.<br \/>Teraz, przez swoje wniebowzie\u0328cie kroczy przodem wraz ze Swoim Synem, kt\u00f3ry przygotowa\u0142 nam miejsce w Raju. Uczestniczy w chwale swego Syna, panuje z Nim, opiekuje si\u0119 wsp\u00f3lnot\u0105 Kos\u0301cio\u0142a w cia\u0328gu dziej\u00f3w i wstawia sie\u0328 za nami u Niego.<br \/>Czy moje serce t\u0119skni za Kr\u00f3lestwem Niebieskim?<\/p><p><b>\u015aw. Jan Pawe\u0142 II<\/b>: \u201eGdy rozwa\u017camy g\u0142\u0119bi\u0119 wiary Maryi, bardzo pomaga nam w tym ewangeliczny opis wesela w Kanie. Kiedy zabrak\u0142o wina, Maryja mog\u0142a szuka\u0107 jakiego\u015b czysto ludzkiego wyj\u015bcia z tej sytuacji, a przecie\u017c bez wahania zwraca si\u0119 do Jezusa: \u00abNie maj\u0105 ju\u017c wina\u00bb (J 2, 3).\u201d(Maryja \u2013 wz\u00f3r wiary, Audiencja generalna, 6 maja 1998, nr 2).<\/p><p><b>ks. kard. Stefan Wyszy\u0144ski<\/b>: \u201eB\u00f3g tworzy idea\u0142, z pomoc\u0105 kt\u00f3rego b\u0119dzie teraz oddzia\u0142ywa\u0107 na cz\u0142owieka. Ten Idea\u0142 wyglada tak, jak wy\u015bpiewujemy w nieszporach przed Niepokalanym Pocz\u0119ciem: \u201eWszystka pi\u0119kna jeste\u015b, Maryjo, i zmazy pierworodnej nie masz w Tobie. Nawet szaty Twoje jasne s\u0105 jak \u015bnieg, a oblicze Twoje jak s\u0142o\u0144ce!\u201d Cz\u0142owiek musia\u0142 mie\u0107 taki idea\u0142, by m\u00f3g\u0142 uwierzy\u0107, \u017ce straszliwy koszmar \u017cycia ludzkiego nie jest zjawiskiem trwa\u0142ym.\u201d (War-szawa 1960 r.)<\/p><p><i>Zadanie rekolekcyjne:<\/i><br \/>Odm\u00f3w r\u00f3\u017caniec &#8211; najlepiej we wsp\u00f3lnocie.<\/p><p><i>\u0106wiczenie dodatkowe:<\/i> <br \/>Kt\u00f3re S\u0142owo Bo\u017ce by\u0142o najbardziej poruszaj\u0105ce dla Ciebie w ostatnich dniach?<\/p><\/div>\n\t\t\t\t<\/div>\n\t\t\t\t<\/div>\n\t\t\t\t<div class=\"elementor-element elementor-element-d4af671 elementor-invisible elementor-widget elementor-widget-text-editor\" data-id=\"d4af671\" data-element_type=\"widget\" data-settings=\"{&quot;_animation&quot;:&quot;pulse&quot;}\" data-widget_type=\"text-editor.default\">\n\t\t\t\t<div class=\"elementor-widget-container\">\n\t\t\t\t\t<div class=\"elementor-text-editor elementor-clearfix\"><h2><a href=\"http:\/\/sercematki.eu\/wp-content\/uploads\/2020\/10\/SERCE-MATKI-_-dzien-15..pdf\" target=\"_blank\" rel=\"noopener\">SERCE MATKI rozwa\u017cania na 15. dzie\u0144 DO WYDRUKU<\/a><\/h2><\/div>\n\t\t\t\t<\/div>\n\t\t\t\t<\/div>\n\t\t\t\t<div class=\"elementor-element elementor-element-0f4fd19 elementor-aspect-ratio-169 elementor-widget elementor-widget-video\" data-id=\"0f4fd19\" data-element_type=\"widget\" data-settings=\"{&quot;aspect_ratio&quot;:&quot;169&quot;}\" data-widget_type=\"video.default\">\n\t\t\t\t<div class=\"elementor-widget-container\">\n\t\t\t\t\t<div class=\"elementor-wrapper elementor-fit-aspect-ratio elementor-open-inline\">\n\t\t\t<iframe class=\"elementor-video-iframe\" allowfullscreen title=\"youtube Video Player\" src=\"https:\/\/www.youtube.com\/embed\/KJMTQmEZiic?feature=oembed&amp;start&amp;end&amp;wmode=opaque&amp;loop=0&amp;controls=1&amp;mute=0&amp;rel=0&amp;modestbranding=0\"><\/iframe>\t\t<\/div>\n\t\t\t\t<\/div>\n\t\t\t\t<\/div>\n\t\t\t\t\t\t<\/div>\n\t\t\t\t\t<\/div>\n\t\t<\/div>\n\t\t\t\t\t\t\t\t<\/div>\n\t\t\t\t\t<\/div>\n\t\t<\/section>\n\t\t\t\t\t\t<\/div>\n\t\t\t\t\t\t<\/div>\n\t\t\t\t\t<\/div>\n\t\t","protected":false},"excerpt":{"rendered":"<p>15. Dzie\u0144 27. pa\u017adziernika 2020 -NMP Cudownego Medalika Matko przedziwna, m\u00f3dl si\u0119 za nami. S\u0142owo \u017bycia:\u201eJezus m\u00f3wi\u0142: \u00abDo czego podobne jest kr\u00f3lestwo Bo\u017ce i z czym mam je por\u00f3wna\u0107? Podobne jest do ziarnka gorczycy, kt\u00f3re kto\u015b wzi\u0105\u0142 i posia\u0142 w swoim ogrodzie. Wyros\u0142o i sta\u0142o si\u0119 wielkim drzewem, tak \u017ce ptaki podniebne zagnie\u017adzi\u0142y si\u0119 na &hellip;<\/p>\n<p class=\"read-more\"> <a class=\"\" href=\"https:\/\/sercematki.eu\/?page_id=2127\"> <span class=\"screen-reader-text\">15. Dzie\u0144 27. pa\u017adziernika 2020<\/span> Read More &raquo;<\/a><\/p>\n","protected":false},"author":1,"featured_media":0,"parent":0,"menu_order":0,"comment_status":"closed","ping_status":"closed","template":"","meta":[],"yoast_head":"<!-- This site is optimized with the Yoast SEO plugin v15.0 - https:\/\/yoast.com\/wordpress\/plugins\/seo\/ -->\n<title>15. Dzie\u0144 27. pa\u017adziernika 2020 - sercematki.eu<\/title>\n<meta name=\"robots\" content=\"index, follow, max-snippet:-1, max-image-preview:large, max-video-preview:-1\" \/>\n<link rel=\"canonical\" href=\"http:\/\/sercematki.eu\/?page_id=2127\" \/>\n<meta property=\"og:locale\" content=\"pl_PL\" \/>\n<meta property=\"og:type\" content=\"article\" \/>\n<meta property=\"og:title\" content=\"15. Dzie\u0144 27. pa\u017adziernika 2020 - sercematki.eu\" \/>\n<meta property=\"og:description\" content=\"15. Dzie\u0144 27. pa\u017adziernika 2020 -NMP Cudownego Medalika Matko przedziwna, m\u00f3dl si\u0119 za nami. S\u0142owo \u017bycia:\u201eJezus m\u00f3wi\u0142: \u00abDo czego podobne jest kr\u00f3lestwo Bo\u017ce i z czym mam je por\u00f3wna\u0107? Podobne jest do ziarnka gorczycy, kt\u00f3re kto\u015b wzi\u0105\u0142 i posia\u0142 w swoim ogrodzie. Wyros\u0142o i sta\u0142o si\u0119 wielkim drzewem, tak \u017ce ptaki podniebne zagnie\u017adzi\u0142y si\u0119 na &hellip; 15. Dzie\u0144 27. pa\u017adziernika 2020 Read More &raquo;\" \/>\n<meta property=\"og:url\" content=\"http:\/\/sercematki.eu\/?page_id=2127\" \/>\n<meta property=\"og:site_name\" content=\"sercematki.eu\" \/>\n<meta property=\"article:modified_time\" content=\"2020-10-26T21:42:01+00:00\" \/>\n<meta name=\"twitter:card\" content=\"summary_large_image\" \/>\n<script type=\"application\/ld+json\" class=\"yoast-schema-graph\">{\"@context\":\"https:\/\/schema.org\",\"@graph\":[{\"@type\":\"WebSite\",\"@id\":\"https:\/\/sercematki.eu\/#website\",\"url\":\"https:\/\/sercematki.eu\/\",\"name\":\"sercematki.eu\",\"description\":\"33 bicia serca\",\"potentialAction\":[{\"@type\":\"SearchAction\",\"target\":\"https:\/\/sercematki.eu\/?s={search_term_string}\",\"query-input\":\"required name=search_term_string\"}],\"inLanguage\":\"pl-PL\"},{\"@type\":\"WebPage\",\"@id\":\"http:\/\/sercematki.eu\/?page_id=2127#webpage\",\"url\":\"http:\/\/sercematki.eu\/?page_id=2127\",\"name\":\"15. Dzie\\u0144 27. pa\\u017adziernika 2020 - sercematki.eu\",\"isPartOf\":{\"@id\":\"https:\/\/sercematki.eu\/#website\"},\"datePublished\":\"2020-05-19T08:31:35+00:00\",\"dateModified\":\"2020-10-26T21:42:01+00:00\",\"inLanguage\":\"pl-PL\",\"potentialAction\":[{\"@type\":\"ReadAction\",\"target\":[\"http:\/\/sercematki.eu\/?page_id=2127\"]}]}]}<\/script>\n<!-- \/ Yoast SEO plugin. -->","_links":{"self":[{"href":"https:\/\/sercematki.eu\/index.php?rest_route=\/wp\/v2\/pages\/2127"}],"collection":[{"href":"https:\/\/sercematki.eu\/index.php?rest_route=\/wp\/v2\/pages"}],"about":[{"href":"https:\/\/sercematki.eu\/index.php?rest_route=\/wp\/v2\/types\/page"}],"author":[{"embeddable":true,"href":"https:\/\/sercematki.eu\/index.php?rest_route=\/wp\/v2\/users\/1"}],"replies":[{"embeddable":true,"href":"https:\/\/sercematki.eu\/index.php?rest_route=%2Fwp%2Fv2%2Fcomments&post=2127"}],"version-history":[{"count":1,"href":"https:\/\/sercematki.eu\/index.php?rest_route=\/wp\/v2\/pages\/2127\/revisions"}],"predecessor-version":[{"id":3744,"href":"https:\/\/sercematki.eu\/index.php?rest_route=\/wp\/v2\/pages\/2127\/revisions\/3744"}],"wp:attachment":[{"href":"https:\/\/sercematki.eu\/index.php?rest_route=%2Fwp%2Fv2%2Fmedia&parent=2127"}],"curies":[{"name":"wp","href":"https:\/\/api.w.org\/{rel}","templated":true}]}}