{"id":2158,"date":"2020-05-19T10:36:23","date_gmt":"2020-05-19T08:36:23","guid":{"rendered":"http:\/\/sercematki.eu\/?page_id=2158"},"modified":"2020-11-11T23:11:57","modified_gmt":"2020-11-11T22:11:57","slug":"dzien-31","status":"publish","type":"page","link":"https:\/\/sercematki.eu\/?page_id=2158","title":{"rendered":"31. Dzie\u0144 12. listopada 2020"},"content":{"rendered":"\t\t<div data-elementor-type=\"wp-page\" data-elementor-id=\"2158\" class=\"elementor elementor-2158\" data-elementor-settings=\"[]\">\n\t\t\t\t\t\t<div class=\"elementor-inner\">\n\t\t\t\t\t\t\t<div class=\"elementor-section-wrap\">\n\t\t\t\t\t\t\t<section class=\"elementor-section elementor-top-section elementor-element elementor-element-9371cd3 elementor-section-boxed elementor-section-height-default elementor-section-height-default\" data-id=\"9371cd3\" data-element_type=\"section\">\n\t\t\t\t\t\t<div class=\"elementor-container elementor-column-gap-default\">\n\t\t\t\t\t\t\t<div class=\"elementor-row\">\n\t\t\t\t\t<div class=\"elementor-column elementor-col-100 elementor-top-column elementor-element elementor-element-b1a7144\" data-id=\"b1a7144\" data-element_type=\"column\">\n\t\t\t<div class=\"elementor-column-wrap elementor-element-populated\">\n\t\t\t\t\t\t\t<div class=\"elementor-widget-wrap\">\n\t\t\t\t\t\t<div class=\"elementor-element elementor-element-e3921fe elementor-widget elementor-widget-heading\" data-id=\"e3921fe\" data-element_type=\"widget\" data-widget_type=\"heading.default\">\n\t\t\t\t<div class=\"elementor-widget-container\">\n\t\t\t<h2 class=\"elementor-heading-title elementor-size-default\">31. Dzie\u0144 12. listopada 2020 <\/h2>\t\t<\/div>\n\t\t\t\t<\/div>\n\t\t\t\t<div class=\"elementor-element elementor-element-e33990b elementor-widget-divider--view-line elementor-widget elementor-widget-divider\" data-id=\"e33990b\" data-element_type=\"widget\" data-widget_type=\"divider.default\">\n\t\t\t\t<div class=\"elementor-widget-container\">\n\t\t\t\t\t<div class=\"elementor-divider\">\n\t\t\t<span class=\"elementor-divider-separator\">\n\t\t\t\t\t\t<\/span>\n\t\t<\/div>\n\t\t\t\t<\/div>\n\t\t\t\t<\/div>\n\t\t\t\t<div class=\"elementor-element elementor-element-66b309b elementor-invisible elementor-widget elementor-widget-text-editor\" data-id=\"66b309b\" data-element_type=\"widget\" data-settings=\"{&quot;_animation&quot;:&quot;pulse&quot;}\" data-widget_type=\"text-editor.default\">\n\t\t\t\t<div class=\"elementor-widget-container\">\n\t\t\t\t\t<div class=\"elementor-text-editor elementor-clearfix\"><h5><span style=\"font-weight: normal;\"><em>R\u00f3\u017co duchowna, m\u00f3dl si\u0119 za nami.<br \/><\/em><\/span><\/h5><\/div>\n\t\t\t\t<\/div>\n\t\t\t\t<\/div>\n\t\t\t\t<div class=\"elementor-element elementor-element-36c9632 elementor-widget elementor-widget-text-editor\" data-id=\"36c9632\" data-element_type=\"widget\" data-widget_type=\"text-editor.default\">\n\t\t\t\t<div class=\"elementor-widget-container\">\n\t\t\t\t\t<div class=\"elementor-text-editor elementor-clearfix\"><p><b>S\u0142owo \u017bycia:<\/b><br \/>\u201eBo jak b\u0142yskawica, gdy zab\u0142y\u015bnie, ja\u015bnieje od jednego kra\u0144ca widnokr\u0119gu a\u017c do drugiego, tak b\u0119dzie z Synem Cz\u0142o-wieczym w dniu Jego.\u201d (\u0141k 17, 24)<\/p><p><b>Ks. Mateusz: <\/b><br \/>R\u00f3\u017ca duchowna.<br \/>Niepokalana Dziewica jest r\u00f3\u017c\u0105 w\u015br\u00f3d cierni &#8211; wolna od grzechu pierworodnego. <br \/>Uczy nas nowej Duchowo\u015bci &#8211; \u017cycia w Duchu \u015awi\u0119tym, w Jego \u0142asce i obfito\u015bci dar\u00f3w.<br \/>R\u00f3\u017ce ofiarowuje si\u0119 przy r\u00f3\u017cnych okazjach &#8211; cz\u0119sto jako wyraz wdzi\u0119czno\u015bci i mi\u0142o\u015bci.<br \/>Podczas Modlitwy Eucharystycznej &#8211; po przeistoczeniu i wspominaniu b\u0142ogos\u0142awionej m\u0119ki, chwalebnego zmartwych-wstania i wniebowst\u0105pienia Jezusa &#8211; nast\u0119puje ofiarowanie. Kos\u0301cio\u0301\u0142 zgromadzony w Duchu S\u0301wie\u0328tym sk\u0142ada Ojcu nieskalana\u0328 Ofiare\u0328. Maryja uczy nas, aby\u015bmy wraz z konsekrowan\u0105 Hosti\u0105 ofiarowywali tak\u017ce samych siebie i z dnia na dzien\u0301 coraz s\u0301cis\u0301lej sie\u0328 jednoczyli si\u0119 z Tr\u00f3jc\u0105 \u015awi\u0119t\u0105 i mi\u0119dzy soba\u0328, by w kon\u0301cu Bo\u0301g by\u0142 wszystkim we wszystkich.<\/p><p><b>Marek:<\/b><br \/>Cz\u0142owiek, kt\u00f3ry z\u0307yje duchem nawr\u00f3cenia, poddaje w wa\u0328tpliwos\u0301c\u0301 to, co widzi i co przez\u0307ywa, analizuje i ocenia, a na-st\u0119pnie odrzuca lub akceptuje. <br \/>Nawr\u00f3cic\u0301 sie\u0328 to miec\u0301 odwage\u0328 is\u0301c\u0301 pod pra\u0328d, mys\u0301lec\u0301 inaczej niz\u0307 wie\u0328kszos\u0301c\u0301, szczeg\u00f3lnie kiedy owa wie\u0328kszos\u0301c\u0301 oddali\u0142a sie\u0328 od ducha Ewangelii lub wr\u0119cz go zwalcza. <br \/>Nawr\u00f3cony nie chce d\u0142uz\u0307ej z\u0307yc\u0301 i mys\u0301lec\u0301 jak wszyscy. Unika bycia oryginalnym za wszelka\u0328 cene\u0328. Jego dyskrecja nie pozwala mu bowiem szukac\u0301 taniego poklasku, poniewaz\u0307 w pierwszym rze\u0328dzie szuka chwa\u0142y Boz\u0307ej, a nie osobistej. <br \/>Maryja uczy nas, \u017ce osoba nawr\u00f3cona udaje sie\u0328 na poszukiwanie prawdy takz\u0307e wtedy, kiedy inni przestali jej szukac\u0301. Odt\u0105d juz zawsze z\u0307yje w duchu nawr\u00f3cenia i nie przestaje nawo\u0142ywac\u0301 siebie do wie\u0328kszej gorliwos\u0301ci i bezinteresow-nos\u0301ci. Czy nawr\u00f3cenie rodzi w moim sercu postawe\u0328 takiej pokory?<\/p><p><b>\u015aw. Jan Pawe\u0142 II:<\/b> \u201eHistoria \u201epi\u0119knej mi\u0142o\u015bci\u201d zaczyna si\u0119 w chwili zwiastowania, kiedy wys\u0142aniec Bo\u017cy kieruje do Maryi wspania\u0142e s\u0142owa zawieraj\u0105ce powo\u0142anie Jej do tego, by zosta\u0142a Matk\u0105 Syna Bo\u017cego. Poprzez \u201etak\u201d Maryi \u201eB\u00f3g z Boga i \u015awiat\u0142o\u015b\u0107 ze \u015awiat\u0142o\u015bci\u201d staje si\u0119 synem ludzkim. Maryja jest Jego matk\u0105, nie przestaj\u0105c by\u0107 t\u0105 Dziewic\u0105, kt\u00f3ra \u201enie zna m\u0119\u017ca\u201d (por. \u0141k 1,34). Jako Matka-Dziewica staje si\u0119 Maryja Matk\u0105 pi\u0119knej mi\u0142o\u015bci. Prawda ta ods\u0142ania si\u0119 ju\u017c w s\u0142owach Archanio\u0142a Gabriela, ale jej pe\u0142ne znaczenie potwierdza si\u0119 stopniowo, w miar\u0119 jak Maryja post\u0119puje w pielgrzymce wiary ze swoim Synem\u201d (Gratissimam sane &#8211; List do Rodzin, nr 20)<\/p><p><b>ks. kard. Stefan Wyszy\u0144ski<\/b>: \u201eStokro\u0107 wa\u017cniejsze s\u0105 owoce nadprzyrodzone, kt\u00f3re pozwol\u0105 nam kiedy\u015b, po w\u0119dr\u00f3wce doczesnej, otworzy\u0107 oczy na b\u0142ogos\u0142awiony Owoc \u017cywota Maryi &#8211; Jezusa, kt\u00f3rego Ona nam oka\u017ce. Mamy \u017cyw\u0105 wiar\u0119, \u017ce oddajemy olbrzymi\u0105 przys\u0142ug\u0119 Ojczy\u017anie naszej i Ko\u015bcio\u0142owi, wypraszaj\u0105c u Najlepszej Panienki, aby wst\u0105pi\u0142a do ka\u017cdej \u015bwi\u0105tyni na polskiej ziemi. Pragniemy jednego, aby mog\u0142y na Ni\u0105 spojrze\u0107 ka\u017cde polskie oczy, aby mog\u0142y dozna\u0107 pokoju i zjednoczenia wszystkie polskie serca.\u201d (Warszawa 1958 r.)<\/p><p><i>Zadanie rekolekcyjne:<\/i><br \/>Odm\u00f3w r\u00f3\u017caniec &#8211; najlepiej we wsp\u00f3lnocie.<\/p><p><i>\u0106wiczenie dodatkowe: <\/i><br \/>Pom\u00f3dl si\u0119 za zmar\u0142ych i ofiaruj odpust zupe\u0142ny.<\/p><\/div>\n\t\t\t\t<\/div>\n\t\t\t\t<\/div>\n\t\t\t\t<div class=\"elementor-element elementor-element-53a981d elementor-invisible elementor-widget elementor-widget-text-editor\" data-id=\"53a981d\" data-element_type=\"widget\" data-settings=\"{&quot;_animation&quot;:&quot;pulse&quot;}\" data-widget_type=\"text-editor.default\">\n\t\t\t\t<div class=\"elementor-widget-container\">\n\t\t\t\t\t<div class=\"elementor-text-editor elementor-clearfix\"><h2><a href=\"http:\/\/sercematki.eu\/wp-content\/uploads\/2020\/11\/SERCE-MATKI-_-dzien-31..pdf\" target=\"_blank\" rel=\"noopener\">SERCE MATKI rozwa\u017cania na 31. dzie\u0144 DO WYDRUKU<\/a><\/h2><\/div>\n\t\t\t\t<\/div>\n\t\t\t\t<\/div>\n\t\t\t\t<div class=\"elementor-element elementor-element-0524c38 elementor-aspect-ratio-169 elementor-widget elementor-widget-video\" data-id=\"0524c38\" data-element_type=\"widget\" data-settings=\"{&quot;aspect_ratio&quot;:&quot;169&quot;}\" data-widget_type=\"video.default\">\n\t\t\t\t<div class=\"elementor-widget-container\">\n\t\t\t\t\t<div class=\"elementor-wrapper elementor-fit-aspect-ratio elementor-open-inline\">\n\t\t\t<iframe class=\"elementor-video-iframe\" allowfullscreen title=\"youtube Video Player\" src=\"https:\/\/www.youtube.com\/embed\/WXXUhyUIQ6w?feature=oembed&amp;start&amp;end&amp;wmode=opaque&amp;loop=0&amp;controls=1&amp;mute=0&amp;rel=0&amp;modestbranding=0\"><\/iframe>\t\t<\/div>\n\t\t\t\t<\/div>\n\t\t\t\t<\/div>\n\t\t\t\t\t\t<\/div>\n\t\t\t\t\t<\/div>\n\t\t<\/div>\n\t\t\t\t\t\t\t\t<\/div>\n\t\t\t\t\t<\/div>\n\t\t<\/section>\n\t\t\t\t\t\t<\/div>\n\t\t\t\t\t\t<\/div>\n\t\t\t\t\t<\/div>\n\t\t","protected":false},"excerpt":{"rendered":"<p>31. Dzie\u0144 12. listopada 2020 R\u00f3\u017co duchowna, m\u00f3dl si\u0119 za nami. S\u0142owo \u017bycia:\u201eBo jak b\u0142yskawica, gdy zab\u0142y\u015bnie, ja\u015bnieje od jednego kra\u0144ca widnokr\u0119gu a\u017c do drugiego, tak b\u0119dzie z Synem Cz\u0142o-wieczym w dniu Jego.\u201d (\u0141k 17, 24) Ks. Mateusz: R\u00f3\u017ca duchowna.Niepokalana Dziewica jest r\u00f3\u017c\u0105 w\u015br\u00f3d cierni &#8211; wolna od grzechu pierworodnego. Uczy nas nowej Duchowo\u015bci &#8211; &hellip;<\/p>\n<p class=\"read-more\"> <a class=\"\" href=\"https:\/\/sercematki.eu\/?page_id=2158\"> <span class=\"screen-reader-text\">31. Dzie\u0144 12. listopada 2020<\/span> Read More &raquo;<\/a><\/p>\n","protected":false},"author":1,"featured_media":0,"parent":0,"menu_order":0,"comment_status":"closed","ping_status":"closed","template":"","meta":[],"yoast_head":"<!-- This site is optimized with the Yoast SEO plugin v15.0 - https:\/\/yoast.com\/wordpress\/plugins\/seo\/ -->\n<title>31. Dzie\u0144 12. listopada 2020 - sercematki.eu<\/title>\n<meta name=\"robots\" content=\"index, follow, max-snippet:-1, max-image-preview:large, max-video-preview:-1\" \/>\n<link rel=\"canonical\" href=\"http:\/\/sercematki.eu\/?page_id=2158\" \/>\n<meta property=\"og:locale\" content=\"pl_PL\" \/>\n<meta property=\"og:type\" content=\"article\" \/>\n<meta property=\"og:title\" content=\"31. Dzie\u0144 12. listopada 2020 - sercematki.eu\" \/>\n<meta property=\"og:description\" content=\"31. Dzie\u0144 12. listopada 2020 R\u00f3\u017co duchowna, m\u00f3dl si\u0119 za nami. S\u0142owo \u017bycia:\u201eBo jak b\u0142yskawica, gdy zab\u0142y\u015bnie, ja\u015bnieje od jednego kra\u0144ca widnokr\u0119gu a\u017c do drugiego, tak b\u0119dzie z Synem Cz\u0142o-wieczym w dniu Jego.\u201d (\u0141k 17, 24) Ks. Mateusz: R\u00f3\u017ca duchowna.Niepokalana Dziewica jest r\u00f3\u017c\u0105 w\u015br\u00f3d cierni &#8211; wolna od grzechu pierworodnego. Uczy nas nowej Duchowo\u015bci &#8211; &hellip; 31. Dzie\u0144 12. listopada 2020 Read More &raquo;\" \/>\n<meta property=\"og:url\" content=\"http:\/\/sercematki.eu\/?page_id=2158\" \/>\n<meta property=\"og:site_name\" content=\"sercematki.eu\" \/>\n<meta property=\"article:modified_time\" content=\"2020-11-11T22:11:57+00:00\" \/>\n<meta name=\"twitter:card\" content=\"summary_large_image\" \/>\n<script type=\"application\/ld+json\" class=\"yoast-schema-graph\">{\"@context\":\"https:\/\/schema.org\",\"@graph\":[{\"@type\":\"WebSite\",\"@id\":\"https:\/\/sercematki.eu\/#website\",\"url\":\"https:\/\/sercematki.eu\/\",\"name\":\"sercematki.eu\",\"description\":\"33 bicia serca\",\"potentialAction\":[{\"@type\":\"SearchAction\",\"target\":\"https:\/\/sercematki.eu\/?s={search_term_string}\",\"query-input\":\"required name=search_term_string\"}],\"inLanguage\":\"pl-PL\"},{\"@type\":\"WebPage\",\"@id\":\"http:\/\/sercematki.eu\/?page_id=2158#webpage\",\"url\":\"http:\/\/sercematki.eu\/?page_id=2158\",\"name\":\"31. Dzie\\u0144 12. listopada 2020 - sercematki.eu\",\"isPartOf\":{\"@id\":\"https:\/\/sercematki.eu\/#website\"},\"datePublished\":\"2020-05-19T08:36:23+00:00\",\"dateModified\":\"2020-11-11T22:11:57+00:00\",\"inLanguage\":\"pl-PL\",\"potentialAction\":[{\"@type\":\"ReadAction\",\"target\":[\"http:\/\/sercematki.eu\/?page_id=2158\"]}]}]}<\/script>\n<!-- \/ Yoast SEO plugin. -->","_links":{"self":[{"href":"https:\/\/sercematki.eu\/index.php?rest_route=\/wp\/v2\/pages\/2158"}],"collection":[{"href":"https:\/\/sercematki.eu\/index.php?rest_route=\/wp\/v2\/pages"}],"about":[{"href":"https:\/\/sercematki.eu\/index.php?rest_route=\/wp\/v2\/types\/page"}],"author":[{"embeddable":true,"href":"https:\/\/sercematki.eu\/index.php?rest_route=\/wp\/v2\/users\/1"}],"replies":[{"embeddable":true,"href":"https:\/\/sercematki.eu\/index.php?rest_route=%2Fwp%2Fv2%2Fcomments&post=2158"}],"version-history":[{"count":1,"href":"https:\/\/sercematki.eu\/index.php?rest_route=\/wp\/v2\/pages\/2158\/revisions"}],"predecessor-version":[{"id":3819,"href":"https:\/\/sercematki.eu\/index.php?rest_route=\/wp\/v2\/pages\/2158\/revisions\/3819"}],"wp:attachment":[{"href":"https:\/\/sercematki.eu\/index.php?rest_route=%2Fwp%2Fv2%2Fmedia&parent=2158"}],"curies":[{"name":"wp","href":"https:\/\/api.w.org\/{rel}","templated":true}]}}