{"id":2160,"date":"2020-05-19T10:36:38","date_gmt":"2020-05-19T08:36:38","guid":{"rendered":"http:\/\/sercematki.eu\/?page_id=2160"},"modified":"2020-11-12T22:11:55","modified_gmt":"2020-11-12T21:11:55","slug":"dzien-32","status":"publish","type":"page","link":"https:\/\/sercematki.eu\/?page_id=2160","title":{"rendered":"32. Dzie\u0144 13. listopada 2020"},"content":{"rendered":"\t\t<div data-elementor-type=\"wp-page\" data-elementor-id=\"2160\" class=\"elementor elementor-2160\" data-elementor-settings=\"[]\">\n\t\t\t\t\t\t<div class=\"elementor-inner\">\n\t\t\t\t\t\t\t<div class=\"elementor-section-wrap\">\n\t\t\t\t\t\t\t<section class=\"elementor-section elementor-top-section elementor-element elementor-element-a166176 elementor-section-boxed elementor-section-height-default elementor-section-height-default\" data-id=\"a166176\" data-element_type=\"section\">\n\t\t\t\t\t\t<div class=\"elementor-container elementor-column-gap-default\">\n\t\t\t\t\t\t\t<div class=\"elementor-row\">\n\t\t\t\t\t<div class=\"elementor-column elementor-col-100 elementor-top-column elementor-element elementor-element-ed9128f\" data-id=\"ed9128f\" data-element_type=\"column\">\n\t\t\t<div class=\"elementor-column-wrap elementor-element-populated\">\n\t\t\t\t\t\t\t<div class=\"elementor-widget-wrap\">\n\t\t\t\t\t\t<div class=\"elementor-element elementor-element-bf5b9e9 elementor-widget elementor-widget-heading\" data-id=\"bf5b9e9\" data-element_type=\"widget\" data-widget_type=\"heading.default\">\n\t\t\t\t<div class=\"elementor-widget-container\">\n\t\t\t<h2 class=\"elementor-heading-title elementor-size-default\">32. Dzie\u0144 13. listopada 2020<\/h2>\t\t<\/div>\n\t\t\t\t<\/div>\n\t\t\t\t<div class=\"elementor-element elementor-element-5428b90 elementor-widget-divider--view-line elementor-widget elementor-widget-divider\" data-id=\"5428b90\" data-element_type=\"widget\" data-widget_type=\"divider.default\">\n\t\t\t\t<div class=\"elementor-widget-container\">\n\t\t\t\t\t<div class=\"elementor-divider\">\n\t\t\t<span class=\"elementor-divider-separator\">\n\t\t\t\t\t\t<\/span>\n\t\t<\/div>\n\t\t\t\t<\/div>\n\t\t\t\t<\/div>\n\t\t\t\t<div class=\"elementor-element elementor-element-220fe05 elementor-invisible elementor-widget elementor-widget-text-editor\" data-id=\"220fe05\" data-element_type=\"widget\" data-settings=\"{&quot;_animation&quot;:&quot;pulse&quot;}\" data-widget_type=\"text-editor.default\">\n\t\t\t\t<div class=\"elementor-widget-container\">\n\t\t\t\t\t<div class=\"elementor-text-editor elementor-clearfix\"><h5><span style=\"font-weight: normal;\"><em>Wie\u017co Dawidowa, m\u00f3dl si\u0119 za nami.<br \/><\/em><\/span><\/h5><\/div>\n\t\t\t\t<\/div>\n\t\t\t\t<\/div>\n\t\t\t\t<div class=\"elementor-element elementor-element-12510a6 elementor-widget elementor-widget-text-editor\" data-id=\"12510a6\" data-element_type=\"widget\" data-widget_type=\"text-editor.default\">\n\t\t\t\t<div class=\"elementor-widget-container\">\n\t\t\t\t\t<div class=\"elementor-text-editor elementor-clearfix\"><p><b>S\u0142owo \u017bycia:<\/b><br \/>\u201eKto b\u0119dzie si\u0119 stara\u0142 zachowa\u0107 swoje \u017cycie, straci je; a kto je straci, zachowa je.\u201d (\u0141k 17, 33)<\/p><p><b>Ks. Mateusz: <\/b><br \/>Wie\u017ca Dawidowa.<br \/>Wysokie wie\u017ce mia\u0142y zadanie przede wszystkim obronne &#8211; stra\u017cnik stoj\u0105cy na wie\u017cy m\u00f3g\u0142 obserwowa\u0107 ca\u0142\u0105 okolic\u0119 i odpowiednio wcze\u015bnie ostrzega\u0107 przed zagro\u017ceniem.<br \/>Wie\u017ca Dawida by\u0142a najbardziej okaza\u0142\u0105 w Jerozolimie i stanowi\u0142a cz\u0119\u015b\u0107 cytadeli.<br \/>Maryja nazywana jest Wie\u017c\u0105 Dawidow\u0105, poniewa\u017c chroni Swoje dzieci i ostrzega je przed z\u0142em. Powtarzamy cz\u0119sto: \u201ePod Twoj\u0105 obron\u0119 uciekamy si\u0119 \u015awi\u0119ta Bo\u017ca Rodzicielko (\u2026) od wszelakich z\u0142ych czyn\u00f3w racz nas zawsze wybawia\u0107\u2026\u201d<br \/>Modlitw\u0119 Eucharystyczn\u0105 ko\u0144cz\u0105 modlitwy wstawiennicze &#8211; za wszystkich cz\u0142onk\u00f3w Ko\u015bcio\u0142a \u017cywych i zmar\u0142ych &#8211; oraz doksologia: \u201ePrzez Chrystusa, z Chrystusem i w Chrystusie\u2026\u201d <br \/>Uczmy si\u0119 od Serca Matki uwielbienia Boga, kt\u00f3re (podobnie jak widok z wie\u017cy) pomaga nam lepiej widzie\u0107 \u015bwiat, innych ludzi, Boga oraz chroni nas przed niebezpiecze\u0144stwami. Serce przemienione przez uwielbienie jest wolne, radosne i pe\u0142ne pokoju.<\/p><p><b>Marek<\/b>:<br \/>Le\u0328k przed utrat\u0105 czego\u015b cennego potrafi oczyszcza\u0107 nasz\u0105 wiare\u0328 z tego, co nia\u0328 nie jest. <br \/>Cho\u0107 ma w sobie r\u00f3wniez\u0307 wiele aspekt\u00f3w negatywnych, smutnych i ciemnych, to kiedy sie\u0328 pojawia, zmusza nas do szukania oparcia w Bogu.<br \/>Boz\u0307y le\u0328k apeluje o ostroz\u0307nos\u0301c\u0301 i rozwage\u0328 &#8211; nie pozwala ju\u017c nam na nonszalanckie z\u0307ycie!<br \/>Osoba przeje\u0328ta takim \u201ema\u0328drym\u201d le\u0328kiem wychodzi z obwarowan\u0301, jakie wzni\u00f3s\u0142 wok\u00f3\u0142 niej jej w\u0142asny egoizm, poniewaz\u0307 przesta\u0142a juz\u0307 ufac\u0301 wy\u0142\u0105cznie sobie. <br \/>Maryja uczy nas, \u017ce le\u0328k, kiedy przestaje byc\u0301 wy\u0142a\u0328cznie \u201es\u0301lepym le\u0328kiem\u201d, staje sie\u0328 le\u0328kiem pytaja\u0328cym i szukaja\u0328cym. Pomaga nam sie\u0328gac\u0301 w przesz\u0142os\u0301c\u0301 oraz rozgla\u0328dac\u0301 sie\u0328 wok\u00f3\u0142 siebie, w nadziei znalezienia oparcia. Czy potrafi\u0119 z rado\u015bci\u0105 \u201etraci\u0107\u201d m\u00f3j czas dla Boga?<\/p><p><b>\u015aw. Jan Pawe\u0142 II:<\/b> \u201eDwa tysi\u0105ce lat temu Naj\u015bwi\u0119tsza Panna wyda\u0142a na \u015bwiat Wcielone S\u0142owo (&#8230;). Dzisiaj Maryja nadal wspomaga narodziny i wzrost Bo\u017cego \u017cycia w duszach ochrzczonych. Niech synowie i c\u00f3rki Ko\u015bcio\u0142a wzoruj\u0105 si\u0119 w codziennym \u017cyciu na Maryi, na\u015bladuj\u0105c Jej zdolno\u015b\u0107 rozeznawania woli Bo\u017cej w ka\u017cdych okoliczno\u015bciach; Jej ca\u0142kowit\u0105 ofiar\u0119 z siebie w mi\u0142o\u015bci; Jej bezgraniczn\u0105 wierno\u015b\u0107 i niestrudzone po\u015bwi\u0119cenie; Jej moc, zdoln\u0105 znie\u015b\u0107 najwi\u0119ksze utrapienia; Jej zdolno\u015b\u0107 wypowiadania zawsze s\u0142\u00f3w otuchy i pocieszenia.\u201d (Na\u015bladujcie przyk\u0142ad Maryi Rozwa\u017canie przed modlitw\u0105 \u201eAnio\u0142 Pa\u0144ski&#8221;. New Delhi, 7.11.1999 r.)<\/p><p><b>ks. kard. Stefan Wyszy\u0144ski:<\/b> \u201eNie mo\u017cna w pe\u0142ni m\u00f3wi\u0107 o misterium Chrystusa w Ko\u015bciele, je\u017celi si\u0119 jednocze\u015bnie nie uwydatni misterium Matki Naj\u015bwi\u0119tszej, dzia\u0142aj\u0105cej z Chrystusem w Ko\u015bciele Bo\u017cym. Jest to przedziwna prawda, mo\u017ce na czasy dzisiejsze szczeg\u00f3lnie donios\u0142a, aby wszyscy &#8211; \u017cony, m\u0119\u017cowie, m\u0142odzie\u017c, na\u015bladowali r\u00f3wnocze\u015bnie Chrystusa i Jego Matk\u0119. Nie jest prawd\u0105, \u017ce Chrystus jest tylko dla m\u0119\u017cczyzn, a Maryja tylko dla kobiet.\u201d(Warszawa 1966 r.)<\/p><p><i>Zadanie rekolekcyjne:<\/i><br \/>Odm\u00f3w r\u00f3\u017caniec &#8211; najlepiej we wsp\u00f3lnocie.<\/p><p><i>\u0106wiczenie dodatkowe: <\/i><br \/>Pom\u00f3dl si\u0119 za zmar\u0142ych i ofiaruj odpust zupe\u0142ny.<\/p><\/div>\n\t\t\t\t<\/div>\n\t\t\t\t<\/div>\n\t\t\t\t<div class=\"elementor-element elementor-element-4cede16 elementor-invisible elementor-widget elementor-widget-text-editor\" data-id=\"4cede16\" data-element_type=\"widget\" data-settings=\"{&quot;_animation&quot;:&quot;pulse&quot;}\" data-widget_type=\"text-editor.default\">\n\t\t\t\t<div class=\"elementor-widget-container\">\n\t\t\t\t\t<div class=\"elementor-text-editor elementor-clearfix\"><h2><a href=\"http:\/\/sercematki.eu\/wp-content\/uploads\/2020\/11\/SERCE-MATKI-_-dzien-32..pdf\" target=\"_blank\" rel=\"noopener\">SERCE MATKI rozwa\u017cania na 32. dzie\u0144 DO WYDRUKU<\/a><\/h2><\/div>\n\t\t\t\t<\/div>\n\t\t\t\t<\/div>\n\t\t\t\t<div class=\"elementor-element elementor-element-6dd78cc elementor-aspect-ratio-169 elementor-widget elementor-widget-video\" data-id=\"6dd78cc\" data-element_type=\"widget\" data-settings=\"{&quot;aspect_ratio&quot;:&quot;169&quot;}\" data-widget_type=\"video.default\">\n\t\t\t\t<div class=\"elementor-widget-container\">\n\t\t\t\t\t<div class=\"elementor-wrapper elementor-fit-aspect-ratio elementor-open-inline\">\n\t\t\t<iframe class=\"elementor-video-iframe\" allowfullscreen title=\"youtube Video Player\" src=\"https:\/\/www.youtube.com\/embed\/zf2aPFLej7k?feature=oembed&amp;start&amp;end&amp;wmode=opaque&amp;loop=0&amp;controls=1&amp;mute=0&amp;rel=0&amp;modestbranding=0\"><\/iframe>\t\t<\/div>\n\t\t\t\t<\/div>\n\t\t\t\t<\/div>\n\t\t\t\t\t\t<\/div>\n\t\t\t\t\t<\/div>\n\t\t<\/div>\n\t\t\t\t\t\t\t\t<\/div>\n\t\t\t\t\t<\/div>\n\t\t<\/section>\n\t\t\t\t\t\t<\/div>\n\t\t\t\t\t\t<\/div>\n\t\t\t\t\t<\/div>\n\t\t","protected":false},"excerpt":{"rendered":"<p>32. Dzie\u0144 13. listopada 2020 Wie\u017co Dawidowa, m\u00f3dl si\u0119 za nami. S\u0142owo \u017bycia:\u201eKto b\u0119dzie si\u0119 stara\u0142 zachowa\u0107 swoje \u017cycie, straci je; a kto je straci, zachowa je.\u201d (\u0141k 17, 33) Ks. Mateusz: Wie\u017ca Dawidowa.Wysokie wie\u017ce mia\u0142y zadanie przede wszystkim obronne &#8211; stra\u017cnik stoj\u0105cy na wie\u017cy m\u00f3g\u0142 obserwowa\u0107 ca\u0142\u0105 okolic\u0119 i odpowiednio wcze\u015bnie ostrzega\u0107 przed zagro\u017ceniem.Wie\u017ca &hellip;<\/p>\n<p class=\"read-more\"> <a class=\"\" href=\"https:\/\/sercematki.eu\/?page_id=2160\"> <span class=\"screen-reader-text\">32. Dzie\u0144 13. listopada 2020<\/span> Read More &raquo;<\/a><\/p>\n","protected":false},"author":1,"featured_media":0,"parent":0,"menu_order":0,"comment_status":"closed","ping_status":"closed","template":"","meta":[],"yoast_head":"<!-- This site is optimized with the Yoast SEO plugin v15.0 - https:\/\/yoast.com\/wordpress\/plugins\/seo\/ -->\n<title>32. Dzie\u0144 13. listopada 2020 - sercematki.eu<\/title>\n<meta name=\"robots\" content=\"index, follow, max-snippet:-1, max-image-preview:large, max-video-preview:-1\" \/>\n<link rel=\"canonical\" href=\"http:\/\/sercematki.eu\/?page_id=2160\" \/>\n<meta property=\"og:locale\" content=\"pl_PL\" \/>\n<meta property=\"og:type\" content=\"article\" \/>\n<meta property=\"og:title\" content=\"32. Dzie\u0144 13. listopada 2020 - sercematki.eu\" \/>\n<meta property=\"og:description\" content=\"32. Dzie\u0144 13. listopada 2020 Wie\u017co Dawidowa, m\u00f3dl si\u0119 za nami. S\u0142owo \u017bycia:\u201eKto b\u0119dzie si\u0119 stara\u0142 zachowa\u0107 swoje \u017cycie, straci je; a kto je straci, zachowa je.\u201d (\u0141k 17, 33) Ks. Mateusz: Wie\u017ca Dawidowa.Wysokie wie\u017ce mia\u0142y zadanie przede wszystkim obronne &#8211; stra\u017cnik stoj\u0105cy na wie\u017cy m\u00f3g\u0142 obserwowa\u0107 ca\u0142\u0105 okolic\u0119 i odpowiednio wcze\u015bnie ostrzega\u0107 przed zagro\u017ceniem.Wie\u017ca &hellip; 32. Dzie\u0144 13. listopada 2020 Read More &raquo;\" \/>\n<meta property=\"og:url\" content=\"http:\/\/sercematki.eu\/?page_id=2160\" \/>\n<meta property=\"og:site_name\" content=\"sercematki.eu\" \/>\n<meta property=\"article:modified_time\" content=\"2020-11-12T21:11:55+00:00\" \/>\n<meta name=\"twitter:card\" content=\"summary_large_image\" \/>\n<script type=\"application\/ld+json\" class=\"yoast-schema-graph\">{\"@context\":\"https:\/\/schema.org\",\"@graph\":[{\"@type\":\"WebSite\",\"@id\":\"https:\/\/sercematki.eu\/#website\",\"url\":\"https:\/\/sercematki.eu\/\",\"name\":\"sercematki.eu\",\"description\":\"33 bicia serca\",\"potentialAction\":[{\"@type\":\"SearchAction\",\"target\":\"https:\/\/sercematki.eu\/?s={search_term_string}\",\"query-input\":\"required name=search_term_string\"}],\"inLanguage\":\"pl-PL\"},{\"@type\":\"WebPage\",\"@id\":\"http:\/\/sercematki.eu\/?page_id=2160#webpage\",\"url\":\"http:\/\/sercematki.eu\/?page_id=2160\",\"name\":\"32. Dzie\\u0144 13. listopada 2020 - sercematki.eu\",\"isPartOf\":{\"@id\":\"https:\/\/sercematki.eu\/#website\"},\"datePublished\":\"2020-05-19T08:36:38+00:00\",\"dateModified\":\"2020-11-12T21:11:55+00:00\",\"inLanguage\":\"pl-PL\",\"potentialAction\":[{\"@type\":\"ReadAction\",\"target\":[\"http:\/\/sercematki.eu\/?page_id=2160\"]}]}]}<\/script>\n<!-- \/ Yoast SEO plugin. -->","_links":{"self":[{"href":"https:\/\/sercematki.eu\/index.php?rest_route=\/wp\/v2\/pages\/2160"}],"collection":[{"href":"https:\/\/sercematki.eu\/index.php?rest_route=\/wp\/v2\/pages"}],"about":[{"href":"https:\/\/sercematki.eu\/index.php?rest_route=\/wp\/v2\/types\/page"}],"author":[{"embeddable":true,"href":"https:\/\/sercematki.eu\/index.php?rest_route=\/wp\/v2\/users\/1"}],"replies":[{"embeddable":true,"href":"https:\/\/sercematki.eu\/index.php?rest_route=%2Fwp%2Fv2%2Fcomments&post=2160"}],"version-history":[{"count":1,"href":"https:\/\/sercematki.eu\/index.php?rest_route=\/wp\/v2\/pages\/2160\/revisions"}],"predecessor-version":[{"id":3826,"href":"https:\/\/sercematki.eu\/index.php?rest_route=\/wp\/v2\/pages\/2160\/revisions\/3826"}],"wp:attachment":[{"href":"https:\/\/sercematki.eu\/index.php?rest_route=%2Fwp%2Fv2%2Fmedia&parent=2160"}],"curies":[{"name":"wp","href":"https:\/\/api.w.org\/{rel}","templated":true}]}}