{"id":3390,"date":"2020-09-27T18:13:11","date_gmt":"2020-09-27T16:13:11","guid":{"rendered":"http:\/\/sercematki.eu\/?page_id=3390"},"modified":"2020-11-17T20:50:00","modified_gmt":"2020-11-17T19:50:00","slug":"37-dzien-18-listopada-2020","status":"publish","type":"page","link":"https:\/\/sercematki.eu\/?page_id=3390","title":{"rendered":"37. Dzie\u0144 18. listopada 2020"},"content":{"rendered":"\t\t<div data-elementor-type=\"wp-page\" data-elementor-id=\"3390\" class=\"elementor elementor-3390\" data-elementor-settings=\"[]\">\n\t\t\t\t\t\t<div class=\"elementor-inner\">\n\t\t\t\t\t\t\t<div class=\"elementor-section-wrap\">\n\t\t\t\t\t\t\t<section class=\"elementor-section elementor-top-section elementor-element elementor-element-aec3520 elementor-section-boxed elementor-section-height-default elementor-section-height-default\" data-id=\"aec3520\" data-element_type=\"section\">\n\t\t\t\t\t\t<div class=\"elementor-container elementor-column-gap-default\">\n\t\t\t\t\t\t\t<div class=\"elementor-row\">\n\t\t\t\t\t<div class=\"elementor-column elementor-col-100 elementor-top-column elementor-element elementor-element-b9b9076\" data-id=\"b9b9076\" data-element_type=\"column\">\n\t\t\t<div class=\"elementor-column-wrap elementor-element-populated\">\n\t\t\t\t\t\t\t<div class=\"elementor-widget-wrap\">\n\t\t\t\t\t\t<div class=\"elementor-element elementor-element-1360984 elementor-widget elementor-widget-heading\" data-id=\"1360984\" data-element_type=\"widget\" data-widget_type=\"heading.default\">\n\t\t\t\t<div class=\"elementor-widget-container\">\n\t\t\t<h2 class=\"elementor-heading-title elementor-size-default\">37. Dzie\u0144 18. listopada 2020<\/h2>\t\t<\/div>\n\t\t\t\t<\/div>\n\t\t\t\t\t\t<\/div>\n\t\t\t\t\t<\/div>\n\t\t<\/div>\n\t\t\t\t\t\t\t\t<\/div>\n\t\t\t\t\t<\/div>\n\t\t<\/section>\n\t\t\t\t<section class=\"elementor-section elementor-top-section elementor-element elementor-element-0aa38a7 elementor-section-boxed elementor-section-height-default elementor-section-height-default\" data-id=\"0aa38a7\" data-element_type=\"section\">\n\t\t\t\t\t\t<div class=\"elementor-container elementor-column-gap-default\">\n\t\t\t\t\t\t\t<div class=\"elementor-row\">\n\t\t\t\t\t<div class=\"elementor-column elementor-col-100 elementor-top-column elementor-element elementor-element-d6a26a1\" data-id=\"d6a26a1\" data-element_type=\"column\">\n\t\t\t<div class=\"elementor-column-wrap elementor-element-populated\">\n\t\t\t\t\t\t\t<div class=\"elementor-widget-wrap\">\n\t\t\t\t\t\t<div class=\"elementor-element elementor-element-0d5deb1 elementor-invisible elementor-widget elementor-widget-text-editor\" data-id=\"0d5deb1\" data-element_type=\"widget\" data-settings=\"{&quot;_animation&quot;:&quot;pulse&quot;}\" data-widget_type=\"text-editor.default\">\n\t\t\t\t<div class=\"elementor-widget-container\">\n\t\t\t\t\t<div class=\"elementor-text-editor elementor-clearfix\"><p><em>Gwiazdo zaranna, m\u00f3dl si\u0119 za nami.<\/em><\/p><\/div>\n\t\t\t\t<\/div>\n\t\t\t\t<\/div>\n\t\t\t\t<div class=\"elementor-element elementor-element-28397f3 elementor-widget elementor-widget-text-editor\" data-id=\"28397f3\" data-element_type=\"widget\" data-widget_type=\"text-editor.default\">\n\t\t\t\t<div class=\"elementor-widget-container\">\n\t\t\t\t\t<div class=\"elementor-text-editor elementor-clearfix\"><p><b>S\u0142owo \u017bycia:<\/b><br \/>\u201ePowiadam wam: Ka\u017cdemu, kto ma, b\u0119dzie dodane; a temu, kto nie ma, zabior\u0105 nawet to, co ma.\u201d(\u0141k 19, 26)<\/p><p><b>Ks. Mateusz: <\/b><br \/>Gwiazda zaranna.<br \/>To ta gwiazda, kt\u00f3r\u0105 wida\u0107 najd\u0142u\u017cej nad ranem &#8211; \u201ewprowadza\u201d S\u0142o\u0144ce na \u015bwiat.<br \/>Dzi\u0119ki \u201efiat\u201d Maryi Jezus &#8211; \u015awiat\u0142o\u015b\u0107 \u015bwiata &#8211; sta\u0142 si\u0119 cz\u0142owiekiem. <br \/>Serce Matki wci\u0105\u017c chce wprowadza\u0107 \u015awiat\u0142o i Mi\u0142o\u015b\u0107 Syna do Ko\u015bcio\u0142a.<br \/>Przed Komuni\u0105 kap\u0142an wskazuje na Naj\u015bwi\u0119tsze Cia\u0142o i Krew Jezusa wypowiadaj\u0105c s\u0142owa: \u201eOto Baranek Bo\u017cy\u2026\u201d. \u201ePanie, nie jestem godzien\u2026\u201d &#8211; odpowiadamy.<br \/>Pro\u015bmy Maryj\u0119 &#8211; zw\u0142aszcza przed Komuni\u0105 \u015bwi\u0119t\u0105 &#8211; aby uczy\u0142a nas przyjmowania Jezusa do naszych serc. <br \/>Niech Maryja &#8211; Gwiazda zaranna pomaga nam \u015bwiadomie i owocnie jednoczy\u0107 si\u0119 z Chrystusem i stawa\u0107 si\u0119 Jego \u015bwiat\u0142em w \u015bwiecie.<\/p><p><b>Marek:<\/b><br \/>Ka\u017cde spotkanie wymaga od nas okre\u015blonego wysi\u0142ku. Zdoby\u0107 si\u0119 musi na niego zar\u00f3wno ten, kto chce si\u0119 spotka\u0107, oraz kto spotkania udziela. W przypadku Zacheusza wymaga\u0142o to jak wiemy konkretnej pokory wr\u0119cz wystawienia si\u0119 na po\u015bmiewisko!<br \/>Nie warto ulegac z\u0142udzeniu, \u017ce kocha\u0107 to wy\u0142\u0105cznie by\u0107 blisko, obdarowywa\u0107 sob\u0105 i rzeczami materialnymi. Tak poj-mowana mi\u0142o\u015b\u0107 zamyka na bogactwa duchowe, wieczne, kt\u00f3re ka\u017cdy powinien osi\u0105ga\u0107 drog\u0105 wyrzecze\u0144, modlitwy i ofiary w trudzie codziennego \u017cycia. <br \/>Maryja ucz nas, \u017ce w obliczu spotkania z Jezusem cz\u0142owiek musi stale w sobie wzmacnia\u0107 to pragnienie. Niebo jest bowiem miastem po\u0142o\u017conym na g\u00f3rze. Ci, kt\u00f3rzy s\u0105 zbyt leniwi, by si\u0119 wspina\u0107, mog\u0105 go nie zdoby\u0107! Czy moje serce jest gotowe na taki wysi\u0142ek?<\/p><p><b>\u015aw. Jan Pawe\u0142 II:<\/b> \u201eMaryja \u201e\u0142aski pe\u0142na&#8221; jest dla Ko\u015bcio\u0142a \u201eca\u0142a \u015bwi\u0119ta i wolna od wszelkiej zmazy grzechowej&#8221;, \u201eubogacona od pierwszej chwili pocz\u0119cia blaskami szczeg\u00f3lnej zaiste \u015bwi\u0119to\u015bci&#8221; (Lumen gentium, 56).(&#8230;) Wyra\u017cenie \u201euczyniona pe\u0142n\u0105 \u0142aski&#8221;, z jakim anio\u0142 zwraca si\u0119 do Maryi w chwili Zwiastowania, (&#8230;) wskazuje na owoc Bo\u017cej \u0142aski w Maryi; Maryja zosta\u0142a w spos\u00f3b dog\u0142\u0119bny i na sta\u0142e przenikni\u0119ta \u0142ask\u0105, czyli u\u015bwi\u0119cona.\u201d (Doskona\u0142a \u015bwi\u0119to\u015b\u0107 Maryi, Katecheza podczas audiencji generalnej, 15.05.1996 r.)<\/p><p><b>ks. kard. Stefan Wyszy\u0144ski: <\/b>\u201eW tragicznym zam\u0119cie katastrofy ludzkiej w raju sam B\u00f3g pokaza\u0142 delikatn\u0105 d\u0142o\u0144 Niewiasty. T\u0119skni\u0142y do Niej prorocze sny i widzenia. B\u0119dzie Emmanuel! B\u0119dzie \u201eB\u00f3g z nami!\u201d Oczekiwali, obliczali tygodnie i lata, radowali si\u0119.. i wierzyli! To musi si\u0119 sta\u0107! Musi przyj\u015b\u0107 Matka &#8211; jakkolwiek J\u0105 nazwiemy &#8211; i stan\u0105\u0107 przy swoich synach. Musi by\u0107 kto\u015b o delikatnej, macierzy\u0144skiej duszy, bo trzeba rodzi\u0107\u2026 rodzi\u0107\u2026\u201d ( Warszawa 1961 r.)<\/p><p><i>Zadanie rekolekcyjne:<\/i><br \/>Odm\u00f3w r\u00f3\u017caniec &#8211; najlepiej we wsp\u00f3lnocie.<\/p><p><i>\u0106wiczenie dodatkowe: <\/i><br \/>Pom\u00f3dl si\u0119 za zmar\u0142ych i ofiaruj odpust zupe\u0142ny.<\/p><p>\u00a0<\/p><\/div>\n\t\t\t\t<\/div>\n\t\t\t\t<\/div>\n\t\t\t\t<div class=\"elementor-element elementor-element-f11bf5b elementor-invisible elementor-widget elementor-widget-text-editor\" data-id=\"f11bf5b\" data-element_type=\"widget\" data-settings=\"{&quot;_animation&quot;:&quot;pulse&quot;}\" data-widget_type=\"text-editor.default\">\n\t\t\t\t<div class=\"elementor-widget-container\">\n\t\t\t\t\t<div class=\"elementor-text-editor elementor-clearfix\"><h2><a href=\"http:\/\/sercematki.eu\/wp-content\/uploads\/2020\/11\/SERCE-MATKI-_-dzien-37..pdf\" target=\"_blank\" rel=\"noopener\">SERCE MATKI rozwa\u017cania na 37. dzie\u0144 DO WYDRUKU<\/a><\/h2><\/div>\n\t\t\t\t<\/div>\n\t\t\t\t<\/div>\n\t\t\t\t<div class=\"elementor-element elementor-element-3cf5ba2 elementor-aspect-ratio-169 elementor-widget elementor-widget-video\" data-id=\"3cf5ba2\" data-element_type=\"widget\" data-settings=\"{&quot;aspect_ratio&quot;:&quot;169&quot;}\" data-widget_type=\"video.default\">\n\t\t\t\t<div class=\"elementor-widget-container\">\n\t\t\t\t\t<div class=\"elementor-wrapper elementor-fit-aspect-ratio elementor-open-inline\">\n\t\t\t<iframe class=\"elementor-video-iframe\" allowfullscreen title=\"youtube Video Player\" src=\"https:\/\/www.youtube.com\/embed\/0FOC1LwLaX0?feature=oembed&amp;start&amp;end&amp;wmode=opaque&amp;loop=0&amp;controls=1&amp;mute=0&amp;rel=0&amp;modestbranding=0\"><\/iframe>\t\t<\/div>\n\t\t\t\t<\/div>\n\t\t\t\t<\/div>\n\t\t\t\t\t\t<\/div>\n\t\t\t\t\t<\/div>\n\t\t<\/div>\n\t\t\t\t\t\t\t\t<\/div>\n\t\t\t\t\t<\/div>\n\t\t<\/section>\n\t\t\t\t\t\t<\/div>\n\t\t\t\t\t\t<\/div>\n\t\t\t\t\t<\/div>\n\t\t","protected":false},"excerpt":{"rendered":"<p>37. Dzie\u0144 18. listopada 2020 Gwiazdo zaranna, m\u00f3dl si\u0119 za nami. S\u0142owo \u017bycia:\u201ePowiadam wam: Ka\u017cdemu, kto ma, b\u0119dzie dodane; a temu, kto nie ma, zabior\u0105 nawet to, co ma.\u201d(\u0141k 19, 26) Ks. Mateusz: Gwiazda zaranna.To ta gwiazda, kt\u00f3r\u0105 wida\u0107 najd\u0142u\u017cej nad ranem &#8211; \u201ewprowadza\u201d S\u0142o\u0144ce na \u015bwiat.Dzi\u0119ki \u201efiat\u201d Maryi Jezus &#8211; \u015awiat\u0142o\u015b\u0107 \u015bwiata &#8211; sta\u0142 &hellip;<\/p>\n<p class=\"read-more\"> <a class=\"\" href=\"https:\/\/sercematki.eu\/?page_id=3390\"> <span class=\"screen-reader-text\">37. Dzie\u0144 18. listopada 2020<\/span> Read More &raquo;<\/a><\/p>\n","protected":false},"author":2,"featured_media":0,"parent":0,"menu_order":0,"comment_status":"closed","ping_status":"closed","template":"","meta":[],"yoast_head":"<!-- This site is optimized with the Yoast SEO plugin v15.0 - https:\/\/yoast.com\/wordpress\/plugins\/seo\/ -->\n<title>37. Dzie\u0144 18. listopada 2020 - sercematki.eu<\/title>\n<meta name=\"robots\" content=\"index, follow, max-snippet:-1, max-image-preview:large, max-video-preview:-1\" \/>\n<link rel=\"canonical\" href=\"http:\/\/sercematki.eu\/?page_id=3390\" \/>\n<meta property=\"og:locale\" content=\"pl_PL\" \/>\n<meta property=\"og:type\" content=\"article\" \/>\n<meta property=\"og:title\" content=\"37. Dzie\u0144 18. listopada 2020 - sercematki.eu\" \/>\n<meta property=\"og:description\" content=\"37. Dzie\u0144 18. listopada 2020 Gwiazdo zaranna, m\u00f3dl si\u0119 za nami. S\u0142owo \u017bycia:\u201ePowiadam wam: Ka\u017cdemu, kto ma, b\u0119dzie dodane; a temu, kto nie ma, zabior\u0105 nawet to, co ma.\u201d(\u0141k 19, 26) Ks. Mateusz: Gwiazda zaranna.To ta gwiazda, kt\u00f3r\u0105 wida\u0107 najd\u0142u\u017cej nad ranem &#8211; \u201ewprowadza\u201d S\u0142o\u0144ce na \u015bwiat.Dzi\u0119ki \u201efiat\u201d Maryi Jezus &#8211; \u015awiat\u0142o\u015b\u0107 \u015bwiata &#8211; sta\u0142 &hellip; 37. Dzie\u0144 18. listopada 2020 Read More &raquo;\" \/>\n<meta property=\"og:url\" content=\"http:\/\/sercematki.eu\/?page_id=3390\" \/>\n<meta property=\"og:site_name\" content=\"sercematki.eu\" \/>\n<meta property=\"article:modified_time\" content=\"2020-11-17T19:50:00+00:00\" \/>\n<meta name=\"twitter:card\" content=\"summary_large_image\" \/>\n<script type=\"application\/ld+json\" class=\"yoast-schema-graph\">{\"@context\":\"https:\/\/schema.org\",\"@graph\":[{\"@type\":\"WebSite\",\"@id\":\"https:\/\/sercematki.eu\/#website\",\"url\":\"https:\/\/sercematki.eu\/\",\"name\":\"sercematki.eu\",\"description\":\"33 bicia serca\",\"potentialAction\":[{\"@type\":\"SearchAction\",\"target\":\"https:\/\/sercematki.eu\/?s={search_term_string}\",\"query-input\":\"required name=search_term_string\"}],\"inLanguage\":\"pl-PL\"},{\"@type\":\"WebPage\",\"@id\":\"http:\/\/sercematki.eu\/?page_id=3390#webpage\",\"url\":\"http:\/\/sercematki.eu\/?page_id=3390\",\"name\":\"37. Dzie\\u0144 18. listopada 2020 - sercematki.eu\",\"isPartOf\":{\"@id\":\"https:\/\/sercematki.eu\/#website\"},\"datePublished\":\"2020-09-27T16:13:11+00:00\",\"dateModified\":\"2020-11-17T19:50:00+00:00\",\"inLanguage\":\"pl-PL\",\"potentialAction\":[{\"@type\":\"ReadAction\",\"target\":[\"http:\/\/sercematki.eu\/?page_id=3390\"]}]}]}<\/script>\n<!-- \/ Yoast SEO plugin. -->","_links":{"self":[{"href":"https:\/\/sercematki.eu\/index.php?rest_route=\/wp\/v2\/pages\/3390"}],"collection":[{"href":"https:\/\/sercematki.eu\/index.php?rest_route=\/wp\/v2\/pages"}],"about":[{"href":"https:\/\/sercematki.eu\/index.php?rest_route=\/wp\/v2\/types\/page"}],"author":[{"embeddable":true,"href":"https:\/\/sercematki.eu\/index.php?rest_route=\/wp\/v2\/users\/2"}],"replies":[{"embeddable":true,"href":"https:\/\/sercematki.eu\/index.php?rest_route=%2Fwp%2Fv2%2Fcomments&post=3390"}],"version-history":[{"count":1,"href":"https:\/\/sercematki.eu\/index.php?rest_route=\/wp\/v2\/pages\/3390\/revisions"}],"predecessor-version":[{"id":3846,"href":"https:\/\/sercematki.eu\/index.php?rest_route=\/wp\/v2\/pages\/3390\/revisions\/3846"}],"wp:attachment":[{"href":"https:\/\/sercematki.eu\/index.php?rest_route=%2Fwp%2Fv2%2Fmedia&parent=3390"}],"curies":[{"name":"wp","href":"https:\/\/api.w.org\/{rel}","templated":true}]}}