{"id":3397,"date":"2020-09-27T18:20:11","date_gmt":"2020-09-27T16:20:11","guid":{"rendered":"http:\/\/sercematki.eu\/?page_id=3397"},"modified":"2020-11-20T08:49:06","modified_gmt":"2020-11-20T07:49:06","slug":"39-dzien-29-listopada-2020","status":"publish","type":"page","link":"https:\/\/sercematki.eu\/?page_id=3397","title":{"rendered":"39. Dzie\u0144 20. listopada 2020"},"content":{"rendered":"\t\t<div data-elementor-type=\"wp-page\" data-elementor-id=\"3397\" class=\"elementor elementor-3397\" data-elementor-settings=\"[]\">\n\t\t\t\t\t\t<div class=\"elementor-inner\">\n\t\t\t\t\t\t\t<div class=\"elementor-section-wrap\">\n\t\t\t\t\t\t\t<section class=\"elementor-section elementor-top-section elementor-element elementor-element-b6b4939 elementor-section-boxed elementor-section-height-default elementor-section-height-default\" data-id=\"b6b4939\" data-element_type=\"section\">\n\t\t\t\t\t\t<div class=\"elementor-container elementor-column-gap-default\">\n\t\t\t\t\t\t\t<div class=\"elementor-row\">\n\t\t\t\t\t<div class=\"elementor-column elementor-col-100 elementor-top-column elementor-element elementor-element-b7e93c0\" data-id=\"b7e93c0\" data-element_type=\"column\">\n\t\t\t<div class=\"elementor-column-wrap elementor-element-populated\">\n\t\t\t\t\t\t\t<div class=\"elementor-widget-wrap\">\n\t\t\t\t\t\t<div class=\"elementor-element elementor-element-446c335 elementor-widget elementor-widget-heading\" data-id=\"446c335\" data-element_type=\"widget\" data-widget_type=\"heading.default\">\n\t\t\t\t<div class=\"elementor-widget-container\">\n\t\t\t<h2 class=\"elementor-heading-title elementor-size-default\">39. Dzie\u0144 20. listopada 2020<\/h2>\t\t<\/div>\n\t\t\t\t<\/div>\n\t\t\t\t\t\t<\/div>\n\t\t\t\t\t<\/div>\n\t\t<\/div>\n\t\t\t\t\t\t\t\t<\/div>\n\t\t\t\t\t<\/div>\n\t\t<\/section>\n\t\t\t\t<section class=\"elementor-section elementor-top-section elementor-element elementor-element-94da3bf elementor-section-boxed elementor-section-height-default elementor-section-height-default\" data-id=\"94da3bf\" data-element_type=\"section\">\n\t\t\t\t\t\t<div class=\"elementor-container elementor-column-gap-default\">\n\t\t\t\t\t\t\t<div class=\"elementor-row\">\n\t\t\t\t\t<div class=\"elementor-column elementor-col-100 elementor-top-column elementor-element elementor-element-02cc299\" data-id=\"02cc299\" data-element_type=\"column\">\n\t\t\t<div class=\"elementor-column-wrap elementor-element-populated\">\n\t\t\t\t\t\t\t<div class=\"elementor-widget-wrap\">\n\t\t\t\t\t\t<div class=\"elementor-element elementor-element-6d73eed elementor-invisible elementor-widget elementor-widget-text-editor\" data-id=\"6d73eed\" data-element_type=\"widget\" data-settings=\"{&quot;_animation&quot;:&quot;pulse&quot;}\" data-widget_type=\"text-editor.default\">\n\t\t\t\t<div class=\"elementor-widget-container\">\n\t\t\t\t\t<div class=\"elementor-text-editor elementor-clearfix\"><p><em>Ucieczko grzesznych, m\u00f3dl si\u0119 za nami.<\/em><\/p><\/div>\n\t\t\t\t<\/div>\n\t\t\t\t<\/div>\n\t\t\t\t<div class=\"elementor-element elementor-element-f34b1f6 elementor-widget elementor-widget-text-editor\" data-id=\"f34b1f6\" data-element_type=\"widget\" data-widget_type=\"text-editor.default\">\n\t\t\t\t<div class=\"elementor-widget-container\">\n\t\t\t\t\t<div class=\"elementor-text-editor elementor-clearfix\"><p><b>S\u0142owo \u017bycia:<\/b><br \/>\u201eM\u00f3wi\u0142 do nich: \u00abNapisane jest: M\u00f3j dom b\u0119dzie domem modlitwy, a wy uczynili\u015bcie z niego jaskini\u0119 zb\u00f3jc\u00f3w\u00bb\u201d (\u0141k 19, 46)<\/p><p><b>Ks. Mateusz: <\/b><br \/>Ucieczka grzesznych.<br \/>\u201ePod Twoj\u0105 obron\u0119 uciekamy si\u0119 \u015awi\u0119ta Bo\u017ca Rodzicielko\u2026 od wszelakich z\u0142ych przyg\u00f3d racz nas zawsze wyba-wia\u0107\u2026\u201d Niepokalana Matka &#8211; \u201epe\u0142na \u0142aski\u201d &#8211; jest dla nas wzorem jak ucieka\u0107 od grzechu i \u017cy\u0107 w \u0142asce wype\u0142niaj\u0105c wol\u0119 Bo\u017c\u0105. <br \/>Ciemno\u015b\u0107 jest brakiem \u015bwiat\u0142a. Maryja zjednoczona ze Swoim Synem by\u0142a pe\u0142na Boskiego \u015awiat\u0142a. Obrz\u0119d Komunii \u015awi\u0119tej to czas, w kt\u00f3rym jednoczymy si\u0119 z Bogiem. Im bli\u017cej Boga jeste\u015bmy, tym wi\u0119cej \u015awiat\u0142a w nas i wok\u00f3\u0142 nas. <br \/>Uczmy si\u0119 od Maryi jak jednoczy\u0107 si\u0119 z Chrystusem w Komunii \u015awi\u0119tej, by\u0107 blisko Boga i stawa\u0107 si\u0119 Jego \u015bwiat\u0142em dla innych.<\/p><p><b>Marek:<\/b><br \/>Wsp\u00f3\u0142czesnos\u0301c\u0301 rezygnuje z przekazywania nauki o ma\u0328dros\u0301ci Stw\u00f3rcy. Nie pytamy, co B\u00f3g ma do powiedzenia w kwestii egzystencji, moralnos\u0301ci czy na temat p\u0142ci, wystarczaja\u0328 nam wa\u0328tpliwej jakos\u0301ci ludzkie przekonania czy wr\u0119cz demoniczne ideologie. A wszystko dlatego, by nie naruszyc\u0301 spokoju sumienia \u201ekonsumenta szcze\u0328s\u0301cia\u201d, nie zmusic\u0301 go do mys\u0301lenia nad swoimi wyborami i preferowanymi stylami z\u0307ycia, by sie\u0328 z\u0301le nie poczu\u0142.<br \/>Maryja jest nauczycielka\u0328 dobrego z\u0307ycia, kt\u00f3re usprawiedliwiaja\u0328 dobre czyny. Jest zdolna przywr\u00f3cic\u0301 odwage\u0328 temu, kto os\u0142ab\u0142 lub straci\u0142 che\u0328c\u0301 do z\u0307ycia, bo widza\u0328c wok\u00f3\u0142 panosza\u0328ce sie\u0328 z\u0142o nie potrafi juz\u0307 mys\u0301lec\u0301, z\u0307e cos\u0301 moz\u0307e sie\u0328 zmienic\u0301 na lepsze. Czy wspieram moje serca tak\u0105 ufno\u015bci\u0105?<\/p><p><b>\u015aw. Jan Pawe\u0142 II:<\/b> \u201eW rzymskich katakumbach \u015bw. Pryscylli mo\u017cemy podziwia\u0107 pierwszy wizerunek Matki Bo\u017cej z Dzieci\u0105tkiem, a \u015bw. Justyn i \u015bw. Ireneusz m\u00f3wi\u0105 o Maryi jako o nowej Ewie, kt\u00f3rej wiara i pos\u0142usze\u0144stwo naprawiaj\u0105 niewierno\u015b\u0107 i niepos\u0142usze\u0144stwo pierwszej niewiasty. Zdaniem biskupa Lyonu nie wystarczy\u0142o, a\u017ceby Adam by\u0142 odkupiony w Chrystusie, lecz &lt;&lt;by\u0142o rzecz\u0105 s\u0142uszn\u0105 i konieczn\u0105, by Ewa zosta\u0142a odnowiona w Maryi&gt;&gt; (Dem., 33).\u201d (Kult b\u0142ogos\u0142awionej Dziewicy Katecheza podczas audiencji generalnej, 15.10.1997)<\/p><p><b>ks. kard. Stefan Wyszy\u0144ski:<\/b> \u201eSta\u0142a ona pod krzy\u017cem i czuwa\u0142a nad losami powierzonego sobie Syna Bo\u017cego. Oczyma swoimi patrzy\u0142a na sprawiedliwe d\u0142onie Boga Wszechmog\u0105cego, Swym spojrzeniem zniewala\u0142a, aby w tych d\u0142oniach zwyci\u0119\u017cy\u0142o mi\u0142osierdzie nad sprawiedliwo\u015bci\u0105. Oczy Matki Mi\u0142osierdzia sprawi\u0142y, \u017ce Syn Cz\u0142owieczy ocala\u0142 przed sprawiedliwo\u015bci\u0105 Boga w d\u0142oniach Matki\u201d. (Warszawa 1961 r.)<\/p><p><i>Zadanie rekolekcyjne:<\/i><br \/>Odm\u00f3w r\u00f3\u017caniec &#8211; najlepiej we wsp\u00f3lnocie.<\/p><p><i>\u0106wiczenie dodatkowe: <\/i><br \/>Pom\u00f3dl si\u0119 za zmar\u0142ych i ofiaruj odpust zupe\u0142ny.<\/p><\/div>\n\t\t\t\t<\/div>\n\t\t\t\t<\/div>\n\t\t\t\t<div class=\"elementor-element elementor-element-ef131b3 elementor-widget elementor-widget-text-editor\" data-id=\"ef131b3\" data-element_type=\"widget\" data-widget_type=\"text-editor.default\">\n\t\t\t\t<div class=\"elementor-widget-container\">\n\t\t\t\t\t<div class=\"elementor-text-editor elementor-clearfix\"><h2><a href=\"http:\/\/sercematki.eu\/wp-content\/uploads\/2020\/11\/SERCE-MATKI-_-dzien-39.-1.pdf\" target=\"_blank\" rel=\"noopener\">SERCE MATKI rozwa\u017cania na 39. dzie\u0144 DO WYDRUKU<\/a><\/h2><\/div>\n\t\t\t\t<\/div>\n\t\t\t\t<\/div>\n\t\t\t\t<div class=\"elementor-element elementor-element-0fbdee4 elementor-aspect-ratio-169 elementor-widget elementor-widget-video\" data-id=\"0fbdee4\" data-element_type=\"widget\" data-settings=\"{&quot;aspect_ratio&quot;:&quot;169&quot;}\" data-widget_type=\"video.default\">\n\t\t\t\t<div class=\"elementor-widget-container\">\n\t\t\t\t\t<div class=\"elementor-wrapper elementor-fit-aspect-ratio elementor-open-inline\">\n\t\t\t<iframe class=\"elementor-video-iframe\" allowfullscreen title=\"youtube Video Player\" src=\"https:\/\/www.youtube.com\/embed\/NBIkki0hY2Q?feature=oembed&amp;start&amp;end&amp;wmode=opaque&amp;loop=0&amp;controls=1&amp;mute=0&amp;rel=0&amp;modestbranding=0\"><\/iframe>\t\t<\/div>\n\t\t\t\t<\/div>\n\t\t\t\t<\/div>\n\t\t\t\t\t\t<\/div>\n\t\t\t\t\t<\/div>\n\t\t<\/div>\n\t\t\t\t\t\t\t\t<\/div>\n\t\t\t\t\t<\/div>\n\t\t<\/section>\n\t\t\t\t\t\t<\/div>\n\t\t\t\t\t\t<\/div>\n\t\t\t\t\t<\/div>\n\t\t","protected":false},"excerpt":{"rendered":"<p>39. Dzie\u0144 20. listopada 2020 Ucieczko grzesznych, m\u00f3dl si\u0119 za nami. S\u0142owo \u017bycia:\u201eM\u00f3wi\u0142 do nich: \u00abNapisane jest: M\u00f3j dom b\u0119dzie domem modlitwy, a wy uczynili\u015bcie z niego jaskini\u0119 zb\u00f3jc\u00f3w\u00bb\u201d (\u0141k 19, 46) Ks. Mateusz: Ucieczka grzesznych.\u201ePod Twoj\u0105 obron\u0119 uciekamy si\u0119 \u015awi\u0119ta Bo\u017ca Rodzicielko\u2026 od wszelakich z\u0142ych przyg\u00f3d racz nas zawsze wyba-wia\u0107\u2026\u201d Niepokalana Matka &#8211; \u201epe\u0142na &hellip;<\/p>\n<p class=\"read-more\"> <a class=\"\" href=\"https:\/\/sercematki.eu\/?page_id=3397\"> <span class=\"screen-reader-text\">39. Dzie\u0144 20. listopada 2020<\/span> Read More &raquo;<\/a><\/p>\n","protected":false},"author":2,"featured_media":0,"parent":0,"menu_order":0,"comment_status":"closed","ping_status":"closed","template":"","meta":[],"yoast_head":"<!-- This site is optimized with the Yoast SEO plugin v15.0 - https:\/\/yoast.com\/wordpress\/plugins\/seo\/ -->\n<title>39. Dzie\u0144 20. listopada 2020 - sercematki.eu<\/title>\n<meta name=\"robots\" content=\"index, follow, max-snippet:-1, max-image-preview:large, max-video-preview:-1\" \/>\n<link rel=\"canonical\" href=\"http:\/\/sercematki.eu\/?page_id=3397\" \/>\n<meta property=\"og:locale\" content=\"pl_PL\" \/>\n<meta property=\"og:type\" content=\"article\" \/>\n<meta property=\"og:title\" content=\"39. Dzie\u0144 20. listopada 2020 - sercematki.eu\" \/>\n<meta property=\"og:description\" content=\"39. Dzie\u0144 20. listopada 2020 Ucieczko grzesznych, m\u00f3dl si\u0119 za nami. S\u0142owo \u017bycia:\u201eM\u00f3wi\u0142 do nich: \u00abNapisane jest: M\u00f3j dom b\u0119dzie domem modlitwy, a wy uczynili\u015bcie z niego jaskini\u0119 zb\u00f3jc\u00f3w\u00bb\u201d (\u0141k 19, 46) Ks. Mateusz: Ucieczka grzesznych.\u201ePod Twoj\u0105 obron\u0119 uciekamy si\u0119 \u015awi\u0119ta Bo\u017ca Rodzicielko\u2026 od wszelakich z\u0142ych przyg\u00f3d racz nas zawsze wyba-wia\u0107\u2026\u201d Niepokalana Matka &#8211; \u201epe\u0142na &hellip; 39. Dzie\u0144 20. listopada 2020 Read More &raquo;\" \/>\n<meta property=\"og:url\" content=\"http:\/\/sercematki.eu\/?page_id=3397\" \/>\n<meta property=\"og:site_name\" content=\"sercematki.eu\" \/>\n<meta property=\"article:modified_time\" content=\"2020-11-20T07:49:06+00:00\" \/>\n<meta name=\"twitter:card\" content=\"summary_large_image\" \/>\n<script type=\"application\/ld+json\" class=\"yoast-schema-graph\">{\"@context\":\"https:\/\/schema.org\",\"@graph\":[{\"@type\":\"WebSite\",\"@id\":\"https:\/\/sercematki.eu\/#website\",\"url\":\"https:\/\/sercematki.eu\/\",\"name\":\"sercematki.eu\",\"description\":\"33 bicia serca\",\"potentialAction\":[{\"@type\":\"SearchAction\",\"target\":\"https:\/\/sercematki.eu\/?s={search_term_string}\",\"query-input\":\"required name=search_term_string\"}],\"inLanguage\":\"pl-PL\"},{\"@type\":\"WebPage\",\"@id\":\"http:\/\/sercematki.eu\/?page_id=3397#webpage\",\"url\":\"http:\/\/sercematki.eu\/?page_id=3397\",\"name\":\"39. Dzie\\u0144 20. listopada 2020 - sercematki.eu\",\"isPartOf\":{\"@id\":\"https:\/\/sercematki.eu\/#website\"},\"datePublished\":\"2020-09-27T16:20:11+00:00\",\"dateModified\":\"2020-11-20T07:49:06+00:00\",\"inLanguage\":\"pl-PL\",\"potentialAction\":[{\"@type\":\"ReadAction\",\"target\":[\"http:\/\/sercematki.eu\/?page_id=3397\"]}]}]}<\/script>\n<!-- \/ Yoast SEO plugin. -->","_links":{"self":[{"href":"https:\/\/sercematki.eu\/index.php?rest_route=\/wp\/v2\/pages\/3397"}],"collection":[{"href":"https:\/\/sercematki.eu\/index.php?rest_route=\/wp\/v2\/pages"}],"about":[{"href":"https:\/\/sercematki.eu\/index.php?rest_route=\/wp\/v2\/types\/page"}],"author":[{"embeddable":true,"href":"https:\/\/sercematki.eu\/index.php?rest_route=\/wp\/v2\/users\/2"}],"replies":[{"embeddable":true,"href":"https:\/\/sercematki.eu\/index.php?rest_route=%2Fwp%2Fv2%2Fcomments&post=3397"}],"version-history":[{"count":1,"href":"https:\/\/sercematki.eu\/index.php?rest_route=\/wp\/v2\/pages\/3397\/revisions"}],"predecessor-version":[{"id":3856,"href":"https:\/\/sercematki.eu\/index.php?rest_route=\/wp\/v2\/pages\/3397\/revisions\/3856"}],"wp:attachment":[{"href":"https:\/\/sercematki.eu\/index.php?rest_route=%2Fwp%2Fv2%2Fmedia&parent=3397"}],"curies":[{"name":"wp","href":"https:\/\/api.w.org\/{rel}","templated":true}]}}