{"id":3453,"date":"2020-09-27T19:09:32","date_gmt":"2020-09-27T17:09:32","guid":{"rendered":"http:\/\/sercematki.eu\/?page_id=3453"},"modified":"2020-12-05T23:50:12","modified_gmt":"2020-12-05T22:50:12","slug":"55-dzien-6-grudnia-2020","status":"publish","type":"page","link":"https:\/\/sercematki.eu\/?page_id=3453","title":{"rendered":"55. Dzie\u0144 6. grudnia 2020"},"content":{"rendered":"\t\t<div data-elementor-type=\"wp-page\" data-elementor-id=\"3453\" class=\"elementor elementor-3453\" data-elementor-settings=\"[]\">\n\t\t\t\t\t\t<div class=\"elementor-inner\">\n\t\t\t\t\t\t\t<div class=\"elementor-section-wrap\">\n\t\t\t\t\t\t\t<section class=\"elementor-section elementor-top-section elementor-element elementor-element-1f9e1ec elementor-section-boxed elementor-section-height-default elementor-section-height-default\" data-id=\"1f9e1ec\" data-element_type=\"section\">\n\t\t\t\t\t\t<div class=\"elementor-container elementor-column-gap-default\">\n\t\t\t\t\t\t\t<div class=\"elementor-row\">\n\t\t\t\t\t<div class=\"elementor-column elementor-col-100 elementor-top-column elementor-element elementor-element-22b1b4c\" data-id=\"22b1b4c\" data-element_type=\"column\">\n\t\t\t<div class=\"elementor-column-wrap elementor-element-populated\">\n\t\t\t\t\t\t\t<div class=\"elementor-widget-wrap\">\n\t\t\t\t\t\t<div class=\"elementor-element elementor-element-ed08b7f elementor-widget elementor-widget-heading\" data-id=\"ed08b7f\" data-element_type=\"widget\" data-widget_type=\"heading.default\">\n\t\t\t\t<div class=\"elementor-widget-container\">\n\t\t\t<h2 class=\"elementor-heading-title elementor-size-default\">55. Dzie\u0144 6. grudnia 2020<\/h2>\t\t<\/div>\n\t\t\t\t<\/div>\n\t\t\t\t\t\t<\/div>\n\t\t\t\t\t<\/div>\n\t\t<\/div>\n\t\t\t\t\t\t\t\t<\/div>\n\t\t\t\t\t<\/div>\n\t\t<\/section>\n\t\t\t\t<section class=\"elementor-section elementor-top-section elementor-element elementor-element-1bcaf74 elementor-section-boxed elementor-section-height-default elementor-section-height-default\" data-id=\"1bcaf74\" data-element_type=\"section\">\n\t\t\t\t\t\t<div class=\"elementor-container elementor-column-gap-default\">\n\t\t\t\t\t\t\t<div class=\"elementor-row\">\n\t\t\t\t\t<div class=\"elementor-column elementor-col-100 elementor-top-column elementor-element elementor-element-2a79db1\" data-id=\"2a79db1\" data-element_type=\"column\">\n\t\t\t<div class=\"elementor-column-wrap elementor-element-populated\">\n\t\t\t\t\t\t\t<div class=\"elementor-widget-wrap\">\n\t\t\t\t\t\t<div class=\"elementor-element elementor-element-036b362 elementor-invisible elementor-widget elementor-widget-text-editor\" data-id=\"036b362\" data-element_type=\"widget\" data-settings=\"{&quot;_animation&quot;:&quot;pulse&quot;}\" data-widget_type=\"text-editor.default\">\n\t\t\t\t<div class=\"elementor-widget-container\">\n\t\t\t\t\t<div class=\"elementor-text-editor elementor-clearfix\"><p><em>Kr\u00f3lowo pokoju, m\u00f3dl si\u0119 za nami.<\/em><\/p><\/div>\n\t\t\t\t<\/div>\n\t\t\t\t<\/div>\n\t\t\t\t<div class=\"elementor-element elementor-element-a002df3 elementor-widget elementor-widget-text-editor\" data-id=\"a002df3\" data-element_type=\"widget\" data-widget_type=\"text-editor.default\">\n\t\t\t\t<div class=\"elementor-widget-container\">\n\t\t\t\t\t<div class=\"elementor-text-editor elementor-clearfix\"><p><b>S\u0142owo \u017bycia:<\/b><br \/>\u201eJa chrzci\u0142em was wod\u0105, On za\u015b chrzci\u0107 was b\u0119dzie Duchem \u015awi\u0119tym.\u201d (Mk 1, 8)<\/p><p><b>Ks. Mateusz: <\/b><br \/>Kr\u00f3lowa pokoju.<br \/>Prawdziwy pok\u00f3j nie jest zwyk\u0142ym brakiem wojny.<br \/>Maryja wyda\u0142a na \u015bwiat Zbawiciela, kt\u00f3rego prorok Izajasza nazywa \u201eKsi\u0119ciem Pokoju\u201d (Iz 9,5). Kr\u00f3lestwo pokoju mo\u017cliwe jest tam, gdzie wybiera si\u0119 Jezusa na Kr\u00f3la i przyznaje si\u0119 Mu nale\u017cne pierwsze miejsce.<br \/>Kr\u00f3lewskie Serce Maryi wskazuje na Chrystusa Zmartwychwsta\u0142ego, kt\u00f3ry przychodzi z darem pokoju do Swoich uczni\u00f3w. Zawierzenie siebie i ca\u0142ej rodziny Bogu przez Serce Matki rodzi pok\u00f3j i czyni nas &#8211; w mocy Ducha \u015awi\u0119tego &#8211; narz\u0119dziami pokoju i pojednania w \u015bwiecie rozdartym przez podzia\u0142y i niezgod\u0119. Pok\u00f3j globalny zale\u017cy od ka\u017cdego z nas i rozpoczyna si\u0119 od postawienia Chrystusa eucharystycznego w centrum naszego \u017cycia.<\/p><p><b>Marek:<\/b><br \/>Mi\u0142os\u0301c\u0301 osoby skoncentrowanej wy\u0142\u0105cznie na sobie to uczucie ostatecznie bezwartos\u0301ciowe. Mi\u0142os\u0301c\u0301 zdrowa jest zawsze zakorzeniona w Bogu, jest odpowiedzia\u0328 na Jego mi\u0142os\u0301c\u0301, na szczery i bezinteresowny akt przebaczenia i pojednania. Kaz\u0307dy z nas potrzebuje nieustannego uzdrawiania mi\u0142os\u0301ci, poniewaz\u0307 nasze zwa\u0328tpienie w bezwarunkowa\u0328 mi\u0142os\u0301c\u0301 Boga wywo\u0142uje znacza\u0328ce konsekwencje w relacjach z innymi ludz\u0301mi. Kiedy mi\u0142os\u0301c\u0301 sie\u0328 kon\u0301czy, najcze\u0328s\u0301ciej obwiniamy bowiem druga\u0328 strone\u0328, co rodzi pretensje i oskarz\u0307enia. Maryja uczy nas, z\u0307e jez\u0307eli pragniemy odczuwac\u0301 trwa\u0142y i prawdziwy pok\u00f3j serca, powinnis\u0301my oddac\u0301 wszystko &#8211; bez wyja\u0328tku &#8211; w re\u0328ce Boga. Wszystko, co bowiem zatrzymujemy dla siebie nadal be\u0328dzie napawac\u0301 nas niepokojem. Czy karmi\u0119 moje serce takim przekonaniem?<\/p><p><b>\u015aw. Jan Pawe\u0142 II:<\/b> \u201eKr\u00f3low\u0105 Pokoju, Kr\u00f3low\u0105 Misji i Gwiazd\u0119 ewangelizacji pro\u015bmy o dar pokoju. Pro\u015bmy J\u0105 o macierzy\u0144sk\u0105 opiek\u0119 nad wszystkimi, kt\u00f3rzy ofiarnie uczestnicz\u0105 w g\u0142oszeniu imienia i or\u0119dzia Jezusa. Niech Ona wyjedna nam wiar\u0119 tak \u017cyw\u0105 i p\u0142omienn\u0105, aby\u015bmy potrafili sprawi\u0107, \u017ce g\u0142oszenie prawdy Chrystusa, jedynego Zbawiciela \u015bwiata, zabrzmi z now\u0105 moc\u0105 w\u015br\u00f3d ludzi naszej epoki.\u201d (Homilia z okazji jubileuszowego \u015awiatowego Dnia Misyjnego, 22.10.2000 r.)<\/p><p><b>ks. kard. Stefan Wyszy\u0144ski:<\/b> \u201eDzieje Ko\u015bcio\u0142a, Najmilsze Dzieci, to s\u0105 dzieje Boga piastowanego na r\u0119ku Matki Naj\u015bwi\u0119tszej. O Niej to m\u00f3wi cudownie jedna antyfon brewiarzowych, i\u017c Syn Cz\u0142owieczy wykarmiony by\u0142 mlekiem Jej piersi \u201ez niebios nape\u0142nionej\u201d. Jak cudowne jest zbli\u017cenie ludzkiego i ziemskiego z Bo\u017cym w Maryi! Wszyscy czujemy si\u0119 w Ko\u015bciele katolickim niezwykle bezpiecznie i spokojnie w\u0142a\u015bnie dlatego, \u017ce w Ko\u015bciele jest Maryja!\u201d ( Warszawa 1957 r.)<\/p><p><i>Zadanie rekolekcyjne:<\/i><br \/>Odm\u00f3w r\u00f3\u017caniec &#8211; najlepiej we wsp\u00f3lnocie.<\/p><p><i>\u0106wiczenie dodatkowe: <\/i><br \/>Zaplanuj udzia\u0142 w Roratach.<\/p><\/div>\n\t\t\t\t<\/div>\n\t\t\t\t<\/div>\n\t\t\t\t<div class=\"elementor-element elementor-element-e8452ab elementor-invisible elementor-widget elementor-widget-text-editor\" data-id=\"e8452ab\" data-element_type=\"widget\" data-settings=\"{&quot;_animation&quot;:&quot;pulse&quot;}\" data-widget_type=\"text-editor.default\">\n\t\t\t\t<div class=\"elementor-widget-container\">\n\t\t\t\t\t<div class=\"elementor-text-editor elementor-clearfix\"><h2><a href=\"http:\/\/sercematki.eu\/wp-content\/uploads\/2020\/12\/SERCE-MATKI-_-dzien-55.-.pdf\" target=\"_blank\" rel=\"noopener\">SERCE MATKI rozwa\u017cania na 55. dzie\u0144 DO WYDRUKU<\/a><\/h2><\/div>\n\t\t\t\t<\/div>\n\t\t\t\t<\/div>\n\t\t\t\t<div class=\"elementor-element elementor-element-7797e15 elementor-aspect-ratio-169 elementor-widget elementor-widget-video\" data-id=\"7797e15\" data-element_type=\"widget\" data-settings=\"{&quot;aspect_ratio&quot;:&quot;169&quot;}\" data-widget_type=\"video.default\">\n\t\t\t\t<div class=\"elementor-widget-container\">\n\t\t\t\t\t<div class=\"elementor-wrapper elementor-fit-aspect-ratio elementor-open-inline\">\n\t\t\t<iframe class=\"elementor-video-iframe\" allowfullscreen title=\"youtube Video Player\" src=\"https:\/\/www.youtube.com\/embed\/MJJTDw_X6Rc?feature=oembed&amp;start&amp;end&amp;wmode=opaque&amp;loop=0&amp;controls=1&amp;mute=0&amp;rel=0&amp;modestbranding=0\"><\/iframe>\t\t<\/div>\n\t\t\t\t<\/div>\n\t\t\t\t<\/div>\n\t\t\t\t\t\t<\/div>\n\t\t\t\t\t<\/div>\n\t\t<\/div>\n\t\t\t\t\t\t\t\t<\/div>\n\t\t\t\t\t<\/div>\n\t\t<\/section>\n\t\t\t\t\t\t<\/div>\n\t\t\t\t\t\t<\/div>\n\t\t\t\t\t<\/div>\n\t\t","protected":false},"excerpt":{"rendered":"<p>55. Dzie\u0144 6. grudnia 2020 Kr\u00f3lowo pokoju, m\u00f3dl si\u0119 za nami. S\u0142owo \u017bycia:\u201eJa chrzci\u0142em was wod\u0105, On za\u015b chrzci\u0107 was b\u0119dzie Duchem \u015awi\u0119tym.\u201d (Mk 1, 8) Ks. Mateusz: Kr\u00f3lowa pokoju.Prawdziwy pok\u00f3j nie jest zwyk\u0142ym brakiem wojny.Maryja wyda\u0142a na \u015bwiat Zbawiciela, kt\u00f3rego prorok Izajasza nazywa \u201eKsi\u0119ciem Pokoju\u201d (Iz 9,5). Kr\u00f3lestwo pokoju mo\u017cliwe jest tam, gdzie wybiera &hellip;<\/p>\n<p class=\"read-more\"> <a class=\"\" href=\"https:\/\/sercematki.eu\/?page_id=3453\"> <span class=\"screen-reader-text\">55. Dzie\u0144 6. grudnia 2020<\/span> Read More &raquo;<\/a><\/p>\n","protected":false},"author":2,"featured_media":0,"parent":0,"menu_order":0,"comment_status":"closed","ping_status":"closed","template":"","meta":[],"yoast_head":"<!-- This site is optimized with the Yoast SEO plugin v15.0 - https:\/\/yoast.com\/wordpress\/plugins\/seo\/ -->\n<title>55. Dzie\u0144 6. grudnia 2020 - sercematki.eu<\/title>\n<meta name=\"robots\" content=\"index, follow, max-snippet:-1, max-image-preview:large, max-video-preview:-1\" \/>\n<link rel=\"canonical\" href=\"http:\/\/sercematki.eu\/?page_id=3453\" \/>\n<meta property=\"og:locale\" content=\"pl_PL\" \/>\n<meta property=\"og:type\" content=\"article\" \/>\n<meta property=\"og:title\" content=\"55. Dzie\u0144 6. grudnia 2020 - sercematki.eu\" \/>\n<meta property=\"og:description\" content=\"55. Dzie\u0144 6. grudnia 2020 Kr\u00f3lowo pokoju, m\u00f3dl si\u0119 za nami. S\u0142owo \u017bycia:\u201eJa chrzci\u0142em was wod\u0105, On za\u015b chrzci\u0107 was b\u0119dzie Duchem \u015awi\u0119tym.\u201d (Mk 1, 8) Ks. Mateusz: Kr\u00f3lowa pokoju.Prawdziwy pok\u00f3j nie jest zwyk\u0142ym brakiem wojny.Maryja wyda\u0142a na \u015bwiat Zbawiciela, kt\u00f3rego prorok Izajasza nazywa \u201eKsi\u0119ciem Pokoju\u201d (Iz 9,5). Kr\u00f3lestwo pokoju mo\u017cliwe jest tam, gdzie wybiera &hellip; 55. Dzie\u0144 6. grudnia 2020 Read More &raquo;\" \/>\n<meta property=\"og:url\" content=\"http:\/\/sercematki.eu\/?page_id=3453\" \/>\n<meta property=\"og:site_name\" content=\"sercematki.eu\" \/>\n<meta property=\"article:modified_time\" content=\"2020-12-05T22:50:12+00:00\" \/>\n<meta name=\"twitter:card\" content=\"summary_large_image\" \/>\n<script type=\"application\/ld+json\" class=\"yoast-schema-graph\">{\"@context\":\"https:\/\/schema.org\",\"@graph\":[{\"@type\":\"WebSite\",\"@id\":\"https:\/\/sercematki.eu\/#website\",\"url\":\"https:\/\/sercematki.eu\/\",\"name\":\"sercematki.eu\",\"description\":\"33 bicia serca\",\"potentialAction\":[{\"@type\":\"SearchAction\",\"target\":\"https:\/\/sercematki.eu\/?s={search_term_string}\",\"query-input\":\"required name=search_term_string\"}],\"inLanguage\":\"pl-PL\"},{\"@type\":\"WebPage\",\"@id\":\"http:\/\/sercematki.eu\/?page_id=3453#webpage\",\"url\":\"http:\/\/sercematki.eu\/?page_id=3453\",\"name\":\"55. Dzie\\u0144 6. grudnia 2020 - sercematki.eu\",\"isPartOf\":{\"@id\":\"https:\/\/sercematki.eu\/#website\"},\"datePublished\":\"2020-09-27T17:09:32+00:00\",\"dateModified\":\"2020-12-05T22:50:12+00:00\",\"inLanguage\":\"pl-PL\",\"potentialAction\":[{\"@type\":\"ReadAction\",\"target\":[\"http:\/\/sercematki.eu\/?page_id=3453\"]}]}]}<\/script>\n<!-- \/ Yoast SEO plugin. -->","_links":{"self":[{"href":"https:\/\/sercematki.eu\/index.php?rest_route=\/wp\/v2\/pages\/3453"}],"collection":[{"href":"https:\/\/sercematki.eu\/index.php?rest_route=\/wp\/v2\/pages"}],"about":[{"href":"https:\/\/sercematki.eu\/index.php?rest_route=\/wp\/v2\/types\/page"}],"author":[{"embeddable":true,"href":"https:\/\/sercematki.eu\/index.php?rest_route=\/wp\/v2\/users\/2"}],"replies":[{"embeddable":true,"href":"https:\/\/sercematki.eu\/index.php?rest_route=%2Fwp%2Fv2%2Fcomments&post=3453"}],"version-history":[{"count":1,"href":"https:\/\/sercematki.eu\/index.php?rest_route=\/wp\/v2\/pages\/3453\/revisions"}],"predecessor-version":[{"id":3946,"href":"https:\/\/sercematki.eu\/index.php?rest_route=\/wp\/v2\/pages\/3453\/revisions\/3946"}],"wp:attachment":[{"href":"https:\/\/sercematki.eu\/index.php?rest_route=%2Fwp%2Fv2%2Fmedia&parent=3453"}],"curies":[{"name":"wp","href":"https:\/\/api.w.org\/{rel}","templated":true}]}}