{"id":3459,"date":"2020-09-27T19:14:20","date_gmt":"2020-09-27T17:14:20","guid":{"rendered":"http:\/\/sercematki.eu\/?page_id=3459"},"modified":"2020-12-08T08:23:54","modified_gmt":"2020-12-08T07:23:54","slug":"57-dzien-8-grudnia-2020","status":"publish","type":"page","link":"https:\/\/sercematki.eu\/?page_id=3459","title":{"rendered":"57. Dzie\u0144 8. grudnia 2020"},"content":{"rendered":"\t\t<div data-elementor-type=\"wp-page\" data-elementor-id=\"3459\" class=\"elementor elementor-3459\" data-elementor-settings=\"[]\">\n\t\t\t\t\t\t<div class=\"elementor-inner\">\n\t\t\t\t\t\t\t<div class=\"elementor-section-wrap\">\n\t\t\t\t\t\t\t<section class=\"elementor-section elementor-top-section elementor-element elementor-element-777fad1 elementor-section-boxed elementor-section-height-default elementor-section-height-default\" data-id=\"777fad1\" data-element_type=\"section\">\n\t\t\t\t\t\t<div class=\"elementor-container elementor-column-gap-default\">\n\t\t\t\t\t\t\t<div class=\"elementor-row\">\n\t\t\t\t\t<div class=\"elementor-column elementor-col-100 elementor-top-column elementor-element elementor-element-7a68700\" data-id=\"7a68700\" data-element_type=\"column\">\n\t\t\t<div class=\"elementor-column-wrap elementor-element-populated\">\n\t\t\t\t\t\t\t<div class=\"elementor-widget-wrap\">\n\t\t\t\t\t\t<div class=\"elementor-element elementor-element-6dff249 elementor-widget elementor-widget-heading\" data-id=\"6dff249\" data-element_type=\"widget\" data-widget_type=\"heading.default\">\n\t\t\t\t<div class=\"elementor-widget-container\">\n\t\t\t<h2 class=\"elementor-heading-title elementor-size-default\">57. Dzie\u0144 8. grudnia 2020<\/h2>\t\t<\/div>\n\t\t\t\t<\/div>\n\t\t\t\t\t\t<\/div>\n\t\t\t\t\t<\/div>\n\t\t<\/div>\n\t\t\t\t\t\t\t\t<\/div>\n\t\t\t\t\t<\/div>\n\t\t<\/section>\n\t\t\t\t<section class=\"elementor-section elementor-top-section elementor-element elementor-element-ee453ff elementor-section-boxed elementor-section-height-default elementor-section-height-default\" data-id=\"ee453ff\" data-element_type=\"section\">\n\t\t\t\t\t\t<div class=\"elementor-container elementor-column-gap-default\">\n\t\t\t\t\t\t\t<div class=\"elementor-row\">\n\t\t\t\t\t<div class=\"elementor-column elementor-col-100 elementor-top-column elementor-element elementor-element-0db0921\" data-id=\"0db0921\" data-element_type=\"column\">\n\t\t\t<div class=\"elementor-column-wrap elementor-element-populated\">\n\t\t\t\t\t\t\t<div class=\"elementor-widget-wrap\">\n\t\t\t\t\t\t<div class=\"elementor-element elementor-element-2015172 elementor-invisible elementor-widget elementor-widget-text-editor\" data-id=\"2015172\" data-element_type=\"widget\" data-settings=\"{&quot;_animation&quot;:&quot;pulse&quot;}\" data-widget_type=\"text-editor.default\">\n\t\t\t\t<div class=\"elementor-widget-container\">\n\t\t\t\t\t<div class=\"elementor-text-editor elementor-clearfix\"><p><em>ZAWIERZENIE &#8211; Niepokalane Pocz\u0119cie NMP<\/em><\/p><\/div>\n\t\t\t\t<\/div>\n\t\t\t\t<\/div>\n\t\t\t\t<div class=\"elementor-element elementor-element-f62601d elementor-widget elementor-widget-text-editor\" data-id=\"f62601d\" data-element_type=\"widget\" data-widget_type=\"text-editor.default\">\n\t\t\t\t<div class=\"elementor-widget-container\">\n\t\t\t\t\t<div class=\"elementor-text-editor elementor-clearfix\"><p><b>S\u0142owo \u017bycia:<\/b><br \/>\u201eB\u0105d\u017a pozdrowiona, \u0142aski pe\u0142na, Pan z Tob\u0105, b\u0142ogos\u0142awiona jeste\u015b mi\u0119dzy niewiastami\u201d (\u0141k 1, 28)<\/p><p><b>8 Grudnia 1953 Kardyna\u0142 Stefan Wyszy\u0144ski, dokona\u0142 (poni\u017cszego) Aktu Osobistego Oddania si\u0119 Matce Bo\u017cej.<\/b><\/p><p>Podczas Eucharystii zawierz ca\u0142e swoje \u017cycie Bogu przez Serce Matki tymi lub innymi s\u0142owami.<\/p><p>\u201e\u015awi\u0119ta Maryjo, Bogurodzico Dziewico, obieram sobie dzisiaj Ciebie za Pani\u0105, Or\u0119downiczk\u0119, Patronk\u0119, Opiekunk\u0119 i Matk\u0119 moj\u0105. Postanawiam sobie mocno i przyrzekam, \u017ce Ci\u0119 nigdy nie opuszcz\u0119, nie powiem i nie uczyni\u0119 nic przeciwko Tobie. Nie pozwol\u0119 nigdy, aby inni cokolwiek czynili, co uw\u0142acza\u0142oby czci Twojej. B\u0142agam Ci\u0119, przyjmij mnie na zawsze za s\u0142ug\u0119 i dziecko swoje. B\u0105d\u017a mi pomoc\u0105 we wszystkich moich potrzebach duszy i cia\u0142a oraz w pracy kap\u0142a\u0144skiej (apostol-skiej) dla innych. Oddaj\u0119 si\u0119 Tobie, Maryjo, ca\u0142kowicie w niewol\u0119, a jako Tw\u00f3j niewolnik po\u015bwi\u0119cam Ci cia\u0142o i dusz\u0119 moj\u0105, dobra wewn\u0119trzne i zewn\u0119trzne, nawet warto\u015b\u0107 dobrych uczynk\u00f3w moich, zar\u00f3wno przesz\u0142ych jak obecnych i przysz\u0142ych, pozostawiaj\u0105c Ci ca\u0142kowite i zupe\u0142ne prawo rozporz\u0105dzania mn\u0105 i wszystkim bez wyj\u0105tku, co do mnie nale\u017cy, wed\u0142ug Twego upodobania, ku wi\u0119kszej chwale Boga, w czasie i w wieczno\u015bci. Pragn\u0119 przez Ciebie, z Tob\u0105, w Tobie i dla Ciebie sta\u0107 si\u0119 niewolnikiem ca\u0142kowitym Syna Twojego, kt\u00f3remu Ty, o Matko, oddaj mnie w niewol\u0119, jak ja Tobie odda\u0142em si\u0119 w niewol\u0119. Wszystko, cokolwiek czyni\u0107 b\u0119d\u0119, przez Twoje R\u0119ce Niepokalane, Po\u015bredniczko \u0142ask wszelkich, oddaj\u0119 ku chwale Tr\u00f3jcy \u015awi\u0119tej \u2013 Soli Deo! Maryjo Jasnog\u00f3rska, nie opuszczaj mnie w pracy codziennej i oka\u017c swe czyste Oblicze w godzin\u0119 \u015bmierci mojej. Amen.\u201d<\/p><p>\u00a0<\/p><p><b>Dzi\u0119kujemy za udzia\u0142 w Rekolekcjach Zawierzenia!<\/b><br \/>Je\u015bli chcesz podzieli\u0107 si\u0119 \u015bwiadectwem Bo\u017cego dzia\u0142ania w tym czasie a przez to umacnia\u0107 wiar\u0119 innych to napisz na sercematki.eu@gmail.com.<br \/>Je\u015bli chcesz wspom\u00f3c nasze dzie\u0142o w dalszym rozwoju mo\u017cesz dokona\u0107 tego poprzez wp\u0142at\u0119 dobrowolnej kwoty na konto Fundacji LUCE, w tytule wpisuj\u0105c: Darowizna Serce Matki.<br \/>Numer konta: ING BANK \u015aL\u0104SKI S.A.73 1050 1070 1000 0090 3046 5125.<\/p><p><i>Zadanie rekolekcyjne:<\/i><br \/>Odm\u00f3w r\u00f3\u017caniec &#8211; najlepiej we wsp\u00f3lnocie.<\/p><p><i>\u0106wiczenie dodatkowe: <\/i><br \/>Na odwrocie obrazka, kt\u00f3ry otrzyma\u0142a\u015b\/e\u015b w ko\u015bciele napisz sw\u00f3j osobisty akt zawierzenia Bogu przez Serce Matki.<\/p><\/div>\n\t\t\t\t<\/div>\n\t\t\t\t<\/div>\n\t\t\t\t<div class=\"elementor-element elementor-element-11526a7 elementor-invisible elementor-widget elementor-widget-text-editor\" data-id=\"11526a7\" data-element_type=\"widget\" data-settings=\"{&quot;_animation&quot;:&quot;pulse&quot;}\" data-widget_type=\"text-editor.default\">\n\t\t\t\t<div class=\"elementor-widget-container\">\n\t\t\t\t\t<div class=\"elementor-text-editor elementor-clearfix\"><h2><a href=\"http:\/\/sercematki.eu\/wp-content\/uploads\/2020\/12\/SERCE-MATKI-_-dzien-57..pdf\" target=\"_blank\" rel=\"noopener\">SERCE MATKI rozwa\u017cania na 57. dzie\u0144 DO WYDRUKU<\/a><\/h2><\/div>\n\t\t\t\t<\/div>\n\t\t\t\t<\/div>\n\t\t\t\t<div class=\"elementor-element elementor-element-87dc455 elementor-aspect-ratio-169 elementor-widget elementor-widget-video\" data-id=\"87dc455\" data-element_type=\"widget\" data-settings=\"{&quot;aspect_ratio&quot;:&quot;169&quot;}\" data-widget_type=\"video.default\">\n\t\t\t\t<div class=\"elementor-widget-container\">\n\t\t\t\t\t<div class=\"elementor-wrapper elementor-fit-aspect-ratio elementor-open-inline\">\n\t\t\t<iframe class=\"elementor-video-iframe\" allowfullscreen title=\"youtube Video Player\" src=\"https:\/\/www.youtube.com\/embed\/JzE9Kz1UxxU?feature=oembed&amp;start&amp;end&amp;wmode=opaque&amp;loop=0&amp;controls=1&amp;mute=0&amp;rel=0&amp;modestbranding=0\"><\/iframe>\t\t<\/div>\n\t\t\t\t<\/div>\n\t\t\t\t<\/div>\n\t\t\t\t\t\t<\/div>\n\t\t\t\t\t<\/div>\n\t\t<\/div>\n\t\t\t\t\t\t\t\t<\/div>\n\t\t\t\t\t<\/div>\n\t\t<\/section>\n\t\t\t\t\t\t<\/div>\n\t\t\t\t\t\t<\/div>\n\t\t\t\t\t<\/div>\n\t\t","protected":false},"excerpt":{"rendered":"<p>57. Dzie\u0144 8. grudnia 2020 ZAWIERZENIE &#8211; Niepokalane Pocz\u0119cie NMP S\u0142owo \u017bycia:\u201eB\u0105d\u017a pozdrowiona, \u0142aski pe\u0142na, Pan z Tob\u0105, b\u0142ogos\u0142awiona jeste\u015b mi\u0119dzy niewiastami\u201d (\u0141k 1, 28) 8 Grudnia 1953 Kardyna\u0142 Stefan Wyszy\u0144ski, dokona\u0142 (poni\u017cszego) Aktu Osobistego Oddania si\u0119 Matce Bo\u017cej. Podczas Eucharystii zawierz ca\u0142e swoje \u017cycie Bogu przez Serce Matki tymi lub innymi s\u0142owami. \u201e\u015awi\u0119ta Maryjo, &hellip;<\/p>\n<p class=\"read-more\"> <a class=\"\" href=\"https:\/\/sercematki.eu\/?page_id=3459\"> <span class=\"screen-reader-text\">57. Dzie\u0144 8. grudnia 2020<\/span> Read More &raquo;<\/a><\/p>\n","protected":false},"author":2,"featured_media":0,"parent":0,"menu_order":0,"comment_status":"closed","ping_status":"closed","template":"","meta":[],"yoast_head":"<!-- This site is optimized with the Yoast SEO plugin v15.0 - https:\/\/yoast.com\/wordpress\/plugins\/seo\/ -->\n<title>57. Dzie\u0144 8. grudnia 2020 - sercematki.eu<\/title>\n<meta name=\"robots\" content=\"index, follow, max-snippet:-1, max-image-preview:large, max-video-preview:-1\" \/>\n<link rel=\"canonical\" href=\"http:\/\/sercematki.eu\/?page_id=3459\" \/>\n<meta property=\"og:locale\" content=\"pl_PL\" \/>\n<meta property=\"og:type\" content=\"article\" \/>\n<meta property=\"og:title\" content=\"57. Dzie\u0144 8. grudnia 2020 - sercematki.eu\" \/>\n<meta property=\"og:description\" content=\"57. Dzie\u0144 8. grudnia 2020 ZAWIERZENIE &#8211; Niepokalane Pocz\u0119cie NMP S\u0142owo \u017bycia:\u201eB\u0105d\u017a pozdrowiona, \u0142aski pe\u0142na, Pan z Tob\u0105, b\u0142ogos\u0142awiona jeste\u015b mi\u0119dzy niewiastami\u201d (\u0141k 1, 28) 8 Grudnia 1953 Kardyna\u0142 Stefan Wyszy\u0144ski, dokona\u0142 (poni\u017cszego) Aktu Osobistego Oddania si\u0119 Matce Bo\u017cej. Podczas Eucharystii zawierz ca\u0142e swoje \u017cycie Bogu przez Serce Matki tymi lub innymi s\u0142owami. \u201e\u015awi\u0119ta Maryjo, &hellip; 57. Dzie\u0144 8. grudnia 2020 Read More &raquo;\" \/>\n<meta property=\"og:url\" content=\"http:\/\/sercematki.eu\/?page_id=3459\" \/>\n<meta property=\"og:site_name\" content=\"sercematki.eu\" \/>\n<meta property=\"article:modified_time\" content=\"2020-12-08T07:23:54+00:00\" \/>\n<meta name=\"twitter:card\" content=\"summary_large_image\" \/>\n<script type=\"application\/ld+json\" class=\"yoast-schema-graph\">{\"@context\":\"https:\/\/schema.org\",\"@graph\":[{\"@type\":\"WebSite\",\"@id\":\"https:\/\/sercematki.eu\/#website\",\"url\":\"https:\/\/sercematki.eu\/\",\"name\":\"sercematki.eu\",\"description\":\"33 bicia serca\",\"potentialAction\":[{\"@type\":\"SearchAction\",\"target\":\"https:\/\/sercematki.eu\/?s={search_term_string}\",\"query-input\":\"required name=search_term_string\"}],\"inLanguage\":\"pl-PL\"},{\"@type\":\"WebPage\",\"@id\":\"http:\/\/sercematki.eu\/?page_id=3459#webpage\",\"url\":\"http:\/\/sercematki.eu\/?page_id=3459\",\"name\":\"57. Dzie\\u0144 8. grudnia 2020 - sercematki.eu\",\"isPartOf\":{\"@id\":\"https:\/\/sercematki.eu\/#website\"},\"datePublished\":\"2020-09-27T17:14:20+00:00\",\"dateModified\":\"2020-12-08T07:23:54+00:00\",\"inLanguage\":\"pl-PL\",\"potentialAction\":[{\"@type\":\"ReadAction\",\"target\":[\"http:\/\/sercematki.eu\/?page_id=3459\"]}]}]}<\/script>\n<!-- \/ Yoast SEO plugin. -->","_links":{"self":[{"href":"https:\/\/sercematki.eu\/index.php?rest_route=\/wp\/v2\/pages\/3459"}],"collection":[{"href":"https:\/\/sercematki.eu\/index.php?rest_route=\/wp\/v2\/pages"}],"about":[{"href":"https:\/\/sercematki.eu\/index.php?rest_route=\/wp\/v2\/types\/page"}],"author":[{"embeddable":true,"href":"https:\/\/sercematki.eu\/index.php?rest_route=\/wp\/v2\/users\/2"}],"replies":[{"embeddable":true,"href":"https:\/\/sercematki.eu\/index.php?rest_route=%2Fwp%2Fv2%2Fcomments&post=3459"}],"version-history":[{"count":1,"href":"https:\/\/sercematki.eu\/index.php?rest_route=\/wp\/v2\/pages\/3459\/revisions"}],"predecessor-version":[{"id":3961,"href":"https:\/\/sercematki.eu\/index.php?rest_route=\/wp\/v2\/pages\/3459\/revisions\/3961"}],"wp:attachment":[{"href":"https:\/\/sercematki.eu\/index.php?rest_route=%2Fwp%2Fv2%2Fmedia&parent=3459"}],"curies":[{"name":"wp","href":"https:\/\/api.w.org\/{rel}","templated":true}]}}